{"id":9989,"date":"2022-07-07T02:57:35","date_gmt":"2022-07-07T02:57:35","guid":{"rendered":"https:\/\/bon10count.com\/?post_type=product&#038;p=9989"},"modified":"2022-07-07T02:57:35","modified_gmt":"2022-07-07T02:57:35","slug":"hp-spectre-x360-15-df1003nf-convertible-et-tactile-156-4k-oled-bleu-intel-core-i7-ram-16-go-ssd-1-to","status":"publish","type":"product","link":"https:\/\/kitchtenstore.com\/fr\/produit\/hp-spectre-x360-15-df1003nf-convertible-et-tactile-156-4k-oled-bleu-intel-core-i7-ram-16-go-ssd-1-to\/","title":{"rendered":"HP Spectre X360 15-Df1003nf Convertible Et Tactile 15,6&Prime; 4K OLED Bleu Intel Core I7, RAM 16 Go, SSD 1 To"},"content":{"rendered":"<dl class=\"characteristicsStrate__item\">\n<dt class=\"characteristicsStrate__term\">Type de m\u00e9moire vive install\u00e9e<\/dt>\n<dd class=\"characteristicsStrate__definition\">DDR4<\/dd>\n<\/dl>\n<dl class=\"characteristicsStrate__item\">\n<dt class=\"characteristicsStrate__term\">Lecteur de cartes m\u00e9moire<\/dt>\n<dd class=\"characteristicsStrate__definition\">Oui<\/dd>\n<\/dl>\n<dl class=\"characteristicsStrate__item\">\n<dt class=\"characteristicsStrate__term\">Communications sans fil<\/dt>\n<dd class=\"characteristicsStrate__definition\">Bluetooth 5 Combo<\/p>\n<p>Wi-Fi Intel Wireless-AC 9560 802.11b\/g\/n\/ac (2&#215;2)<\/p>\n<p>Miracast Compatible MU-MIMO<\/dd>\n<\/dl>\n<dl class=\"characteristicsStrate__item\">\n<dt class=\"characteristicsStrate__term\">Connectique<\/dt>\n<dd class=\"characteristicsStrate__definition\">1 USB Type-A 3.1 Gen 1 (HP Veille et Charge)<\/p>\n<p>1 HDMI Thunderbolt 3 (prend en charge HP Veille et Charge, DP1.4, PD 3.0, transfert de donn\u00e9es)<\/p>\n<p>2 USB Type C<\/dd>\n<\/dl>\n<dl class=\"characteristicsStrate__item\">\n<dt class=\"characteristicsStrate__term\">Couleur<\/dt>\n<dd class=\"characteristicsStrate__definition\">Argent cendr\u00e9 fonc\u00e9, Ch\u00e2ssis du capot et du clavie<\/dd>\n<\/dl>\n<dl class=\"characteristicsStrate__item characteristicsStrate__item--long\">\n<dt class=\"characteristicsStrate__term\">Mode de d\u00e9livrance des logiciels et condition de licence<\/dt>\n<dd class=\"characteristicsStrate__definition\">\u00ab\u00a0** Syst\u00e8me d\u2019exploitation soumis \u00e0 l&rsquo;acceptation d\u2019une licence. Voir conditions ici :\u00a0<a href=\"http:\/\/www.fnac.com\/os\">http:\/\/www.fnac.com\/os<\/a>\u00ab\u00a0<\/dd>\n<\/dl>\n<dl class=\"characteristicsStrate__item\">\n<dt class=\"characteristicsStrate__term\">Syst\u00e8me d&rsquo;exploitation<\/dt>\n<dd class=\"characteristicsStrate__definition\">Microsoft Windows 10<\/dd>\n<\/dl>\n<dl class=\"characteristicsStrate__item\">\n<dt class=\"characteristicsStrate__term\">Autres fonctions<\/dt>\n<dd class=\"characteristicsStrate__definition\">Pav\u00e9 num\u00e9rique<\/p>\n<p>Microphone int\u00e9gr\u00e9<\/p>\n<p>Webcam int\u00e9gr\u00e9e<\/p>\n<p>Lecteur d&#8217;empreintes digitales<\/dd>\n<\/dl>\n<dl class=\"characteristicsStrate__item\">\n<dt class=\"characteristicsStrate__term\">Nombre de haut-parleurs int\u00e9gr\u00e9s<\/dt>\n<dd class=\"characteristicsStrate__definition\">4<\/dd>\n<\/dl>\n<dl class=\"characteristicsStrate__item characteristicsStrate__item--long\">\n<dt class=\"characteristicsStrate__term\">Caract\u00e9ristiques compl\u00e9mentaires<\/dt>\n<dd class=\"characteristicsStrate__definition\">1 prise combin\u00e9e casque\/microphone, Plug and play, Capteurs : Acc\u00e9l\u00e9rom\u00e8tre, Gyroscope, eCompass<\/p>\n<p>, Type de bo\u00eetier : Portable &#8211; Notebook, Carte son : Bang &amp; Olufsen; HP Audio Boost 2.0, Nombre de haut-parleurs int\u00e9gr\u00e9s : 4<\/dd>\n<\/dl>\n<dl class=\"characteristicsStrate__item\">\n<dt class=\"characteristicsStrate__term\">Disponibilit\u00e9 des pi\u00e8ces d\u00e9tach\u00e9es<\/dt>\n<dd class=\"characteristicsStrate__definition\">2 ANS<\/dd>\n<\/dl>\n<dl class=\"characteristicsStrate__item\">\n<dt class=\"characteristicsStrate__term\">Type de batterie<\/dt>\n<dd class=\"characteristicsStrate__definition\">Li-ion 6 cellules de 84 Wh<\/dd>\n<\/dl>","protected":false},"excerpt":{"rendered":"<dl class=\"characteristicsStrate__item characteristicsStrate__item--long\">\n<dd class=\"characteristicsStrate__definition\">1 prise combin\u00e9e casque\/microphone, Plug and play, Capteurs : Acc\u00e9l\u00e9rom\u00e8tre, Gyroscope, eCompass<\/p>\n<p>, Type de bo\u00eetier : Portable &#8211; Notebook, Carte son : Bang &amp; Olufsen; HP Audio Boost 2.0, Nombre de haut-parleurs int\u00e9gr\u00e9s : 4<\/dd>\n<\/dl>","protected":false},"featured_media":9992,"comment_status":"open","ping_status":"closed","template":"","meta":{"inline_featured_image":false,"_joinchat":[]},"product_cat":[23],"product_tag":[],"class_list":{"0":"post-9989","1":"product","2":"type-product","3":"status-publish","4":"has-post-thumbnail","6":"product_cat-ordinateurs","8":"first","9":"instock","10":"shipping-taxable","11":"purchasable","12":"product-type-simple"},"_links":{"self":[{"href":"https:\/\/kitchtenstore.com\/fr\/wp-json\/wp\/v2\/product\/9989","targetHints":{"allow":["GET"]}}],"collection":[{"href":"https:\/\/kitchtenstore.com\/fr\/wp-json\/wp\/v2\/product"}],"about":[{"href":"https:\/\/kitchtenstore.com\/fr\/wp-json\/wp\/v2\/types\/product"}],"replies":[{"embeddable":true,"href":"https:\/\/kitchtenstore.com\/fr\/wp-json\/wp\/v2\/comments?post=9989"}],"version-history":[{"count":2,"href":"https:\/\/kitchtenstore.com\/fr\/wp-json\/wp\/v2\/product\/9989\/revisions"}],"predecessor-version":[{"id":9996,"href":"https:\/\/kitchtenstore.com\/fr\/wp-json\/wp\/v2\/product\/9989\/revisions\/9996"}],"wp:featuredmedia":[{"embeddable":true,"href":"https:\/\/kitchtenstore.com\/fr\/wp-json\/wp\/v2\/media\/9992"}],"wp:attachment":[{"href":"https:\/\/kitchtenstore.com\/fr\/wp-json\/wp\/v2\/media?parent=9989"}],"wp:term":[{"taxonomy":"product_cat","embeddable":true,"href":"https:\/\/kitchtenstore.com\/fr\/wp-json\/wp\/v2\/product_cat?post=9989"},{"taxonomy":"product_tag","embeddable":true,"href":"https:\/\/kitchtenstore.com\/fr\/wp-json\/wp\/v2\/product_tag?post=9989"}],"curies":[{"name":"wp","href":"https:\/\/api.w.org\/{rel}","templated":true}]}}