{"id":9974,"date":"2022-07-07T02:45:30","date_gmt":"2022-07-07T02:45:30","guid":{"rendered":"https:\/\/bon10count.com\/?post_type=product&#038;p=9974"},"modified":"2022-07-07T02:45:30","modified_gmt":"2022-07-07T02:45:30","slug":"macbook-pro-13-touch-bar-512-go-ssd-16-go-ram-intel-core-i5-quadricoeur-a-2-0-ghz-argent","status":"publish","type":"product","link":"https:\/\/kitchtenstore.com\/fr\/produit\/macbook-pro-13-touch-bar-512-go-ssd-16-go-ram-intel-core-i5-quadricoeur-a-2-0-ghz-argent\/","title":{"rendered":"MacBook Pro 13\u00a0\u00bb Touch Bar 512 Go SSD 16 Go RAM Intel Core I5 Quadric\u0153ur \u00c0 2.0 GHz Argent"},"content":{"rendered":"<p>Caract\u00e9ristiques compl\u00e9mentaires<\/p>\n<p style=\"font-weight: 400;\">Magic Keyboard r\u00e9tro\u00e9clair\u00e9 \u2013 Fran\u00e7ais\u00a0: 65 touches (US) ou 66 touches (ISO) avec 4 touches fl\u00e9ch\u00e9es (disposition en T invers\u00e9), Touch Bar, Capteur Touch ID, Capteur de luminosit\u00e9 ambiante, Trackpad Force Touch pour un contr\u00f4le pr\u00e9cis du curseur et des capacit\u00e9s de d\u00e9tection de la pression ; clics forc\u00e9s, acc\u00e9l\u00e9rateurs, dessin sensible \u00e0 la pression et gestes Multi\u2011Touch<\/p>\n<p style=\"font-weight: 400;\">Prise casque 3,5 mm<\/p>\n<p style=\"font-weight: 400;\">Autonomie\u00a0: Jusqu\u2019\u00e0 10h de navigation web sans fil\u00a0; Jusqu\u2019\u00e0 10h de lecture vid\u00e9o sur l\u2019app Apple TV\u00a0; Jusqu\u2019\u00e0 30 jours d\u2019autonomie en veille<\/p>\n<p style=\"font-weight: 400;\">Conditions ambiantes\u00a0: Tension : de 100 \u00e0 240 V CA\u00a0; Fr\u00e9quence : de 50 \u00e0 60 Hz\u00a0; Temp\u00e9rature d\u2019utilisation : de 10 \u00e0 35 \u00b0C\u00a0; Temp\u00e9rature de rangement : de -25 \u00e0 45 \u00b0C\u00a0; Humidit\u00e9 relative : de 0 \u00e0 90 % sans condensation\u00a0; Altitude maximale d\u2019utilisation : test\u00e9 jusqu\u2019\u00e0 3 000m\u00a0; Altitude maximale de rangement : 4 500m\u00a0; Altitude maximale de transport : 10\u00a0500m<\/p>\n<p style=\"font-weight: 400;\">Fonctionnalit\u00e9s incluses : Contr\u00f4le vocal, VoiceOver, Zoom, Augmenter le contraste, R\u00e9duire les animations, Siri et Dict\u00e9e, Contr\u00f4le de s\u00e9lection, Sous\u2011titres cod\u00e9s, Synth\u00e8se vocale<\/p>\n<p>, Type de bo\u00eetier : Ultra portable &#8211; Sub Notebook, Technologie \u00e9cran : R\u00e9tro-\u00e9clairage par LED, Carte son : Dolby Atmos, Dispositif de pointage : Multi-touch Trackpad, R\u00e9solution de la webcam : Cam\u00e9ra FaceTime HD 720p<\/p>","protected":false},"excerpt":{"rendered":"<p>Mod\u00e8le du processeur Intel Core i5<\/p>\n<p>Capacit\u00e9 de stockage 512 Go<\/p>\n<p>Taille de l&rsquo;\u00e9cran (pouces) 13 \u00a0\u00bb<\/p>\n<p>RAM install\u00e9e 16 Go<\/p>","protected":false},"featured_media":9975,"comment_status":"open","ping_status":"closed","template":"","meta":{"inline_featured_image":false,"_joinchat":[]},"product_cat":[23],"product_tag":[],"class_list":{"0":"post-9974","1":"product","2":"type-product","3":"status-publish","4":"has-post-thumbnail","6":"product_brand-apple","7":"product_cat-ordinateurs","9":"first","10":"instock","11":"shipping-taxable","12":"purchasable","13":"product-type-simple"},"_links":{"self":[{"href":"https:\/\/kitchtenstore.com\/fr\/wp-json\/wp\/v2\/product\/9974","targetHints":{"allow":["GET"]}}],"collection":[{"href":"https:\/\/kitchtenstore.com\/fr\/wp-json\/wp\/v2\/product"}],"about":[{"href":"https:\/\/kitchtenstore.com\/fr\/wp-json\/wp\/v2\/types\/product"}],"replies":[{"embeddable":true,"href":"https:\/\/kitchtenstore.com\/fr\/wp-json\/wp\/v2\/comments?post=9974"}],"version-history":[{"count":2,"href":"https:\/\/kitchtenstore.com\/fr\/wp-json\/wp\/v2\/product\/9974\/revisions"}],"predecessor-version":[{"id":9977,"href":"https:\/\/kitchtenstore.com\/fr\/wp-json\/wp\/v2\/product\/9974\/revisions\/9977"}],"wp:featuredmedia":[{"embeddable":true,"href":"https:\/\/kitchtenstore.com\/fr\/wp-json\/wp\/v2\/media\/9975"}],"wp:attachment":[{"href":"https:\/\/kitchtenstore.com\/fr\/wp-json\/wp\/v2\/media?parent=9974"}],"wp:term":[{"taxonomy":"product_cat","embeddable":true,"href":"https:\/\/kitchtenstore.com\/fr\/wp-json\/wp\/v2\/product_cat?post=9974"},{"taxonomy":"product_tag","embeddable":true,"href":"https:\/\/kitchtenstore.com\/fr\/wp-json\/wp\/v2\/product_tag?post=9974"}],"curies":[{"name":"wp","href":"https:\/\/api.w.org\/{rel}","templated":true}]}}