{"id":9968,"date":"2022-07-07T02:37:06","date_gmt":"2022-07-07T02:37:06","guid":{"rendered":"https:\/\/bon10count.com\/?post_type=product&#038;p=9968"},"modified":"2022-07-07T02:37:06","modified_gmt":"2022-07-07T02:37:06","slug":"apple-macbook-pro-touch-bar-16-retina-intel-core-i9-8-coeurs-2-3-ghz-16-go-ram-1to-ssdmodele-du-processeur-intel-core-i9-capacite-de-stockage-1-to-taille-de-lecran-pouces-16","status":"publish","type":"product","link":"https:\/\/kitchtenstore.com\/fr\/produit\/apple-macbook-pro-touch-bar-16-retina-intel-core-i9-8-coeurs-2-3-ghz-16-go-ram-1to-ssdmodele-du-processeur-intel-core-i9-capacite-de-stockage-1-to-taille-de-lecran-pouces-16\/","title":{"rendered":"Apple MacBook Pro Touch Bar 16&Prime; Retina Intel Core I9 8 Coeurs 2.3 GHz 16 Go RAM 1To SSDMod\u00e8le du processeur Intel Core i9  Capacit\u00e9 de stockage 1 To  Taille de l&rsquo;\u00e9cran (pouces) 16 \u00ab\u00a0"},"content":{"rendered":"<dl class=\"characteristicsStrate__item characteristicsStrate__item--long\">\n<dd class=\"characteristicsStrate__definition\">Quatre ports Thunderbolt 3 (USB\u2011C) avec prise en charge de : Recharge, DisplayPort, Thunderbolt (jusqu\u2019\u00e0 40 Gbit\/s) Capteur Touch ID, Capteur de luminosit\u00e9 ambiante Sortie DisplayPort native par USB\u2011C, Sorties VGA, HDMI, DVI et Thunderbolt 2 prises en charge \u00e0 l\u2019aide d\u2019adaptateurs (vendus s\u00e9par\u00e9ment) Adaptateur secteur USB\u2011C 96 W, Type de bo\u00eetier : Portable &#8211; Notebook, Technologie \u00e9cran : Retina, Carte son : Son st\u00e9r\u00e9o ample ; Prise en charge de l\u2019audio Dolby Atmos ; Prise casque 3,5 mm, Dispositif de pointage : TouchPad Multi-touch, R\u00e9solution de la webcam : Cam\u00e9ra FaceTime HD 720p<\/dd>\n<\/dl>","protected":false},"excerpt":{"rendered":"<p>Mod\u00e8le du processeur Intel Core i9<\/p>\n<p>Capacit\u00e9 de stockage 1 To<\/p>\n<p>Taille de l&rsquo;\u00e9cran (pouces) 16 \u00ab\u00a0<\/p>","protected":false},"featured_media":9964,"comment_status":"open","ping_status":"closed","template":"","meta":{"inline_featured_image":false,"_joinchat":[]},"product_cat":[23],"product_tag":[],"class_list":{"0":"post-9968","1":"product","2":"type-product","3":"status-publish","4":"has-post-thumbnail","6":"product_brand-apple","7":"product_cat-ordinateurs","9":"first","10":"instock","11":"shipping-taxable","12":"purchasable","13":"product-type-simple"},"_links":{"self":[{"href":"https:\/\/kitchtenstore.com\/fr\/wp-json\/wp\/v2\/product\/9968","targetHints":{"allow":["GET"]}}],"collection":[{"href":"https:\/\/kitchtenstore.com\/fr\/wp-json\/wp\/v2\/product"}],"about":[{"href":"https:\/\/kitchtenstore.com\/fr\/wp-json\/wp\/v2\/types\/product"}],"replies":[{"embeddable":true,"href":"https:\/\/kitchtenstore.com\/fr\/wp-json\/wp\/v2\/comments?post=9968"}],"version-history":[{"count":1,"href":"https:\/\/kitchtenstore.com\/fr\/wp-json\/wp\/v2\/product\/9968\/revisions"}],"predecessor-version":[{"id":9969,"href":"https:\/\/kitchtenstore.com\/fr\/wp-json\/wp\/v2\/product\/9968\/revisions\/9969"}],"wp:featuredmedia":[{"embeddable":true,"href":"https:\/\/kitchtenstore.com\/fr\/wp-json\/wp\/v2\/media\/9964"}],"wp:attachment":[{"href":"https:\/\/kitchtenstore.com\/fr\/wp-json\/wp\/v2\/media?parent=9968"}],"wp:term":[{"taxonomy":"product_cat","embeddable":true,"href":"https:\/\/kitchtenstore.com\/fr\/wp-json\/wp\/v2\/product_cat?post=9968"},{"taxonomy":"product_tag","embeddable":true,"href":"https:\/\/kitchtenstore.com\/fr\/wp-json\/wp\/v2\/product_tag?post=9968"}],"curies":[{"name":"wp","href":"https:\/\/api.w.org\/{rel}","templated":true}]}}