{"id":9644,"date":"2022-07-04T19:40:16","date_gmt":"2022-07-04T19:40:16","guid":{"rendered":"https:\/\/bon10count.com\/?post_type=product&#038;p=9644"},"modified":"2022-07-04T19:40:16","modified_gmt":"2022-07-04T19:40:16","slug":"thermomix-tm6-noir-absolu-black-edition-limitee","status":"publish","type":"product","link":"https:\/\/kitchtenstore.com\/fr\/produit\/thermomix-tm6-noir-absolu-black-edition-limitee\/","title":{"rendered":"Thermomix TM6 Noir Absolu, Black \u00e9dition limit\u00e9e"},"content":{"rendered":"<div class=\"woocommerce-tabs wc-tabs-wrapper\">\n<div id=\"tab-description\" class=\"woocommerce-Tabs-panel woocommerce-Tabs-panel--description panel entry-content wc-tab\" role=\"tabpanel\" aria-labelledby=\"tab-title-description\">\n<p>Le Thermomix offre non seulement de nombreux niveaux de vitesse, mais fonctionne \u00e9galement pour tous les types de plats pr\u00e9par\u00e9s en cuisine. Gr\u00e2ce au r\u00e9glage de la vitesse en continu, l\u2019appareil peut \u00eatre r\u00e9gl\u00e9 pour diverses t\u00e2ches telles que p\u00e9trir, battre, piler de la glace, m\u00e9langer, hacher ou couper. Le robot culinaire blanc de 1500 W contient 2,2 litres.<\/p>\n<\/div>\n<\/div>\n<p>Caract\u00e9ristiques : protection contre les \u00e9claboussures, commande tactile, pieds antid\u00e9rapants, passe au lave-vaisselle.<br \/>\nLe kit comprend un pav\u00e9 tactile.<br \/>\nP\u00e9trir, battre, hacher, \u00e9craser, remuer, hacher ou couper de la glace.<br \/>\nPuissance 1500 W : 2,2 l<br \/>\nLe Thermomix offre non seulement de nombreux niveaux de vitesse, mais il fonctionne \u00e9galement pour tous les types de plats.<\/p>","protected":false},"excerpt":{"rendered":"<p>Caract\u00e9ristiques : protection contre les \u00e9claboussures, commande tactile, pieds antid\u00e9rapants, passe au lave-vaisselle.<br \/>\nLe kit comprend un pav\u00e9 tactile.<br \/>\nP\u00e9trir, battre, hacher, \u00e9craser, remuer, hacher ou couper de la glace.<br \/>\nPuissance 1500 W : 2,2 l<br \/>\nLe Thermomix offre non seulement de nombreux niveaux de vitesse, mais il fonctionne \u00e9galement pour tous les types de plats.<\/p>","protected":false},"featured_media":9646,"comment_status":"open","ping_status":"closed","template":"","meta":{"inline_featured_image":false,"_joinchat":[]},"product_cat":[26],"product_tag":[],"class_list":{"0":"post-9644","1":"product","2":"type-product","3":"status-publish","4":"has-post-thumbnail","6":"product_cat-electromenagers","8":"first","9":"instock","10":"shipping-taxable","11":"purchasable","12":"product-type-simple"},"_links":{"self":[{"href":"https:\/\/kitchtenstore.com\/fr\/wp-json\/wp\/v2\/product\/9644","targetHints":{"allow":["GET"]}}],"collection":[{"href":"https:\/\/kitchtenstore.com\/fr\/wp-json\/wp\/v2\/product"}],"about":[{"href":"https:\/\/kitchtenstore.com\/fr\/wp-json\/wp\/v2\/types\/product"}],"replies":[{"embeddable":true,"href":"https:\/\/kitchtenstore.com\/fr\/wp-json\/wp\/v2\/comments?post=9644"}],"version-history":[{"count":0,"href":"https:\/\/kitchtenstore.com\/fr\/wp-json\/wp\/v2\/product\/9644\/revisions"}],"wp:featuredmedia":[{"embeddable":true,"href":"https:\/\/kitchtenstore.com\/fr\/wp-json\/wp\/v2\/media\/9646"}],"wp:attachment":[{"href":"https:\/\/kitchtenstore.com\/fr\/wp-json\/wp\/v2\/media?parent=9644"}],"wp:term":[{"taxonomy":"product_cat","embeddable":true,"href":"https:\/\/kitchtenstore.com\/fr\/wp-json\/wp\/v2\/product_cat?post=9644"},{"taxonomy":"product_tag","embeddable":true,"href":"https:\/\/kitchtenstore.com\/fr\/wp-json\/wp\/v2\/product_tag?post=9644"}],"curies":[{"name":"wp","href":"https:\/\/api.w.org\/{rel}","templated":true}]}}