{"id":9615,"date":"2022-07-04T10:40:11","date_gmt":"2022-07-04T10:40:11","guid":{"rendered":"https:\/\/bon10count.com\/?post_type=product&#038;p=9615"},"modified":"2022-07-04T10:40:11","modified_gmt":"2022-07-04T10:40:11","slug":"apple-iphone-13-pro-61-5g-256-go-double-sim-or","status":"publish","type":"product","link":"https:\/\/kitchtenstore.com\/fr\/produit\/apple-iphone-13-pro-61-5g-256-go-double-sim-or\/","title":{"rendered":"Apple iPhone 13 Pro 6,1&Prime; 5G 256 Go Double SIM Or"},"content":{"rendered":"<div class=\"f-productLayerGrid__col\">\n<div class=\"f-productLayer\">\n<header class=\"f-productLayer__header\">\n<div class=\"f-productLayer__container\">\n<h2 class=\"f-productLayer__title\" data-automation-id=\"title-characteristics-layer-label\">CARACT\u00c9RISTIQUES<\/h2>\n<\/div>\n<\/header>\n<div id=\"5393ca27-72b9-4e0e-a509-a65467f5f529\" class=\"f-productLayer__body f-productProperties\">\n<div class=\"f-productLayer__container f-productProperties__container\" data-automation-id=\"simple-characteristics-content-block\">\n<div class=\"js-Expander expander expander--hasIcon collapsed\" data-automation-button=\"expand-characteristics-content-button\" data-automation-content=\"expand-characteristics-content\">\n<div class=\"expander__content\" data-automation-id=\"expand-characteristics-content\" aria-expanded=\"true\">\n<div class=\"f-productProperties__columns\">\n<div class=\"f-productProperties__col\">\n<dl class=\"f-productProperties__item\">\n<dt class=\"f-productProperties__term\">Capacit\u00e9 de stockage<\/dt>\n<dd class=\"f-productProperties__definition\">256 Go<\/dd>\n<\/dl>\n<dl class=\"f-productProperties__item\">\n<dt class=\"f-productProperties__term\">Taille de l&rsquo;\u00e9cran (pouces)<\/dt>\n<dd class=\"f-productProperties__definition\">6,1 \u00ab\u00a0<\/dd>\n<\/dl>\n<dl class=\"f-productProperties__item  f-productProperties__item--long\">\n<dt class=\"f-productProperties__term\">Caract\u00e9ristiques de l&rsquo;\u00e9cran<\/dt>\n<dd class=\"f-productProperties__definition\">Ecran Super Retina XDR avec ProMotion; OLED tout \u00e9cran; R\u00e9solution de 2 532 x 1 170 pixels \u00e0 460 ppp; Technologie ProMotion avec taux de rafra\u00eechissement adaptatif atteignant 120 Hz; \u00c9cran HDR; True Tone; Large gamme de couleurs (P3); Haptic Touch; Contraste 2 000 000:1 (standard); Luminosit\u00e9 maximale de 1 000 nits (standard) ; luminosit\u00e9 maximale de 1 200 nits (HDR); Rev\u00eatement ol\u00e9ophobe r\u00e9sistant aux traces de doigts; Affichage simultan\u00e9 de plusieurs langues et jeux de caract\u00e8res<\/dd>\n<\/dl>\n<dl class=\"f-productProperties__item\">\n<dt class=\"f-productProperties__term\">Couleur<\/dt>\n<dd class=\"f-productProperties__definition\">Or<\/dd>\n<\/dl>\n<dl class=\"f-productProperties__item  f-productProperties__item--long\">\n<dt class=\"f-productProperties__term\">Appareil photo<\/dt>\n<dd class=\"f-productProperties__definition\">Syst\u00e8me photo pro 12 Mpx : t\u00e9l\u00e9objectif, grand\u2011angle et ultra grand\u2011angle; T\u00e9l\u00e9objectif : ouverture \u0192\/2,8; Grand-angle : ouverture \u0192\/1,5; Ultra grand-angle : ouverture \u0192\/1,8 et champ de vision de 120\u00b0; Zoom optique avant 3x ; zoom optique arri\u00e8re 2x ; amplitude du zoom optique : 6x; Zoom num\u00e9rique jusqu\u2019\u00e0 15x<\/dd>\n<\/dl>\n<dl class=\"f-productProperties__item\">\n<dt class=\"f-productProperties__term\">R\u00e9solution photo<\/dt>\n<dd class=\"f-productProperties__definition\">12 m\u00e9gapixels<\/dd>\n<\/dl>\n<dl class=\"f-productProperties__item\">\n<dt class=\"f-productProperties__term\">Syst\u00e8me d&rsquo;exploitation<\/dt>\n<dd class=\"f-productProperties__definition\">iOS 15<\/dd>\n<\/dl>\n<dl class=\"f-productProperties__item  f-productProperties__item--long\">\n<dt class=\"f-productProperties__term\">Processeur<\/dt>\n<dd class=\"f-productProperties__definition\">Puce A15 Bionic; Nouveau CPU 6 c\u0153urs avec 2 c\u0153urs de performance et 4 c\u0153urs \u00e0 haute efficacit\u00e9 \u00e9nerg\u00e9tique; Nouveau GPU 5 c\u0153urs; Nouveau Neural Engine 16 c\u0153urs<\/dd>\n<\/dl>\n<dl class=\"f-productProperties__item\">\n<dt class=\"f-productProperties__term\">Type de carte SIM<\/dt>\n<dd class=\"f-productProperties__definition\">Double SIM nano\u2011SIM et eSIM<\/dd>\n<\/dl>\n<dl class=\"f-productProperties__item\">\n<dt class=\"f-productProperties__term\">Port d&rsquo;extension<\/dt>\n<dd class=\"f-productProperties__definition\">Non<\/dd>\n<\/dl>\n<dl class=\"f-productProperties__item  f-productProperties__item--long\">\n<dt class=\"f-productProperties__term\">Autonomie maximale<\/dt>\n<dd class=\"f-productProperties__definition\">Lecture vid\u00e9o : jusqu\u2019\u00e0 22 heures; Streaming vid\u00e9o : jusqu\u2019\u00e0 20 heures; Lecture audio : jusqu\u2019\u00e0 75 heures<\/dd>\n<\/dl>\n<dl class=\"f-productProperties__item\">\n<dt class=\"f-productProperties__term\">Entr\u00e9e(s) audio<\/dt>\n<dd class=\"f-productProperties__definition\">0 Non<\/dd>\n<\/dl>\n<dl class=\"f-productProperties__item\">\n<dt class=\"f-productProperties__term\">Communications sans fil<\/dt>\n<dd class=\"f-productProperties__definition\">3G<\/p>\n<p>4G<\/p>\n<p>Bluetooth<\/p>\n<p>Wi-Fi<\/p>\n<p>NFC<\/p>\n<p>5G<\/dd>\n<\/dl>\n<dl class=\"f-productProperties__item  f-productProperties__item--long\">\n<dt class=\"f-productProperties__term\">Caract\u00e9ristiques compl\u00e9mentaires<\/dt>\n<dd class=\"f-productProperties__definition\">Indice de protection IP68 ; G\u00e9olocalisation : GPS int\u00e9gr\u00e9, GLONASS, Galileo, QZSS et BeiDou, Boussole num\u00e9rique, Wi\u2011Fi, R\u00e9seaux cellulaires, Microlocalisation iBeacon ; Batterie au lithium\u2011ion rechargeable int\u00e9gr\u00e9e ; Recharge sans fil MagSafe jusqu\u2019\u00e0 15 W ; Recharge sans fil Qi jusqu\u2019\u00e0 7,5 W ; Recharge via l\u2019adaptateur secteur ou le port USB d\u2019un ordinateur ; Capacit\u00e9 de recharge rapide : jusqu\u2019\u00e0 50 % de charge en 30 minutes avec un adaptateur 20 W ou plus (disponible s\u00e9par\u00e9ment) ; Capteurs : Face ID, Scanner LiDAR, Barom\u00e8tre, Gyroscope \u00e0 trois axes, Acc\u00e9l\u00e9rom\u00e8tre, D\u00e9tecteur de proximit\u00e9, Capteur de luminosit\u00e9 ambiante<\/dd>\n<\/dl>\n<dl class=\"f-productProperties__item\">\n<dt class=\"f-productProperties__term\">Type de d\u00e9verrouillage<\/dt>\n<dd class=\"f-productProperties__definition\">Facial<\/dd>\n<\/dl>\n<dl class=\"f-productProperties__item\">\n<dt class=\"f-productProperties__term\">Usage t\u00e9l\u00e9phone portable<\/dt>\n<dd class=\"f-productProperties__definition\">Standard<\/dd>\n<\/dl>\n<dl class=\"f-productProperties__item\">\n<dt class=\"f-productProperties__term\">Gamme t\u00e9l\u00e9phonie<\/dt>\n<dd class=\"f-productProperties__definition\">iPhone 13 pro<\/dd>\n<\/dl>\n<dl class=\"f-productProperties__item\">\n<dt class=\"f-productProperties__term\">Mod\u00e8le de t\u00e9l\u00e9phone<\/dt>\n<dd class=\"f-productProperties__definition\">iPhone 13 pro<\/dd>\n<\/dl>\n<\/div>\n<div class=\"f-productProperties__col\">\n<dl class=\"f-productProperties__item\">\n<dt class=\"f-productProperties__term\">Coloris<\/dt>\n<dd class=\"f-productProperties__definition\">Or<\/dd>\n<\/dl>\n<dl class=\"f-productProperties__item\">\n<dt class=\"f-productProperties__term\">Dimensions<\/dt>\n<dd class=\"f-productProperties__definition\">146.7 x 71.5 x 7.65 mm<\/dd>\n<\/dl>\n<dl class=\"f-productProperties__item\">\n<dt class=\"f-productProperties__term\">Poids du produit<\/dt>\n<dd class=\"f-productProperties__definition\">203 g<\/dd>\n<\/dl>\n<dl class=\"f-productProperties__item\">\n<dt class=\"f-productProperties__term\">Indice DAS Tronc<\/dt>\n<dd class=\"f-productProperties__definition\">0.98<\/dd>\n<\/dl>\n<dl class=\"f-productProperties__item\">\n<dt class=\"f-productProperties__term\">Indice DAS T\u00eate en W\/Kg<\/dt>\n<dd class=\"f-productProperties__definition\">0.99<\/dd>\n<\/dl>\n<dl class=\"f-productProperties__item\">\n<dt class=\"f-productProperties__term\">Indice DAS membre en W\/Kg<\/dt>\n<dd class=\"f-productProperties__definition\">2.97<\/dd>\n<\/dl>\n<dl class=\"f-productProperties__item\">\n<dt class=\"f-productProperties__term\">Indice de r\u00e9parabilit\u00e9<\/dt>\n<dd class=\"f-productProperties__definition\">6,8\/10<\/dd>\n<\/dl>\n<dl class=\"f-productProperties__item\">\n<dt class=\"f-productProperties__term\">Disponibilit\u00e9 des pi\u00e8ces d\u00e9tach\u00e9es<\/dt>\n<dd class=\"f-productProperties__definition\">7 ANS<\/dd>\n<\/dl>\n<dl class=\"f-productProperties__item\">\n<dt class=\"f-productProperties__term\">Reconditionn\u00e9<\/dt>\n<dd class=\"f-productProperties__definition\">Non<\/dd>\n<\/dl>\n<dl class=\"f-productProperties__item\">\n<dt class=\"f-productProperties__term\">Longueur du produit<\/dt>\n<dd class=\"f-productProperties__definition\">16,5 cm<\/dd>\n<\/dl>\n<dl class=\"f-productProperties__item\">\n<dt class=\"f-productProperties__term\">Largeur du produit<\/dt>\n<dd class=\"f-productProperties__definition\">8,9 cm<\/dd>\n<\/dl>\n<dl class=\"f-productProperties__item\">\n<dt class=\"f-productProperties__term\">Profondeur<\/dt>\n<dd class=\"f-productProperties__definition\">7,65 mm<\/dd>\n<\/dl>\n<dl class=\"f-productProperties__item\">\n<dt class=\"f-productProperties__term\">Hauteur du produit<\/dt>\n<dd class=\"f-productProperties__definition\">2,8 cm<\/dd>\n<\/dl>\n<dl class=\"f-productProperties__item\">\n<dt class=\"f-productProperties__term\">Poids du produit<\/dt>\n<dd class=\"f-productProperties__definition\">0,3 g<\/dd>\n<\/dl>\n<dl class=\"f-productProperties__item\">\n<dt class=\"f-productProperties__term\">Origine de fabrication<\/dt>\n<dd class=\"f-productProperties__definition\">Fabriqu\u00e9 hors Europe<\/dd>\n<\/dl>\n<dl class=\"f-productProperties__item\">\n<dt class=\"f-productProperties__term\">SKU<\/dt>\n<dd class=\"f-productProperties__definition\">9217597<\/dd>\n<\/dl>\n<dl class=\"f-productProperties__item  f-productProperties__item--long\">\n<dt class=\"f-productProperties__term\">Mention L\u00e9gale<\/dt>\n<dd class=\"f-productProperties__definition\">Le d\u00e9bit d&rsquo;absorption sp\u00e9cifique (DAS) local quantifie l&rsquo;exposition de l&rsquo;utilisateur aux ondes \u00e9lectromagn\u00e9tiques de l&rsquo;\u00e9quipement concern\u00e9. Le DAS maximal autoris\u00e9 est de 2 W\/kg pour la t\u00eate et le tronc et de 4 W\/kg pour les membres.<\/dd>\n<\/dl>\n<\/div>\n<\/div>\n<\/div>\n<div class=\"expander__mask\" data-automation-id=\"expand-characteristics-content-button\"><\/div>\n<\/div>\n<\/div>\n<\/div>\n<\/div>\n<\/div>\n<div class=\"f-productLayerGrid__col f-productLayerGrid__col--fixed\">\n<div class=\"f-productLayer advertisingStrate\" data-test=\"A_MIXED_HIGH\">\n<div class=\"js-ad-slot f-ad\" data-inv-code=\"Fnac_FR_Desktop_Mobile_FA_Pave_ATF\" data-sizes=\"300x250\"><\/div>\n<\/div>\n<\/div>","protected":false},"excerpt":{"rendered":"<p>Syst\u00e8me photo pro 12 Mpx : t\u00e9l\u00e9objectif, grand\u2011angle et ultra grand\u2011angle; T\u00e9l\u00e9objectif : ouverture \u0192\/2,8; Grand-angle : ouverture \u0192\/1,5; Ultra grand-angle : ouverture \u0192\/1,8 et champ de vision de 120\u00b0; Zoom optique avant 3x ; zoom optique arri\u00e8re 2x ; amplitude du zoom optique : 6x; Zoom num\u00e9rique jusqu\u2019\u00e0 15x<\/p>","protected":false},"featured_media":9624,"comment_status":"open","ping_status":"closed","template":"","meta":{"inline_featured_image":false,"_joinchat":[]},"product_cat":[21],"product_tag":[],"class_list":{"0":"post-9615","1":"product","2":"type-product","3":"status-publish","4":"has-post-thumbnail","6":"product_brand-apple","7":"product_cat-telephones-objets-connectes","9":"first","10":"instock","11":"shipping-taxable","12":"purchasable","13":"product-type-simple"},"_links":{"self":[{"href":"https:\/\/kitchtenstore.com\/fr\/wp-json\/wp\/v2\/product\/9615","targetHints":{"allow":["GET"]}}],"collection":[{"href":"https:\/\/kitchtenstore.com\/fr\/wp-json\/wp\/v2\/product"}],"about":[{"href":"https:\/\/kitchtenstore.com\/fr\/wp-json\/wp\/v2\/types\/product"}],"replies":[{"embeddable":true,"href":"https:\/\/kitchtenstore.com\/fr\/wp-json\/wp\/v2\/comments?post=9615"}],"version-history":[{"count":0,"href":"https:\/\/kitchtenstore.com\/fr\/wp-json\/wp\/v2\/product\/9615\/revisions"}],"wp:featuredmedia":[{"embeddable":true,"href":"https:\/\/kitchtenstore.com\/fr\/wp-json\/wp\/v2\/media\/9624"}],"wp:attachment":[{"href":"https:\/\/kitchtenstore.com\/fr\/wp-json\/wp\/v2\/media?parent=9615"}],"wp:term":[{"taxonomy":"product_cat","embeddable":true,"href":"https:\/\/kitchtenstore.com\/fr\/wp-json\/wp\/v2\/product_cat?post=9615"},{"taxonomy":"product_tag","embeddable":true,"href":"https:\/\/kitchtenstore.com\/fr\/wp-json\/wp\/v2\/product_tag?post=9615"}],"curies":[{"name":"wp","href":"https:\/\/api.w.org\/{rel}","templated":true}]}}