{"id":9553,"date":"2022-07-04T08:36:01","date_gmt":"2022-07-04T08:36:01","guid":{"rendered":"https:\/\/bon10count.com\/?post_type=product&#038;p=9553"},"modified":"2022-07-04T08:36:01","modified_gmt":"2022-07-04T08:36:01","slug":"apple-iphone-12-61-128-go-double-sim-5g-blanc","status":"publish","type":"product","link":"https:\/\/kitchtenstore.com\/fr\/produit\/apple-iphone-12-61-128-go-double-sim-5g-blanc\/","title":{"rendered":"Apple iPhone 12 6,1&Prime; 128 Go Double SIM 5G Blanc"},"content":{"rendered":"<header class=\"f-productLayer__header\">\n<div class=\"f-productLayer__container\">\n<h2 class=\"f-productLayer__title\" data-automation-id=\"title-characteristics-layer-label\">CARACT\u00c9RISTIQUES<\/h2>\n<\/div>\n<\/header>\n<div id=\"43ee4bdb-9f91-432e-911c-5cb1fd59403e\" class=\"f-productLayer__body f-productProperties\">\n<div class=\"f-productLayer__container f-productProperties__container\" data-automation-id=\"simple-characteristics-content-block\">\n<div class=\"js-Expander expander expander--hasIcon collapsed\" data-automation-button=\"expand-characteristics-content-button\" data-automation-content=\"expand-characteristics-content\">\n<div class=\"expander__content\" data-automation-id=\"expand-characteristics-content\" aria-expanded=\"true\">\n<div class=\"f-productProperties__columns\">\n<div class=\"f-productProperties__col\">\n<dl class=\"f-productProperties__item\">\n<dt class=\"f-productProperties__term\">Capacit\u00e9 de stockage<\/dt>\n<dd class=\"f-productProperties__definition\">128 Go<\/dd>\n<\/dl>\n<dl class=\"f-productProperties__item\">\n<dt class=\"f-productProperties__term\">Taille de l&rsquo;\u00e9cran (pouces)<\/dt>\n<dd class=\"f-productProperties__definition\">6,1 \u00ab\u00a0<\/dd>\n<\/dl>\n<dl class=\"f-productProperties__item\">\n<dt class=\"f-productProperties__term\">Caract\u00e9ristiques de l&rsquo;\u00e9cran<\/dt>\n<dd class=\"f-productProperties__definition\">2532 x 1170 pixels<\/dd>\n<\/dl>\n<dl class=\"f-productProperties__item\">\n<dt class=\"f-productProperties__term\">Couleur<\/dt>\n<dd class=\"f-productProperties__definition\">Blanc<\/dd>\n<\/dl>\n<dl class=\"f-productProperties__item  f-productProperties__item--long\">\n<dt class=\"f-productProperties__term\">Appareil photo<\/dt>\n<dd class=\"f-productProperties__definition\">Double appareil photo 12 Mpx : ultra grand\u2011angle et grand\u2011angle; Ultra grand-angle : ouverture \u0192\/2,4 et champ de vision de 120\u00b0; Grand\u2011angle : ouverture \u0192\/1,6; Zoom optique arri\u00e8re 2x; Zoom num\u00e9rique jusqu\u2019\u00e0 5x ; \u00c9clairage de portrait avec six effets ; Stabilisation optique de l\u2019image ; Objectif \u00e0 cinq \u00e9l\u00e9ments; objectif \u00e0 six \u00e9l\u00e9ments ; Flash True Tone plus lumineux avec synchro lente ; Protection d\u2019objectifs en cristal de saphir ; 100 % de Focus Pixels ; Smart HDR 3 avec d\u00e9tection de la sc\u00e8ne<\/dd>\n<\/dl>\n<dl class=\"f-productProperties__item\">\n<dt class=\"f-productProperties__term\">R\u00e9solution photo<\/dt>\n<dd class=\"f-productProperties__definition\">12 m\u00e9gapixels<\/dd>\n<\/dl>\n<dl class=\"f-productProperties__item\">\n<dt class=\"f-productProperties__term\">Syst\u00e8me d&rsquo;exploitation<\/dt>\n<dd class=\"f-productProperties__definition\">iOS 14<\/dd>\n<\/dl>\n<dl class=\"f-productProperties__item\">\n<dt class=\"f-productProperties__term\">Processeur<\/dt>\n<dd class=\"f-productProperties__definition\">Apple<\/dd>\n<\/dl>\n<dl class=\"f-productProperties__item\">\n<dt class=\"f-productProperties__term\">Type de carte SIM<\/dt>\n<dd class=\"f-productProperties__definition\">Double SIM<\/dd>\n<\/dl>\n<dl class=\"f-productProperties__item\">\n<dt class=\"f-productProperties__term\">Autonomie maximale<\/dt>\n<dd class=\"f-productProperties__definition\">65<\/dd>\n<\/dl>\n<dl class=\"f-productProperties__item  f-productProperties__item--long\">\n<dt class=\"f-productProperties__term\">Caract\u00e9ristiques compl\u00e9mentaires<\/dt>\n<dd class=\"f-productProperties__definition\">\u00c9cran Super Retina XDR ; OLED tout \u00e9cran ; \u00c9cran HDR ; True Tone ; Large gamme de couleurs (P3) ; Haptic Touch ; Contraste 2 000 000:1 (standard) ; Luminosit\u00e9 maximale de 625 nits (standard) ; luminosit\u00e9 maximale de 1 200 nits (HDR) ; Rev\u00eatement ol\u00e9ophobe r\u00e9sistant aux traces de doigts ; Affichage simultan\u00e9 de plusieurs langues et jeux de caract\u00e8res ; Indice de protection IP68 (jusqu\u2019\u00e0 6 m\u00e8tres de profondeur pendant 30 minutes maximum) ; Cam\u00e9ra TrueDepth : Appareil photo 12 Mpx, Ouverture \u0192\/2,2, Mode Portrait avec effet bokeh avanc\u00e9 et Contr\u00f4le de la profondeur, \u00c9clairage de portrait avec six effets (Naturel, Studio, Contour, Sc\u00e8ne, Sc\u00e8ne mono, High\u2011key mono), Animoji et Memoji, Mode Nuit, Deep Fusion, Smart HDR 3 avec d\u00e9tection de la sc\u00e8ne, Enregistrement vid\u00e9o HDR Dolby Vision jusqu\u2019\u00e0 30 i\/s ; Activation par la cam\u00e9ra TrueDepth pour la reconnaissance faciale ; Apple Pay ; G\u00e9olocalisation : GPS int\u00e9gr\u00e9, GLONASS, Galileo, QZSS et BeiDou, Boussole num\u00e9rique, Wi\u2011Fi, R\u00e9seaux cellulaires, Microlocalisation iBeacon ; Appels vid\u00e9o ; Appels audio ; Formats audio pris en charge : AAC\u2011LC, HE\u2011AAC, HE\u2011AAC v2, AAC prot\u00e9g\u00e9, MP3, PCM lin\u00e9aire ; Formats vid\u00e9o pris en charge : HEVC, H.264, MPEG\u20114 Part 2 et Motion JPEG ; MagSafe : Recharge sans fil jusqu\u2019\u00e0 15 W ; Syst\u00e8me d\u2019aimants ; Aimant d\u2019alignement, Technologie NFC pour l\u2019identification des accessoires ; Magn\u00e9tom\u00e8tre ; Capteurs : Face ID, Barom\u00e8tre, Gyroscope \u00e0 trois axes, Acc\u00e9l\u00e9rom\u00e8tre, D\u00e9tecteur de proximit\u00e9, Capteur de luminosit\u00e9 ambiante<\/dd>\n<\/dl>\n<dl class=\"f-productProperties__item\">\n<dt class=\"f-productProperties__term\">Usage t\u00e9l\u00e9phone portable<\/dt>\n<dd class=\"f-productProperties__definition\">Standard<\/dd>\n<\/dl>\n<dl class=\"f-productProperties__item\">\n<dt class=\"f-productProperties__term\">Gamme t\u00e9l\u00e9phonie<\/dt>\n<dd class=\"f-productProperties__definition\">iPhone 12<\/dd>\n<\/dl>\n<dl class=\"f-productProperties__item\">\n<dt class=\"f-productProperties__term\">Mod\u00e8le de t\u00e9l\u00e9phone<\/dt>\n<dd class=\"f-productProperties__definition\">iPhone 12<\/dd>\n<\/dl>\n<dl class=\"f-productProperties__item\">\n<dt class=\"f-productProperties__term\">Coloris<\/dt>\n<dd class=\"f-productProperties__definition\">Blanc<\/dd>\n<\/dl>\n<\/div>\n<div class=\"f-productProperties__col\">\n<dl class=\"f-productProperties__item\">\n<dt class=\"f-productProperties__term\">Dimensions<\/dt>\n<dd class=\"f-productProperties__definition\">146.7 x 71.5 x 7.4 mm<\/dd>\n<\/dl>\n<dl class=\"f-productProperties__item\">\n<dt class=\"f-productProperties__term\">Poids du produit<\/dt>\n<dd class=\"f-productProperties__definition\">162 g<\/dd>\n<\/dl>\n<dl class=\"f-productProperties__item\">\n<dt class=\"f-productProperties__term\">Indice DAS Tronc<\/dt>\n<dd class=\"f-productProperties__definition\">0.99<\/dd>\n<\/dl>\n<dl class=\"f-productProperties__item\">\n<dt class=\"f-productProperties__term\">Indice DAS T\u00eate en W\/Kg<\/dt>\n<dd class=\"f-productProperties__definition\">0.99<\/dd>\n<\/dl>\n<dl class=\"f-productProperties__item\">\n<dt class=\"f-productProperties__term\">Indice DAS membre en W\/Kg<\/dt>\n<dd class=\"f-productProperties__definition\">3.8<\/dd>\n<\/dl>\n<dl class=\"f-productProperties__item\">\n<dt class=\"f-productProperties__term\">Indice de r\u00e9parabilit\u00e9<\/dt>\n<dd class=\"f-productProperties__definition\">6,6\/10<\/dd>\n<\/dl>\n<dl class=\"f-productProperties__item\">\n<dt class=\"f-productProperties__term\">Disponibilit\u00e9 des pi\u00e8ces d\u00e9tach\u00e9es<\/dt>\n<dd class=\"f-productProperties__definition\">7 ANS<\/dd>\n<\/dl>\n<dl class=\"f-productProperties__item\">\n<dt class=\"f-productProperties__term\">Reconditionn\u00e9<\/dt>\n<dd class=\"f-productProperties__definition\">Non<\/dd>\n<\/dl>\n<dl class=\"f-productProperties__item\">\n<dt class=\"f-productProperties__term\">Largeur du produit<\/dt>\n<dd class=\"f-productProperties__definition\">71,5 cm<\/dd>\n<\/dl>\n<dl class=\"f-productProperties__item\">\n<dt class=\"f-productProperties__term\">Profondeur<\/dt>\n<dd class=\"f-productProperties__definition\">7,4 mm<\/dd>\n<\/dl>\n<dl class=\"f-productProperties__item\">\n<dt class=\"f-productProperties__term\">Hauteur du produit<\/dt>\n<dd class=\"f-productProperties__definition\">146,7 cm<\/dd>\n<\/dl>\n<dl class=\"f-productProperties__item\">\n<dt class=\"f-productProperties__term\">Poids du produit<\/dt>\n<dd class=\"f-productProperties__definition\">164 g<\/dd>\n<\/dl>\n<dl class=\"f-productProperties__item\">\n<dt class=\"f-productProperties__term\">Origine de fabrication<\/dt>\n<dd class=\"f-productProperties__definition\">Fabriqu\u00e9 hors Europe<\/dd>\n<\/dl>\n<dl class=\"f-productProperties__item\">\n<dt class=\"f-productProperties__term\">SKU<\/dt>\n<dd class=\"f-productProperties__definition\">9154994<\/dd>\n<\/dl>\n<dl class=\"f-productProperties__item  f-productProperties__item--long\">\n<dt class=\"f-productProperties__term\">Mention L\u00e9gale<\/dt>\n<dd class=\"f-productProperties__definition\">Le d\u00e9bit d&rsquo;absorption sp\u00e9cifique (DAS) local quantifie l&rsquo;exposition de l&rsquo;utilisateur aux ondes \u00e9lectromagn\u00e9tiques de l&rsquo;\u00e9quipement concern\u00e9. Le DAS maximal autoris\u00e9 est de 2 W\/kg pour la t\u00eate et le tronc et de 4 W\/kg pour les membres.<\/dd>\n<\/dl>\n<\/div>\n<\/div>\n<\/div>\n<\/div>\n<\/div>\n<\/div>","protected":false},"excerpt":{"rendered":"<p>\u00c9cran Super Retina XDR ; OLED tout \u00e9cran ; \u00c9cran HDR ; True Tone ; Large gamme de couleurs (P3) ; Haptic Touch ; Contraste 2 000 000:1 (standard) ; Luminosit\u00e9 maximale de 625 nits (standard) ; luminosit\u00e9 maximale de 1 200 nits (HDR) ; Rev\u00eatement ol\u00e9ophobe r\u00e9sistant aux traces de doigts ; Affichage simultan\u00e9 de plusieurs langues et jeux de caract\u00e8res ; Indice de protection IP68 (jusqu\u2019\u00e0 6 m\u00e8tres de profondeur pendant 30 minutes maximum) ; Cam\u00e9ra TrueDepth : Appareil photo 12 Mpx, Ouverture \u0192\/2,2, Mode Portrait avec effet bokeh avanc\u00e9 et Contr\u00f4le de la profondeur, \u00c9clairage de portrait avec six effets (Naturel, Studio, Contour, Sc\u00e8ne, Sc\u00e8ne mono, High\u2011key mono), Animoji et Memoji, Mode Nuit, Deep Fusion, Smart HDR 3 avec d\u00e9tection de la sc\u00e8ne, Enregistrement vid\u00e9o HDR Dolby Vision jusqu\u2019\u00e0 30 i\/s ; Activation par la cam\u00e9ra TrueDepth pour la reconnaissance faciale ; Apple Pay ; G\u00e9olocalisation : GPS int\u00e9gr\u00e9, GLONASS, Galileo, QZSS et BeiDou, Boussole num\u00e9rique, Wi\u2011Fi, R\u00e9seaux cellulaires, Microlocalisation iBeacon ; Appels vid\u00e9o ; Appels audio ; Formats audio pris en charge : AAC\u2011LC, HE\u2011AAC, HE\u2011AAC v2, AAC prot\u00e9g\u00e9, MP3, PCM lin\u00e9aire ; Formats vid\u00e9o pris en charge : HEVC, H.264, MPEG\u20114 Part 2 et Motion JPEG ; MagSafe : Recharge sans fil jusqu\u2019\u00e0 15 W ; Syst\u00e8me d\u2019aimants ; Aimant d\u2019alignement, Technologie NFC pour l\u2019identification des accessoires ; Magn\u00e9tom\u00e8tre ; Capteurs : Face ID, Barom\u00e8tre, Gyroscope \u00e0 trois axes, Acc\u00e9l\u00e9rom\u00e8tre, D\u00e9tecteur de proximit\u00e9, Capteur de luminosit\u00e9 ambiante<\/p>","protected":false},"featured_media":9552,"comment_status":"open","ping_status":"closed","template":"","meta":{"inline_featured_image":false,"_joinchat":[]},"product_cat":[21],"product_tag":[],"class_list":{"0":"post-9553","1":"product","2":"type-product","3":"status-publish","4":"has-post-thumbnail","6":"product_brand-apple","7":"product_cat-telephones-objets-connectes","9":"first","10":"instock","11":"shipping-taxable","12":"purchasable","13":"product-type-simple"},"_links":{"self":[{"href":"https:\/\/kitchtenstore.com\/fr\/wp-json\/wp\/v2\/product\/9553","targetHints":{"allow":["GET"]}}],"collection":[{"href":"https:\/\/kitchtenstore.com\/fr\/wp-json\/wp\/v2\/product"}],"about":[{"href":"https:\/\/kitchtenstore.com\/fr\/wp-json\/wp\/v2\/types\/product"}],"replies":[{"embeddable":true,"href":"https:\/\/kitchtenstore.com\/fr\/wp-json\/wp\/v2\/comments?post=9553"}],"version-history":[{"count":0,"href":"https:\/\/kitchtenstore.com\/fr\/wp-json\/wp\/v2\/product\/9553\/revisions"}],"wp:featuredmedia":[{"embeddable":true,"href":"https:\/\/kitchtenstore.com\/fr\/wp-json\/wp\/v2\/media\/9552"}],"wp:attachment":[{"href":"https:\/\/kitchtenstore.com\/fr\/wp-json\/wp\/v2\/media?parent=9553"}],"wp:term":[{"taxonomy":"product_cat","embeddable":true,"href":"https:\/\/kitchtenstore.com\/fr\/wp-json\/wp\/v2\/product_cat?post=9553"},{"taxonomy":"product_tag","embeddable":true,"href":"https:\/\/kitchtenstore.com\/fr\/wp-json\/wp\/v2\/product_tag?post=9553"}],"curies":[{"name":"wp","href":"https:\/\/api.w.org\/{rel}","templated":true}]}}