{"id":9537,"date":"2022-07-04T08:13:37","date_gmt":"2022-07-04T08:13:37","guid":{"rendered":"https:\/\/bon10count.com\/?post_type=product&#038;p=9537"},"modified":"2022-07-04T08:13:37","modified_gmt":"2022-07-04T08:13:37","slug":"karcher-nettoyeur-haute-pression-k4-full-control-130-bars-18-kw-jaune","status":"publish","type":"product","link":"https:\/\/kitchtenstore.com\/fr\/produit\/karcher-nettoyeur-haute-pression-k4-full-control-130-bars-18-kw-jaune\/","title":{"rendered":"K\u00c4RCHER Nettoyeur haute pression K4 Full Control &#8211; 130 bars &#8211; 1,8 Kw- Jaune"},"content":{"rendered":"<div class=\"wp-block-column\">\n<h4><strong>Donn\u00e9es techniques<\/strong><\/h4>\n<figure class=\"wp-block-table is-style-stripes\">\n<table>\n<tbody>\n<tr>\n<td><strong>Pression (bar\/MPa)<\/strong><\/td>\n<td>20 \u2013 130 \/ 2 \u2013 13<\/td>\n<\/tr>\n<tr>\n<td><strong>D\u00e9bit (l\/h)<\/strong><\/td>\n<td>max. 420<\/td>\n<\/tr>\n<tr>\n<td><strong>Temp\u00e9rature d\u2019admission max. (Temp\u00e9rature max. eau (\u00b0C))<\/strong><\/td>\n<td>max. 40<\/td>\n<\/tr>\n<tr>\n<td><strong>Puissance raccord\u00e9e (kW)<\/strong><\/td>\n<td>1,8<\/td>\n<\/tr>\n<tr>\n<td><strong>Rendement surfacique (m\u00b2\/h)<\/strong><\/td>\n<td>30<\/td>\n<\/tr>\n<tr>\n<td><strong>Poids sans accessoires (kg)<\/strong><\/td>\n<td>30<\/td>\n<\/tr>\n<tr>\n<td><strong>Dimensions (l x L x h) (mm)<\/strong><\/td>\n<td>411 x 305 x 584<\/td>\n<\/tr>\n<\/tbody>\n<\/table>\n<\/figure>\n<\/div>\n<div class=\"wp-block-column\">\n<h4><strong>\u00c9quipement<\/strong><\/h4>\n<figure class=\"wp-block-table is-style-stripes\">\n<table>\n<tbody>\n<tr>\n<td><strong>Poign\u00e9e-pistolet haute pression, G 145 Q Full Control<\/strong><\/td>\n<\/tr>\n<tr>\n<td><strong>Jet Vario Power<\/strong><\/td>\n<\/tr>\n<tr>\n<td><strong>Rotabuse<\/strong><\/td>\n<\/tr>\n<tr>\n<td><strong>Flexible haute pression, 6 m<\/strong><\/td>\n<\/tr>\n<tr>\n<td><strong>Utilisation de d\u00e9tergent au moyen de, Syst\u00e8me Plug \u2019n\u2019 Clean<\/strong><\/td>\n<\/tr>\n<tr>\n<td><strong>Poign\u00e9e t\u00e9lescopique<\/strong><\/td>\n<\/tr>\n<tr>\n<td><strong>Moteur refroidi \u00e0 l\u2019eau<\/strong><\/td>\n<\/tr>\n<\/tbody>\n<\/table>\n<\/figure>\n<\/div>","protected":false},"excerpt":{"rendered":"<p>Le nettoyeur K4 va devenir votre partenaire id\u00e9al pour nettoyer votre terrasse, vos meubles de jardin ou encore votre voiture.<\/p>\n<p>Le K4 Full Control Home au design ergonomique garantie stabilit\u00e9 fiabilit\u00e9 et confort. Le kit home qui contient une bouteille de d\u00e9tergent 1l pierre et fa\u00e7ade et un T-Racer 350 \u00e0 pression r\u00e9glable pour nettoyer les salissures des surfaces planes. Pour une application donn\u00e9e, choisir la bonne machine, le ou les bons accessoires et le d\u00e9tergent appropri\u00e9, c\u2019est obtenir une solution efficace de nettoyage<\/p>","protected":false},"featured_media":9540,"comment_status":"open","ping_status":"closed","template":"","meta":{"inline_featured_image":false,"_joinchat":[]},"product_cat":[24,26],"product_tag":[],"class_list":{"0":"post-9537","1":"product","2":"type-product","3":"status-publish","4":"has-post-thumbnail","6":"product_cat-accessoires","7":"product_cat-electromenagers","9":"first","10":"instock","11":"shipping-taxable","12":"purchasable","13":"product-type-simple"},"_links":{"self":[{"href":"https:\/\/kitchtenstore.com\/fr\/wp-json\/wp\/v2\/product\/9537","targetHints":{"allow":["GET"]}}],"collection":[{"href":"https:\/\/kitchtenstore.com\/fr\/wp-json\/wp\/v2\/product"}],"about":[{"href":"https:\/\/kitchtenstore.com\/fr\/wp-json\/wp\/v2\/types\/product"}],"replies":[{"embeddable":true,"href":"https:\/\/kitchtenstore.com\/fr\/wp-json\/wp\/v2\/comments?post=9537"}],"version-history":[{"count":0,"href":"https:\/\/kitchtenstore.com\/fr\/wp-json\/wp\/v2\/product\/9537\/revisions"}],"wp:featuredmedia":[{"embeddable":true,"href":"https:\/\/kitchtenstore.com\/fr\/wp-json\/wp\/v2\/media\/9540"}],"wp:attachment":[{"href":"https:\/\/kitchtenstore.com\/fr\/wp-json\/wp\/v2\/media?parent=9537"}],"wp:term":[{"taxonomy":"product_cat","embeddable":true,"href":"https:\/\/kitchtenstore.com\/fr\/wp-json\/wp\/v2\/product_cat?post=9537"},{"taxonomy":"product_tag","embeddable":true,"href":"https:\/\/kitchtenstore.com\/fr\/wp-json\/wp\/v2\/product_tag?post=9537"}],"curies":[{"name":"wp","href":"https:\/\/api.w.org\/{rel}","templated":true}]}}