{"id":9533,"date":"2022-07-04T08:06:50","date_gmt":"2022-07-04T08:06:50","guid":{"rendered":"https:\/\/bon10count.com\/?post_type=product&#038;p=9533"},"modified":"2022-07-04T08:06:51","modified_gmt":"2022-07-04T08:06:51","slug":"apple-iphone-12-neuf-64go-noir","status":"publish","type":"product","link":"https:\/\/kitchtenstore.com\/fr\/produit\/apple-iphone-12-neuf-64go-noir\/","title":{"rendered":"APPLE iPhone 12 neuf 64Go Noir"},"content":{"rendered":"<h2 id=\"js-characteristics\" class=\"prodItem__details-title\" data-beaver-id=\"affichage_titre_tableau_caracteristique\">Caract\u00e9ristiques<\/h2>\n<table id=\"product-attribute-specs-table\" class=\"prodItem__additional-table\">\n<tbody>\n<tr>\n<td>Marque<\/td>\n<td>APPLE<\/td>\n<\/tr>\n<tr>\n<td>Mod\u00e8le<\/td>\n<td>Iphone 12<\/td>\n<\/tr>\n<tr>\n<td>Syst\u00e8me d&rsquo;exploitation<\/td>\n<td>Compatible iOS 15<\/td>\n<\/tr>\n<tr>\n<td>Surcouche<\/td>\n<td>Non<\/td>\n<\/tr>\n<tr>\n<td>R\u00e9solution de l&rsquo;\u00e9cran<\/td>\n<td>2532 x 1170p<\/td>\n<\/tr>\n<tr>\n<td>Technologie de l&rsquo;\u00e9cran<\/td>\n<td>Super Retina OLED<\/td>\n<\/tr>\n<tr>\n<td>Taille \u00e9cran en pouces<\/td>\n<td>6,1&Prime;<\/td>\n<\/tr>\n<tr>\n<td>Taille \u00e9cran en cm<\/td>\n<td>15,5 cm<\/td>\n<\/tr>\n<tr>\n<td>Nom du processeur<\/td>\n<td>Puce A14 Bionic<\/td>\n<\/tr>\n<tr>\n<td>Type de processeur<\/td>\n<td>3,1 Ghz Hexa-core<\/td>\n<\/tr>\n<tr>\n<td>M\u00e9moire vive (RAM)<\/td>\n<td>4 Go<\/td>\n<\/tr>\n<tr>\n<td>M\u00e9moire interne (ROM)<\/td>\n<td>64 Go<\/td>\n<\/tr>\n<tr>\n<td>Extension de m\u00e9moire<\/td>\n<td>Non<\/td>\n<\/tr>\n<tr>\n<td>Compatibilit\u00e9 op\u00e9rateurs<\/td>\n<td>Tout op\u00e9rateur<\/td>\n<\/tr>\n<tr>\n<td>R\u00e9seau<\/td>\n<td>5G<\/td>\n<\/tr>\n<tr>\n<td>Type de carte Sim<\/td>\n<td>Single SIM (nano)<\/td>\n<\/tr>\n<tr>\n<td>Compatibilit\u00e9 GPS<\/td>\n<td>GPS, A-GPS, Glonass, Galileo, Qzss<\/td>\n<\/tr>\n<tr>\n<td>WiFi<\/td>\n<td>Wifi 6 (2,4\/5Ghz)<\/td>\n<\/tr>\n<tr>\n<td>Bluetooth<\/td>\n<td>Bluetooth 5.0<\/td>\n<\/tr>\n<tr>\n<td>NFC<\/td>\n<td>Oui<\/td>\n<\/tr>\n<tr>\n<td>Autonomie en communication (h)<\/td>\n<td>17 h<\/td>\n<\/tr>\n<tr>\n<td>Autonomie<\/td>\n<td>NC<\/td>\n<\/tr>\n<tr>\n<td>Capacit\u00e9 de la batterie (mAh)<\/td>\n<td>2\u00a0815<\/td>\n<\/tr>\n<tr>\n<td>Charge rapide<\/td>\n<td>20W (non inclus)<\/td>\n<\/tr>\n<tr>\n<td>Charge induction<\/td>\n<td>Oui<\/td>\n<\/tr>\n<tr>\n<td>Cam\u00e9ra arri\u00e8re (Mpixels)<\/td>\n<td>12+12MP\/4K<\/td>\n<\/tr>\n<tr>\n<td>Cam\u00e9ra frontale (Mpixels)<\/td>\n<td>12MP\/4k<\/td>\n<\/tr>\n<tr>\n<td>Lecteur multimedia<\/td>\n<td>MP3, H.264, FLAC<\/td>\n<\/tr>\n<tr>\n<td>Radio FM<\/td>\n<td>Non<\/td>\n<\/tr>\n<tr>\n<td>Connectiques<\/td>\n<td>lightning \u00ae<\/td>\n<\/tr>\n<tr>\n<td>Jack 3.5 mm<\/td>\n<td>Non<\/td>\n<\/tr>\n<tr>\n<td>Boitier<\/td>\n<td>Cadre Aluminium &amp; Dos verre<\/td>\n<\/tr>\n<tr>\n<td>R\u00e9sistance<\/td>\n<td>IP68<\/td>\n<\/tr>\n<tr>\n<td>Coloris<\/td>\n<td>Noir<\/td>\n<\/tr>\n<tr>\n<td>Descriptif compl\u00e9mentaire<\/td>\n<td>\u00b0 Vers la vitesse et au\u2011del\u00e0.<br \/>\nLa vitesse 5G. Une puce A14 Bionic, la plus rapide sur smartphone. Un \u00e9cran OLED bord \u00e0 bord. Le Ceramic Shield, qui multiplie par quatre la r\u00e9sistance aux chutes. Et le mode Nuit sur chaque appareil photo.<\/p>\n<p>\u00b0 11 mille milliards d\u2019op\u00e9rations par seconde.<br \/>\nLa puce A14 Bionic est la plus rapide des puces de smart\u00adphone, et elle repousse encore les limites du possible. Elle abat des milliers de milliards d\u2019op\u00e9rations sur le Neural Engine et permet de filmer en Dolby Vision, une prouesse inaccessible m\u00eame aux cam\u00e9ras professionnelles de cin\u00e9ma. Extr\u00eamement \u00e9conome en \u00e9nergie, elle vous offre une formidable autonomie. Et ses capacit\u00e9s de pointe lui donnent une longueur d\u2019avance sur l\u2019avenir.<\/p>\n<p>\u00b0 Notre meilleur \u00e9cran d\u2019iPhone \u00e0 ce jour<br \/>\nUn contraste infiniment plus grand. Une pr\u00e9cision des couleurs incroyable. Une densit\u00e9 de pixels nettement sup\u00e9rieure5. Le r\u00e9sultat est bluffant. Sur l\u2019\u00e9cran OLED, les clairs sont plus lumineux, les noirs, plus profonds, et chaque d\u00e9tail est magnifi\u00e9 par une r\u00e9solution impressionnante. C\u2019est de loin le meilleur \u00e9cran d\u2019iPhone que nous ayons jamais cr\u00e9\u00e9, et il s\u2019\u00e9tend d\u2019un bord \u00e0 l\u2019autre de l\u2019appareil.<\/td>\n<\/tr>\n<tr>\n<td>Accessoires<\/td>\n<td>Cable Lightning (chargeur, kit pi\u00e9ton non inclus)<\/td>\n<\/tr>\n<tr>\n<td>Dimensions produit<\/td>\n<td>H 14,67 cm x L 7,15 cm x P 0,74 cm<\/td>\n<\/tr>\n<tr>\n<td>Dimensions colis<\/td>\n<td>H 7 cm x L 9 cm x P 18 cm<\/td>\n<\/tr>\n<tr>\n<td>Poids<\/td>\n<td>164g<\/td>\n<\/tr>\n<tr>\n<td>Poids brut<\/td>\n<td>0,5 kg<\/td>\n<\/tr>\n<tr>\n<td>Cat\u00e9gorie mobile<\/td>\n<td>Neuf<\/td>\n<\/tr>\n<tr>\n<td>DAS T\u00eate (W\/kg)<\/td>\n<td>0,99<\/td>\n<\/tr>\n<tr>\n<td>DAS tronc (W\/kg)<\/td>\n<td>0,99<\/td>\n<\/tr>\n<tr>\n<td>DAS Membres (W\/kg)<\/td>\n<td>3,8<\/td>\n<\/tr>\n<tr>\n<td>DAS texte r\u00e9glementaire<\/td>\n<td>Le d\u00e9bit d&rsquo;absorption sp\u00e9cifique (DAS) local quantifie l&rsquo;exposition de l&rsquo;utilisateur aux ondes \u00e9lectromagn\u00e9tiques \u00e0 puissance maximale de l&rsquo;\u00e9quipement concern\u00e9. Le DAS maximal autoris\u00e9 est de 2 W\/kg pour la t\u00eate et le tronc et de 4 W\/kg pour les membres<\/td>\n<\/tr>\n<\/tbody>\n<\/table>","protected":false},"excerpt":{"rendered":"<p>Descriptif compl\u00e9mentaire * marque commerciale d&rsquo;Apple Inc., d\u00e9pos\u00e9e aux Etats-Unis et dans d&rsquo;autres pays. Ces marques appartiennent exclusivement \u00e0 Apple Inc.<br \/>\nAccessoires C\u00e2ble USB, adaptateur secteur, kit pi\u00e9ton<br \/>\nDimensions produit H 15,09 cm x L 7,57 cm x P 0,83 cm<br \/>\nDimensions colis H 15,3 cm x L 8,23 cm x P 4 cm<br \/>\nPoids 194g<br \/>\nPoids brut 0,36 kg<br \/>\nCat\u00e9gorie mobile Reconditionn\u00e9 grade \u00c9co<br \/>\nDAS T\u00eate (W\/kg) 0,95<br \/>\nDAS tronc (W\/kg) 0,99<br \/>\nDAS Membres (W\/kg) 3,99<\/p>","protected":false},"featured_media":9536,"comment_status":"open","ping_status":"closed","template":"","meta":{"inline_featured_image":false,"_joinchat":[]},"product_cat":[21],"product_tag":[],"class_list":{"0":"post-9533","1":"product","2":"type-product","3":"status-publish","4":"has-post-thumbnail","6":"product_brand-apple","7":"product_cat-telephones-objets-connectes","9":"first","10":"instock","11":"shipping-taxable","12":"purchasable","13":"product-type-simple"},"_links":{"self":[{"href":"https:\/\/kitchtenstore.com\/fr\/wp-json\/wp\/v2\/product\/9533","targetHints":{"allow":["GET"]}}],"collection":[{"href":"https:\/\/kitchtenstore.com\/fr\/wp-json\/wp\/v2\/product"}],"about":[{"href":"https:\/\/kitchtenstore.com\/fr\/wp-json\/wp\/v2\/types\/product"}],"replies":[{"embeddable":true,"href":"https:\/\/kitchtenstore.com\/fr\/wp-json\/wp\/v2\/comments?post=9533"}],"version-history":[{"count":0,"href":"https:\/\/kitchtenstore.com\/fr\/wp-json\/wp\/v2\/product\/9533\/revisions"}],"wp:featuredmedia":[{"embeddable":true,"href":"https:\/\/kitchtenstore.com\/fr\/wp-json\/wp\/v2\/media\/9536"}],"wp:attachment":[{"href":"https:\/\/kitchtenstore.com\/fr\/wp-json\/wp\/v2\/media?parent=9533"}],"wp:term":[{"taxonomy":"product_cat","embeddable":true,"href":"https:\/\/kitchtenstore.com\/fr\/wp-json\/wp\/v2\/product_cat?post=9533"},{"taxonomy":"product_tag","embeddable":true,"href":"https:\/\/kitchtenstore.com\/fr\/wp-json\/wp\/v2\/product_tag?post=9533"}],"curies":[{"name":"wp","href":"https:\/\/api.w.org\/{rel}","templated":true}]}}