{"id":9526,"date":"2022-07-04T07:44:49","date_gmt":"2022-07-04T07:44:49","guid":{"rendered":"https:\/\/bon10count.com\/?post_type=product&#038;p=9526"},"modified":"2022-07-04T07:44:49","modified_gmt":"2022-07-04T07:44:49","slug":"native-instruments-controleur-traktor-kontrol-s4-mk3","status":"publish","type":"product","link":"https:\/\/kitchtenstore.com\/fr\/produit\/native-instruments-controleur-traktor-kontrol-s4-mk3\/","title":{"rendered":"Native Instruments controleur Traktor Kontrol S4 MK3"},"content":{"rendered":"<p>Native Instruments controleur Traktor Kontrol S4 MK3<\/p>\n<p>4-CHANNEL DJ SYSTEM WITH HAPTIC DRIVE\u2122<br \/>\nMixe avec ta touche personnelle gr\u00e2ce aux jog wheels motoris\u00e9s polyvalents qui transmettent directement \u00e0 tes doigts les informations de points cue et d&rsquo;autres \u00e9l\u00e9ments Retour visuel intuitif avec les anneaux de LED RVB et les \u00e9crans couleur haute r\u00e9solution Interface audio haut de gamme int\u00e9gr\u00e9e avec entr\u00e9es externes sur chaque canal, sorties casques, entr\u00e9es micros, et support DVS Int\u00e9gration parfaite avec le logiciel TRAKTOR PRO 3 fourni<\/p>\n<p>PLUS EN PHASE AVEC TA MUSIQUE<br \/>\nTRAKTOR KONTROL S4 te permet de connecter avec ton mix de mani\u00e8re in\u00e9dite : Les jog wheels motoris\u00e9s tournent et r\u00e9agissent aux actions de nudge, de scratch, de pitch et de backspin, mais transmettent aussi directement \u00e0 tes doigts les informations des points cue, des marqueurs de boucles, etc. Et avec les anneaux de LED RVB et les \u00e9crans couleur haute r\u00e9solution, garde \u00e0 port\u00e9e toutes les informations indispensables. Tout ce dont tu as besoin est exactement o\u00f9 il faut, tu peux ainsi te concentrer pleinement sur ton mix.<\/p>\n<p>LES JOGS WHEELS R\u00c9INVENT\u00c9S<br \/>\nNous avons r\u00e9imagin\u00e9 les possibilit\u00e9s offertes par les jogs wheels, et tout ce que tu peux faire avec. Ils sont \u00e0 pr\u00e9sent motoris\u00e9s et offrent un retour haptique. Gr\u00e2ce aux trois modes diff\u00e9rents, tu vas d\u00e9couvrir de toutes nouvelles fa\u00e7ons de mixer.<\/p>\n<p>CONFIGURATION DE CLUB<br \/>\nUn tout nouveau design incluant 16 pads RVB pour les Hotcues et les samples, ainsi que de nouveaux Mixer FX. Tu peux suivre les informations de transport, les Stems et les Remix Decks sur les deux \u00e9crans haute r\u00e9solution.<\/p>\n<p>TRAKTOR PRO 3<br \/>\nNous avons inclus la meilleure version de notre logiciel phare pour le DJing. Avec un moteur audio am\u00e9lior\u00e9, une toute nouvelle interface graphique qui facilite la visibilit\u00e9, des Mixer FX accessibles d&rsquo;un tour de potard, et bien plus encore.<\/p>\n<p>RETOUR VISUEL DES DECKS<br \/>\nGr\u00e2ce aux codes couleurs disponibles pour les anneaux lumineux et les boutons des decks, tu peux instantan\u00e9ment voir quel deck tu utilises lorsque tu mixes avec les quatre canaux. Tu visualises ainsi facilement le tempo des morceaux, le mode d&rsquo;utilisation et le nudging.<\/p>\n<p>LE HAPTIC DRIVE\u2122 TE RECONNECTE \u00c0 TA MUSIQUE<br \/>\nLe tactile dont tu ne pourras plus te passer : Voici Haptic Drive\u2122 \u2013 de nouveaux jog wheels motoris\u00e9s qui offrent un retour haptique. Ils tournent comme des platines vinyle, tu pourras donc faire des nudges, des spinbacks et des arr\u00eats \u00e0 l&rsquo;envi. R\u00e8gle le temps de d\u00e9marrage\/arr\u00eat et le couple pour qu&rsquo;ils s&rsquo;ajustent parfaitement \u00e0 ta fa\u00e7on de mixer.<\/p>\n<p>QUATRE DECKS\u00a0: Mixe les morceaux, les entr\u00e9es live, les Remix Decks, les Stems et les boucles sur jusqu&rsquo;\u00e0 quatre decks pour obtenir un r\u00e9sultat in\u00e9dit.<br \/>\nSYNCHRONISATION AU TEMPO\u00a0: Gr\u00e2ce aux beatgrids et au beatmatching automatiques, tout reste parfaitement cal\u00e9. Tu as ainsi plus de temps pour \u00eatre cr\u00e9atif dans ton mix.<br \/>\nCUES\u00a0: Passe d&rsquo;un break ou d&rsquo;un drop \u00e0 un autre, ou mixe un morceau exactement l\u00e0 o\u00f9 tu le souhaites.<br \/>\nBOUCLES\u00a0: D\u00e9clenche des boucles pour compl\u00e9ter les mixes, manipuler et r\u00e9-\u00e9diter les morceaux.<br \/>\nMODE FLUX\u00a0: R\u00e9alise des chops, stops et backspins, tu reviendras toujours \u00e0 la bonne position dans le morceau.<br \/>\nSUITE D&rsquo;EFFETS\u00a0: Des balayages de filtre aux delays dub, tu peux cr\u00e9er des atmosph\u00e8res uniques en combinant des effets synchronis\u00e9s au tempo, il y en a plus de 40 disponibles.<br \/>\nMIXER FX\u00a0: Tu peux facilement cr\u00e9er des drops impressionnants, des buildups spectaculaires et des transitions tout en douceur gr\u00e2ce aux FX d\u00e9di\u00e9s, \u00e0 piloter d&rsquo;un tour de potard.<br \/>\nCONFIGURATION PERSONNALISABLE\u00a0: Tu peux choisir de ne voir que les outils dont tu as besoin gr\u00e2ce \u00e0 une interface utilisateur ultra-flexible.<\/p>","protected":false},"excerpt":{"rendered":"<p>Native Instruments controleur Traktor Kontrol S4 MK3<\/p>\n<p>4-CHANNEL DJ SYSTEM WITH HAPTIC DRIVE\u2122<br \/>\nMixe avec ta touche personnelle gr\u00e2ce aux jog wheels motoris\u00e9s polyvalents qui transmettent directement \u00e0 tes doigts les informations de points cue et d&rsquo;autres \u00e9l\u00e9ments Retour visuel intuitif avec les anneaux de LED RVB et les \u00e9crans couleur haute r\u00e9solution Interface audio haut de gamme int\u00e9gr\u00e9e avec entr\u00e9es externes sur chaque canal, sorties casques, entr\u00e9es micros, et support DVS Int\u00e9gration parfaite avec le logiciel TRAKTOR PRO 3 fourni<\/p>","protected":false},"featured_media":9527,"comment_status":"open","ping_status":"closed","template":"","meta":{"inline_featured_image":false,"_joinchat":[]},"product_cat":[22,30],"product_tag":[],"class_list":{"0":"post-9526","1":"product","2":"type-product","3":"status-publish","4":"has-post-thumbnail","6":"product_cat-cinema-et-audio","7":"product_cat-image-tv-sons","9":"first","10":"instock","11":"shipping-taxable","12":"purchasable","13":"product-type-simple"},"_links":{"self":[{"href":"https:\/\/kitchtenstore.com\/fr\/wp-json\/wp\/v2\/product\/9526","targetHints":{"allow":["GET"]}}],"collection":[{"href":"https:\/\/kitchtenstore.com\/fr\/wp-json\/wp\/v2\/product"}],"about":[{"href":"https:\/\/kitchtenstore.com\/fr\/wp-json\/wp\/v2\/types\/product"}],"replies":[{"embeddable":true,"href":"https:\/\/kitchtenstore.com\/fr\/wp-json\/wp\/v2\/comments?post=9526"}],"version-history":[{"count":0,"href":"https:\/\/kitchtenstore.com\/fr\/wp-json\/wp\/v2\/product\/9526\/revisions"}],"wp:featuredmedia":[{"embeddable":true,"href":"https:\/\/kitchtenstore.com\/fr\/wp-json\/wp\/v2\/media\/9527"}],"wp:attachment":[{"href":"https:\/\/kitchtenstore.com\/fr\/wp-json\/wp\/v2\/media?parent=9526"}],"wp:term":[{"taxonomy":"product_cat","embeddable":true,"href":"https:\/\/kitchtenstore.com\/fr\/wp-json\/wp\/v2\/product_cat?post=9526"},{"taxonomy":"product_tag","embeddable":true,"href":"https:\/\/kitchtenstore.com\/fr\/wp-json\/wp\/v2\/product_tag?post=9526"}],"curies":[{"name":"wp","href":"https:\/\/api.w.org\/{rel}","templated":true}]}}