{"id":9524,"date":"2022-07-04T07:43:01","date_gmt":"2022-07-04T07:43:01","guid":{"rendered":"https:\/\/bon10count.com\/?post_type=product&#038;p=9524"},"modified":"2022-07-04T07:43:01","modified_gmt":"2022-07-04T07:43:01","slug":"akai-pro-controleur-mpc-x","status":"publish","type":"product","link":"https:\/\/kitchtenstore.com\/fr\/produit\/akai-pro-controleur-mpc-x\/","title":{"rendered":"akai pro controleur mpc-x"},"content":{"rendered":"<p>Avec la nouvelle MPC X, Akai professional r\u00e8gne en ma\u00eetre. La station de production musicale autonome MPC X est la machine de production de beat la plus puissante \u00e0 ce jour. MPC autonome, la nouvelle X est \u00e9quip\u00e9e d\u2019un magnifique \u00e9cran couleur 10.1\u2019\u2019 multi<br \/>\n-touch et de 16 superbes pads RVB r\u00e9actifs, sensibles \u00e0 la v\u00e9locit\u00e9 et \u00e0 la pression, le tout aliment\u00e9 par un microprocesseur multicore sp\u00e9cialement con\u00e7u pour le puissant logiciel MPC Software 2.0. En compl\u00e9ment des boutons de menu d\u00e9di\u00e9s, la station est dot\u00e9e d\u2019un large encodeur rotatif et de 16 potentiom\u00e8tres tactiles assignables (Q<br \/>\n-Links) accompagn\u00e9s d\u2019un affichage oLed qui offre un aper\u00e7u ultrapr\u00e9cis et individuel des param\u00e8tres pour cr\u00e9er des enregistrements tout en nuances. L\u2019\u00e9cran tactile de la MPC X, aussi fluide et agr\u00e9able que celui des smartphones et tablettes, combin\u00e9 aux fonctionnalit\u00e9s de production, ouvre les portes d\u2019une cr\u00e9ation sans limites : lancement de clip, time<br \/>\n-stretch en temps r\u00e9el ; saisir, pincer et modifier les formes d\u2019ondes ; programmer le s\u00e9quenceur pas \u00e0 pas ; enregistrer, s\u00e9quencer et modifier l\u2019audio et le Midi ; appliquer des effets XY directement sur l\u2019\u00e9cran tactile 10.1\u2019\u2019de la MPC X gr\u00e2ce aux r\u00e9glages sp\u00e9cifiques et plus encore. La MPC X dispose d&rsquo;une multitude de connexions qui assurent une ad\u00e9quation rapide \u00e0 tous les types de studios. Une interface Midi 2 entr\u00e9es \/ 4 sorties permet de se connecter facilement aux contr\u00f4leurs, modules Midi, synth\u00e9tiseurs ou bo\u00eetes \u00e0 rythmes, et offre ainsi une capacit\u00e9 totale de contr\u00f4le et de programmation. Gr\u00e2ce \u00e0 son arsenal d\u2019entr\u00e9es et de sorties (XLR, jack 3,5 mm et 6,35 mm, Rca), doubl\u00e9 d\u2019une capture audio de qualit\u00e9 studio, d\u2019options de monitoring direct et d\u2019une alimentation fant\u00f4me commutable, la MCP X est au c\u0153ur de toutes les configurations de production. Les options de connexion suppl\u00e9mentaires incluent 8 sorties CV\/gate et un programme CV personnalisable pouvant \u00eatre configur\u00e9 directement sur l\u2019\u00e9cran de la MPC X \u2013 l\u2019ultime solution pour piloter les appareils modulaires et les synth\u00e9tiseurs CV via ses contr\u00f4les et son s\u00e9quenceur aux fonctionnalit\u00e9s in\u00e9gal\u00e9es. La MPC X tire profit du logiciel MPC Software 2.0, la mise \u00e0 jour du c\u00e9l\u00e8bre logiciel d\u2019Akai Professional. Utilisable en mode autonome, le MPC Software 2.0 peut aussi fonctionner comme plugin de tous les DAW connus sur Mac et PC, ou comme une application ind\u00e9pendante.<\/p>\n<p>&#8211; MPC autonome<br \/>\n&#8211; Aucun ordinateur requis<br \/>\n&#8211; Administr\u00e9 par le logiciel MPC Software 2.0<br \/>\n&#8211; \u00c9cran couleur multi<br \/>\n-touch 10.1\u2019\u2019<br \/>\n&#8211; \u00c9galement utilisable comme surface de contr\u00f4le sur Mac et PC<br \/>\n&#8211; 16 potentiom\u00e8tres de contr\u00f4le Q<br \/>\n-links, tactiles, avec affichage oLed individuel<br \/>\n&#8211; 66 boutons d&rsquo;acc\u00e8s direct au MPC Software 2.0<br \/>\n&#8211; 4 entr\u00e9es s\u00e9lectionnables : 2 XLR\/combo jack 6,35 mm avec alimentation fant\u00f4me commutable, 2 niveaux instrument en jack 3,5 mm, entr\u00e9e Rca pour platine vinyle avec connecteur de masse<br \/>\n&#8211; 8 sorties : jack 6,35 mm TRS<br \/>\n&#8211; 2 sorties casque 3,5 mm et 6,35 mm<br \/>\n&#8211; 2 entr\u00e9es + 4 sorties Midi<br \/>\n&#8211; 8 sorties CV\/gate configurables pour contr\u00f4ler des machines analogiques modulables comme un synth\u00e9tiseur classique<br \/>\n&#8211; 16 Go de stockage int\u00e9gr\u00e9 (dont plus de 10 Go de contenu sonore premium de sound designers tels que CR2, Toolroom, Loopmasters, Capsun Pro Audio et bien plus encore)<br \/>\n&#8211; Connecteur Sata 2,5\u2019\u2019 (SSD ou HDD)<br \/>\n&#8211; 2 ports USB<br \/>\n-A 3.0 pour cl\u00e9 USB ou contr\u00f4leur Midi<br \/>\n&#8211; Lecteur de carte SD pour charger des \u00e9chantillons ou des projets<br \/>\n&#8211; Poids et dimensions : 5,66 kg, 505 x 424 x 87 mm T\u00e9l\u00e9chargez le\u00a0mode d&#8217;empl<\/p>","protected":false},"excerpt":{"rendered":"<p style=\"text-align: left;\">Avec la nouvelle MPC X, Akai professional r\u00e8gne en ma\u00eetre. La station de production musicale autonome MPC X est la machine de production de beat la plus puissante \u00e0 ce jour. MPC autonome, la nouvelle X est \u00e9quip\u00e9e d\u2019un magnifique \u00e9cran couleur 10.1\u2019\u2019 multi<\/p>","protected":false},"featured_media":9525,"comment_status":"open","ping_status":"closed","template":"","meta":{"inline_featured_image":false,"_joinchat":[]},"product_cat":[22,30],"product_tag":[],"class_list":{"0":"post-9524","1":"product","2":"type-product","3":"status-publish","4":"has-post-thumbnail","6":"product_cat-cinema-et-audio","7":"product_cat-image-tv-sons","9":"first","10":"instock","11":"shipping-taxable","12":"purchasable","13":"product-type-simple"},"_links":{"self":[{"href":"https:\/\/kitchtenstore.com\/fr\/wp-json\/wp\/v2\/product\/9524","targetHints":{"allow":["GET"]}}],"collection":[{"href":"https:\/\/kitchtenstore.com\/fr\/wp-json\/wp\/v2\/product"}],"about":[{"href":"https:\/\/kitchtenstore.com\/fr\/wp-json\/wp\/v2\/types\/product"}],"replies":[{"embeddable":true,"href":"https:\/\/kitchtenstore.com\/fr\/wp-json\/wp\/v2\/comments?post=9524"}],"version-history":[{"count":0,"href":"https:\/\/kitchtenstore.com\/fr\/wp-json\/wp\/v2\/product\/9524\/revisions"}],"wp:featuredmedia":[{"embeddable":true,"href":"https:\/\/kitchtenstore.com\/fr\/wp-json\/wp\/v2\/media\/9525"}],"wp:attachment":[{"href":"https:\/\/kitchtenstore.com\/fr\/wp-json\/wp\/v2\/media?parent=9524"}],"wp:term":[{"taxonomy":"product_cat","embeddable":true,"href":"https:\/\/kitchtenstore.com\/fr\/wp-json\/wp\/v2\/product_cat?post=9524"},{"taxonomy":"product_tag","embeddable":true,"href":"https:\/\/kitchtenstore.com\/fr\/wp-json\/wp\/v2\/product_tag?post=9524"}],"curies":[{"name":"wp","href":"https:\/\/api.w.org\/{rel}","templated":true}]}}