{"id":9520,"date":"2022-07-04T07:39:33","date_gmt":"2022-07-04T07:39:33","guid":{"rendered":"https:\/\/bon10count.com\/?post_type=product&#038;p=9520"},"modified":"2022-07-04T07:39:34","modified_gmt":"2022-07-04T07:39:34","slug":"pioneer-controlleur-xdj-xz","status":"publish","type":"product","link":"https:\/\/kitchtenstore.com\/fr\/produit\/pioneer-controlleur-xdj-xz\/","title":{"rendered":"Pioneer controlleur XDJ-XZ"},"content":{"rendered":"<div class=\"product attribute overview\">\n<div class=\"value\">Le XDJ-XZ est un syst\u00e8me DJ tout-en-un professionnel parfait pour jouer dans les soir\u00e9es, les bars ou les clubs, ou pour votre studio priv\u00e9. O\u00f9 que vous l\u2019emportiez, le XDJ-XZ vous offre toutes les fonctionnalit\u00e9s n\u00e9cessaires pour des sets r\u00e9ussis. Ce syst\u00e8me 4 voies a une pr\u00e9sentation professionnelle similaire \u00e0 celle de notre \u00e9quipement NXS2 r\u00e9f\u00e9rence des clubs, et vous vous sentirez donc tout \u00e0 fait en terrain familier en l\u2019utilisant. Et, gr\u00e2ce \u00e0 sa compatibilit\u00e9 flexible, vous pouvez mixer de la mani\u00e8re que vous voulez. Agr\u00e9mentez vos sets avec 14 Beat FX professionnels et 6 Sound Color FX, et lancez des fonctions sp\u00e9cifiques des logiciels en utilisant les 16 Performance Pads multicolores. Profitez ainsi d\u2019un son adapt\u00e9 aux clubs, et d\u2019un large \u00e9ventail de fonctions avanc\u00e9es au bout de vos doigts, avec cet appareil solide et tout-en-un.<\/div>\n<\/div>\n<div class=\"product-info-wrap-price-tier\">\n<ul>\n<li><img loading=\"lazy\" decoding=\"async\" src=\"https:\/\/www.musique-shop.fr\/pub\/media\/wysiwyg\/note3.png\" width=\"30\" height=\"30\" \/>Formats de fichiers musicaux pris en charge : AAC, MP3, WAV, AIFF, FLAC<\/li>\n<li><img loading=\"lazy\" decoding=\"async\" src=\"https:\/\/www.musique-shop.fr\/pub\/media\/wysiwyg\/note3.png\" width=\"30\" height=\"30\" \/>USB record<\/li>\n<li><img loading=\"lazy\" decoding=\"async\" src=\"https:\/\/www.musique-shop.fr\/pub\/media\/wysiwyg\/note3.png\" width=\"30\" height=\"30\" \/>Syst\u00e8mes de fichiers : FAT, FAT32, HFS+<\/li>\n<li><img loading=\"lazy\" decoding=\"async\" src=\"https:\/\/www.musique-shop.fr\/pub\/media\/wysiwyg\/note3.png\" width=\"30\" height=\"30\" \/>Contr\u00f4le MIDI<\/li>\n<li><img loading=\"lazy\" decoding=\"async\" src=\"https:\/\/www.musique-shop.fr\/pub\/media\/wysiwyg\/note3.png\" width=\"30\" height=\"30\" \/>ProDJ Link<\/li>\n<li><img loading=\"lazy\" decoding=\"async\" src=\"https:\/\/www.musique-shop.fr\/pub\/media\/wysiwyg\/note3.png\" width=\"30\" height=\"30\" \/>Auto Standby<\/li>\n<li><img loading=\"lazy\" decoding=\"async\" src=\"https:\/\/www.musique-shop.fr\/pub\/media\/wysiwyg\/note3.png\" width=\"30\" height=\"30\" \/>Gamme de Fr\u00e9quence 20 &#8211; 20 000 Hz<\/li>\n<li><img loading=\"lazy\" decoding=\"async\" src=\"https:\/\/www.musique-shop.fr\/pub\/media\/wysiwyg\/note3.png\" width=\"30\" height=\"30\" \/>Signal-to-Noise Ratio 114dB (USB)<\/li>\n<li><img loading=\"lazy\" decoding=\"async\" src=\"https:\/\/www.musique-shop.fr\/pub\/media\/wysiwyg\/note3.png\" width=\"30\" height=\"30\" \/>Performance Control<\/li>\n<li><img loading=\"lazy\" decoding=\"async\" src=\"https:\/\/www.musique-shop.fr\/pub\/media\/wysiwyg\/note3.png\" width=\"30\" height=\"30\" \/>Canaux 4<\/li>\n<li><img loading=\"lazy\" decoding=\"async\" src=\"https:\/\/www.musique-shop.fr\/pub\/media\/wysiwyg\/note3.png\" width=\"30\" height=\"30\" \/>Contr\u00f4le de Piste 2 (4 en contr\u00f4leur MIDI)<\/li>\n<li><img loading=\"lazy\" decoding=\"async\" src=\"https:\/\/www.musique-shop.fr\/pub\/media\/wysiwyg\/note3.png\" width=\"30\" height=\"30\" \/>Jog 206 mm<\/li>\n<li><img loading=\"lazy\" decoding=\"async\" src=\"https:\/\/www.musique-shop.fr\/pub\/media\/wysiwyg\/note3.png\" width=\"30\" height=\"30\" \/>Sound Color FX<\/li>\n<li><img loading=\"lazy\" decoding=\"async\" src=\"https:\/\/www.musique-shop.fr\/pub\/media\/wysiwyg\/note3.png\" width=\"30\" height=\"30\" \/>Space<\/li>\n<li><img loading=\"lazy\" decoding=\"async\" src=\"https:\/\/www.musique-shop.fr\/pub\/media\/wysiwyg\/note3.png\" width=\"30\" height=\"30\" \/>Dub Echo<\/li>\n<li><img loading=\"lazy\" decoding=\"async\" src=\"https:\/\/www.musique-shop.fr\/pub\/media\/wysiwyg\/note3.png\" width=\"30\" height=\"30\" \/>Sweep<\/li>\n<li><img loading=\"lazy\" decoding=\"async\" src=\"https:\/\/www.musique-shop.fr\/pub\/media\/wysiwyg\/note3.png\" width=\"30\" height=\"30\" \/>Noise<\/li>\n<li><img loading=\"lazy\" decoding=\"async\" src=\"https:\/\/www.musique-shop.fr\/pub\/media\/wysiwyg\/note3.png\" width=\"30\" height=\"30\" \/>Crush<\/li>\n<li><img loading=\"lazy\" decoding=\"async\" src=\"https:\/\/www.musique-shop.fr\/pub\/media\/wysiwyg\/note3.png\" width=\"30\" height=\"30\" \/>Filter<\/li>\n<li><img loading=\"lazy\" decoding=\"async\" src=\"https:\/\/www.musique-shop.fr\/pub\/media\/wysiwyg\/note3.png\" width=\"30\" height=\"30\" \/>Beat FX<\/li>\n<li><img loading=\"lazy\" decoding=\"async\" src=\"https:\/\/www.musique-shop.fr\/pub\/media\/wysiwyg\/note3.png\" width=\"30\" height=\"30\" \/>Delay<\/li>\n<li><img loading=\"lazy\" decoding=\"async\" src=\"https:\/\/www.musique-shop.fr\/pub\/media\/wysiwyg\/note3.png\" width=\"30\" height=\"30\" \/>Echo<\/li>\n<li><img loading=\"lazy\" decoding=\"async\" src=\"https:\/\/www.musique-shop.fr\/pub\/media\/wysiwyg\/note3.png\" width=\"30\" height=\"30\" \/>Filter<\/li>\n<li><img loading=\"lazy\" decoding=\"async\" src=\"https:\/\/www.musique-shop.fr\/pub\/media\/wysiwyg\/note3.png\" width=\"30\" height=\"30\" \/>Flanger<\/li>\n<li><img loading=\"lazy\" decoding=\"async\" src=\"https:\/\/www.musique-shop.fr\/pub\/media\/wysiwyg\/note3.png\" width=\"30\" height=\"30\" \/>Helix<\/li>\n<li><img loading=\"lazy\" decoding=\"async\" src=\"https:\/\/www.musique-shop.fr\/pub\/media\/wysiwyg\/note3.png\" width=\"30\" height=\"30\" \/>Phaser<\/li>\n<li><img loading=\"lazy\" decoding=\"async\" src=\"https:\/\/www.musique-shop.fr\/pub\/media\/wysiwyg\/note3.png\" width=\"30\" height=\"30\" \/>Ping Pong<\/li>\n<li><img loading=\"lazy\" decoding=\"async\" src=\"https:\/\/www.musique-shop.fr\/pub\/media\/wysiwyg\/note3.png\" width=\"30\" height=\"30\" \/>Pitch<\/li>\n<li><img loading=\"lazy\" decoding=\"async\" src=\"https:\/\/www.musique-shop.fr\/pub\/media\/wysiwyg\/note3.png\" width=\"30\" height=\"30\" \/>Slip Roll<\/li>\n<li><img loading=\"lazy\" decoding=\"async\" src=\"https:\/\/www.musique-shop.fr\/pub\/media\/wysiwyg\/note3.png\" width=\"30\" height=\"30\" \/>Spiral<\/li>\n<li><img loading=\"lazy\" decoding=\"async\" src=\"https:\/\/www.musique-shop.fr\/pub\/media\/wysiwyg\/note3.png\" width=\"30\" height=\"30\" \/>Reverb<\/li>\n<li><img loading=\"lazy\" decoding=\"async\" src=\"https:\/\/www.musique-shop.fr\/pub\/media\/wysiwyg\/note3.png\" width=\"30\" height=\"30\" \/>Roll<\/li>\n<li><img loading=\"lazy\" decoding=\"async\" src=\"https:\/\/www.musique-shop.fr\/pub\/media\/wysiwyg\/note3.png\" width=\"30\" height=\"30\" \/>Trans<\/li>\n<li><img loading=\"lazy\" decoding=\"async\" src=\"https:\/\/www.musique-shop.fr\/pub\/media\/wysiwyg\/note3.png\" width=\"30\" height=\"30\" \/>Vinyl Brake<\/li>\n<li><img loading=\"lazy\" decoding=\"async\" src=\"https:\/\/www.musique-shop.fr\/pub\/media\/wysiwyg\/note3.png\" width=\"30\" height=\"30\" \/>Terminals<\/li>\n<li><img loading=\"lazy\" decoding=\"async\" src=\"https:\/\/www.musique-shop.fr\/pub\/media\/wysiwyg\/note3.png\" width=\"30\" height=\"30\" \/>2 Entr\u00e9es LINE (RCA)<\/li>\n<li><img loading=\"lazy\" decoding=\"async\" src=\"https:\/\/www.musique-shop.fr\/pub\/media\/wysiwyg\/note3.png\" width=\"30\" height=\"30\" \/>2 Entr\u00e9es PHONO (RCA)<\/li>\n<li><img loading=\"lazy\" decoding=\"async\" src=\"https:\/\/www.musique-shop.fr\/pub\/media\/wysiwyg\/note3.png\" width=\"30\" height=\"30\" \/>1 Entr\u00e9e AUX (RCA)<\/li>\n<li><img loading=\"lazy\" decoding=\"async\" src=\"https:\/\/www.musique-shop.fr\/pub\/media\/wysiwyg\/note3.png\" width=\"30\" height=\"30\" \/>2 Entr\u00e9es MIC (XLR &amp; TRS Jack 6,35 mm)<\/li>\n<li><img loading=\"lazy\" decoding=\"async\" src=\"https:\/\/www.musique-shop.fr\/pub\/media\/wysiwyg\/note3.png\" width=\"30\" height=\"30\" \/>LAN<\/li>\n<li><img loading=\"lazy\" decoding=\"async\" src=\"https:\/\/www.musique-shop.fr\/pub\/media\/wysiwyg\/note3.png\" width=\"30\" height=\"30\" \/>2 ports USB A<\/li>\n<li><img loading=\"lazy\" decoding=\"async\" src=\"https:\/\/www.musique-shop.fr\/pub\/media\/wysiwyg\/note3.png\" width=\"30\" height=\"30\" \/>1 port USB B<\/li>\n<li><img loading=\"lazy\" decoding=\"async\" src=\"https:\/\/www.musique-shop.fr\/pub\/media\/wysiwyg\/note3.png\" width=\"30\" height=\"30\" \/>2 Sorties MASTER (XLR, RCA)<\/li>\n<li><img loading=\"lazy\" decoding=\"async\" src=\"https:\/\/www.musique-shop.fr\/pub\/media\/wysiwyg\/note3.png\" width=\"30\" height=\"30\" \/>1 Sortie BOOTH (TRS Jack 6,35 mm)<\/li>\n<li><img loading=\"lazy\" decoding=\"async\" src=\"https:\/\/www.musique-shop.fr\/pub\/media\/wysiwyg\/note3.png\" width=\"30\" height=\"30\" \/>2 Sorties PHONES (1\/4-inch stereo jack, 3.5-mm stereo mini-jack)<\/li>\n<li><img loading=\"lazy\" decoding=\"async\" src=\"https:\/\/www.musique-shop.fr\/pub\/media\/wysiwyg\/note3.png\" width=\"30\" height=\"30\" \/>1 Sortie SEND (1\/4 inch TRS Jack)<\/li>\n<li><img loading=\"lazy\" decoding=\"async\" src=\"https:\/\/www.musique-shop.fr\/pub\/media\/wysiwyg\/note3.png\" width=\"30\" height=\"30\" \/>Largeur 878 mm Hauteur 118,4 mm Profondeur 466,1 mm<\/li>\n<li><img loading=\"lazy\" decoding=\"async\" src=\"https:\/\/www.musique-shop.fr\/pub\/media\/wysiwyg\/note3.png\" width=\"30\" height=\"30\" \/>Poids 13 kg<\/li>\n<li><img loading=\"lazy\" decoding=\"async\" src=\"https:\/\/www.musique-shop.fr\/pub\/media\/wysiwyg\/note3.png\" width=\"30\" height=\"30\" \/>Logiciels DJ compatibles (non inclus) :<\/li>\n<\/ul>\n<\/div>\n<div class=\"product-info-wrap-review\">\n<div class=\"product-reviews-summary empty\"><\/div>\n<\/div>","protected":false},"excerpt":{"rendered":"<div class=\"product attribute overview\">\n<div class=\"value\">Le XDJ-XZ est un syst\u00e8me DJ tout-en-un professionnel parfait pour jouer dans les soir\u00e9es, les bars ou les clubs, ou pour votre studio priv\u00e9. O\u00f9 que vous l\u2019emportiez, le XDJ-XZ vous offre toutes les fonctionnalit\u00e9s n\u00e9cessaires pour des sets r\u00e9ussis. Ce syst\u00e8me 4 voies a une pr\u00e9sentation professionnelle similaire \u00e0 celle de notre \u00e9quipement NXS2 r\u00e9f\u00e9rence des clubs, et vous vous sentirez donc tout \u00e0 fait en terrain familier en l\u2019utilisant. Et, gr\u00e2ce \u00e0 sa compatibilit\u00e9 flexible, vous pouvez mixer de la mani\u00e8re que vous voulez. Agr\u00e9mentez vos sets avec 14 Beat FX professionnels et 6 Sound Color FX, et lancez des fonctions sp\u00e9cifiques des logiciels en utilisant les 16 Performance Pads multicolores. Profitez ainsi d\u2019un son adapt\u00e9 aux clubs, et d\u2019un large \u00e9ventail de fonctions avanc\u00e9es au bout de vos doigts, avec cet appareil solide et tout-en-un.<\/div>\n<\/div>\n<div class=\"product-info-wrap-price-tier\"><\/div>\n<div class=\"product-info-wrap-review\">\n<div class=\"product-reviews-summary empty\"><\/div>\n<\/div>","protected":false},"featured_media":9521,"comment_status":"open","ping_status":"closed","template":"","meta":{"inline_featured_image":false,"_joinchat":[]},"product_cat":[22,30],"product_tag":[],"class_list":{"0":"post-9520","1":"product","2":"type-product","3":"status-publish","4":"has-post-thumbnail","6":"product_cat-cinema-et-audio","7":"product_cat-image-tv-sons","9":"first","10":"instock","11":"shipping-taxable","12":"purchasable","13":"product-type-simple"},"_links":{"self":[{"href":"https:\/\/kitchtenstore.com\/fr\/wp-json\/wp\/v2\/product\/9520","targetHints":{"allow":["GET"]}}],"collection":[{"href":"https:\/\/kitchtenstore.com\/fr\/wp-json\/wp\/v2\/product"}],"about":[{"href":"https:\/\/kitchtenstore.com\/fr\/wp-json\/wp\/v2\/types\/product"}],"replies":[{"embeddable":true,"href":"https:\/\/kitchtenstore.com\/fr\/wp-json\/wp\/v2\/comments?post=9520"}],"version-history":[{"count":0,"href":"https:\/\/kitchtenstore.com\/fr\/wp-json\/wp\/v2\/product\/9520\/revisions"}],"wp:featuredmedia":[{"embeddable":true,"href":"https:\/\/kitchtenstore.com\/fr\/wp-json\/wp\/v2\/media\/9521"}],"wp:attachment":[{"href":"https:\/\/kitchtenstore.com\/fr\/wp-json\/wp\/v2\/media?parent=9520"}],"wp:term":[{"taxonomy":"product_cat","embeddable":true,"href":"https:\/\/kitchtenstore.com\/fr\/wp-json\/wp\/v2\/product_cat?post=9520"},{"taxonomy":"product_tag","embeddable":true,"href":"https:\/\/kitchtenstore.com\/fr\/wp-json\/wp\/v2\/product_tag?post=9520"}],"curies":[{"name":"wp","href":"https:\/\/api.w.org\/{rel}","templated":true}]}}