{"id":9518,"date":"2022-07-04T07:37:29","date_gmt":"2022-07-04T07:37:29","guid":{"rendered":"https:\/\/bon10count.com\/?post_type=product&#038;p=9518"},"modified":"2022-07-04T07:37:29","modified_gmt":"2022-07-04T07:37:29","slug":"pioneer-lecteur-multi-format-cdj-3000","status":"publish","type":"product","link":"https:\/\/kitchtenstore.com\/fr\/produit\/pioneer-lecteur-multi-format-cdj-3000\/","title":{"rendered":"Pioneer lecteur multi-format CDJ-3000"},"content":{"rendered":"<div class=\"product attribute overview\">\n<div class=\"value\">Augmentez votre puissance cr\u00e9ative avec le CDJ-3000, la derni\u00e8re \u00e9volution de notre lecteur multi-format de r\u00e9f\u00e9rence. Cet appareil robuste utilise un nouveau MPU et regorge de fonctions innovantes et de composants de haute qualit\u00e9 sp\u00e9cialement d\u00e9velopp\u00e9s pour lui.<\/div>\n<\/div>\n<div class=\"product-info-wrap-price-tier\"><\/div>\n<div class=\"product-info-wrap-review\">\n<div class=\"product-reviews-summary empty\">\n<div id=\"description\" class=\"data item content resp-tab-content\" role=\"tabpanel\" data-role=\"content\" aria-labelledby=\"tab-label-description\" aria-hidden=\"false\">\n<div class=\"product attribute description\">\n<div class=\"value\">\n<ul>\n<li><img loading=\"lazy\" decoding=\"async\" src=\"https:\/\/www.musique-shop.fr\/pub\/media\/wysiwyg\/note3.png\" width=\"30\" height=\"30\" \/>Formats de fichier ALAC, AAC, AIFF, FLAC, MP3, WAV<\/li>\n<li><img loading=\"lazy\" decoding=\"async\" src=\"https:\/\/www.musique-shop.fr\/pub\/media\/wysiwyg\/note3.png\" width=\"30\" height=\"30\" \/>Syst\u00e8mes de fichiers FAT, FAT32, HFS+<\/li>\n<li><img loading=\"lazy\" decoding=\"async\" src=\"https:\/\/www.musique-shop.fr\/pub\/media\/wysiwyg\/note3.png\" width=\"30\" height=\"30\" \/>Logiciel compatible rekordbox<\/li>\n<li><img loading=\"lazy\" decoding=\"async\" src=\"https:\/\/www.musique-shop.fr\/pub\/media\/wysiwyg\/note3.png\" width=\"30\" height=\"30\" \/>Contr\u00f4le MIDI<\/li>\n<li><img loading=\"lazy\" decoding=\"async\" src=\"https:\/\/www.musique-shop.fr\/pub\/media\/wysiwyg\/note3.png\" width=\"30\" height=\"30\" \/>ProDJ Link<\/li>\n<li><img loading=\"lazy\" decoding=\"async\" src=\"https:\/\/www.musique-shop.fr\/pub\/media\/wysiwyg\/note3.png\" width=\"30\" height=\"30\" \/>Pro DJ Link Lighting<\/li>\n<li><img loading=\"lazy\" decoding=\"async\" src=\"https:\/\/www.musique-shop.fr\/pub\/media\/wysiwyg\/note3.png\" width=\"30\" height=\"30\" \/>Convertisseur D\/A<\/li>\n<li><img loading=\"lazy\" decoding=\"async\" src=\"https:\/\/www.musique-shop.fr\/pub\/media\/wysiwyg\/note3.png\" width=\"30\" height=\"30\" \/>DAC Asahi Kasei (AK4490EQ)<\/li>\n<li><img loading=\"lazy\" decoding=\"async\" src=\"https:\/\/www.musique-shop.fr\/pub\/media\/wysiwyg\/note3.png\" width=\"30\" height=\"30\" \/>Gamme de Fr\u00e9quence 4 &#8211; 40 000 Hz<\/li>\n<li><img loading=\"lazy\" decoding=\"async\" src=\"https:\/\/www.musique-shop.fr\/pub\/media\/wysiwyg\/note3.png\" width=\"30\" height=\"30\" \/>Distorsion mois que 0,0018 % (JEITA)<\/li>\n<li><img loading=\"lazy\" decoding=\"async\" src=\"https:\/\/www.musique-shop.fr\/pub\/media\/wysiwyg\/note3.png\" width=\"30\" height=\"30\" \/>Niveau de Sortie Audio 2,0 Vrms (1 kHz, 0 dB)<\/li>\n<li><img loading=\"lazy\" decoding=\"async\" src=\"https:\/\/www.musique-shop.fr\/pub\/media\/wysiwyg\/note3.png\" width=\"30\" height=\"30\" \/>\u00c9cran tactile LCD couleur HD 9 pouces<\/li>\n<li><img loading=\"lazy\" decoding=\"async\" src=\"https:\/\/www.musique-shop.fr\/pub\/media\/wysiwyg\/note3.png\" width=\"30\" height=\"30\" \/>On Jog Display (color LCD)<\/li>\n<li><img loading=\"lazy\" decoding=\"async\" src=\"https:\/\/www.musique-shop.fr\/pub\/media\/wysiwyg\/note3.png\" width=\"30\" height=\"30\" \/>Contr\u00f4le de Performance<\/li>\n<li><img loading=\"lazy\" decoding=\"async\" src=\"https:\/\/www.musique-shop.fr\/pub\/media\/wysiwyg\/note3.png\" width=\"30\" height=\"30\" \/>Jog Dial size 206 mm<\/li>\n<li><img loading=\"lazy\" decoding=\"async\" src=\"https:\/\/www.musique-shop.fr\/pub\/media\/wysiwyg\/note3.png\" width=\"30\" height=\"30\" \/>Hot Cue<\/li>\n<li><img loading=\"lazy\" decoding=\"async\" src=\"https:\/\/www.musique-shop.fr\/pub\/media\/wysiwyg\/note3.png\" width=\"30\" height=\"30\" \/>Auto Beat Loop<\/li>\n<li><img loading=\"lazy\" decoding=\"async\" src=\"https:\/\/www.musique-shop.fr\/pub\/media\/wysiwyg\/note3.png\" width=\"30\" height=\"30\" \/>Beat Jump \/ Loop move<\/li>\n<li><img loading=\"lazy\" decoding=\"async\" src=\"https:\/\/www.musique-shop.fr\/pub\/media\/wysiwyg\/note3.png\" width=\"30\" height=\"30\" \/>Beat Sync<\/li>\n<li><img loading=\"lazy\" decoding=\"async\" src=\"https:\/\/www.musique-shop.fr\/pub\/media\/wysiwyg\/note3.png\" width=\"30\" height=\"30\" \/>Key Sync\/Key Shift<\/li>\n<li><img loading=\"lazy\" decoding=\"async\" src=\"https:\/\/www.musique-shop.fr\/pub\/media\/wysiwyg\/note3.png\" width=\"30\" height=\"30\" \/>Slip Mode<\/li>\n<li><img loading=\"lazy\" decoding=\"async\" src=\"https:\/\/www.musique-shop.fr\/pub\/media\/wysiwyg\/note3.png\" width=\"30\" height=\"30\" \/>Reverse<\/li>\n<li><img loading=\"lazy\" decoding=\"async\" src=\"https:\/\/www.musique-shop.fr\/pub\/media\/wysiwyg\/note3.png\" width=\"30\" height=\"30\" \/>Vinyl Speed Adjust<\/li>\n<li><img loading=\"lazy\" decoding=\"async\" src=\"https:\/\/www.musique-shop.fr\/pub\/media\/wysiwyg\/note3.png\" width=\"30\" height=\"30\" \/>Compatibles P\u00e9riph\u00e9riques de stockage USB, Carte SD, Ordinateurs (Mac\/Windows PC), iPhone<\/li>\n<li><img loading=\"lazy\" decoding=\"async\" src=\"https:\/\/www.musique-shop.fr\/pub\/media\/wysiwyg\/note3.png\" width=\"30\" height=\"30\" \/>LAN 1 (1000Base-T)<\/li>\n<li><img loading=\"lazy\" decoding=\"async\" src=\"https:\/\/www.musique-shop.fr\/pub\/media\/wysiwyg\/note3.png\" width=\"30\" height=\"30\" \/>1 port USB A<\/li>\n<li><img loading=\"lazy\" decoding=\"async\" src=\"https:\/\/www.musique-shop.fr\/pub\/media\/wysiwyg\/note3.png\" width=\"30\" height=\"30\" \/>1 port USB B<\/li>\n<li><img loading=\"lazy\" decoding=\"async\" src=\"https:\/\/www.musique-shop.fr\/pub\/media\/wysiwyg\/note3.png\" width=\"30\" height=\"30\" \/>1 Sortie ANALOGUE (RCA)<\/li>\n<li><img loading=\"lazy\" decoding=\"async\" src=\"https:\/\/www.musique-shop.fr\/pub\/media\/wysiwyg\/note3.png\" width=\"30\" height=\"30\" \/>1 Sortie DIGITAL (Coaxial)<\/li>\n<li><img loading=\"lazy\" decoding=\"async\" src=\"https:\/\/www.musique-shop.fr\/pub\/media\/wysiwyg\/note3.png\" width=\"30\" height=\"30\" \/>Largeur 329 mm Hauteur 118 mm Profondeur 453 mm<\/li>\n<li><img loading=\"lazy\" decoding=\"async\" src=\"https:\/\/www.musique-shop.fr\/pub\/media\/wysiwyg\/note3.png\" width=\"30\" height=\"30\" \/>Poids 5,5 kg<\/li>\n<\/ul>\n<\/div>\n<\/div>\n<\/div>\n<h2 id=\"tab-label-reviews\" class=\"data item title resp-accordion\" tabindex=\"0\" role=\"tab\" aria-labeledby=\"tab-label-reviews-title\" data-role=\"collapsible\" data-collapsible=\"true\" aria-controls=\"reviews\" aria-selected=\"false\" aria-expanded=\"false\"><\/h2>\n<\/div>\n<\/div>","protected":false},"excerpt":{"rendered":"<div class=\"product attribute overview\">\n<div class=\"value\">Augmentez votre puissance cr\u00e9ative avec le CDJ-3000, la derni\u00e8re \u00e9volution de notre lecteur multi-format de r\u00e9f\u00e9rence. Cet appareil robuste utilise un nouveau MPU et regorge de fonctions innovantes et de composants de haute qualit\u00e9 sp\u00e9cialement d\u00e9velopp\u00e9s pour lui.<\/div>\n<\/div>\n<div class=\"product-info-wrap-price-tier\"><\/div>\n<div class=\"product-info-wrap-review\">\n<div class=\"product-reviews-summary empty\"><\/div>\n<\/div>","protected":false},"featured_media":9519,"comment_status":"open","ping_status":"closed","template":"","meta":{"inline_featured_image":false,"_joinchat":[]},"product_cat":[22,30],"product_tag":[],"class_list":{"0":"post-9518","1":"product","2":"type-product","3":"status-publish","4":"has-post-thumbnail","6":"product_cat-cinema-et-audio","7":"product_cat-image-tv-sons","9":"first","10":"instock","11":"shipping-taxable","12":"purchasable","13":"product-type-simple"},"_links":{"self":[{"href":"https:\/\/kitchtenstore.com\/fr\/wp-json\/wp\/v2\/product\/9518","targetHints":{"allow":["GET"]}}],"collection":[{"href":"https:\/\/kitchtenstore.com\/fr\/wp-json\/wp\/v2\/product"}],"about":[{"href":"https:\/\/kitchtenstore.com\/fr\/wp-json\/wp\/v2\/types\/product"}],"replies":[{"embeddable":true,"href":"https:\/\/kitchtenstore.com\/fr\/wp-json\/wp\/v2\/comments?post=9518"}],"version-history":[{"count":0,"href":"https:\/\/kitchtenstore.com\/fr\/wp-json\/wp\/v2\/product\/9518\/revisions"}],"wp:featuredmedia":[{"embeddable":true,"href":"https:\/\/kitchtenstore.com\/fr\/wp-json\/wp\/v2\/media\/9519"}],"wp:attachment":[{"href":"https:\/\/kitchtenstore.com\/fr\/wp-json\/wp\/v2\/media?parent=9518"}],"wp:term":[{"taxonomy":"product_cat","embeddable":true,"href":"https:\/\/kitchtenstore.com\/fr\/wp-json\/wp\/v2\/product_cat?post=9518"},{"taxonomy":"product_tag","embeddable":true,"href":"https:\/\/kitchtenstore.com\/fr\/wp-json\/wp\/v2\/product_tag?post=9518"}],"curies":[{"name":"wp","href":"https:\/\/api.w.org\/{rel}","templated":true}]}}