{"id":9516,"date":"2022-07-04T07:35:27","date_gmt":"2022-07-04T07:35:27","guid":{"rendered":"https:\/\/bon10count.com\/?post_type=product&#038;p=9516"},"modified":"2022-07-04T07:35:27","modified_gmt":"2022-07-04T07:35:27","slug":"pioneer-controlleur-ddj-800","status":"publish","type":"product","link":"https:\/\/kitchtenstore.com\/fr\/produit\/pioneer-controlleur-ddj-800\/","title":{"rendered":"Pioneer controlleur DDJ-800"},"content":{"rendered":"<div class=\"product attribute overview\">\n<div class=\"value\">Le contr\u00f4leur DJ \u00e0 2 voies DDJ-800 est un \u00e9quipement DJ professionnel con\u00e7u pour aller partout o\u00f9 vous le d\u00e9sirez. Cet appareil portable h\u00e9rite de la pr\u00e9sentation type club et des fonctions populaires du DDJ-1000, dont les \u00e9crans Color On Jog Display, le tout dans une structure plus l\u00e9g\u00e8re. Le r\u00e9sultat est un contr\u00f4leur de performance professionnel que vous pourrez transporter sans probl\u00e8me entre les clubs, mariages, f\u00eates et partout o\u00f9 vous jouez.<\/div>\n<\/div>\n<div class=\"product-info-wrap-price-tier\"><\/div>\n<div><\/div>\n<div>\n<ul>\n<li>Auto Standby<\/li>\n<li><img loading=\"lazy\" decoding=\"async\" src=\"https:\/\/www.musique-shop.fr\/pub\/media\/wysiwyg\/note3.png\" width=\"30\" height=\"30\" \/>Logiciel compatible : rekordbox<\/li>\n<li><img loading=\"lazy\" decoding=\"async\" src=\"https:\/\/www.musique-shop.fr\/pub\/media\/wysiwyg\/note3.png\" width=\"30\" height=\"30\" \/>Carte Son 24 bit\/44,1 kHz<\/li>\n<li><img loading=\"lazy\" decoding=\"async\" src=\"https:\/\/www.musique-shop.fr\/pub\/media\/wysiwyg\/note3.png\" width=\"30\" height=\"30\" \/>Gamme de Fr\u00e9quence 20 &#8211; 20 000 Hz<\/li>\n<li><img loading=\"lazy\" decoding=\"async\" src=\"https:\/\/www.musique-shop.fr\/pub\/media\/wysiwyg\/note3.png\" width=\"30\" height=\"30\" \/>Signal-to-Noise Ratio 111 dB<\/li>\n<li><img loading=\"lazy\" decoding=\"async\" src=\"https:\/\/www.musique-shop.fr\/pub\/media\/wysiwyg\/note3.png\" width=\"30\" height=\"30\" \/>Distorsion moins de 0,003 % (USB)<\/li>\n<li><img loading=\"lazy\" decoding=\"async\" src=\"https:\/\/www.musique-shop.fr\/pub\/media\/wysiwyg\/note3.png\" width=\"30\" height=\"30\" \/>Performance Control<\/li>\n<li><img loading=\"lazy\" decoding=\"async\" src=\"https:\/\/www.musique-shop.fr\/pub\/media\/wysiwyg\/note3.png\" width=\"30\" height=\"30\" \/>Channels 2<\/li>\n<li><img loading=\"lazy\" decoding=\"async\" src=\"https:\/\/www.musique-shop.fr\/pub\/media\/wysiwyg\/note3.png\" width=\"30\" height=\"30\" \/>Contr\u00f4le de Piste 4 \/ Dual<\/li>\n<li><img loading=\"lazy\" decoding=\"async\" src=\"https:\/\/www.musique-shop.fr\/pub\/media\/wysiwyg\/note3.png\" width=\"30\" height=\"30\" \/>Jog aluminium durable 154 mm<\/li>\n<li><img loading=\"lazy\" decoding=\"async\" src=\"https:\/\/www.musique-shop.fr\/pub\/media\/wysiwyg\/note3.png\" width=\"30\" height=\"30\" \/>Feeling Adjust<\/li>\n<li><img loading=\"lazy\" decoding=\"async\" src=\"https:\/\/www.musique-shop.fr\/pub\/media\/wysiwyg\/note3.png\" width=\"30\" height=\"30\" \/>Pad FX<\/li>\n<li><img loading=\"lazy\" decoding=\"async\" src=\"https:\/\/www.musique-shop.fr\/pub\/media\/wysiwyg\/note3.png\" width=\"30\" height=\"30\" \/>Beat FX<\/li>\n<li><img loading=\"lazy\" decoding=\"async\" src=\"https:\/\/www.musique-shop.fr\/pub\/media\/wysiwyg\/note3.png\" width=\"30\" height=\"30\" \/>Echo<\/li>\n<li><img loading=\"lazy\" decoding=\"async\" src=\"https:\/\/www.musique-shop.fr\/pub\/media\/wysiwyg\/note3.png\" width=\"30\" height=\"30\" \/>Multi Tap Delay<\/li>\n<li><img loading=\"lazy\" decoding=\"async\" src=\"https:\/\/www.musique-shop.fr\/pub\/media\/wysiwyg\/note3.png\" width=\"30\" height=\"30\" \/>Spiral<\/li>\n<li><img loading=\"lazy\" decoding=\"async\" src=\"https:\/\/www.musique-shop.fr\/pub\/media\/wysiwyg\/note3.png\" width=\"30\" height=\"30\" \/>Reverb<\/li>\n<li><img loading=\"lazy\" decoding=\"async\" src=\"https:\/\/www.musique-shop.fr\/pub\/media\/wysiwyg\/note3.png\" width=\"30\" height=\"30\" \/>Trans<\/li>\n<li><img loading=\"lazy\" decoding=\"async\" src=\"https:\/\/www.musique-shop.fr\/pub\/media\/wysiwyg\/note3.png\" width=\"30\" height=\"30\" \/>Flanger<\/li>\n<li><img loading=\"lazy\" decoding=\"async\" src=\"https:\/\/www.musique-shop.fr\/pub\/media\/wysiwyg\/note3.png\" width=\"30\" height=\"30\" \/>Phaser<\/li>\n<li><img loading=\"lazy\" decoding=\"async\" src=\"https:\/\/www.musique-shop.fr\/pub\/media\/wysiwyg\/note3.png\" width=\"30\" height=\"30\" \/>Pitch<\/li>\n<li><img loading=\"lazy\" decoding=\"async\" src=\"https:\/\/www.musique-shop.fr\/pub\/media\/wysiwyg\/note3.png\" width=\"30\" height=\"30\" \/>Slip Roll<\/li>\n<li><img loading=\"lazy\" decoding=\"async\" src=\"https:\/\/www.musique-shop.fr\/pub\/media\/wysiwyg\/note3.png\" width=\"30\" height=\"30\" \/>Roll<\/li>\n<li><img loading=\"lazy\" decoding=\"async\" src=\"https:\/\/www.musique-shop.fr\/pub\/media\/wysiwyg\/note3.png\" width=\"30\" height=\"30\" \/>ENIGMA JET<\/li>\n<li><img loading=\"lazy\" decoding=\"async\" src=\"https:\/\/www.musique-shop.fr\/pub\/media\/wysiwyg\/note3.png\" width=\"30\" height=\"30\" \/>MOBIUS (SAW)<\/li>\n<li><img loading=\"lazy\" decoding=\"async\" src=\"https:\/\/www.musique-shop.fr\/pub\/media\/wysiwyg\/note3.png\" width=\"30\" height=\"30\" \/>MOBIUS (TRIANGLE)<\/li>\n<li><img loading=\"lazy\" decoding=\"async\" src=\"https:\/\/www.musique-shop.fr\/pub\/media\/wysiwyg\/note3.png\" width=\"30\" height=\"30\" \/>LOW CUT ECHO<\/li>\n<li><img loading=\"lazy\" decoding=\"async\" src=\"https:\/\/www.musique-shop.fr\/pub\/media\/wysiwyg\/note3.png\" width=\"30\" height=\"30\" \/>Colour FX<\/li>\n<li><img loading=\"lazy\" decoding=\"async\" src=\"https:\/\/www.musique-shop.fr\/pub\/media\/wysiwyg\/note3.png\" width=\"30\" height=\"30\" \/>Dub Echo<\/li>\n<li><img loading=\"lazy\" decoding=\"async\" src=\"https:\/\/www.musique-shop.fr\/pub\/media\/wysiwyg\/note3.png\" width=\"30\" height=\"30\" \/>Filter<\/li>\n<li><img loading=\"lazy\" decoding=\"async\" src=\"https:\/\/www.musique-shop.fr\/pub\/media\/wysiwyg\/note3.png\" width=\"30\" height=\"30\" \/>Noise<\/li>\n<li><img loading=\"lazy\" decoding=\"async\" src=\"https:\/\/www.musique-shop.fr\/pub\/media\/wysiwyg\/note3.png\" width=\"30\" height=\"30\" \/>Pitch<\/li>\n<li><img loading=\"lazy\" decoding=\"async\" src=\"https:\/\/www.musique-shop.fr\/pub\/media\/wysiwyg\/note3.png\" width=\"30\" height=\"30\" \/>Sampler 16places x 4<\/li>\n<li><img loading=\"lazy\" decoding=\"async\" src=\"https:\/\/www.musique-shop.fr\/pub\/media\/wysiwyg\/note3.png\" width=\"30\" height=\"30\" \/>Points Hot Cue 16<\/li>\n<li><img loading=\"lazy\" decoding=\"async\" src=\"https:\/\/www.musique-shop.fr\/pub\/media\/wysiwyg\/note3.png\" width=\"30\" height=\"30\" \/>Auto Beat Loop<\/li>\n<li><img loading=\"lazy\" decoding=\"async\" src=\"https:\/\/www.musique-shop.fr\/pub\/media\/wysiwyg\/note3.png\" width=\"30\" height=\"30\" \/>Beat Jump<\/li>\n<li><img loading=\"lazy\" decoding=\"async\" src=\"https:\/\/www.musique-shop.fr\/pub\/media\/wysiwyg\/note3.png\" width=\"30\" height=\"30\" \/>Slip Mode<\/li>\n<li><img loading=\"lazy\" decoding=\"async\" src=\"https:\/\/www.musique-shop.fr\/pub\/media\/wysiwyg\/note3.png\" width=\"30\" height=\"30\" \/>Talkover Function<\/li>\n<li><img loading=\"lazy\" decoding=\"async\" src=\"https:\/\/www.musique-shop.fr\/pub\/media\/wysiwyg\/note3.png\" width=\"30\" height=\"30\" \/>Feedback Reducer<\/li>\n<li><img loading=\"lazy\" decoding=\"async\" src=\"https:\/\/www.musique-shop.fr\/pub\/media\/wysiwyg\/note3.png\" width=\"30\" height=\"30\" \/>EQ Isolator<\/li>\n<li><img loading=\"lazy\" decoding=\"async\" src=\"https:\/\/www.musique-shop.fr\/pub\/media\/wysiwyg\/note3.png\" width=\"30\" height=\"30\" \/>Fader Start<\/li>\n<li><img loading=\"lazy\" decoding=\"async\" src=\"https:\/\/www.musique-shop.fr\/pub\/media\/wysiwyg\/note3.png\" width=\"30\" height=\"30\" \/>Crossfader Curve Adjust<\/li>\n<li><img loading=\"lazy\" decoding=\"async\" src=\"https:\/\/www.musique-shop.fr\/pub\/media\/wysiwyg\/note3.png\" width=\"30\" height=\"30\" \/>2 Entr\u00e9es PHONO\/LINE (RCA)<\/li>\n<li><img loading=\"lazy\" decoding=\"async\" src=\"https:\/\/www.musique-shop.fr\/pub\/media\/wysiwyg\/note3.png\" width=\"30\" height=\"30\" \/>1 Entr\u00e9es MIC (XLR &amp; Jack TRS 6,3 mm)<\/li>\n<li><img loading=\"lazy\" decoding=\"async\" src=\"https:\/\/www.musique-shop.fr\/pub\/media\/wysiwyg\/note3.png\" width=\"30\" height=\"30\" \/>1 Entr\u00e9es AUX (RCA)<\/li>\n<li><img loading=\"lazy\" decoding=\"async\" src=\"https:\/\/www.musique-shop.fr\/pub\/media\/wysiwyg\/note3.png\" width=\"30\" height=\"30\" \/>1 port USB B<\/li>\n<li><img loading=\"lazy\" decoding=\"async\" src=\"https:\/\/www.musique-shop.fr\/pub\/media\/wysiwyg\/note3.png\" width=\"30\" height=\"30\" \/>2 Sorties MASTER (XLR, RCA)<\/li>\n<li><img loading=\"lazy\" decoding=\"async\" src=\"https:\/\/www.musique-shop.fr\/pub\/media\/wysiwyg\/note3.png\" width=\"30\" height=\"30\" \/>1 Sorties BOOTH (TRS Jack 6,35 mm)<\/li>\n<li><img loading=\"lazy\" decoding=\"async\" src=\"https:\/\/www.musique-shop.fr\/pub\/media\/wysiwyg\/note3.png\" width=\"30\" height=\"30\" \/>2 Sorties HEADPHONE MONITOR (Jack Phone St\u00e9r\u00e9o 6,3 mm, Mini-Jack St\u00e9r\u00e9o 3,5 mm)<\/li>\n<li><img loading=\"lazy\" decoding=\"async\" src=\"https:\/\/www.musique-shop.fr\/pub\/media\/wysiwyg\/note3.png\" width=\"30\" height=\"30\" \/>Specifications Largeur 632 mm Hauteur 69,7 mm Profondeur 334,5 mm<\/li>\n<li><img loading=\"lazy\" decoding=\"async\" src=\"https:\/\/www.musique-shop.fr\/pub\/media\/wysiwyg\/note3.png\" width=\"30\" height=\"30\" \/>Poids 4,7 kg<\/li>\n<\/ul>\n<\/div>\n<div class=\"product-info-wrap-review\">\n<div class=\"product-reviews-summary empty\"><\/div>\n<\/div>","protected":false},"excerpt":{"rendered":"<div class=\"product attribute overview\">\n<div class=\"value\">Le contr\u00f4leur DJ \u00e0 2 voies DDJ-800 est un \u00e9quipement DJ professionnel con\u00e7u pour aller partout o\u00f9 vous le d\u00e9sirez. Cet appareil portable h\u00e9rite de la pr\u00e9sentation type club et des fonctions populaires du DDJ-1000, dont les \u00e9crans Color On Jog Display, le tout dans une structure plus l\u00e9g\u00e8re. Le r\u00e9sultat est un contr\u00f4leur de performance professionnel que vous pourrez transporter sans probl\u00e8me entre les clubs, mariages, f\u00eates et partout o\u00f9 vous jouez.<\/div>\n<\/div>\n<div class=\"product-info-wrap-price-tier\"><\/div>\n<div class=\"product-info-wrap-review\">\n<div class=\"product-reviews-summary empty\"><\/div>\n<\/div>","protected":false},"featured_media":9517,"comment_status":"open","ping_status":"closed","template":"","meta":{"inline_featured_image":false,"_joinchat":[]},"product_cat":[22,30],"product_tag":[],"class_list":{"0":"post-9516","1":"product","2":"type-product","3":"status-publish","4":"has-post-thumbnail","6":"product_cat-cinema-et-audio","7":"product_cat-image-tv-sons","9":"first","10":"instock","11":"shipping-taxable","12":"purchasable","13":"product-type-simple"},"_links":{"self":[{"href":"https:\/\/kitchtenstore.com\/fr\/wp-json\/wp\/v2\/product\/9516","targetHints":{"allow":["GET"]}}],"collection":[{"href":"https:\/\/kitchtenstore.com\/fr\/wp-json\/wp\/v2\/product"}],"about":[{"href":"https:\/\/kitchtenstore.com\/fr\/wp-json\/wp\/v2\/types\/product"}],"replies":[{"embeddable":true,"href":"https:\/\/kitchtenstore.com\/fr\/wp-json\/wp\/v2\/comments?post=9516"}],"version-history":[{"count":0,"href":"https:\/\/kitchtenstore.com\/fr\/wp-json\/wp\/v2\/product\/9516\/revisions"}],"wp:featuredmedia":[{"embeddable":true,"href":"https:\/\/kitchtenstore.com\/fr\/wp-json\/wp\/v2\/media\/9517"}],"wp:attachment":[{"href":"https:\/\/kitchtenstore.com\/fr\/wp-json\/wp\/v2\/media?parent=9516"}],"wp:term":[{"taxonomy":"product_cat","embeddable":true,"href":"https:\/\/kitchtenstore.com\/fr\/wp-json\/wp\/v2\/product_cat?post=9516"},{"taxonomy":"product_tag","embeddable":true,"href":"https:\/\/kitchtenstore.com\/fr\/wp-json\/wp\/v2\/product_tag?post=9516"}],"curies":[{"name":"wp","href":"https:\/\/api.w.org\/{rel}","templated":true}]}}