{"id":9504,"date":"2022-07-03T19:21:24","date_gmt":"2022-07-03T19:21:24","guid":{"rendered":"https:\/\/bon10count.com\/?post_type=product&#038;p=9504"},"modified":"2022-07-03T19:21:25","modified_gmt":"2022-07-03T19:21:25","slug":"robot-cuiseur-moulinex-hf456810-clickchef","status":"publish","type":"product","link":"https:\/\/kitchtenstore.com\/fr\/produit\/robot-cuiseur-moulinex-hf456810-clickchef\/","title":{"rendered":"Robot cuiseur MOULINEX HF456810 CLICKCHEF"},"content":{"rendered":"<h2 id=\"js-characteristics\" class=\"prodItem__details-title\" data-beaver-id=\"affichage_titre_tableau_caracteristique\">Caract\u00e9ristiques<\/h2>\n<table id=\"product-attribute-specs-table\" class=\"prodItem__additional-table\">\n<tbody>\n<tr>\n<td>Marque<\/td>\n<td>MOULINEX<\/td>\n<\/tr>\n<tr>\n<td>Type de robot<\/td>\n<td>Robot cuiseur<\/td>\n<\/tr>\n<tr>\n<td>Fonctions<\/td>\n<td>Malaxe, Emince, R\u00e2pe, H\u00e2che, Mixe, M\u00e9lange, Emulsionner, Blender, couper, m\u00e9langer, cuire et maintenir au chaud, hacher, \u00e9taler et trancher<\/td>\n<\/tr>\n<tr>\n<td>Coloris<\/td>\n<td>Noir et inox<\/td>\n<\/tr>\n<tr>\n<td>Puissance (W)<\/td>\n<td>1\u00a0400 W<\/td>\n<\/tr>\n<tr>\n<td>Nombre de vitesses<\/td>\n<td>12<\/td>\n<\/tr>\n<tr>\n<td>Fonction pulse<\/td>\n<td>Oui<\/td>\n<\/tr>\n<tr>\n<td>Autres fonctions<\/td>\n<td>cuiseur vapeur<\/td>\n<\/tr>\n<tr>\n<td>Mati\u00e8re du bol<\/td>\n<td>Inox<\/td>\n<\/tr>\n<tr>\n<td>Capacit\u00e9 maximum du bol<\/td>\n<td>3,6 L<\/td>\n<\/tr>\n<tr>\n<td>Capacit\u00e9 maximum du blender<\/td>\n<td>2 L<\/td>\n<\/tr>\n<tr>\n<td>Accessoires<\/td>\n<td>Notice, Livre de recettes, balance de cuisine, batteur, bol en acier, couvercle anti-projections, lame polyvalente, m\u00e9langeur, panier de cuisson, panier vapeur, spatule<\/td>\n<\/tr>\n<tr>\n<td>Dimensions produit<\/td>\n<td>H 30,6 cm x L 42,2 cm x P 50,5 cm<\/td>\n<\/tr>\n<tr>\n<td>Dimensions colis<\/td>\n<td>H 30,6 cm x L 42,2 cm x P 50,5 cm<\/td>\n<\/tr>\n<tr>\n<td>Informations compl\u00e9mentaires<\/td>\n<td>5 programmes automatiques (soupe, p\u00e2tisserie, mijotage, sauce, cuisson vapeur) et 32 fonctions permettant de r\u00e9aliser vos recettes du quotidien en seulement deux clics.<br \/>\nTemp\u00e9rature mini 30\u00b0C et maxi 120\u00b0C.<br \/>\n\u00c9mulsionner, battre, mixer, mijoter, hacher, p\u00e9trir, cuir \u00e0 la vapeur<br \/>\netc..<br \/>\npanier vapeur int\u00e9rieur en plastique<br \/>\nBalance int\u00e9gr\u00e9e pour des quantit\u00e9s pr\u00e9cises \u00e0 chaque utilisation.<br \/>\nUn livre de 200 recettes est inclus.<br \/>\nTous les accessoires peuvent \u00eatre rang\u00e9s directement dans le bol et sont compatibles au lave-vaisselle pour un nettoyage rapide et simple, sauf le bol inox<\/td>\n<\/tr>\n<tr>\n<td>Poids brut<\/td>\n<td>8,7 kg<\/td>\n<\/tr>\n<tr>\n<td>Code article<\/td>\n<td>974594<\/td>\n<\/tr>\n<\/tbody>\n<\/table>","protected":false},"excerpt":{"rendered":"<p>Caract\u00e9ristiques<br \/>\nMarque MOULINEX<br \/>\nType de robot Robot cuiseur<br \/>\nFonctions Malaxe, Emince, R\u00e2pe, H\u00e2che, Mixe, M\u00e9lange, Emulsionner, Blender, couper, m\u00e9langer, cuire et maintenir au chaud, hacher, \u00e9taler et trancher<br \/>\nColoris Noir et inox<br \/>\nPuissance (W) 1 400 W<br \/>\nNombre de vitesses 12<br \/>\nFonction pulse Oui<br \/>\nAutres fonctions cuiseur vapeur<br \/>\nMati\u00e8re du bol Inox<br \/>\nCapacit\u00e9 maximum du bol 3,6 L<br \/>\nCapacit\u00e9 maximum du blender 2 L<br \/>\nAccessoires Notice, Livre de recettes, balance de cuisine, batteur, bol en acier, couvercle anti-projections, lame polyvalente, m\u00e9langeur, panier de cuisson, panier vapeur, spatule<br \/>\nDimensions produit H 30,6 cm x L 42,2 cm x P 50,5 cm<br \/>\nDimensions colis H 30,6 cm x L 42,2 cm x P 50,5 cm<br \/>\nInformations compl\u00e9mentaires 5 programmes automatiques (soupe, p\u00e2tisserie, mijotage, sauce, cuisson vapeur) et 32 fonctions permettant de r\u00e9aliser vos recettes du quotidien en seulement deux clics.<br \/>\nTemp\u00e9rature mini 30\u00b0C et maxi 120\u00b0C.<br \/>\n\u00c9mulsionner, battre, mixer, mijoter, hacher, p\u00e9trir, cuir \u00e0 la vapeur<br \/>\netc..<br \/>\npanier vapeur int\u00e9rieur en plastique<br \/>\nBalance int\u00e9gr\u00e9e pour des quantit\u00e9s pr\u00e9cises \u00e0 chaque utilisation.<br \/>\nUn livre de 200 recettes est inclus.<br \/>\nTous les accessoires peuvent \u00eatre rang\u00e9s directement dans le bol et sont compatibles au lave-vaisselle pour un nettoyage rapide et simple, sauf le bol inox<br \/>\nPoids brut 8,7 kg<br \/>\nCode article 974594<\/p>","protected":false},"featured_media":9507,"comment_status":"open","ping_status":"closed","template":"","meta":{"inline_featured_image":false,"_joinchat":[]},"product_cat":[26],"product_tag":[],"class_list":{"0":"post-9504","1":"product","2":"type-product","3":"status-publish","4":"has-post-thumbnail","6":"product_cat-electromenagers","8":"first","9":"instock","10":"shipping-taxable","11":"purchasable","12":"product-type-simple"},"_links":{"self":[{"href":"https:\/\/kitchtenstore.com\/fr\/wp-json\/wp\/v2\/product\/9504","targetHints":{"allow":["GET"]}}],"collection":[{"href":"https:\/\/kitchtenstore.com\/fr\/wp-json\/wp\/v2\/product"}],"about":[{"href":"https:\/\/kitchtenstore.com\/fr\/wp-json\/wp\/v2\/types\/product"}],"replies":[{"embeddable":true,"href":"https:\/\/kitchtenstore.com\/fr\/wp-json\/wp\/v2\/comments?post=9504"}],"version-history":[{"count":0,"href":"https:\/\/kitchtenstore.com\/fr\/wp-json\/wp\/v2\/product\/9504\/revisions"}],"wp:featuredmedia":[{"embeddable":true,"href":"https:\/\/kitchtenstore.com\/fr\/wp-json\/wp\/v2\/media\/9507"}],"wp:attachment":[{"href":"https:\/\/kitchtenstore.com\/fr\/wp-json\/wp\/v2\/media?parent=9504"}],"wp:term":[{"taxonomy":"product_cat","embeddable":true,"href":"https:\/\/kitchtenstore.com\/fr\/wp-json\/wp\/v2\/product_cat?post=9504"},{"taxonomy":"product_tag","embeddable":true,"href":"https:\/\/kitchtenstore.com\/fr\/wp-json\/wp\/v2\/product_tag?post=9504"}],"curies":[{"name":"wp","href":"https:\/\/api.w.org\/{rel}","templated":true}]}}