{"id":9501,"date":"2022-07-03T19:13:01","date_gmt":"2022-07-03T19:13:01","guid":{"rendered":"https:\/\/bon10count.com\/?post_type=product&#038;p=9501"},"modified":"2022-07-03T19:13:01","modified_gmt":"2022-07-03T19:13:01","slug":"robot-cuiseur-multifonction-moulinex-companion-xl-hf80cb10","status":"publish","type":"product","link":"https:\/\/kitchtenstore.com\/fr\/produit\/robot-cuiseur-multifonction-moulinex-companion-xl-hf80cb10\/","title":{"rendered":"Robot cuiseur Multifonction MOULINEX COMPANION XL HF80CB10"},"content":{"rendered":"<h2 id=\"js-characteristics\" class=\"prodItem__details-title\" data-beaver-id=\"affichage_titre_tableau_caracteristique\">Caract\u00e9ristiques<\/h2>\n<table id=\"product-attribute-specs-table\" class=\"prodItem__additional-table\">\n<tbody>\n<tr>\n<td>Marque<\/td>\n<td>MOULINEX<\/td>\n<\/tr>\n<tr>\n<td>Type de robot<\/td>\n<td>Robot cuiseur<\/td>\n<\/tr>\n<tr>\n<td>Fonctions<\/td>\n<td>H\u00e2che, Tranche, mijoter<\/td>\n<\/tr>\n<tr>\n<td>Coloris<\/td>\n<td>Blanc et inox<\/td>\n<\/tr>\n<tr>\n<td>Puissance (W)<\/td>\n<td>1\u00a0550 W<\/td>\n<\/tr>\n<tr>\n<td>Nombre de vitesses<\/td>\n<td>12<\/td>\n<\/tr>\n<tr>\n<td>Fonction pulse<\/td>\n<td>Oui<\/td>\n<\/tr>\n<tr>\n<td>Autres fonctions<\/td>\n<td>fonction turbo, fonction cuisson \u00e0 la vapeur, fonction rago\u00fbt, fonction soupe, fonction impulsion, fonction sauce, fonction dessert, fonction p\u00e2tisserie, fonction manuelle<\/td>\n<\/tr>\n<tr>\n<td>Mati\u00e8re du bol<\/td>\n<td>Inox<\/td>\n<\/tr>\n<tr>\n<td>Capacit\u00e9 maximum du bol<\/td>\n<td>4,5 L<\/td>\n<\/tr>\n<tr>\n<td>Accessoires<\/td>\n<td>panier vapeur, 4 couteaux et \u00e9mulsionneur<\/td>\n<\/tr>\n<tr>\n<td>Dimensions produit<\/td>\n<td>H 41 cm x L 35,6 cm x P 39,9 cm<\/td>\n<\/tr>\n<tr>\n<td>Dimensions colis<\/td>\n<td>H 41 cm x L 35,6 cm x P 39,9 cm<\/td>\n<\/tr>\n<tr>\n<td>Poids brut<\/td>\n<td>10,23 kg<\/td>\n<\/tr>\n<tr>\n<td>Code article<\/td>\n<td>967396<\/td>\n<\/tr>\n<\/tbody>\n<\/table>","protected":false},"excerpt":{"rendered":"<p>Caract\u00e9ristiques<br \/>\nMarque MOULINEX<br \/>\nType de robot Robot cuiseur<br \/>\nFonctions H\u00e2che, Tranche, mijoter<br \/>\nColoris Blanc et inox<br \/>\nPuissance (W) 1 550 W<br \/>\nNombre de vitesses 12<br \/>\nFonction pulse Oui<br \/>\nAutres fonctions fonction turbo, fonction cuisson \u00e0 la vapeur, fonction rago\u00fbt, fonction soupe, fonction impulsion, fonction sauce, fonction dessert, fonction p\u00e2tisserie, fonction manuelle<br \/>\nMati\u00e8re du bol Inox<br \/>\nCapacit\u00e9 maximum du bol 4,5 L<br \/>\nAccessoires panier vapeur, 4 couteaux et \u00e9mulsionneur<br \/>\nDimensions produit H 41 cm x L 35,6 cm x P 39,9 cm<br \/>\nDimensions colis H 41 cm x L 35,6 cm x P 39,9 cm<br \/>\nPoids brut 10,23 kg<br \/>\nCode article 967396<\/p>","protected":false},"featured_media":9503,"comment_status":"open","ping_status":"closed","template":"","meta":{"inline_featured_image":false,"_joinchat":[]},"product_cat":[26],"product_tag":[],"class_list":{"0":"post-9501","1":"product","2":"type-product","3":"status-publish","4":"has-post-thumbnail","6":"product_cat-electromenagers","8":"first","9":"instock","10":"shipping-taxable","11":"purchasable","12":"product-type-simple"},"_links":{"self":[{"href":"https:\/\/kitchtenstore.com\/fr\/wp-json\/wp\/v2\/product\/9501","targetHints":{"allow":["GET"]}}],"collection":[{"href":"https:\/\/kitchtenstore.com\/fr\/wp-json\/wp\/v2\/product"}],"about":[{"href":"https:\/\/kitchtenstore.com\/fr\/wp-json\/wp\/v2\/types\/product"}],"replies":[{"embeddable":true,"href":"https:\/\/kitchtenstore.com\/fr\/wp-json\/wp\/v2\/comments?post=9501"}],"version-history":[{"count":0,"href":"https:\/\/kitchtenstore.com\/fr\/wp-json\/wp\/v2\/product\/9501\/revisions"}],"wp:featuredmedia":[{"embeddable":true,"href":"https:\/\/kitchtenstore.com\/fr\/wp-json\/wp\/v2\/media\/9503"}],"wp:attachment":[{"href":"https:\/\/kitchtenstore.com\/fr\/wp-json\/wp\/v2\/media?parent=9501"}],"wp:term":[{"taxonomy":"product_cat","embeddable":true,"href":"https:\/\/kitchtenstore.com\/fr\/wp-json\/wp\/v2\/product_cat?post=9501"},{"taxonomy":"product_tag","embeddable":true,"href":"https:\/\/kitchtenstore.com\/fr\/wp-json\/wp\/v2\/product_tag?post=9501"}],"curies":[{"name":"wp","href":"https:\/\/api.w.org\/{rel}","templated":true}]}}