{"id":9497,"date":"2022-07-03T18:56:39","date_gmt":"2022-07-03T18:56:39","guid":{"rendered":"https:\/\/bon10count.com\/?post_type=product&#038;p=9497"},"modified":"2022-07-03T18:56:39","modified_gmt":"2022-07-03T18:56:39","slug":"aspirateur-robot-irobot-974","status":"publish","type":"product","link":"https:\/\/kitchtenstore.com\/fr\/produit\/aspirateur-robot-irobot-974\/","title":{"rendered":"Aspirateur Robot IROBOT 974"},"content":{"rendered":"<h2 id=\"js-characteristics\" class=\"prodItem__details-title\" data-beaver-id=\"affichage_titre_tableau_caracteristique\">Caract\u00e9ristiques<\/h2>\n<table id=\"product-attribute-specs-table\" class=\"prodItem__additional-table\">\n<tbody>\n<tr>\n<td>Marque<\/td>\n<td>IROBOT<\/td>\n<\/tr>\n<tr>\n<td>Autonomie (min)<\/td>\n<td>90 mn<\/td>\n<\/tr>\n<tr>\n<td>Programmable<\/td>\n<td>oui, application<\/td>\n<\/tr>\n<tr>\n<td>D\u00e9tection des obstacles<\/td>\n<td>Oui<\/td>\n<\/tr>\n<tr>\n<td>Niveau Sonore (dB)<\/td>\n<td>58 dB<\/td>\n<\/tr>\n<tr>\n<td>Accessoires<\/td>\n<td>Prise, base<\/td>\n<\/tr>\n<tr>\n<td>Descriptif compl\u00e9mentaire<\/td>\n<td>Application d\u00e9di\u00e9e gratuite \u00e0 t\u00e9l\u00e9charger : iRobot HOME<br \/>\nFonction : L&rsquo;application iRobot HOME vous permet de contr\u00f4ler et programmer vos nettoyages, o\u00f9 que vous soyez et quand vous voulez. Ou appuyez simplement sur le bouton CLEAN de votre robot.<br \/>\nT\u00e9l\u00e9chargeable sur : AppStore et Google Play<br \/>\nAppareils compatibles : Smatphone, Tablette, Apple Watch et Montre connect\u00e9e Android<br \/>\nSyst\u00e8mes compatibles : iOs et Android<br \/>\nNotification : En activant les notifications Push vous pourrez recevoir une confirmation lorsque votre robot a termin\u00e9 avec succ\u00e8s une t\u00e2che de nettoyage ou s&rsquo;il a rencontr\u00e9 un probl\u00e8me d&rsquo;interruption et a besoin d&rsquo;assistance.<br \/>\nRapport nettoyage : Les rapports \u00ab\u00a0Clean Map\u00a0\u00bb affichent la zone nettoy\u00e9e par votre robot aspirateur Roomba\u00ae s\u00e9rie 900 ainsi que des d\u00e9tails comme la surface couverte et la dur\u00e9e des t\u00e2ches effectu\u00e9es. Historique des 30 derniers nettoyages disponibles \u00e9galement.<\/td>\n<\/tr>\n<tr>\n<td>Poids net<\/td>\n<td>3,9 kg<\/td>\n<\/tr>\n<tr>\n<td>Poids brut<\/td>\n<td>5,6 kg<\/td>\n<\/tr>\n<tr>\n<td>Dimensions produit<\/td>\n<td>H 13,4 cm x L 41,9 cm x P 50,8 cm<\/td>\n<\/tr>\n<tr>\n<td>Dimensions colis<\/td>\n<td>H 12 cm x L 35 cm x P 35 cm<\/td>\n<\/tr>\n<tr>\n<td>Code article<\/td>\n<td>967135<\/td>\n<\/tr>\n<\/tbody>\n<\/table>","protected":false},"excerpt":{"rendered":"<p>Caract\u00e9ristiques<br \/>\nMarque IROBOT<br \/>\nAutonomie (min) 90 mn<br \/>\nProgrammable oui, application<br \/>\nD\u00e9tection des obstacles Oui<br \/>\nNiveau Sonore (dB) 58 dB<br \/>\nAccessoires Prise, base<br \/>\nDescriptif compl\u00e9mentaire Application d\u00e9di\u00e9e gratuite \u00e0 t\u00e9l\u00e9charger : iRobot HOME<br \/>\nFonction : L&rsquo;application iRobot HOME vous permet de contr\u00f4ler et programmer vos nettoyages, o\u00f9 que vous soyez et quand vous voulez. Ou appuyez simplement sur le bouton CLEAN de votre robot.<br \/>\nT\u00e9l\u00e9chargeable sur : AppStore et Google Play<br \/>\nAppareils compatibles : Smatphone, Tablette, Apple Watch et Montre connect\u00e9e Android<br \/>\nSyst\u00e8mes compatibles : iOs et Android<br \/>\nNotification : En activant les notifications Push vous pourrez recevoir une confirmation lorsque votre robot a termin\u00e9 avec succ\u00e8s une t\u00e2che de nettoyage ou s&rsquo;il a rencontr\u00e9 un probl\u00e8me d&rsquo;interruption et a besoin d&rsquo;assistance.<br \/>\nRapport nettoyage : Les rapports \u00ab\u00a0Clean Map\u00a0\u00bb affichent la zone nettoy\u00e9e par votre robot aspirateur Roomba\u00ae s\u00e9rie 900 ainsi que des d\u00e9tails comme la surface couverte et la dur\u00e9e des t\u00e2ches effectu\u00e9es. Historique des 30 derniers nettoyages disponibles \u00e9galement.<br \/>\nPoids net 3,9 kg<br \/>\nPoids brut 5,6 kg<br \/>\nDimensions produit H 13,4 cm x L 41,9 cm x P 50,8 cm<br \/>\nDimensions colis H 12 cm x L 35 cm x P 35 cm<br \/>\nCode article 967135<\/p>","protected":false},"featured_media":9500,"comment_status":"open","ping_status":"closed","template":"","meta":{"inline_featured_image":false,"_joinchat":[]},"product_cat":[26],"product_tag":[],"class_list":{"0":"post-9497","1":"product","2":"type-product","3":"status-publish","4":"has-post-thumbnail","6":"product_cat-electromenagers","8":"first","9":"instock","10":"shipping-taxable","11":"purchasable","12":"product-type-simple"},"_links":{"self":[{"href":"https:\/\/kitchtenstore.com\/fr\/wp-json\/wp\/v2\/product\/9497","targetHints":{"allow":["GET"]}}],"collection":[{"href":"https:\/\/kitchtenstore.com\/fr\/wp-json\/wp\/v2\/product"}],"about":[{"href":"https:\/\/kitchtenstore.com\/fr\/wp-json\/wp\/v2\/types\/product"}],"replies":[{"embeddable":true,"href":"https:\/\/kitchtenstore.com\/fr\/wp-json\/wp\/v2\/comments?post=9497"}],"version-history":[{"count":0,"href":"https:\/\/kitchtenstore.com\/fr\/wp-json\/wp\/v2\/product\/9497\/revisions"}],"wp:featuredmedia":[{"embeddable":true,"href":"https:\/\/kitchtenstore.com\/fr\/wp-json\/wp\/v2\/media\/9500"}],"wp:attachment":[{"href":"https:\/\/kitchtenstore.com\/fr\/wp-json\/wp\/v2\/media?parent=9497"}],"wp:term":[{"taxonomy":"product_cat","embeddable":true,"href":"https:\/\/kitchtenstore.com\/fr\/wp-json\/wp\/v2\/product_cat?post=9497"},{"taxonomy":"product_tag","embeddable":true,"href":"https:\/\/kitchtenstore.com\/fr\/wp-json\/wp\/v2\/product_tag?post=9497"}],"curies":[{"name":"wp","href":"https:\/\/api.w.org\/{rel}","templated":true}]}}