{"id":9434,"date":"2022-07-03T16:06:27","date_gmt":"2022-07-03T16:06:27","guid":{"rendered":"https:\/\/bon10count.com\/?post_type=product&#038;p=9434"},"modified":"2022-07-03T16:06:27","modified_gmt":"2022-07-03T16:06:27","slug":"barbecue-electrique-sur-pied-et-de-table-avec-couvercle-2-en-1-noir-barbecue-party","status":"publish","type":"product","link":"https:\/\/kitchtenstore.com\/fr\/produit\/barbecue-electrique-sur-pied-et-de-table-avec-couvercle-2-en-1-noir-barbecue-party\/","title":{"rendered":"Barbecue \u00e9lectrique sur pied et de table avec couvercle 2 en 1 noir Barbecue Party"},"content":{"rendered":"<header class=\"f-productLayer__header\">\n<div class=\"f-productLayer__container\">\n<h2 class=\"f-productLayer__title\" data-automation-id=\"title-opinions-layer-label\">DESCRIPTION<\/h2>\n<\/div>\n<\/header>\n<div id=\"5bca5ed2-7383-4ce1-861a-bf9816836578\" class=\"f-productLayer__body\">\n<div class=\"f-productLayer__container\" data-automation-id=\"EditorOpinionOrSummary-block\">\n<div class=\"js-Expander expander expander--hasIcon collapsed\" data-automation-button=\"expand-EditorOpinionOrSummary-button\" data-automation-content=\"expand-EditorOpinionOrSummary\">\n<div class=\"expander__content\" data-automation-id=\"expand-EditorOpinionOrSummary\" aria-expanded=\"true\">\n<div class=\"f-productDesc\">\n<div class=\"f-productDesc__raw\">Ce\u202f<strong>barbecue\u202f\u00e9lectrique sur pied et de table<\/strong>\u00a0<em>Barbecue Party<\/em>\u00a0de Senya, utilisable\u00a0<strong>en\u202fext\u00e9rieur comme en\u202fint\u00e9rieur<\/strong>, va vous faciliter la vie\u202f! Il vous permettra \u00e9galement de\u00a0<strong>profiter pleinement du moment pr\u00e9sent<\/strong>\u202f! A vous les barbecues party, les repas en famille ou entre amis\u202f!<\/p>\n<h2><strong>UNE CUISSON PARFAITE AVEC VOTRE BARBECUE ELECTRIQUE!<\/strong><\/h2>\n<p>Gr\u00e2ce \u00e0 sa\u00a0<strong>puissance de 2400W<\/strong>, ce barbecue chauffera en un rien de temps pour vous permettre d\u2019atteindre la temp\u00e9rature souhait\u00e9e. Sa\u00a0<strong>plaque en fonte d\u2019aluminium<\/strong>\u00a0assure une meilleure transmission de chaleur. De plus, son<strong>\u00a0thermostat ajustable a 5 positions<\/strong>\u00a0avec 5 temp\u00e9ratures diff\u00e9rentes. Il vous permet\u00a0<strong>d\u2019adapter la temp\u00e9rature id\u00e9ale<\/strong>\u00a0pour tout type d\u2019aliments tels que de la viande, des l\u00e9gumes, des poissons&#8230;.<\/p>\n<h2><strong>BARBECUE EXTERIEUR PERFORMANT!<\/strong><\/h2>\n<p>Tout d\u2019abord, en ext\u00e9rieur, le couvercle de votre barbecue \u00e9lectrique a une\u00a0<strong>fonction de pare-vent\u00a0<\/strong>pour une cuisson optimale ! Si vous fermez le couvercle, ce dernier permettra une cuisson plus rapide et plus r\u00e9guli\u00e8re des aliments (<strong>effet chaleur tournante<\/strong>). Et lorsque vous ouvrez le couvercle, il fait office de pare-vent afin aussi de prot\u00e9ger votre pr\u00e9paration.<\/p>\n<h2><strong>BARBECUE ELECTRIQUE INTERIEUR SANS FUMEE !<\/strong><\/h2>\n<p>Il vous suffit simplement de retirer le pied amovible pour le transformer en\u00a0<strong>barbecue de table<\/strong>. C\u2019est la solution id\u00e9ale pour profiter d\u2019un bon repas \u00e0 l\u2019int\u00e9rieur en cas de pluie ou de temp\u00e9ratures basse, afin de ne pas avoir \u00e0 renoncer \u00e0 de bonnes grillades qu\u2019importe la saison. D\u2019autre part, ce barbecue \u00e9lectrique ne faisant pas de fum\u00e9e, vous permet de profiter pleinement de vos repas sans enfumer votre voisinage !<\/p>\n<h2><strong>UN NETTOYAGE FACILE !<\/strong><\/h2>\n<p>Avec ses plaques en fonte d\u2019aluminium\u00a0<strong>de 44 x 33 cm<\/strong>, un coup d\u2019\u00e9ponge et votre plaque sera comme neuve. Pour un nettoyage optimal, passez les plaques directement au lave-vaisselle. En plus des plaques, le bac r\u00e9cup\u00e9rateur de graisse est lui aussi amovible et compatible au lave-vaisselle.<\/p>\n<h2><strong>EMMENEZ VOTRE BARBECUE PARTOUT A VOUS !<\/strong><\/h2>\n<p>Ses deux poign\u00e9es lat\u00e9rales vous permettront de d\u00e9placer votre barbecue sans difficult\u00e9s. Envie d\u2019un barbecue m\u00eame en vacances\u202f? Que vous soyez au camping ou au bord d\u2019une piscine, il vous suffira de le brancher \u00e0 une prise secteur et de profiter le temps de la cuisson<\/p>\n<ul>\n<li><strong>Puissance<\/strong>: 2400W<\/li>\n<\/ul>\n<ul>\n<li><strong>Plaque de cuisson\u00a0<\/strong>: 44 x 33cm<\/li>\n<\/ul>\n<ul>\n<li><strong>Dimensions produit<\/strong>: 48 x 42 x 98 m<\/li>\n<\/ul>\n<ul>\n<li><strong>Poids :<\/strong>\u00a09,41Kg<\/li>\n<\/ul>\n<p>Depuis sa cr\u00e9ation en 2012 \u00e0 Lille, la marque Senya cr\u00e9e des appareils astucieux au style vitamin\u00e9 qui provoquent toujours un vrai plaisir d\u2019utilisation. Chaque appareil Senya est facile \u00e0 utiliser parce que tout est fait en deux temps, trois mouvements. Notre raison d&rsquo;\u00eatre, apporter \u00e0 nos clients un zest d&rsquo;innovation et de surprise dans la vie quotidienne. Tous les produits SENYA sont en accord avec la r\u00e9glementation en vigueur sur le Bisph\u00e9nol A. Nous garantissons tous nos produits pour une dur\u00e9e de 2 ans.<\/p><\/div>\n<\/div>\n<\/div>\n<\/div>\n<\/div>\n<\/div>","protected":false},"excerpt":{"rendered":"<div class=\"f-productPageMain__variantAndOffers js-variantAndOffers\">\n<div class=\"f-productSection f-productDesc\">\n<div class=\"f-productSection__body f-productDesc__body\">\n<div class=\"f-productDesc__raw\">Ce\u202fbarbecue\u202f\u00e9lectrique sur pied et de table Barbecue Party de Senya, utilisable en\u202fext\u00e9rieur comme en\u202fint\u00e9rieur, va vous faciliter la vie\u202f! Il vous permettra \u00e9galement de profiter pleinement du moment pr\u00e9sent\u202f! A vous les barbecues party, les repas en famille ou entre amis\u202f!<br \/>\nUNE CUISSON PARFAITE AVEC VOTRE BARBECUE ELECTRIQUE!<\/p>\n<p>Gr\u00e2ce \u00e0 sa puissance de 2400W, ce barbecue chauffera en un rien de temps pour vous permettre d\u2019atteindre la temp\u00e9rature souhait\u00e9e. Sa plaque en fonte d\u2019aluminium assure une meilleure&#8230;<\/p><\/div>\n<\/div>\n<\/div>\n<\/div>\n<div class=\"f-productPageMain__buyBox js-buybox\">\n<div class=\"f-productSection f-priceBox js-priceBox\">\n<form id=\"b668c852-46e0-46a4-9d9e-4644795e14cb\" class=\"js-ProductBuy js-marketPlaceBuyBox\" action=\"https:\/\/secure.fnac.com\/basket\/add\" method=\"post\" data-catalog=\"3\" data-availability=\"0\" data-nature=\"physic\" data-eq-natures=\"\" data-offer-types=\"professional\">\n<div class=\"f-productOffers-mp js-marketPlaceBuyBox\">\n<div class=\"f-productOffers-content\">\n<div class=\"f-productSection f-faPriceBox js-OfferPriceSwitcher priceBox-mp js-mpPriceBox\"><\/div>\n<\/div>\n<\/div>\n<\/form>\n<\/div>\n<\/div>","protected":false},"featured_media":9432,"comment_status":"open","ping_status":"closed","template":"","meta":{"inline_featured_image":false,"_joinchat":[]},"product_cat":[26],"product_tag":[],"class_list":{"0":"post-9434","1":"product","2":"type-product","3":"status-publish","4":"has-post-thumbnail","6":"product_cat-electromenagers","8":"first","9":"instock","10":"shipping-taxable","11":"purchasable","12":"product-type-simple"},"_links":{"self":[{"href":"https:\/\/kitchtenstore.com\/fr\/wp-json\/wp\/v2\/product\/9434","targetHints":{"allow":["GET"]}}],"collection":[{"href":"https:\/\/kitchtenstore.com\/fr\/wp-json\/wp\/v2\/product"}],"about":[{"href":"https:\/\/kitchtenstore.com\/fr\/wp-json\/wp\/v2\/types\/product"}],"replies":[{"embeddable":true,"href":"https:\/\/kitchtenstore.com\/fr\/wp-json\/wp\/v2\/comments?post=9434"}],"version-history":[{"count":0,"href":"https:\/\/kitchtenstore.com\/fr\/wp-json\/wp\/v2\/product\/9434\/revisions"}],"wp:featuredmedia":[{"embeddable":true,"href":"https:\/\/kitchtenstore.com\/fr\/wp-json\/wp\/v2\/media\/9432"}],"wp:attachment":[{"href":"https:\/\/kitchtenstore.com\/fr\/wp-json\/wp\/v2\/media?parent=9434"}],"wp:term":[{"taxonomy":"product_cat","embeddable":true,"href":"https:\/\/kitchtenstore.com\/fr\/wp-json\/wp\/v2\/product_cat?post=9434"},{"taxonomy":"product_tag","embeddable":true,"href":"https:\/\/kitchtenstore.com\/fr\/wp-json\/wp\/v2\/product_tag?post=9434"}],"curies":[{"name":"wp","href":"https:\/\/api.w.org\/{rel}","templated":true}]}}