{"id":9430,"date":"2022-07-03T16:04:01","date_gmt":"2022-07-03T16:04:01","guid":{"rendered":"https:\/\/bon10count.com\/?post_type=product&#038;p=9430"},"modified":"2022-07-03T16:04:01","modified_gmt":"2022-07-03T16:04:01","slug":"barbecue-weber-e-315-spirit-plancha-8600-w-noir","status":"publish","type":"product","link":"https:\/\/kitchtenstore.com\/fr\/produit\/barbecue-weber-e-315-spirit-plancha-8600-w-noir\/","title":{"rendered":"Barbecue Weber E-315 Spirit Plancha 8600 W Noir"},"content":{"rendered":"<section id=\"Opinions\" class=\"f-productLayerGrid__section js-productSection fa-strate-summary js-strate-flixmedia\" data-strate-type=\"Opinions\" data-strate-async=\"false\" data-strate-url=\"\/Nav\/API\/Article\/GetStrate?prid=15594357&amp;catalogRef=1&amp;strateType=Opinions\" data-automation-id=\"opinions-layer-block\">\n<div class=\"f-productLayerGrid__col\">\n<div class=\"f-productLayer\">\n<header class=\"f-productLayer__header\">\n<div class=\"f-productLayer__container\">\n<h2 class=\"f-productLayer__title\" data-automation-id=\"title-opinions-layer-label\">DESCRIPTION<\/h2>\n<\/div>\n<\/header>\n<div id=\"a28857e1-a9c5-457f-91e4-ca63b44a199c\" class=\"f-productLayer__body\">\n<div class=\"f-productLayer__container\" data-automation-id=\"EditorOpinionOrSummary-block\">\n<div class=\"js-Expander expander expander--hasIcon\" data-automation-button=\"expand-EditorOpinionOrSummary-button\" data-automation-content=\"expand-EditorOpinionOrSummary\">\n<div class=\"expander__content\" data-automation-id=\"expand-EditorOpinionOrSummary\">\n<div class=\"f-productDesc\">\n<div class=\"f-productDesc__raw\">\n<p>Allumage pi\u00e9zo\u00e9lectronique : simple et rapide.<\/p>\n<p>3 br\u00fbleurs pour une diffusion optimale de la chaleur.<\/p>\n<p>Barres Flavorizer : r\u00e9cup\u00e9ration des jus de cuisson pour ajouter une saveur irr\u00e9sistible.<\/p>\n<p>Syst\u00e8me de gestion des graisses : aide \u00e0 \u00e9viter l\u2019embrassement et facilite le nettoyage.<\/p>\n<p>Design ch\u00e2ssis ferm\u00e9 pour plus d\u2019espace de rangement.<\/p>\n<p>2 crochets porte-ustensiles en inox.<\/p>\n<p>4 roulettes dont 2 auto-bloquantes.<\/p>\n<\/div>\n<\/div>\n<\/div>\n<\/div>\n<\/div>\n<\/div>\n<\/div>\n<\/div>\n<\/section>\n<section id=\"CustomerReviews\" class=\"f-productLayerGrid__section js-productSection\" data-strate-type=\"CustomerReviews\" data-strate-async=\"false\" data-strate-url=\"\/Nav\/API\/Article\/GetStrate?prid=15594357&amp;catalogRef=1&amp;strateType=CustomerReviews\" data-automation-id=\"customer-reviews-layerblock\">\n<div class=\"f-productLayer\">\n<header class=\"f-productLayer__header\">\n<div class=\"f-productLayer__container\"><\/div>\n<\/header>\n<\/div>\n<\/section>","protected":false},"excerpt":{"rendered":"<section id=\"Opinions\" class=\"f-productLayerGrid__section js-productSection fa-strate-summary js-strate-flixmedia\" data-strate-type=\"Opinions\" data-strate-async=\"false\" data-strate-url=\"\/Nav\/API\/Article\/GetStrate?prid=15594357&amp;catalogRef=1&amp;strateType=Opinions\" data-automation-id=\"opinions-layer-block\">\n<div class=\"f-productLayerGrid__col\">\n<div class=\"f-productLayer\">\n<header class=\"f-productLayer__header\">\n<div class=\"f-productLayer__container\">\n<h2 class=\"f-productLayer__title\" data-automation-id=\"title-opinions-layer-label\">DESCRIPTION<\/h2>\n<\/div>\n<\/header>\n<div id=\"a28857e1-a9c5-457f-91e4-ca63b44a199c\" class=\"f-productLayer__body\">\n<div class=\"f-productLayer__container\" data-automation-id=\"EditorOpinionOrSummary-block\">\n<div class=\"js-Expander expander expander--hasIcon\" data-automation-button=\"expand-EditorOpinionOrSummary-button\" data-automation-content=\"expand-EditorOpinionOrSummary\">\n<div class=\"expander__content\" data-automation-id=\"expand-EditorOpinionOrSummary\">\n<div class=\"f-productDesc\">\n<div class=\"f-productDesc__raw\">\n<p>Allumage pi\u00e9zo\u00e9lectronique : simple et rapide.<\/p>\n<p>3 br\u00fbleurs pour une diffusion optimale de la chaleur.<\/p>\n<p>Barres Flavorizer : r\u00e9cup\u00e9ration des jus de cuisson pour ajouter une saveur irr\u00e9sistible.<\/p>\n<p>Syst\u00e8me de gestion des graisses : aide \u00e0 \u00e9viter l\u2019embrassement et facilite le nettoyage.<\/p>\n<p>Design ch\u00e2ssis ferm\u00e9 pour plus d\u2019espace de rangement.<\/p>\n<p>2 crochets porte-ustensiles en inox.<\/p>\n<p>4 roulettes dont 2 auto-bloquantes.<\/p>\n<\/div>\n<\/div>\n<\/div>\n<\/div>\n<\/div>\n<\/div>\n<\/div>\n<\/div>\n<\/section>\n<section id=\"CustomerReviews\" class=\"f-productLayerGrid__section js-productSection\" data-strate-type=\"CustomerReviews\" data-strate-async=\"false\" data-strate-url=\"\/Nav\/API\/Article\/GetStrate?prid=15594357&amp;catalogRef=1&amp;strateType=CustomerReviews\" data-automation-id=\"customer-reviews-layerblock\">\n<div class=\"f-productLayer\">\n<header class=\"f-productLayer__header\">\n<div class=\"f-productLayer__container\"><\/div>\n<\/header>\n<\/div>\n<\/section>","protected":false},"featured_media":9433,"comment_status":"open","ping_status":"closed","template":"","meta":{"inline_featured_image":false,"_joinchat":[]},"product_cat":[26],"product_tag":[],"class_list":{"0":"post-9430","1":"product","2":"type-product","3":"status-publish","4":"has-post-thumbnail","6":"product_cat-electromenagers","8":"first","9":"instock","10":"shipping-taxable","11":"purchasable","12":"product-type-simple"},"_links":{"self":[{"href":"https:\/\/kitchtenstore.com\/fr\/wp-json\/wp\/v2\/product\/9430","targetHints":{"allow":["GET"]}}],"collection":[{"href":"https:\/\/kitchtenstore.com\/fr\/wp-json\/wp\/v2\/product"}],"about":[{"href":"https:\/\/kitchtenstore.com\/fr\/wp-json\/wp\/v2\/types\/product"}],"replies":[{"embeddable":true,"href":"https:\/\/kitchtenstore.com\/fr\/wp-json\/wp\/v2\/comments?post=9430"}],"version-history":[{"count":0,"href":"https:\/\/kitchtenstore.com\/fr\/wp-json\/wp\/v2\/product\/9430\/revisions"}],"wp:featuredmedia":[{"embeddable":true,"href":"https:\/\/kitchtenstore.com\/fr\/wp-json\/wp\/v2\/media\/9433"}],"wp:attachment":[{"href":"https:\/\/kitchtenstore.com\/fr\/wp-json\/wp\/v2\/media?parent=9430"}],"wp:term":[{"taxonomy":"product_cat","embeddable":true,"href":"https:\/\/kitchtenstore.com\/fr\/wp-json\/wp\/v2\/product_cat?post=9430"},{"taxonomy":"product_tag","embeddable":true,"href":"https:\/\/kitchtenstore.com\/fr\/wp-json\/wp\/v2\/product_tag?post=9430"}],"curies":[{"name":"wp","href":"https:\/\/api.w.org\/{rel}","templated":true}]}}