{"id":9425,"date":"2022-07-03T16:01:51","date_gmt":"2022-07-03T16:01:51","guid":{"rendered":"https:\/\/bon10count.com\/?post_type=product&#038;p=9425"},"modified":"2022-07-03T16:01:51","modified_gmt":"2022-07-03T16:01:51","slug":"barbecue-gaz-plancha-de-table-campingaz-attitude-2100-lx-2-bruleurs-5kw","status":"publish","type":"product","link":"https:\/\/kitchtenstore.com\/fr\/produit\/barbecue-gaz-plancha-de-table-campingaz-attitude-2100-lx-2-bruleurs-5kw\/","title":{"rendered":"Barbecue gaz Plancha de table Campingaz Attitude 2100 LX 2 br\u00fbleurs 5kW"},"content":{"rendered":"<header class=\"f-productLayer__header\">\n<div class=\"f-productLayer__container\">\n<h2 class=\"f-productLayer__title\" data-automation-id=\"title-opinions-layer-label\">DESCRIPTION<\/h2>\n<\/div>\n<\/header>\n<div id=\"8431a5dd-bb89-43e1-8faa-a3fda18afab8\" class=\"f-productLayer__body\">\n<div class=\"f-productLayer__container\" data-automation-id=\"EditorOpinionOrSummary-block\">\n<div class=\"js-Expander expander expander--hasIcon collapsed\" data-automation-button=\"expand-EditorOpinionOrSummary-button\" data-automation-content=\"expand-EditorOpinionOrSummary\">\n<div class=\"expander__content\" data-automation-id=\"expand-EditorOpinionOrSummary\" aria-expanded=\"true\">\n<div class=\"f-productDesc\">\n<div class=\"f-productDesc__raw\">\n<ul class=\"a-unordered-list\">\n<li>COMPACT et PUISSANT : 2 puissants br\u00fbleurs Blue Flame, 5 kW, pour une chaleur r\u00e9guli\u00e8re sur la surface de cuisson; barbecue de table compact (65x52x36 cm) id\u00e9al pour balcon et terrasse.<\/li>\n<li>GRANDE SURFACE DE CUISSON : Barbecue de table transportable qui offre une g\u00e9n\u00e9reuse surface de cuisson en fonte \u00e9maill\u00e9e de 58&#215;36 cm<\/li>\n<li>MULTIPLES MODES DE CUISSON : Plaque de cuisson utilisable deux faces et grille en fonte Culinary Modular pour utiliser des inserts Culinary Modular : pierre \u00e0 pizza, r\u00f4tissoire ou po\u00eale<\/li>\n<li>NETTOYAGE PRATIQUE FACILE et RAPIDE : avec bac amovible r\u00e9cup\u00e9rateur de graisse, le syst\u00e8me InstaClean permet d&rsquo;enlever les \u00e9l\u00e9ments int\u00e9rieurs du barbecue et de les laver au lave-vaisselle<\/li>\n<li>UN \u00c9QUIPEMENT COMPLET: allumage \u00e9lectronique, couvercle avec thermom\u00e8tre, plancha et grille fonte avec insert Culinary Modular, grille maintien au chaud, poids 25 Kg, consommation de gaz : 360 g\/h<\/li>\n<\/ul>\n<p><strong>Caract\u00e9ristiques :<\/strong><\/p>\n<ul class=\"a-unordered-list\">\n<li>Surface de cuisson : 2100 cm\u00b2<\/li>\n<li>Surface de cuisson : 58 x 36 cm<\/li>\n<li>Br\u00fbleurs : Br\u00fbleurs Blue Flame (en acier alumin\u00e9)<\/li>\n<li>Nombre de br\u00fbleurs : 2<\/li>\n<li>Puissance : 5 kW<\/li>\n<li>Mat\u00e9riau surface de cuisson : Fonte double \u00e9maillage<\/li>\n<li>Configuration surface de cuisson : Grille Culinary Modular \/ Plancha<\/li>\n<li>Grille: 56 x 13 cm<\/li>\n<li>Allumage : Piezo \u00c9lectronique<\/li>\n<li>Thermom\u00e8tre : Oui<\/li>\n<li>Mat\u00e9riau couvercle : Fonte d&rsquo;aluminium noir mat<\/li>\n<li>Poids : 25 kg<\/li>\n<li>Dimensions couvercle ouvert : L 65 x P 69 x H 73 cm<\/li>\n<li>Dimensions couvercle ferm\u00e9 : L 65 x P 52 x H 36 cm<\/li>\n<li>Connexion t\u00e9tine, adaptables pour toutes bouteilles de gaz avec un d\u00e9tendeur adapt\u00e9<\/li>\n<\/ul>\n<p>Housse compatible : Housse pour barbecue Attitude en vente dans notre assortiment<\/p>\n<\/div>\n<\/div>\n<\/div>\n<\/div>\n<\/div>\n<\/div>","protected":false},"excerpt":{"rendered":"<ul class=\"a-unordered-list\">\n<li>Surface de cuisson : 2100 cm\u00b2<\/li>\n<li>Surface de cuisson : 58 x 36 cm<\/li>\n<li>Br\u00fbleurs : Br\u00fbleurs Blue Flame (en acier alumin\u00e9)<\/li>\n<li>Nombre de br\u00fbleurs : 2<\/li>\n<li>Puissance : 5 kW<\/li>\n<li>Mat\u00e9riau surface de cuisson : Fonte double \u00e9maillage<\/li>\n<li>Configuration surface de cuisson : Grille Culinary Modular \/ Plancha<\/li>\n<li>Grille: 56 x 13 cm<\/li>\n<li>Allumage : Piezo \u00c9lectronique<\/li>\n<li>Thermom\u00e8tre : Oui<\/li>\n<li>Mat\u00e9riau couvercle : Fonte d&rsquo;aluminium noir mat<\/li>\n<li>Poids : 25 kg<\/li>\n<li>Dimensions couvercle ouvert : L 65 x P 69 x H 73 cm<\/li>\n<li><\/li>\n<\/ul>","protected":false},"featured_media":9429,"comment_status":"open","ping_status":"closed","template":"","meta":{"inline_featured_image":false,"_joinchat":[]},"product_cat":[26],"product_tag":[],"class_list":{"0":"post-9425","1":"product","2":"type-product","3":"status-publish","4":"has-post-thumbnail","6":"product_cat-electromenagers","8":"first","9":"instock","10":"shipping-taxable","11":"purchasable","12":"product-type-simple"},"_links":{"self":[{"href":"https:\/\/kitchtenstore.com\/fr\/wp-json\/wp\/v2\/product\/9425","targetHints":{"allow":["GET"]}}],"collection":[{"href":"https:\/\/kitchtenstore.com\/fr\/wp-json\/wp\/v2\/product"}],"about":[{"href":"https:\/\/kitchtenstore.com\/fr\/wp-json\/wp\/v2\/types\/product"}],"replies":[{"embeddable":true,"href":"https:\/\/kitchtenstore.com\/fr\/wp-json\/wp\/v2\/comments?post=9425"}],"version-history":[{"count":0,"href":"https:\/\/kitchtenstore.com\/fr\/wp-json\/wp\/v2\/product\/9425\/revisions"}],"wp:featuredmedia":[{"embeddable":true,"href":"https:\/\/kitchtenstore.com\/fr\/wp-json\/wp\/v2\/media\/9429"}],"wp:attachment":[{"href":"https:\/\/kitchtenstore.com\/fr\/wp-json\/wp\/v2\/media?parent=9425"}],"wp:term":[{"taxonomy":"product_cat","embeddable":true,"href":"https:\/\/kitchtenstore.com\/fr\/wp-json\/wp\/v2\/product_cat?post=9425"},{"taxonomy":"product_tag","embeddable":true,"href":"https:\/\/kitchtenstore.com\/fr\/wp-json\/wp\/v2\/product_tag?post=9425"}],"curies":[{"name":"wp","href":"https:\/\/api.w.org\/{rel}","templated":true}]}}