{"id":9417,"date":"2022-07-03T15:52:10","date_gmt":"2022-07-03T15:52:10","guid":{"rendered":"https:\/\/bon10count.com\/?post_type=product&#038;p=9417"},"modified":"2022-07-03T15:52:10","modified_gmt":"2022-07-03T15:52:10","slug":"medion-systeme-de-climatisation-mobile-md37000-refroidissement-filtre-a-poussiere-63-db","status":"publish","type":"product","link":"https:\/\/kitchtenstore.com\/fr\/produit\/medion-systeme-de-climatisation-mobile-md37000-refroidissement-filtre-a-poussiere-63-db\/","title":{"rendered":"MEDION Syst\u00e8me de climatisation mobile MD37000 , Refroidissement , Filtre \u00e0 poussi\u00e8re , 63 dB"},"content":{"rendered":"<header class=\"f-productLayer__header\">\n<div class=\"f-productLayer__container\">\n<h2 class=\"f-productLayer__title\" data-automation-id=\"title-opinions-layer-label\">DESCRIPTION<\/h2>\n<\/div>\n<\/header>\n<div id=\"7b9c03cc-7b47-4c49-bbaf-214538302919\" class=\"f-productLayer__body\">\n<div class=\"f-productLayer__container\" data-automation-id=\"EditorOpinionOrSummary-block\">\n<div class=\"js-Expander expander expander--hasIcon collapsed\" data-automation-button=\"expand-EditorOpinionOrSummary-button\" data-automation-content=\"expand-EditorOpinionOrSummary\">\n<div class=\"expander__content\" data-automation-id=\"expand-EditorOpinionOrSummary\" aria-expanded=\"true\">\n<div class=\"f-productDesc\">\n<div class=\"f-productDesc__raw\">Avec cette climatisation mobile MEDION, vous pouvez parfois \u00e9chapper \u00e0 la chaleur. Vous installez simplement le tuyau d\u2019\u00e9vacuation et un joint sur une fen\u00eatre et l&rsquo;air chaud \u00e9touffant se transforme en temp\u00e9rature agr\u00e9able.<\/p>\n<p>Avec une capacit\u00e9 de refroidissement substantielle de 9000 BTU, vous pouvez efficacement refroidir, d\u00e9shumidifier ou ventiler des pi\u00e8ces jusqu&rsquo;\u00e0 32 m\u00b2.<\/p>\n<p>Pratique, la fonction minuterie vous permet de contr\u00f4ler avec pr\u00e9cision la temp\u00e9rature, la rendant agr\u00e9able et fra\u00eeche \u00e0 la fin de votre journ\u00e9e. Et si vous travaillez \u00e0 domicile, vous rafra\u00eechissez le bureau le jour et la chambre la nuit.<\/p>\n<p>Le climatiseur peut \u00eatre install\u00e9 ou d\u00e9monter en quelques \u00e9tapes simples donc facile \u00e0 d\u00e9placer. L&rsquo;\u00e9t\u00e9 sera encore plus amusant!<\/p>\n<p>&#8211; Capacit\u00e9 de refroidissement 9000 BTU<\/p>\n<p>&#8211; Transport facile<\/p>\n<p>&#8211; Minuterie<\/p>\n<p>&#8211; Niveau sonore 63 dB<\/p>\n<p>&#8211; Refroidissement, d\u00e9shumidification ou ventilation<\/p>\n<p>&#8211; Filtre \u00e0 poussi\u00e8re<\/p>\n<p>&#8211; Superficie jusqu&rsquo;\u00e0 32 m\u00b2<\/p>\n<p>&#8211; R\u00e9frig\u00e9rant R290el<\/p><\/div>\n<\/div>\n<\/div>\n<\/div>\n<\/div>\n<\/div>","protected":false},"excerpt":{"rendered":"<header class=\"f-productLayer__header\">\n<div class=\"f-productLayer__container\">\n<h2 class=\"f-productLayer__title\" data-automation-id=\"title-characteristics-layer-label\">CARACT\u00c9RISTIQUES<\/h2>\n<\/div>\n<\/header>\n<div id=\"fb4553f4-1bc2-4844-a034-d5f36df426bb\" class=\"f-productLayer__body f-productProperties\">\n<div class=\"f-productLayer__container f-productProperties__container\" data-automation-id=\"simple-characteristics-content-block\">\n<div class=\"js-Expander expander expander--hasIcon collapsed\" data-automation-button=\"expand-characteristics-content-button\" data-automation-content=\"expand-characteristics-content\">\n<div class=\"expander__content\" data-automation-id=\"expand-characteristics-content\" aria-expanded=\"true\">\n<div class=\"f-productProperties__columns\">\n<div class=\"f-productProperties__col\">\n<dl class=\"f-productProperties__item\">\n<dt class=\"f-productProperties__term\">Type de pose<\/dt>\n<dd class=\"f-productProperties__definition\">Pose libre<\/dd>\n<\/dl>\n<dl class=\"f-productProperties__item\">\n<dt class=\"f-productProperties__term\">Niveau sonore<\/dt>\n<dd class=\"f-productProperties__definition\">63,00 dB<\/dd>\n<\/dl>\n<dl class=\"f-productProperties__item\">\n<dt class=\"f-productProperties__term\">Puissance frigorifique<\/dt>\n<dd class=\"f-productProperties__definition\">1\u00a0000,00 Watts<\/dd>\n<\/dl>\n<dl class=\"f-productProperties__item\">\n<dt class=\"f-productProperties__term\">Classe \u00e9nerg\u00e9tique froid<\/dt>\n<dd class=\"f-productProperties__definition\">A<\/dd>\n<\/dl>\n<dl class=\"f-productProperties__item  f-productProperties__item--long\">\n<dt class=\"f-productProperties__term\">Avantages produits<\/dt>\n<dd class=\"f-productProperties__definition\">Capacit\u00e9 de refroidissement 9000 BTU; Minuterie; Refroidissement, d\u00e9shumidification ou ventilation; Superficie jusqu&rsquo;\u00e0 32 m\u00b2; R\u00e9frig\u00e9rant R290el<\/dd>\n<\/dl>\n<dl class=\"f-productProperties__item\">\n<dt class=\"f-productProperties__term\">Garantie d&rsquo;origine<\/dt>\n<dd class=\"f-productProperties__definition\">24 mois<\/dd>\n<\/dl>\n<dl class=\"f-productProperties__item\">\n<dt class=\"f-productProperties__term\">Couleur<\/dt>\n<dd class=\"f-productProperties__definition\">Blanc<\/dd>\n<\/dl>\n<\/div>\n<div class=\"f-productProperties__col\">\n<dl class=\"f-productProperties__item\">\n<dt class=\"f-productProperties__term\">Coloris<\/dt>\n<dd class=\"f-productProperties__definition\">Blanc<\/dd>\n<\/dl>\n<dl class=\"f-productProperties__item\">\n<dt class=\"f-productProperties__term\">Poids en Kg<\/dt>\n<dd class=\"f-productProperties__definition\">22,00 Kg<\/dd>\n<\/dl>\n<dl class=\"f-productProperties__item\">\n<dt class=\"f-productProperties__term\">Longueur du produit<\/dt>\n<dd class=\"f-productProperties__definition\">345,00 mm<\/dd>\n<\/dl>\n<dl class=\"f-productProperties__item\">\n<dt class=\"f-productProperties__term\">Largeur du produit<\/dt>\n<dd class=\"f-productProperties__definition\">355,00 mm<\/dd>\n<\/dl>\n<dl class=\"f-productProperties__item\">\n<dt class=\"f-productProperties__term\">Hauteur du produit<\/dt>\n<dd class=\"f-productProperties__definition\">703,00 mm<\/dd>\n<\/dl>\n<dl class=\"f-productProperties__item\">\n<dt class=\"f-productProperties__term\">Poids du produit<\/dt>\n<dd class=\"f-productProperties__definition\">22,00 Kg<\/dd>\n<\/dl>\n<\/div>\n<\/div>\n<\/div>\n<\/div>\n<\/div>\n<\/div>","protected":false},"featured_media":9420,"comment_status":"open","ping_status":"closed","template":"","meta":{"inline_featured_image":false,"_joinchat":[]},"product_cat":[26],"product_tag":[],"class_list":{"0":"post-9417","1":"product","2":"type-product","3":"status-publish","4":"has-post-thumbnail","6":"product_cat-electromenagers","8":"first","9":"instock","10":"shipping-taxable","11":"purchasable","12":"product-type-simple"},"_links":{"self":[{"href":"https:\/\/kitchtenstore.com\/fr\/wp-json\/wp\/v2\/product\/9417","targetHints":{"allow":["GET"]}}],"collection":[{"href":"https:\/\/kitchtenstore.com\/fr\/wp-json\/wp\/v2\/product"}],"about":[{"href":"https:\/\/kitchtenstore.com\/fr\/wp-json\/wp\/v2\/types\/product"}],"replies":[{"embeddable":true,"href":"https:\/\/kitchtenstore.com\/fr\/wp-json\/wp\/v2\/comments?post=9417"}],"version-history":[{"count":0,"href":"https:\/\/kitchtenstore.com\/fr\/wp-json\/wp\/v2\/product\/9417\/revisions"}],"wp:featuredmedia":[{"embeddable":true,"href":"https:\/\/kitchtenstore.com\/fr\/wp-json\/wp\/v2\/media\/9420"}],"wp:attachment":[{"href":"https:\/\/kitchtenstore.com\/fr\/wp-json\/wp\/v2\/media?parent=9417"}],"wp:term":[{"taxonomy":"product_cat","embeddable":true,"href":"https:\/\/kitchtenstore.com\/fr\/wp-json\/wp\/v2\/product_cat?post=9417"},{"taxonomy":"product_tag","embeddable":true,"href":"https:\/\/kitchtenstore.com\/fr\/wp-json\/wp\/v2\/product_tag?post=9417"}],"curies":[{"name":"wp","href":"https:\/\/api.w.org\/{rel}","templated":true}]}}