{"id":9414,"date":"2022-07-03T15:49:14","date_gmt":"2022-07-03T15:49:14","guid":{"rendered":"https:\/\/bon10count.com\/?post_type=product&#038;p=9414"},"modified":"2022-07-03T15:49:15","modified_gmt":"2022-07-03T15:49:15","slug":"climatiseur-a-evaporation-a-debit-eleve-et-chauffage-purline-2","status":"publish","type":"product","link":"https:\/\/kitchtenstore.com\/fr\/produit\/climatiseur-a-evaporation-a-debit-eleve-et-chauffage-purline-2\/","title":{"rendered":"Climatiseur \u00e0 \u00e9vaporation \u00e0 d\u00e9bit \u00e9lev\u00e9 et chauffage PURLINE"},"content":{"rendered":"<header class=\"f-productLayer__header\">\n<div class=\"f-productLayer__container\">\n<h2 class=\"f-productLayer__title\" data-automation-id=\"title-characteristics-layer-label\">CARACT\u00c9RISTIQUES<\/h2>\n<\/div>\n<\/header>\n<div id=\"dd014b75-c7c2-451b-80f3-7f68fb6b7f6f\" class=\"f-productLayer__body f-productProperties\">\n<div class=\"f-productLayer__container f-productProperties__container\" data-automation-id=\"simple-characteristics-content-block\">\n<div class=\"js-Expander expander expander--hasIcon\" data-automation-button=\"expand-characteristics-content-button\" data-automation-content=\"expand-characteristics-content\">\n<div class=\"expander__content\" data-automation-id=\"expand-characteristics-content\">\n<div class=\"f-productProperties__columns\">\n<div class=\"f-productProperties__col\">\n<dl class=\"f-productProperties__item\">\n<dt class=\"f-productProperties__term\">Poids du produit<\/dt>\n<dd class=\"f-productProperties__definition\">10,00 Kg<\/dd>\n<\/dl>\n<dl class=\"f-productProperties__item\">\n<dt class=\"f-productProperties__term\">Quantit\u00e9 par colis<\/dt>\n<dd class=\"f-productProperties__definition\">Non<\/dd>\n<\/dl>\n<dl class=\"f-productProperties__item\">\n<dt class=\"f-productProperties__term\">Puissance<\/dt>\n<dd class=\"f-productProperties__definition\">2\u00a0000,00 Watts<\/dd>\n<\/dl>\n<\/div>\n<div class=\"f-productProperties__col\">\n<dl class=\"f-productProperties__item\">\n<dt class=\"f-productProperties__term\">Hauteur du produit<\/dt>\n<dd class=\"f-productProperties__definition\">87,00 cm<\/dd>\n<\/dl>\n<dl class=\"f-productProperties__item\">\n<dt class=\"f-productProperties__term\">Largeur du produit<\/dt>\n<dd class=\"f-productProperties__definition\">32,00 cm<\/dd>\n<\/dl>\n<dl class=\"f-productProperties__item\">\n<dt class=\"f-productProperties__term\">Longueur du produit<\/dt>\n<dd class=\"f-productProperties__definition\">37,00 cm<\/dd>\n<\/dl>\n<header class=\"f-productLayer__header\">\n<div class=\"f-productLayer__container\">\n<h2 class=\"f-productLayer__title\" data-automation-id=\"title-opinions-layer-label\">DESCRIPTION<\/h2>\n<\/div>\n<\/header>\n<div id=\"a0a6cfce-9cfa-4cff-bad1-2d0d1a435b50\" class=\"f-productLayer__body\">\n<div class=\"f-productLayer__container\" data-automation-id=\"EditorOpinionOrSummary-block\">\n<div class=\"js-Expander expander expander--hasIcon\" data-automation-button=\"expand-EditorOpinionOrSummary-button\" data-automation-content=\"expand-EditorOpinionOrSummary\">\n<div class=\"expander__content\" data-automation-id=\"expand-EditorOpinionOrSummary\">\n<div class=\"f-productDesc\">\n<div class=\"f-productDesc__raw\">Avez-vous d\u00e9j\u00e0 pens\u00e9 \u00e0 un syst\u00e8me de climatisation abordable, simple et confortable pour votre maison? Ce Purline \u00e9vaporatif est la solution pour survivre \u00e0 la chaleur, car il fonctionne gr\u00e2ce \u00e0 une technologie de refroidissement avanc\u00e9e et silencieuse qui prend l&rsquo;eau dans son r\u00e9servoir (3L) et gr\u00e2ce \u00e0 son ionisateur la refroidit et l&rsquo;expulse, rafra\u00eechissant rapidement l&rsquo;air sans compresseurs ni r\u00e9frig\u00e9rants chimiques, totalement \u00e9cologique et bon pour la sant\u00e9.<\/p>\n<p>Le RAFY 82 dispose d&rsquo;un panneau de contr\u00f4le avec 3 vitesses et 3 rythmes alternatifs, minuterie (7,5h) et oscillation automatique pour am\u00e9liorer la distribution de l&rsquo;air et offrir une exp\u00e9rience compl\u00e8tement personnalis\u00e9e, il a \u00e9galement une double fonction d&rsquo;humidification et de purification de l&rsquo;air, le tout pour une consommation maximale de 70W, dix fois plus faible que n&rsquo;importe quel climatiseur portable. Parmi ses extras vous trouverez la possibilit\u00e9 de contr\u00f4le \u00e0 distance par t\u00e9l\u00e9commande et un pack de glace pour faciliter un refroidissement plus efficace, comprend \u00e9galement une nouveaut\u00e9 exclusive et est qu&rsquo;il a un mode pour le programmer comme un chauffage de 2000W, ce qui en fait un produit 2 en 1.<\/p>\n<p>Avec un design compact fini en argent avec des d\u00e9tails noirs, ses dimensions (LxlxH: 37,0 x 32,2 x 86,8 cm) et son poids (7,8kg) le rendent id\u00e9al pour les pi\u00e8ces jusqu&rsquo;\u00e0 12m2, et gr\u00e2ce \u00e0 ses roues vous pouvez le d\u00e9placer selon vos propres besoins.<\/p><\/div>\n<\/div>\n<\/div>\n<\/div>\n<\/div>\n<\/div>\n<\/div>\n<\/div>\n<\/div>\n<\/div>\n<\/div>\n<\/div>","protected":false},"excerpt":{"rendered":"<p>Avez-vous d\u00e9j\u00e0 pens\u00e9 \u00e0 un syst\u00e8me de climatisation abordable, simple et confortable pour votre maison? Ce Purline \u00e9vaporatif est la solution pour survivre \u00e0 la chaleur, car il fonctionne gr\u00e2ce \u00e0 une technologie de refroidissement avanc\u00e9e et silencieuse qui prend l&rsquo;eau dans son r\u00e9servoir (3L) et gr\u00e2ce \u00e0 son ionisateur la refroidit et l&rsquo;expulse, rafra\u00eechissant rapidement l&rsquo;air sans compresseurs ni r\u00e9frig\u00e9rants chimiques, totalement \u00e9cologique et bon pour la sant\u00e9.<\/p>","protected":false},"featured_media":9416,"comment_status":"open","ping_status":"closed","template":"","meta":{"inline_featured_image":false,"_joinchat":[]},"product_cat":[26],"product_tag":[],"class_list":{"0":"post-9414","1":"product","2":"type-product","3":"status-publish","4":"has-post-thumbnail","6":"product_cat-electromenagers","8":"first","9":"instock","10":"shipping-taxable","11":"purchasable","12":"product-type-simple"},"_links":{"self":[{"href":"https:\/\/kitchtenstore.com\/fr\/wp-json\/wp\/v2\/product\/9414","targetHints":{"allow":["GET"]}}],"collection":[{"href":"https:\/\/kitchtenstore.com\/fr\/wp-json\/wp\/v2\/product"}],"about":[{"href":"https:\/\/kitchtenstore.com\/fr\/wp-json\/wp\/v2\/types\/product"}],"replies":[{"embeddable":true,"href":"https:\/\/kitchtenstore.com\/fr\/wp-json\/wp\/v2\/comments?post=9414"}],"version-history":[{"count":0,"href":"https:\/\/kitchtenstore.com\/fr\/wp-json\/wp\/v2\/product\/9414\/revisions"}],"wp:featuredmedia":[{"embeddable":true,"href":"https:\/\/kitchtenstore.com\/fr\/wp-json\/wp\/v2\/media\/9416"}],"wp:attachment":[{"href":"https:\/\/kitchtenstore.com\/fr\/wp-json\/wp\/v2\/media?parent=9414"}],"wp:term":[{"taxonomy":"product_cat","embeddable":true,"href":"https:\/\/kitchtenstore.com\/fr\/wp-json\/wp\/v2\/product_cat?post=9414"},{"taxonomy":"product_tag","embeddable":true,"href":"https:\/\/kitchtenstore.com\/fr\/wp-json\/wp\/v2\/product_tag?post=9414"}],"curies":[{"name":"wp","href":"https:\/\/api.w.org\/{rel}","templated":true}]}}