{"id":9405,"date":"2022-07-03T15:37:51","date_gmt":"2022-07-03T15:37:51","guid":{"rendered":"https:\/\/bon10count.com\/?post_type=product&#038;p=9405"},"modified":"2022-07-03T15:37:51","modified_gmt":"2022-07-03T15:37:51","slug":"climatiseur-a-evaporation-a-debit-eleve-et-chauffage-purline","status":"publish","type":"product","link":"https:\/\/kitchtenstore.com\/fr\/produit\/climatiseur-a-evaporation-a-debit-eleve-et-chauffage-purline\/","title":{"rendered":"Climatiseur \u00e0 \u00e9vaporation \u00e0 d\u00e9bit \u00e9lev\u00e9 et chauffage PURLINE"},"content":{"rendered":"<header class=\"f-productLayer__header\">\n<div class=\"f-productLayer__container\">\n<h2 class=\"f-productLayer__title\" data-automation-id=\"title-opinions-layer-label\">DESCRIPTION<\/h2>\n<\/div>\n<\/header>\n<div id=\"f9e17107-6114-478b-b65a-25d3c2d60905\" class=\"f-productLayer__body\">\n<div class=\"f-productLayer__container\" data-automation-id=\"EditorOpinionOrSummary-block\">\n<div class=\"js-Expander expander expander--hasIcon\" data-automation-button=\"expand-EditorOpinionOrSummary-button\" data-automation-content=\"expand-EditorOpinionOrSummary\">\n<div class=\"expander__content\" data-automation-id=\"expand-EditorOpinionOrSummary\">\n<div class=\"f-productDesc\">\n<div class=\"f-productDesc__raw\">Avez-vous d\u00e9j\u00e0 pens\u00e9 \u00e0 un syst\u00e8me de climatisation abordable, simple et confortable pour votre maison? Ce rafra\u00eechisseur par \u00e9vaporation Purline est la solution pour survivre \u00e0 la chaleur, car il fonctionne gr\u00e2ce \u00e0 une technologie de refroidissement avanc\u00e9e et silencieuse qui pr\u00e9l\u00e8ve de l&rsquo;eau dans son r\u00e9servoir (4,5L) et gr\u00e2ce \u00e0 son panneau \u00e9vaporatif en cellulose avec ioniseur et ses deux blocs de glace, la refroidit et l&rsquo;expulse, rafra\u00eechissant rapidement l&rsquo;air sans compresseurs ni r\u00e9frig\u00e9rants chimiques, totalement \u00e9cologique et bon pour la sant\u00e9.<\/p>\n<p>Le RAFY 96 dispose d&rsquo;un panneau num\u00e9rique \u00e0 trois vitesses, d&rsquo;une minuterie (12h) et d&rsquo;une oscillation automatique pour am\u00e9liorer la distribution de l&rsquo;air et offrir une exp\u00e9rience totalement personnalis\u00e9e, il a \u00e9galement une double fonction d&rsquo;humidification et de purification de l&rsquo;air gr\u00e2ce \u00e0 son ventilateur, le tout pour une consommation maximale de 75W, dix fois inf\u00e9rieure \u00e0 celle de n&rsquo;importe quel climatiseur portable. Parmi ses extras vous trouverez la possibilit\u00e9 de contr\u00f4le \u00e0 distance par t\u00e9l\u00e9commande, comprend \u00e9galement une nouveaut\u00e9 exclusive et est qu&rsquo;il a un mode pour le programmer comme un chauffage, ce qui en fait un produit 2 en 1.<\/p>\n<p>Avec un design compact fini en blanc, ses dimensions (LxPxH: 25 x 30,5 x 76,2 cm) et son poids (7,2 kg)le rendent id\u00e9al pour les pi\u00e8ces jusqu&rsquo;\u00e0 12m2, et gr\u00e2ce \u00e0 ses roues vous pouvez le d\u00e9placer selon vos propres besoins.<\/p><\/div>\n<\/div>\n<\/div>\n<\/div>\n<\/div>\n<\/div>","protected":false},"excerpt":{"rendered":"<div class=\"f-productPageMain__variantAndOffers js-variantAndOffers\">\n<div class=\"f-productSection f-productDesc\">\n<div class=\"f-productSection__body f-productDesc__body\">\n<div class=\"f-productDesc__raw\">Avez-vous d\u00e9j\u00e0 pens\u00e9 \u00e0 un syst\u00e8me de climatisation abordable, simple et confortable pour votre maison? Ce rafra\u00eechisseur par \u00e9vaporation Purline est la solution pour survivre \u00e0 la chaleur, car il fonctionne gr\u00e2ce \u00e0 une technologie de refroidissement avanc\u00e9e et silencieuse qui pr\u00e9l\u00e8ve de l&rsquo;eau dans son r\u00e9servoir (4,5L) et gr\u00e2ce \u00e0 son panneau \u00e9vaporatif en cellulose avec ioniseur et ses deux blocs de glace, la refroidit et l&rsquo;expulse, rafra\u00eechissant rapidement l&rsquo;air sans compresseurs ni r\u00e9frig\u00e9rants chimiques, totalement&#8230;<\/div>\n<\/div>\n<\/div>\n<\/div>\n<div class=\"f-productPageMain__buyBox js-buybox\">\n<div class=\"f-productSection f-priceBox js-priceBox\">\n<form id=\"e3b2ef83-fbf0-4cf8-8b26-9d565ee90409\" class=\"js-ProductBuy js-marketPlaceBuyBox\" action=\"https:\/\/secure.fnac.com\/basket\/add\" method=\"post\" data-catalog=\"3\" data-availability=\"0\" data-nature=\"physic\" data-eq-natures=\"\" data-offer-types=\"professional\">\n<div class=\"f-productOffers-mp js-marketPlaceBuyBox\">\n<div class=\"f-productOffers-content\">\n<div class=\"f-productSection f-faPriceBox js-OfferPriceSwitcher priceBox-mp js-mpPriceBox\"><\/div>\n<\/div>\n<\/div>\n<\/form>\n<\/div>\n<\/div>","protected":false},"featured_media":9407,"comment_status":"open","ping_status":"closed","template":"","meta":{"inline_featured_image":false,"_joinchat":[]},"product_cat":[26],"product_tag":[],"class_list":{"0":"post-9405","1":"product","2":"type-product","3":"status-publish","4":"has-post-thumbnail","6":"product_cat-electromenagers","8":"first","9":"instock","10":"shipping-taxable","11":"purchasable","12":"product-type-simple"},"_links":{"self":[{"href":"https:\/\/kitchtenstore.com\/fr\/wp-json\/wp\/v2\/product\/9405","targetHints":{"allow":["GET"]}}],"collection":[{"href":"https:\/\/kitchtenstore.com\/fr\/wp-json\/wp\/v2\/product"}],"about":[{"href":"https:\/\/kitchtenstore.com\/fr\/wp-json\/wp\/v2\/types\/product"}],"replies":[{"embeddable":true,"href":"https:\/\/kitchtenstore.com\/fr\/wp-json\/wp\/v2\/comments?post=9405"}],"version-history":[{"count":0,"href":"https:\/\/kitchtenstore.com\/fr\/wp-json\/wp\/v2\/product\/9405\/revisions"}],"wp:featuredmedia":[{"embeddable":true,"href":"https:\/\/kitchtenstore.com\/fr\/wp-json\/wp\/v2\/media\/9407"}],"wp:attachment":[{"href":"https:\/\/kitchtenstore.com\/fr\/wp-json\/wp\/v2\/media?parent=9405"}],"wp:term":[{"taxonomy":"product_cat","embeddable":true,"href":"https:\/\/kitchtenstore.com\/fr\/wp-json\/wp\/v2\/product_cat?post=9405"},{"taxonomy":"product_tag","embeddable":true,"href":"https:\/\/kitchtenstore.com\/fr\/wp-json\/wp\/v2\/product_tag?post=9405"}],"curies":[{"name":"wp","href":"https:\/\/api.w.org\/{rel}","templated":true}]}}