{"id":9401,"date":"2022-07-03T15:35:08","date_gmt":"2022-07-03T15:35:08","guid":{"rendered":"https:\/\/bon10count.com\/?post_type=product&#038;p=9401"},"modified":"2022-07-03T15:35:08","modified_gmt":"2022-07-03T15:35:08","slug":"climatiseur-mobile-climatisation-reversible-3400-w-12-000-btu-h-classe-energetique-a-debit-dair-350-m3-h-beko-blanc","status":"publish","type":"product","link":"https:\/\/kitchtenstore.com\/fr\/produit\/climatiseur-mobile-climatisation-reversible-3400-w-12-000-btu-h-classe-energetique-a-debit-dair-350-m3-h-beko-blanc\/","title":{"rendered":"Climatiseur Mobile &#8211; Climatisation r\u00e9versible &#8211; &#8211; 3400 W &#8211; 12 000 BTU\/h &#8211; Classe \u00e9nerg\u00e9tique A &#8211; D\u00e9bit d&rsquo;air : 350 m3\/h BEKO blanc"},"content":{"rendered":"<section id=\"Opinions\" class=\"f-productLayerGrid__section js-productSection fa-strate-summary js-strate-flixmedia\" data-strate-type=\"Opinions\" data-strate-async=\"false\" data-strate-url=\"\/Nav\/API\/Article\/GetStrate?prid=46634277&amp;catalogRef=3&amp;strateType=Opinions\" data-automation-id=\"opinions-layer-block\">\n<div class=\"f-productLayerGrid__col\">\n<div class=\"f-productLayer\">\n<div id=\"e5dd4e9c-6879-4b3a-ae5c-c417d710826c\" class=\"f-productLayer__body\">\n<div class=\"f-productLayer__container\" data-automation-id=\"EditorOpinionOrSummary-block\">\n<div class=\"js-Expander expander expander--hasIcon\" data-automation-button=\"expand-EditorOpinionOrSummary-button\" data-automation-content=\"expand-EditorOpinionOrSummary\">\n<div class=\"expander__content\" data-automation-id=\"expand-EditorOpinionOrSummary\">\n<div class=\"f-productDesc\">\n<div class=\"f-productDesc__raw\">Climatiseur mobile r\u00e9versible 3400 W &#8211; 12 000 BTU\/h &#8211; Classe \u00e9nerg\u00e9tique A &#8211; Niveau sonore maxi : 64 dB(A) &#8211; D\u00e9bit d&rsquo;air : 350 m3\/h &#8211; Fonction d\u00e9shumidificateur : 1 L\/h &#8211; Programmable sur 24 h &#8211; Display LED blancs avec affichage de la temp\u00e9rature ambiante &#8211; T\u00e9l\u00e9commande &#8211; Pieces de 30-37 m2<\/div>\n<\/div>\n<\/div>\n<\/div>\n<\/div>\n<\/div>\n<\/div>\n<\/div>\n<\/section>\n<section id=\"CustomerReviews\" class=\"f-productLayerGrid__section js-productSection\" data-strate-type=\"CustomerReviews\" data-strate-async=\"false\" data-strate-url=\"\/Nav\/API\/Article\/GetStrate?prid=46634277&amp;catalogRef=3&amp;strateType=CustomerReviews\" data-automation-id=\"customer-reviews-layerblock\">\n<div class=\"f-productLayer\">\n<header class=\"f-productLayer__header\">\n<div class=\"f-productLayer__container\"><\/div>\n<\/header>\n<\/div>\n<\/section>","protected":false},"excerpt":{"rendered":"<section id=\"Opinions\" class=\"f-productLayerGrid__section js-productSection fa-strate-summary js-strate-flixmedia\" data-strate-type=\"Opinions\" data-strate-async=\"false\" data-strate-url=\"\/Nav\/API\/Article\/GetStrate?prid=46634277&amp;catalogRef=3&amp;strateType=Opinions\" data-automation-id=\"opinions-layer-block\">\n<div class=\"f-productLayerGrid__col\">\n<div class=\"f-productLayer\">\n<div id=\"e5dd4e9c-6879-4b3a-ae5c-c417d710826c\" class=\"f-productLayer__body\">\n<div class=\"f-productLayer__container\" data-automation-id=\"EditorOpinionOrSummary-block\">\n<div class=\"js-Expander expander expander--hasIcon\" data-automation-button=\"expand-EditorOpinionOrSummary-button\" data-automation-content=\"expand-EditorOpinionOrSummary\">\n<div class=\"expander__content\" data-automation-id=\"expand-EditorOpinionOrSummary\">\n<div class=\"f-productDesc\">\n<div class=\"f-productDesc__raw\">Climatiseur mobile r\u00e9versible 3400 W &#8211; 12 000 BTU\/h &#8211; Classe \u00e9nerg\u00e9tique A &#8211; Niveau sonore maxi : 64 dB(A) &#8211; D\u00e9bit d&rsquo;air : 350 m3\/h &#8211; Fonction d\u00e9shumidificateur : 1 L\/h &#8211; Programmable sur 24 h &#8211; Display LED blancs avec affichage de la temp\u00e9rature ambiante &#8211; T\u00e9l\u00e9commande &#8211; Pieces de 30-37 m2<\/div>\n<\/div>\n<\/div>\n<\/div>\n<\/div>\n<\/div>\n<\/div>\n<\/div>\n<\/section>\n<section id=\"CustomerReviews\" class=\"f-productLayerGrid__section js-productSection\" data-strate-type=\"CustomerReviews\" data-strate-async=\"false\" data-strate-url=\"\/Nav\/API\/Article\/GetStrate?prid=46634277&amp;catalogRef=3&amp;strateType=CustomerReviews\" data-automation-id=\"customer-reviews-layerblock\">\n<div class=\"f-productLayer\">\n<header class=\"f-productLayer__header\">\n<div class=\"f-productLayer__container\"><\/div>\n<\/header>\n<\/div>\n<\/section>","protected":false},"featured_media":9404,"comment_status":"open","ping_status":"closed","template":"","meta":{"inline_featured_image":false,"_joinchat":[]},"product_cat":[26],"product_tag":[],"class_list":{"0":"post-9401","1":"product","2":"type-product","3":"status-publish","4":"has-post-thumbnail","6":"product_cat-electromenagers","8":"first","9":"instock","10":"shipping-taxable","11":"purchasable","12":"product-type-simple"},"_links":{"self":[{"href":"https:\/\/kitchtenstore.com\/fr\/wp-json\/wp\/v2\/product\/9401","targetHints":{"allow":["GET"]}}],"collection":[{"href":"https:\/\/kitchtenstore.com\/fr\/wp-json\/wp\/v2\/product"}],"about":[{"href":"https:\/\/kitchtenstore.com\/fr\/wp-json\/wp\/v2\/types\/product"}],"replies":[{"embeddable":true,"href":"https:\/\/kitchtenstore.com\/fr\/wp-json\/wp\/v2\/comments?post=9401"}],"version-history":[{"count":0,"href":"https:\/\/kitchtenstore.com\/fr\/wp-json\/wp\/v2\/product\/9401\/revisions"}],"wp:featuredmedia":[{"embeddable":true,"href":"https:\/\/kitchtenstore.com\/fr\/wp-json\/wp\/v2\/media\/9404"}],"wp:attachment":[{"href":"https:\/\/kitchtenstore.com\/fr\/wp-json\/wp\/v2\/media?parent=9401"}],"wp:term":[{"taxonomy":"product_cat","embeddable":true,"href":"https:\/\/kitchtenstore.com\/fr\/wp-json\/wp\/v2\/product_cat?post=9401"},{"taxonomy":"product_tag","embeddable":true,"href":"https:\/\/kitchtenstore.com\/fr\/wp-json\/wp\/v2\/product_tag?post=9401"}],"curies":[{"name":"wp","href":"https:\/\/api.w.org\/{rel}","templated":true}]}}