{"id":9396,"date":"2022-07-03T15:24:16","date_gmt":"2022-07-03T15:24:16","guid":{"rendered":"https:\/\/bon10count.com\/?post_type=product&#038;p=9396"},"modified":"2022-07-03T15:24:16","modified_gmt":"2022-07-03T15:24:16","slug":"electrolux-surroundcook-600-lkr64850aw-cuisiniere-pose-libre-largeur-59-6-cm-profondeur-60-cm-hauteur-84-7-cm-avec-systeme-auto-nettoyant-blanc","status":"publish","type":"product","link":"https:\/\/kitchtenstore.com\/fr\/produit\/electrolux-surroundcook-600-lkr64850aw-cuisiniere-pose-libre-largeur-59-6-cm-profondeur-60-cm-hauteur-84-7-cm-avec-systeme-auto-nettoyant-blanc\/","title":{"rendered":"Electrolux SurroundCook 600 LKR64850AW &#8211; Cuisini\u00e8re &#8211; pose libre &#8211; largeur : 59.6 cm &#8211; profondeur : 60 cm &#8211; hauteur : 84.7 cm &#8211; avec syst\u00e8me auto-nettoyant &#8211; blanc"},"content":{"rendered":"<section id=\"Opinions\" class=\"f-productLayerGrid__section js-productSection fa-strate-summary js-strate-flixmedia\" data-strate-type=\"Opinions\" data-strate-async=\"false\" data-strate-url=\"\/Nav\/API\/Article\/GetStrate?prid=44831437&amp;catalogRef=3&amp;strateType=Opinions\" data-automation-id=\"opinions-layer-block\">\n<div class=\"f-productLayerGrid__col\">\n<div class=\"f-productLayer\">\n<div id=\"fa0b75b4-9c77-48be-b2d5-422f82500457\" class=\"f-productLayer__body\">\n<div class=\"f-productLayer__container\" data-automation-id=\"EditorOpinionOrSummary-block\">\n<div class=\"js-Expander expander expander--hasIcon\" data-automation-button=\"expand-EditorOpinionOrSummary-button\" data-automation-content=\"expand-EditorOpinionOrSummary\">\n<div class=\"expander__content\" data-automation-id=\"expand-EditorOpinionOrSummary\">\n<div class=\"f-productDesc\">\n<div class=\"f-productDesc__raw\">Avec le four autonettoyant pyrolyse, vous pouvez atteindre des niveaux professionnels de propret\u00e9 en une seule touche. Il transforme les r\u00e9sidus en cendres qui peuvent \u00eatre essuy\u00e9es avec un chiffon humide<\/div>\n<\/div>\n<\/div>\n<\/div>\n<\/div>\n<\/div>\n<\/div>\n<\/div>\n<\/section>\n<section id=\"CustomerReviews\" class=\"f-productLayerGrid__section js-productSection\" data-strate-type=\"CustomerReviews\" data-strate-async=\"false\" data-strate-url=\"\/Nav\/API\/Article\/GetStrate?prid=44831437&amp;catalogRef=3&amp;strateType=CustomerReviews\" data-automation-id=\"customer-reviews-layerblock\">\n<div class=\"f-productLayer\">\n<header class=\"f-productLayer__header\">\n<div class=\"f-productLayer__container\"><\/div>\n<\/header>\n<\/div>\n<\/section>","protected":false},"excerpt":{"rendered":"<header class=\"f-productLayer__header\">\n<div class=\"f-productLayer__container\">\n<h2 class=\"f-productLayer__title\" data-automation-id=\"title-characteristics-layer-label\">CARACT\u00c9RISTIQUES<\/h2>\n<\/div>\n<\/header>\n<div id=\"5bda88ce-dc9e-43b9-9d0e-910a894f18c0\" class=\"f-productLayer__body f-productProperties\">\n<div class=\"f-productLayer__container f-productProperties__container\" data-automation-id=\"simple-characteristics-content-block\">\n<div class=\"js-Expander expander expander--hasIcon\" data-automation-button=\"expand-characteristics-content-button\" data-automation-content=\"expand-characteristics-content\">\n<div class=\"expander__content\" data-automation-id=\"expand-characteristics-content\">\n<div class=\"f-productProperties__columns\">\n<div class=\"f-productProperties__col\">\n<dl class=\"f-productProperties__item\">\n<dt class=\"f-productProperties__term\">Couleur<\/dt>\n<dd class=\"f-productProperties__definition\">Blanc<\/dd>\n<\/dl>\n<dl class=\"f-productProperties__item\">\n<dt class=\"f-productProperties__term\">Largeur du produit<\/dt>\n<dd class=\"f-productProperties__definition\">59,60 cm<\/dd>\n<\/dl>\n<dl class=\"f-productProperties__item\">\n<dt class=\"f-productProperties__term\">Profondeur<\/dt>\n<dd class=\"f-productProperties__definition\">60,00 cm<\/dd>\n<\/dl>\n<\/div>\n<div class=\"f-productProperties__col\">\n<dl class=\"f-productProperties__item\">\n<dt class=\"f-productProperties__term\">Hauteur du produit<\/dt>\n<dd class=\"f-productProperties__definition\">84,70 cm<\/dd>\n<\/dl>\n<dl class=\"f-productProperties__item\">\n<dt class=\"f-productProperties__term\">Poids du produit<\/dt>\n<dd class=\"f-productProperties__definition\">51,70 Kg<\/dd>\n<\/dl>\n<\/div>\n<\/div>\n<\/div>\n<\/div>\n<\/div>\n<\/div>","protected":false},"featured_media":9397,"comment_status":"open","ping_status":"closed","template":"","meta":{"inline_featured_image":false,"_joinchat":[]},"product_cat":[26],"product_tag":[],"class_list":{"0":"post-9396","1":"product","2":"type-product","3":"status-publish","4":"has-post-thumbnail","6":"product_cat-electromenagers","8":"first","9":"instock","10":"shipping-taxable","11":"purchasable","12":"product-type-simple"},"_links":{"self":[{"href":"https:\/\/kitchtenstore.com\/fr\/wp-json\/wp\/v2\/product\/9396","targetHints":{"allow":["GET"]}}],"collection":[{"href":"https:\/\/kitchtenstore.com\/fr\/wp-json\/wp\/v2\/product"}],"about":[{"href":"https:\/\/kitchtenstore.com\/fr\/wp-json\/wp\/v2\/types\/product"}],"replies":[{"embeddable":true,"href":"https:\/\/kitchtenstore.com\/fr\/wp-json\/wp\/v2\/comments?post=9396"}],"version-history":[{"count":0,"href":"https:\/\/kitchtenstore.com\/fr\/wp-json\/wp\/v2\/product\/9396\/revisions"}],"wp:featuredmedia":[{"embeddable":true,"href":"https:\/\/kitchtenstore.com\/fr\/wp-json\/wp\/v2\/media\/9397"}],"wp:attachment":[{"href":"https:\/\/kitchtenstore.com\/fr\/wp-json\/wp\/v2\/media?parent=9396"}],"wp:term":[{"taxonomy":"product_cat","embeddable":true,"href":"https:\/\/kitchtenstore.com\/fr\/wp-json\/wp\/v2\/product_cat?post=9396"},{"taxonomy":"product_tag","embeddable":true,"href":"https:\/\/kitchtenstore.com\/fr\/wp-json\/wp\/v2\/product_tag?post=9396"}],"curies":[{"name":"wp","href":"https:\/\/api.w.org\/{rel}","templated":true}]}}