{"id":9368,"date":"2022-07-03T14:20:46","date_gmt":"2022-07-03T14:20:46","guid":{"rendered":"https:\/\/bon10count.com\/?post_type=product&#038;p=9368"},"modified":"2022-07-03T14:20:46","modified_gmt":"2022-07-03T14:20:46","slug":"lave-vaisselle-encastrable-electrolux-14-couverts-59-6cm-e-1139444","status":"publish","type":"product","link":"https:\/\/kitchtenstore.com\/fr\/produit\/lave-vaisselle-encastrable-electrolux-14-couverts-59-6cm-e-1139444\/","title":{"rendered":"Lave-vaisselle encastrable ELECTROLUX 14 Couverts 59.6cm E, 1139444"},"content":{"rendered":"<header class=\"f-productLayer__header\">\n<div class=\"f-productLayer__container\">\n<h2 class=\"f-productLayer__title\" data-automation-id=\"title-characteristics-layer-label\">CARACT\u00c9RISTIQUES<\/h2>\n<\/div>\n<\/header>\n<div id=\"976ba2e8-b27a-4099-a90d-ddc813c04772\" class=\"f-productLayer__body f-productProperties\">\n<div class=\"f-productLayer__container f-productProperties__container\" data-automation-id=\"simple-characteristics-content-block\">\n<div class=\"js-Expander expander expander--hasIcon collapsed\" data-automation-button=\"expand-characteristics-content-button\" data-automation-content=\"expand-characteristics-content\">\n<div class=\"expander__content\" data-automation-id=\"expand-characteristics-content\" aria-expanded=\"true\">\n<div class=\"f-productProperties__columns\">\n<div class=\"f-productProperties__col\">\n<dl class=\"f-productProperties__item\">\n<dt class=\"f-productProperties__term\">Type de pose<\/dt>\n<dd class=\"f-productProperties__definition\">Encastrable<\/dd>\n<\/dl>\n<dl class=\"f-productProperties__item\">\n<dt class=\"f-productProperties__term\">Nombre de couverts<\/dt>\n<dd class=\"f-productProperties__definition\">14<\/dd>\n<\/dl>\n<dl class=\"f-productProperties__item\">\n<dt class=\"f-productProperties__term\">Niveau sonore<\/dt>\n<dd class=\"f-productProperties__definition\">44 dB<\/dd>\n<\/dl>\n<dl class=\"f-productProperties__item\">\n<dt class=\"f-productProperties__term\">Classe \u00e9nerg\u00e9tique<\/dt>\n<dd class=\"f-productProperties__definition\">A++<\/dd>\n<\/dl>\n<dl class=\"f-productProperties__item\">\n<dt class=\"f-productProperties__term\">Hauteur d&rsquo;encastrement<\/dt>\n<dd class=\"f-productProperties__definition\">82 cm<\/dd>\n<\/dl>\n<dl class=\"f-productProperties__item\">\n<dt class=\"f-productProperties__term\">Largeur d&rsquo;encastrement<\/dt>\n<dd class=\"f-productProperties__definition\">60 cm<\/dd>\n<\/dl>\n<dl class=\"f-productProperties__item\">\n<dt class=\"f-productProperties__term\">Profondeur d&rsquo;encastrement<\/dt>\n<dd class=\"f-productProperties__definition\">55 cm<\/dd>\n<\/dl>\n<dl class=\"f-productProperties__item\">\n<dt class=\"f-productProperties__term\">Nombre de programmes<\/dt>\n<dd class=\"f-productProperties__definition\">8<\/dd>\n<\/dl>\n<dl class=\"f-productProperties__item  f-productProperties__item--long\">\n<dt class=\"f-productProperties__term\">Programme(s)<\/dt>\n<dd class=\"f-productProperties__definition\">160 Minutes 60\u00b0C, 60 Minutes 60\u00b0C, 90 Minutes 60\u00b0C, AUTO Sense 50 &#8211; 60\u00b0C, Eco 50\u00b0C, Auto-nettoyage, Quick 30 Minutes, Lavage d&rsquo;attente<\/dd>\n<\/dl>\n<dl class=\"f-productProperties__item  f-productProperties__item--long\">\n<dt class=\"f-productProperties__term\">Avantages produits<\/dt>\n<dd class=\"f-productProperties__definition\">Encastrable, Largeur 60 cm (14 couverts), 44 dB, Consommation d&rsquo;eau 10.5 L\/cycle, Classe A++, Rangement optimis\u00e9 des verres y compris les grands verres \u00e0 pied, Programmation intuitive QuickSelect, Tiroir MaxiFlex, Technologie de s\u00e9chage AirDry<\/dd>\n<\/dl>\n<\/div>\n<div class=\"f-productProperties__col\">\n<dl class=\"f-productProperties__item  f-productProperties__item--long\">\n<dt class=\"f-productProperties__term\">Caract\u00e9ristiques compl\u00e9mentaires<\/dt>\n<dd class=\"f-productProperties__definition\">&nbsp;<\/p>\n<p><span style=\"font-family: Calibri;\">Nombre de couverts\u00a0: 14\u00a0; Conso. \u00e9nerg\u00e9tique annuelle (kWh\/an)\u00a0: 266\u00a0; Efficacit\u00e9 de s\u00e9chage\u00a0: A\u00a0; Dur\u00e9e du cycle de r\u00e9f\u00e9rence (min)*\u00a0: 240\u00a0; Niveau sonore dB(A)**\u00a0: 44\u00a0; Efficacit\u00e9 de lavage\u00a0: A\u00a0; Type d&rsquo;installation de la porte d&rsquo;habillage: SmartFit\u00a0; Type de s\u00e9chage\u00a0: AirDry Technology\u00a0; Tension(V)\u00a0: 220-240\u00a0; Longueur de c\u00e2ble (m)\u00a0: 1.5<\/span><\/p>\n<p>, Type de produit: Lave Vaisselle, Alimentation: 10 A<\/p>\n<p>Habillage de porte non fourni<\/dd>\n<\/dl>\n<dl class=\"f-productProperties__item\">\n<dt class=\"f-productProperties__term\">Couleur<\/dt>\n<dd class=\"f-productProperties__definition\">Blanc<\/dd>\n<\/dl>\n<dl class=\"f-productProperties__item\">\n<dt class=\"f-productProperties__term\">Coloris<\/dt>\n<dd class=\"f-productProperties__definition\">Blanc<\/dd>\n<\/dl>\n<dl class=\"f-productProperties__item\">\n<dt class=\"f-productProperties__term\">Longueur du produit<\/dt>\n<dd class=\"f-productProperties__definition\">55 cm<\/dd>\n<\/dl>\n<dl class=\"f-productProperties__item\">\n<dt class=\"f-productProperties__term\">Largeur du produit<\/dt>\n<dd class=\"f-productProperties__definition\">59,6 cm<\/dd>\n<\/dl>\n<dl class=\"f-productProperties__item\">\n<dt class=\"f-productProperties__term\">Hauteur du produit<\/dt>\n<dd class=\"f-productProperties__definition\">81,8 cm<\/dd>\n<\/dl>\n<dl class=\"f-productProperties__item\">\n<dt class=\"f-productProperties__term\">Poids du produit<\/dt>\n<dd class=\"f-productProperties__definition\">38950 g<\/dd>\n<\/dl>\n<dl class=\"f-productProperties__item\">\n<dt class=\"f-productProperties__term\">Disponibilit\u00e9 des pi\u00e8ces d\u00e9tach\u00e9es<\/dt>\n<dd class=\"f-productProperties__definition\">10 ANS<\/dd>\n<\/dl>\n<dl class=\"f-productProperties__item\">\n<dt class=\"f-productProperties__term\">Poids<\/dt>\n<dd class=\"f-productProperties__definition\">38950.00 g<\/dd>\n<\/dl>\n<dl class=\"f-productProperties__item\">\n<dt class=\"f-productProperties__term\">SKU<\/dt>\n<dd class=\"f-productProperties__definition\">9144746<\/dd>\n<\/dl>\n<\/div>\n<\/div>\n<\/div>\n<\/div>\n<\/div>\n<\/div>","protected":false},"excerpt":{"rendered":"<div class=\"f-productSection f-productDesc\">\n<div class=\"f-productSection__body f-productDesc__body\">\n<div class=\"f-productDesc__raw\">Prenez soin de vos verres gr\u00e2ce \u00e0 SoftGrips et SoftSpikes GlassCare S\u00e9rie 700 permet de prendre soin des verres gr\u00e2ce \u00e0 SoftGrips et SoftSpikes pr\u00e9sents sur le panier sup\u00e9rieur. Dans le panier inf\u00e9rieur, le GlassHolder garantit que m\u00eame les grands verres \u00e0 pied sont en s\u00e9curit\u00e9. Vos grands verres sont en lieu s\u00fbr gr\u00e2ce \u00e0 GlassHolder GlassHolder permet de prendre soin des verres. Astucieux pour le lavage des grands verres qu\u2019on peut positionner dans le panier inf\u00e9rieur, pratique pour multiplier la capacit\u00e9 de lavage du&#8230;<\/div>\n<\/div>\n<\/div>\n<div class=\"f-productSection f-productProperties\">\n<div class=\"f-productSection__header\"><\/div>\n<\/div>","protected":false},"featured_media":9370,"comment_status":"open","ping_status":"closed","template":"","meta":{"inline_featured_image":false,"_joinchat":[]},"product_cat":[26],"product_tag":[],"class_list":{"0":"post-9368","1":"product","2":"type-product","3":"status-publish","4":"has-post-thumbnail","6":"product_cat-electromenagers","8":"first","9":"instock","10":"shipping-taxable","11":"purchasable","12":"product-type-simple"},"_links":{"self":[{"href":"https:\/\/kitchtenstore.com\/fr\/wp-json\/wp\/v2\/product\/9368","targetHints":{"allow":["GET"]}}],"collection":[{"href":"https:\/\/kitchtenstore.com\/fr\/wp-json\/wp\/v2\/product"}],"about":[{"href":"https:\/\/kitchtenstore.com\/fr\/wp-json\/wp\/v2\/types\/product"}],"replies":[{"embeddable":true,"href":"https:\/\/kitchtenstore.com\/fr\/wp-json\/wp\/v2\/comments?post=9368"}],"version-history":[{"count":0,"href":"https:\/\/kitchtenstore.com\/fr\/wp-json\/wp\/v2\/product\/9368\/revisions"}],"wp:featuredmedia":[{"embeddable":true,"href":"https:\/\/kitchtenstore.com\/fr\/wp-json\/wp\/v2\/media\/9370"}],"wp:attachment":[{"href":"https:\/\/kitchtenstore.com\/fr\/wp-json\/wp\/v2\/media?parent=9368"}],"wp:term":[{"taxonomy":"product_cat","embeddable":true,"href":"https:\/\/kitchtenstore.com\/fr\/wp-json\/wp\/v2\/product_cat?post=9368"},{"taxonomy":"product_tag","embeddable":true,"href":"https:\/\/kitchtenstore.com\/fr\/wp-json\/wp\/v2\/product_tag?post=9368"}],"curies":[{"name":"wp","href":"https:\/\/api.w.org\/{rel}","templated":true}]}}