{"id":9365,"date":"2022-07-03T14:18:18","date_gmt":"2022-07-03T14:18:18","guid":{"rendered":"https:\/\/bon10count.com\/?post_type=product&#038;p=9365"},"modified":"2022-07-03T14:18:18","modified_gmt":"2022-07-03T14:18:18","slug":"whirlpool-supreme-clean-wrfc3c26x-lave-vaisselle-largeur-60-cm-profondeur-60-cm-hauteur-85-cm","status":"publish","type":"product","link":"https:\/\/kitchtenstore.com\/fr\/produit\/whirlpool-supreme-clean-wrfc3c26x-lave-vaisselle-largeur-60-cm-profondeur-60-cm-hauteur-85-cm\/","title":{"rendered":"Whirlpool Supreme Clean WRFC3C26X &#8211; Lave-vaisselle &#8211; largeur : 60 cm &#8211; profondeur : 60 cm &#8211; hauteur : 85 cm"},"content":{"rendered":"<header class=\"f-productLayer__header\">\n<div class=\"f-productLayer__container\">\n<h2 class=\"f-productLayer__title\" data-automation-id=\"title-opinions-layer-label\">DESCRIPTION<\/h2>\n<\/div>\n<\/header>\n<div id=\"a26be706-a486-4232-a70b-a9a04e6684fe\" class=\"f-productLayer__body\">\n<div class=\"f-productLayer__container\" data-automation-id=\"EditorOpinionOrSummary-block\">\n<div class=\"js-Expander expander expander--hasIcon collapsed\" data-automation-button=\"expand-EditorOpinionOrSummary-button\" data-automation-content=\"expand-EditorOpinionOrSummary\">\n<div class=\"expander__content\" data-automation-id=\"expand-EditorOpinionOrSummary\" aria-expanded=\"true\">\n<div class=\"f-productDesc\">\n<div class=\"f-productDesc__raw\">Lave-vaisselle WHIRLPOOL WRFC3C26X.- Programmateur 6\u00e8me Sens : programmateur intelligent qui permet d&rsquo;\u00e9conomiser jusqu&rsquo;\u00e0 50% d&rsquo;eau, d&rsquo;\u00e9lectricit\u00e9 et de temps ! -Il s&rsquo;adapte au degr\u00e9 de salissure de la vaisselle.<br \/>\nType de Produit : Lave-vaisselle.<br \/>\n8 programmes dont 6\u00e8me Sens : 45-60\u00b0C.<br \/>\nOptions : Tablettes, Multizone et Rin\u00e7age antibact\u00e9rien.<br \/>\nPanier sup\u00e9rieur : r\u00e9glable en hauteur.<br \/>\nMoteur : induction.<br \/>\nD\u00e9part diff\u00e9r\u00e9 : jusqu&rsquo;\u00e0 24 heures.<br \/>\nAffichage du temps : restant.<br \/>\nS\u00e9curit\u00e9 : anti-d\u00e9bordement.<br \/>\nFinition : inox.<br \/>\nClasse d&rsquo;efficacit\u00e9 \u00e9nerg\u00e9tique : Classe E.<br \/>\nNombre de couverts : 14.<br \/>\nConsommation d&rsquo;\u00e9nergie annuelle : 265kWh.<br \/>\nConsommation d&rsquo;eau annuelle : 2520l.<br \/>\nClasse d&rsquo;efficacit\u00e9 de s\u00e9chage : Classe A.<br \/>\nNiveau sonore maximum : 46dB.<br \/>\nFormat : Pose libre ( peut \u00eatre int\u00e9gr\u00e9 ).<br \/>\nType d&rsquo;installation : Sous-plan.<br \/>\nClasse de lavage : Classe A.<br \/>\nNbre de programmes : 8.<br \/>\nConsommation d&rsquo;eau par cycle : 9l.<br \/>\nAlimentation : 220 &#8211; 240 V \/ 50Hz.<br \/>\nDimensions (LxPxH) : 60 cm x 60 cm x 85 cm<br \/>\nPoids : 47kg.<\/div>\n<\/div>\n<\/div>\n<\/div>\n<\/div>\n<\/div>","protected":false},"excerpt":{"rendered":"<p>Lave-vaisselle WHIRLPOOL WRFC3C26X.- Programmateur 6\u00e8me Sens : programmateur intelligent qui permet d&rsquo;\u00e9conomiser jusqu&rsquo;\u00e0 50% d&rsquo;eau, d&rsquo;\u00e9lectricit\u00e9 et de temps ! -Il s&rsquo;adapte au degr\u00e9 de salissure de la vaisselle.<br \/>\nType de Produit : Lave-vaisselle.<br \/>\n8 programmes dont 6\u00e8me Sens : 45-60\u00b0C.<br \/>\nOptions : Tablettes, Multizone et Rin\u00e7age antibact\u00e9rien.<br \/>\nPanier sup\u00e9rieur : r\u00e9glable en hauteur.<br \/>\nMoteur : induction.<br \/>\nD\u00e9part diff\u00e9r\u00e9 : jusqu&rsquo;\u00e0 24 heures.<br \/>\nAffichage du temps : restant.<br \/>\nS\u00e9curit\u00e9 : anti-d\u00e9bordement.<br \/>\nFinition : inox&#8230;.<\/p>","protected":false},"featured_media":9367,"comment_status":"open","ping_status":"closed","template":"","meta":{"inline_featured_image":false,"_joinchat":[]},"product_cat":[26],"product_tag":[],"class_list":{"0":"post-9365","1":"product","2":"type-product","3":"status-publish","4":"has-post-thumbnail","6":"product_cat-electromenagers","8":"first","9":"instock","10":"shipping-taxable","11":"purchasable","12":"product-type-simple"},"_links":{"self":[{"href":"https:\/\/kitchtenstore.com\/fr\/wp-json\/wp\/v2\/product\/9365","targetHints":{"allow":["GET"]}}],"collection":[{"href":"https:\/\/kitchtenstore.com\/fr\/wp-json\/wp\/v2\/product"}],"about":[{"href":"https:\/\/kitchtenstore.com\/fr\/wp-json\/wp\/v2\/types\/product"}],"replies":[{"embeddable":true,"href":"https:\/\/kitchtenstore.com\/fr\/wp-json\/wp\/v2\/comments?post=9365"}],"version-history":[{"count":0,"href":"https:\/\/kitchtenstore.com\/fr\/wp-json\/wp\/v2\/product\/9365\/revisions"}],"wp:featuredmedia":[{"embeddable":true,"href":"https:\/\/kitchtenstore.com\/fr\/wp-json\/wp\/v2\/media\/9367"}],"wp:attachment":[{"href":"https:\/\/kitchtenstore.com\/fr\/wp-json\/wp\/v2\/media?parent=9365"}],"wp:term":[{"taxonomy":"product_cat","embeddable":true,"href":"https:\/\/kitchtenstore.com\/fr\/wp-json\/wp\/v2\/product_cat?post=9365"},{"taxonomy":"product_tag","embeddable":true,"href":"https:\/\/kitchtenstore.com\/fr\/wp-json\/wp\/v2\/product_tag?post=9365"}],"curies":[{"name":"wp","href":"https:\/\/api.w.org\/{rel}","templated":true}]}}