{"id":9358,"date":"2022-07-03T14:03:20","date_gmt":"2022-07-03T14:03:20","guid":{"rendered":"https:\/\/bon10count.com\/?post_type=product&#038;p=9358"},"modified":"2022-07-03T14:03:20","modified_gmt":"2022-07-03T14:03:20","slug":"haier-hd90-a636-seche-linge-largeur-59-5-cm-profondeur-64-5-cm-hauteur-85-cm-chargement-frontal-blanc","status":"publish","type":"product","link":"https:\/\/kitchtenstore.com\/fr\/produit\/haier-hd90-a636-seche-linge-largeur-59-5-cm-profondeur-64-5-cm-hauteur-85-cm-chargement-frontal-blanc\/","title":{"rendered":"Haier HD90-A636 &#8211; S\u00e8che-linge &#8211; largeur : 59.5 cm &#8211; profondeur : 64.5 cm &#8211; hauteur : 85 cm &#8211; chargement frontal &#8211; blanc"},"content":{"rendered":"<header class=\"f-productLayer__header\">\n<div class=\"f-productLayer__container\">\n<h2 class=\"f-productLayer__title\" data-automation-id=\"title-characteristics-layer-label\">CARACT\u00c9RISTIQUES<\/h2>\n<\/div>\n<\/header>\n<div id=\"6a2c2542-9093-4f93-8465-8413ae9a7631\" class=\"f-productLayer__body f-productProperties\">\n<div class=\"f-productLayer__container f-productProperties__container\" data-automation-id=\"simple-characteristics-content-block\">\n<div class=\"js-Expander expander expander--hasIcon collapsed\" data-automation-button=\"expand-characteristics-content-button\" data-automation-content=\"expand-characteristics-content\">\n<div class=\"expander__content\" data-automation-id=\"expand-characteristics-content\" aria-expanded=\"true\">\n<div class=\"f-productProperties__columns\">\n<div class=\"f-productProperties__col\">\n<dl class=\"f-productProperties__item\">\n<dt class=\"f-productProperties__term\">Type de s\u00e9chage<\/dt>\n<dd class=\"f-productProperties__definition\">Pompe \u00e0 chaleur<\/dd>\n<\/dl>\n<dl class=\"f-productProperties__item\">\n<dt class=\"f-productProperties__term\">Niveau sonore<\/dt>\n<dd class=\"f-productProperties__definition\">67 dB<\/dd>\n<\/dl>\n<dl class=\"f-productProperties__item\">\n<dt class=\"f-productProperties__term\">Classe \u00e9nerg\u00e9tique<\/dt>\n<dd class=\"f-productProperties__definition\">A++<\/dd>\n<\/dl>\n<dl class=\"f-productProperties__item\">\n<dt class=\"f-productProperties__term\">Consommation d&rsquo;\u00e9nergie par cycle<\/dt>\n<dd class=\"f-productProperties__definition\">1,98 kWh<\/dd>\n<\/dl>\n<dl class=\"f-productProperties__item\">\n<dt class=\"f-productProperties__term\">D\u00e9lai(s) de d\u00e9part diff\u00e9r\u00e9<\/dt>\n<dd class=\"f-productProperties__definition\">24<\/dd>\n<\/dl>\n<dl class=\"f-productProperties__item\">\n<dt class=\"f-productProperties__term\">Programme de s\u00e9chage<\/dt>\n<dd class=\"f-productProperties__definition\">Textiles sport<\/dd>\n<\/dl>\n<dl class=\"f-productProperties__item\">\n<dt class=\"f-productProperties__term\">Couleur<\/dt>\n<dd class=\"f-productProperties__definition\">Blanc<\/dd>\n<\/dl>\n<dl class=\"f-productProperties__item\">\n<dt class=\"f-productProperties__term\">Coloris<\/dt>\n<dd class=\"f-productProperties__definition\">Blanc<\/dd>\n<\/dl>\n<dl class=\"f-productProperties__item\">\n<dt class=\"f-productProperties__term\">Poids en Kg<\/dt>\n<dd class=\"f-productProperties__definition\">52 Kg<\/dd>\n<\/dl>\n<\/div>\n<div class=\"f-productProperties__col\">\n<dl class=\"f-productProperties__item\">\n<dt class=\"f-productProperties__term\">S\u00e9curit\u00e9<\/dt>\n<dd class=\"f-productProperties__definition\">S\u00e9curit\u00e9 enfants<\/dd>\n<\/dl>\n<dl class=\"f-productProperties__item\">\n<dt class=\"f-productProperties__term\">Longueur du produit<\/dt>\n<dd class=\"f-productProperties__definition\">65 cm<\/dd>\n<\/dl>\n<dl class=\"f-productProperties__item\">\n<dt class=\"f-productProperties__term\">Largeur du produit<\/dt>\n<dd class=\"f-productProperties__definition\">59,5 cm<\/dd>\n<\/dl>\n<dl class=\"f-productProperties__item\">\n<dt class=\"f-productProperties__term\">Profondeur<\/dt>\n<dd class=\"f-productProperties__definition\">64,5 cm<\/dd>\n<\/dl>\n<dl class=\"f-productProperties__item\">\n<dt class=\"f-productProperties__term\">Hauteur du produit<\/dt>\n<dd class=\"f-productProperties__definition\">84,5 cm<\/dd>\n<\/dl>\n<dl class=\"f-productProperties__item\">\n<dt class=\"f-productProperties__term\">Poids<\/dt>\n<dd class=\"f-productProperties__definition\">52<\/dd>\n<\/dl>\n<dl class=\"f-productProperties__item\">\n<dt class=\"f-productProperties__term\">Disponibilit\u00e9 des pi\u00e8ces d\u00e9tach\u00e9es<\/dt>\n<dd class=\"f-productProperties__definition\">11 ANS<\/dd>\n<\/dl>\n<dl class=\"f-productProperties__item\">\n<dt class=\"f-productProperties__term\">Poids du produit<\/dt>\n<dd class=\"f-productProperties__definition\">49 Kg<\/dd>\n<\/dl>\n<dl class=\"f-productProperties__item\">\n<dt class=\"f-productProperties__term\">SKU<\/dt>\n<dd class=\"f-productProperties__definition\">9152466<\/dd>\n<\/dl>\n<\/div>\n<\/div>\n<\/div>\n<\/div>\n<\/div>\n<\/div>","protected":false},"excerpt":{"rendered":"<header class=\"f-productLayer__header\">\n<div class=\"f-productLayer__container\">\n<h2 class=\"f-productLayer__title\" data-automation-id=\"title-characteristics-layer-label\">CARACT\u00c9RISTIQUES<\/h2>\n<\/div>\n<\/header>\n<div id=\"6a2c2542-9093-4f93-8465-8413ae9a7631\" class=\"f-productLayer__body f-productProperties\">\n<div class=\"f-productLayer__container f-productProperties__container\" data-automation-id=\"simple-characteristics-content-block\">\n<div class=\"js-Expander expander expander--hasIcon collapsed\" data-automation-button=\"expand-characteristics-content-button\" data-automation-content=\"expand-characteristics-content\">\n<div class=\"expander__content\" data-automation-id=\"expand-characteristics-content\" aria-expanded=\"true\">\n<div class=\"f-productProperties__columns\">\n<div class=\"f-productProperties__col\">\n<dl class=\"f-productProperties__item\">\n<dt class=\"f-productProperties__term\">Type de s\u00e9chage<\/dt>\n<dd class=\"f-productProperties__definition\">Pompe \u00e0 chaleur<\/dd>\n<\/dl>\n<dl class=\"f-productProperties__item\">\n<dt class=\"f-productProperties__term\">Niveau sonore<\/dt>\n<dd class=\"f-productProperties__definition\">67 dB<\/dd>\n<\/dl>\n<dl class=\"f-productProperties__item\">\n<dt class=\"f-productProperties__term\">Classe \u00e9nerg\u00e9tique<\/dt>\n<dd class=\"f-productProperties__definition\">A++<\/dd>\n<\/dl>\n<dl class=\"f-productProperties__item\">\n<dt class=\"f-productProperties__term\">Consommation d&rsquo;\u00e9nergie par cycle<\/dt>\n<dd class=\"f-productProperties__definition\">1,98 kWh<\/dd>\n<\/dl>\n<dl class=\"f-productProperties__item\">\n<dt class=\"f-productProperties__term\">D\u00e9lai(s) de d\u00e9part diff\u00e9r\u00e9<\/dt>\n<dd class=\"f-productProperties__definition\">24<\/dd>\n<\/dl>\n<dl class=\"f-productProperties__item\">\n<dt class=\"f-productProperties__term\">Programme de s\u00e9chage<\/dt>\n<dd class=\"f-productProperties__definition\">Textiles sport<\/dd>\n<\/dl>\n<dl class=\"f-productProperties__item\">\n<dt class=\"f-productProperties__term\">Couleur<\/dt>\n<dd class=\"f-productProperties__definition\">Blanc<\/dd>\n<\/dl>\n<dl class=\"f-productProperties__item\">\n<dt class=\"f-productProperties__term\">Coloris<\/dt>\n<dd class=\"f-productProperties__definition\">Blanc<\/dd>\n<\/dl>\n<dl class=\"f-productProperties__item\">\n<dt class=\"f-productProperties__term\">Poids en Kg<\/dt>\n<dd class=\"f-productProperties__definition\">52 Kg<\/dd>\n<\/dl>\n<\/div>\n<div class=\"f-productProperties__col\">\n<dl class=\"f-productProperties__item\">\n<dt class=\"f-productProperties__term\">S\u00e9curit\u00e9<\/dt>\n<dd class=\"f-productProperties__definition\">S\u00e9curit\u00e9 enfants<\/dd>\n<\/dl>\n<dl class=\"f-productProperties__item\">\n<dt class=\"f-productProperties__term\">Longueur du produit<\/dt>\n<dd class=\"f-productProperties__definition\">65 cm<\/dd>\n<\/dl>\n<dl class=\"f-productProperties__item\">\n<dt class=\"f-productProperties__term\">Largeur du produit<\/dt>\n<dd class=\"f-productProperties__definition\">59,5 cm<\/dd>\n<\/dl>\n<dl class=\"f-productProperties__item\">\n<dt class=\"f-productProperties__term\">Profondeur<\/dt>\n<dd class=\"f-productProperties__definition\">64,5 cm<\/dd>\n<\/dl>\n<dl class=\"f-productProperties__item\">\n<dt class=\"f-productProperties__term\">Hauteur du produit<\/dt>\n<dd class=\"f-productProperties__definition\">84,5 cm<\/dd>\n<\/dl>\n<dl class=\"f-productProperties__item\">\n<dt class=\"f-productProperties__term\">Poids<\/dt>\n<dd class=\"f-productProperties__definition\">52<\/dd>\n<\/dl>\n<dl class=\"f-productProperties__item\">\n<dt class=\"f-productProperties__term\">Disponibilit\u00e9 des pi\u00e8ces d\u00e9tach\u00e9es<\/dt>\n<dd class=\"f-productProperties__definition\">11 ANS<\/dd>\n<\/dl>\n<dl class=\"f-productProperties__item\">\n<dt class=\"f-productProperties__term\">Poids du produit<\/dt>\n<dd class=\"f-productProperties__definition\">49 Kg<\/dd>\n<\/dl>\n<dl class=\"f-productProperties__item\">\n<dt class=\"f-productProperties__term\">SKU<\/dt>\n<dd class=\"f-productProperties__definition\">9152466<\/dd>\n<\/dl>\n<\/div>\n<\/div>\n<\/div>\n<\/div>\n<\/div>\n<\/div>","protected":false},"featured_media":9361,"comment_status":"open","ping_status":"closed","template":"","meta":{"inline_featured_image":false,"_joinchat":[]},"product_cat":[26],"product_tag":[],"class_list":{"0":"post-9358","1":"product","2":"type-product","3":"status-publish","4":"has-post-thumbnail","6":"product_cat-electromenagers","8":"first","9":"instock","10":"shipping-taxable","11":"purchasable","12":"product-type-simple"},"_links":{"self":[{"href":"https:\/\/kitchtenstore.com\/fr\/wp-json\/wp\/v2\/product\/9358","targetHints":{"allow":["GET"]}}],"collection":[{"href":"https:\/\/kitchtenstore.com\/fr\/wp-json\/wp\/v2\/product"}],"about":[{"href":"https:\/\/kitchtenstore.com\/fr\/wp-json\/wp\/v2\/types\/product"}],"replies":[{"embeddable":true,"href":"https:\/\/kitchtenstore.com\/fr\/wp-json\/wp\/v2\/comments?post=9358"}],"version-history":[{"count":0,"href":"https:\/\/kitchtenstore.com\/fr\/wp-json\/wp\/v2\/product\/9358\/revisions"}],"wp:featuredmedia":[{"embeddable":true,"href":"https:\/\/kitchtenstore.com\/fr\/wp-json\/wp\/v2\/media\/9361"}],"wp:attachment":[{"href":"https:\/\/kitchtenstore.com\/fr\/wp-json\/wp\/v2\/media?parent=9358"}],"wp:term":[{"taxonomy":"product_cat","embeddable":true,"href":"https:\/\/kitchtenstore.com\/fr\/wp-json\/wp\/v2\/product_cat?post=9358"},{"taxonomy":"product_tag","embeddable":true,"href":"https:\/\/kitchtenstore.com\/fr\/wp-json\/wp\/v2\/product_tag?post=9358"}],"curies":[{"name":"wp","href":"https:\/\/api.w.org\/{rel}","templated":true}]}}