{"id":9326,"date":"2022-07-03T13:41:28","date_gmt":"2022-07-03T13:41:28","guid":{"rendered":"https:\/\/bon10count.com\/?post_type=product&#038;p=9326"},"modified":"2022-07-03T13:41:28","modified_gmt":"2022-07-03T13:41:28","slug":"polar-armoire-refrigeree-1200-litres-positive-ou-negative-positive-laque-blanc","status":"publish","type":"product","link":"https:\/\/kitchtenstore.com\/fr\/produit\/polar-armoire-refrigeree-1200-litres-positive-ou-negative-positive-laque-blanc\/","title":{"rendered":"Polar &#8211; Armoire r\u00e9frig\u00e9r\u00e9e 1200 litres positive ou n\u00e9gative Positive Laqu\u00e9 blanc"},"content":{"rendered":"<section id=\"Opinions\" class=\"f-productLayerGrid__section js-productSection fa-strate-summary js-strate-flixmedia\" data-strate-type=\"Opinions\" data-strate-async=\"false\" data-strate-url=\"\/Nav\/API\/Article\/GetStrate?prid=25470332&amp;catalogRef=3&amp;strateType=Opinions\" data-automation-id=\"opinions-layer-block\">\n<div class=\"f-productLayerGrid__col\">\n<div class=\"f-productLayer\">\n<div id=\"318d1edf-a5d2-4e38-bd4e-c25ffae0174d\" class=\"f-productLayer__body\">\n<div class=\"f-productLayer__container\" data-automation-id=\"EditorOpinionOrSummary-block\">\n<div class=\"js-Expander expander expander--hasIcon\" data-automation-button=\"expand-EditorOpinionOrSummary-button\" data-automation-content=\"expand-EditorOpinionOrSummary\">\n<div class=\"expander__content\" data-automation-id=\"expand-EditorOpinionOrSummary\">\n<div class=\"f-productDesc\">\n<div class=\"f-productDesc__raw\">Armoire r\u00e9frig\u00e9r\u00e9e positive \u00e0 roulettes 1200 L &#8211; Polar Cette armoire r\u00e9frig\u00e9r\u00e9e positive a des roulettes verrouillables pour faciliter son installation et son positionnement. Ses 2 portes sont \u00e9galement verrouillables, tandis que ses temp\u00e9ratures int\u00e9rieures sont de -2\u00b0C \u00e0 +5\u00b0C. Poss\u00e8de un affichage digital LED de la temp\u00e9rature, des roulettes standards, un compresseur Polar puissant, 6 \u00e9tag\u00e8res r\u00e9glables, 1 protection de sol et un moteur \u00e0 froid ventil\u00e9 pour un refroidissement rapide. Armoire Positive Double Porte Compatible GN 2\/1, volume brut 1200 litres, capacit\u00e9 nette utile 770 litres. Dimensions: 200(H) x 134(L) x 81,5(P) cm Temp\u00e9rature ambiante maximum : 30\u00b0C. NB : Pr\u00e9voir imp\u00e9rativement un espace de 50 cm entre l&rsquo;appareil et le plafond. Marque: Polar Capacit\u00e9: 1200 L Dimensions: 200(H) x 134(L) x 81,5(P) cm Dimensions &#8211; Int\u00e9rieur: 138,6(H) x 122(L) x 65,3(P) cm Dimensions &#8211; Isolation: 6 cm Finition &#8211; int\u00e9rieur: Aluminium Puissance: 230 V. 600 W. 4 A R\u00e9frig\u00e9rant: R290 Plage de Temp\u00e9rature: -2 \u00b0C \u00e0 5 \u00b0C Alimentation: 230V Poids: 180 kg Prise: oui Ext\u00e9rieur blanc et int\u00e9rieur aluminium Affichage digital LED de la temp\u00e9rature Roulettes verrouillables facilitant le positionnement Portes verrouillables Thermostat Dixell Le joint amovible sur la porte peut \u00eatre nettoy\u00e9 et remplac\u00e9 6 \u00e9tag\u00e8res r\u00e9glables et 3 protections de sol Dimensions \u00e9tag\u00e8re : 508(L) x 353(P)mm Froid statique assist\u00e9 par ventilateur R\u00e9f\u00e9rence soumise \u00e0 une Eco-participation DEEE de 12,68\u20ac par unit\u00e9 vendue Capacit\u00e9 nette utile : 770L Temp\u00e9rature ambiante maximum : 32\u00b0C Classe \u00e9nerg\u00e9tique: C Indice d&rsquo;efficacit\u00e9 \u00e9nerg\u00e9tique: 36.03 Ecolabel UE: non Consommation \u00e9nerg\u00e9tique quotidienne: 1.85kWh\/jour Consommation \u00e9nerg\u00e9tique annuelle: 675.25kWh\/an Capacit\u00e9 nette: 770L Classe climatique: 4 Type d&rsquo;utilisation : Cet appareil est destin\u00e9 \u00e0 une utilisation dans des temp\u00e9ratures ambiantes allant jusqu&rsquo;\u00e0 30\u00b0C et convient \u00e0 la<\/div>\n<\/div>\n<\/div>\n<\/div>\n<\/div>\n<\/div>\n<\/div>\n<\/div>\n<\/section>\n<section id=\"CustomerReviews\" class=\"f-productLayerGrid__section js-productSection\" data-strate-type=\"CustomerReviews\" data-strate-async=\"false\" data-strate-url=\"\/Nav\/API\/Article\/GetStrate?prid=25470332&amp;catalogRef=3&amp;strateType=CustomerReviews\" data-automation-id=\"customer-reviews-layerblock\">\n<div class=\"f-productLayer\">\n<header class=\"f-productLayer__header\">\n<div class=\"f-productLayer__container\"><\/div>\n<\/header>\n<\/div>\n<\/section>","protected":false},"excerpt":{"rendered":"<div class=\"f-productPageMain__variantAndOffers js-variantAndOffers\">\n<div class=\"f-productSection f-productDesc\">\n<div class=\"f-productSection__body f-productDesc__body\">\n<div class=\"f-productDesc__raw\">Armoire r\u00e9frig\u00e9r\u00e9e positive \u00e0 roulettes 1200 L &#8211; Polar Cette armoire r\u00e9frig\u00e9r\u00e9e positive a des roulettes verrouillables pour faciliter son installation et son positionnement. Ses 2 portes sont \u00e9galement verrouillables, tandis que ses temp\u00e9ratures int\u00e9rieures sont de -2\u00b0C \u00e0 +5\u00b0C. Poss\u00e8de un affichage digital LED de la temp\u00e9rature, des roulettes standards, un compresseur Polar puissant, 6 \u00e9tag\u00e8res r\u00e9glables, 1 protection de sol et un moteur \u00e0 froid ventil\u00e9 pour un refroidissement rapide. Armoire Positive Double Porte&#8230;<\/div>\n<\/div>\n<\/div>\n<\/div>\n<div class=\"f-productPageMain__buyBox js-buybox\">\n<div class=\"f-productSection f-priceBox js-priceBox\">\n<form id=\"673ad85e-2965-4e4e-9832-661d32f44074\" class=\"js-ProductBuy js-marketPlaceBuyBox\" action=\"https:\/\/secure.fnac.com\/basket\/add\" method=\"post\" data-catalog=\"3\" data-availability=\"0\" data-nature=\"physic\" data-eq-natures=\"\" data-offer-types=\"professional\">\n<div class=\"f-productOffers-mp js-marketPlaceBuyBox\">\n<div class=\"f-productOffers-content\">\n<div class=\"f-productSection f-faPriceBox js-OfferPriceSwitcher priceBox-mp js-mpPriceBox\"><\/div>\n<\/div>\n<\/div>\n<\/form>\n<\/div>\n<\/div>","protected":false},"featured_media":9340,"comment_status":"open","ping_status":"closed","template":"","meta":{"inline_featured_image":false,"_joinchat":[]},"product_cat":[26],"product_tag":[],"class_list":{"0":"post-9326","1":"product","2":"type-product","3":"status-publish","4":"has-post-thumbnail","6":"product_cat-electromenagers","8":"first","9":"instock","10":"shipping-taxable","11":"purchasable","12":"product-type-simple"},"_links":{"self":[{"href":"https:\/\/kitchtenstore.com\/fr\/wp-json\/wp\/v2\/product\/9326","targetHints":{"allow":["GET"]}}],"collection":[{"href":"https:\/\/kitchtenstore.com\/fr\/wp-json\/wp\/v2\/product"}],"about":[{"href":"https:\/\/kitchtenstore.com\/fr\/wp-json\/wp\/v2\/types\/product"}],"replies":[{"embeddable":true,"href":"https:\/\/kitchtenstore.com\/fr\/wp-json\/wp\/v2\/comments?post=9326"}],"version-history":[{"count":0,"href":"https:\/\/kitchtenstore.com\/fr\/wp-json\/wp\/v2\/product\/9326\/revisions"}],"wp:featuredmedia":[{"embeddable":true,"href":"https:\/\/kitchtenstore.com\/fr\/wp-json\/wp\/v2\/media\/9340"}],"wp:attachment":[{"href":"https:\/\/kitchtenstore.com\/fr\/wp-json\/wp\/v2\/media?parent=9326"}],"wp:term":[{"taxonomy":"product_cat","embeddable":true,"href":"https:\/\/kitchtenstore.com\/fr\/wp-json\/wp\/v2\/product_cat?post=9326"},{"taxonomy":"product_tag","embeddable":true,"href":"https:\/\/kitchtenstore.com\/fr\/wp-json\/wp\/v2\/product_tag?post=9326"}],"curies":[{"name":"wp","href":"https:\/\/api.w.org\/{rel}","templated":true}]}}