{"id":9318,"date":"2022-07-03T13:18:12","date_gmt":"2022-07-03T13:18:12","guid":{"rendered":"https:\/\/bon10count.com\/?post_type=product&#038;p=9318"},"modified":"2022-07-03T13:18:12","modified_gmt":"2022-07-03T13:18:12","slug":"samsung-rs66a8100s9-refrigerateur-side-by-side-647l-411236-91x178cm-silver","status":"publish","type":"product","link":"https:\/\/kitchtenstore.com\/fr\/produit\/samsung-rs66a8100s9-refrigerateur-side-by-side-647l-411236-91x178cm-silver\/","title":{"rendered":"SAMSUNG RS66A8100S9 &#8211; R\u00e9frig\u00e9rateur Side by Side &#8211; 647L (411+236) &#8211; 91x178cm &#8211; Silver"},"content":{"rendered":"<section id=\"Opinions\" class=\"f-productLayerGrid__section js-productSection fa-strate-summary js-strate-flixmedia\" data-strate-type=\"Opinions\" data-strate-async=\"false\" data-strate-url=\"\/Nav\/API\/Article\/GetStrate?prid=44803551&amp;catalogRef=3&amp;strateType=Opinions\" data-automation-id=\"opinions-layer-block\">\n<div class=\"f-productLayerGrid__col\">\n<div class=\"f-productLayer\">\n<div id=\"5050ab06-df02-4d6f-8823-8dbc58539ebc\" class=\"f-productLayer__body\">\n<div class=\"f-productLayer__container\" data-automation-id=\"EditorOpinionOrSummary-block\">\n<div class=\"js-Expander expander expander--hasIcon\" data-automation-button=\"expand-EditorOpinionOrSummary-button\" data-automation-content=\"expand-EditorOpinionOrSummary\">\n<div class=\"expander__content\" data-automation-id=\"expand-EditorOpinionOrSummary\">\n<div class=\"f-productDesc\">\n<div class=\"f-productDesc__raw\">R\u00e9frig\u00e9rateur Side by Side 647L &#8211; Froid ventil\u00e9 plus (Technologie TwinCooling(TM)) &#8211; Poign\u00e9es int\u00e9gr\u00e9es &#8211; Chef Mode &#8211; Classe \u00e9nerg\u00e9tique F<\/div>\n<\/div>\n<\/div>\n<\/div>\n<\/div>\n<\/div>\n<\/div>\n<\/div>\n<\/section>\n<section id=\"CustomerReviews\" class=\"f-productLayerGrid__section js-productSection\" data-strate-type=\"CustomerReviews\" data-strate-async=\"false\" data-strate-url=\"\/Nav\/API\/Article\/GetStrate?prid=44803551&amp;catalogRef=3&amp;strateType=CustomerReviews\" data-automation-id=\"customer-reviews-layerblock\">\n<div class=\"f-productLayer\">\n<header class=\"f-productLayer__header\">\n<div class=\"f-productLayer__container\"><\/div>\n<\/header>\n<\/div>\n<\/section>","protected":false},"excerpt":{"rendered":"<div class=\"f-productPageMain__variantAndOffers js-variantAndOffers\">\n<div class=\"f-productSection f-productDesc\">\n<div class=\"f-productSection__body f-productDesc__body\">\n<div class=\"f-productDesc__raw\">R\u00e9frig\u00e9rateur Side by Side 647L &#8211; Froid ventil\u00e9 plus (Technologie TwinCooling(TM)) &#8211; Poign\u00e9es int\u00e9gr\u00e9es &#8211; Chef Mode &#8211; Classe \u00e9nerg\u00e9tique F<\/div>\n<\/div>\n<\/div>\n<\/div>","protected":false},"featured_media":9321,"comment_status":"open","ping_status":"closed","template":"","meta":{"inline_featured_image":false,"_joinchat":[]},"product_cat":[26],"product_tag":[],"class_list":{"0":"post-9318","1":"product","2":"type-product","3":"status-publish","4":"has-post-thumbnail","6":"product_cat-electromenagers","8":"first","9":"instock","10":"shipping-taxable","11":"purchasable","12":"product-type-simple"},"_links":{"self":[{"href":"https:\/\/kitchtenstore.com\/fr\/wp-json\/wp\/v2\/product\/9318","targetHints":{"allow":["GET"]}}],"collection":[{"href":"https:\/\/kitchtenstore.com\/fr\/wp-json\/wp\/v2\/product"}],"about":[{"href":"https:\/\/kitchtenstore.com\/fr\/wp-json\/wp\/v2\/types\/product"}],"replies":[{"embeddable":true,"href":"https:\/\/kitchtenstore.com\/fr\/wp-json\/wp\/v2\/comments?post=9318"}],"version-history":[{"count":0,"href":"https:\/\/kitchtenstore.com\/fr\/wp-json\/wp\/v2\/product\/9318\/revisions"}],"wp:featuredmedia":[{"embeddable":true,"href":"https:\/\/kitchtenstore.com\/fr\/wp-json\/wp\/v2\/media\/9321"}],"wp:attachment":[{"href":"https:\/\/kitchtenstore.com\/fr\/wp-json\/wp\/v2\/media?parent=9318"}],"wp:term":[{"taxonomy":"product_cat","embeddable":true,"href":"https:\/\/kitchtenstore.com\/fr\/wp-json\/wp\/v2\/product_cat?post=9318"},{"taxonomy":"product_tag","embeddable":true,"href":"https:\/\/kitchtenstore.com\/fr\/wp-json\/wp\/v2\/product_tag?post=9318"}],"curies":[{"name":"wp","href":"https:\/\/api.w.org\/{rel}","templated":true}]}}