{"id":9192,"date":"2022-07-03T00:22:45","date_gmt":"2022-07-03T00:22:45","guid":{"rendered":"https:\/\/bon10count.com\/?post_type=product&#038;p=9192"},"modified":"2022-07-08T11:12:25","modified_gmt":"2022-07-08T11:12:25","slug":"iphone-13-pro-128-go-graphite","status":"publish","type":"product","link":"https:\/\/kitchtenstore.com\/fr\/produit\/iphone-13-pro-128-go-graphite\/","title":{"rendered":"iPhone 13 Pro 128 Go graphite"},"content":{"rendered":"<div class=\"product attribute overview\">\n<div class=\"value\">L\u2019<strong>iPhone 13 Pro 128 Go graphite reconditionn\u00e9<\/strong>\u00a0est un smartphone haut de gamme con\u00e7u par Apple. Dans un coloris graphite chic et raffin\u00e9, il int\u00e8gre une m\u00e9moire vive de 6 Go associ\u00e9e \u00e0 un stockage interne de 128 Go. Pour vos photos, ce mod\u00e8le propose un quadruple capteur dorsal de 12 + 12 + 12 Mpx + TOF 3D et un double capteur frontal (12 Mpx + SL 3D).<\/div>\n<\/div>\n<div class=\"product attribute description\">\n<div align=\"justify\">\n<p>Avec l\u2019<strong>iPhone 13 Pro 128 Go graphite reconditionn\u00e9<\/strong>, offrez-vous un smartphone performant et ergonomique. Ici, il se pr\u00e9sente avec une coque de couleur graphite qui vient compl\u00e9ter une conception moderne : fa\u00e7ade et dos en verre, cadre en acier inoxydable. Par son poids de 204 g et ses dimensions de 146,7 x 71,5 x 7,7 mm, ce mod\u00e8le vous garantit une prise en main et une manipulation ais\u00e9e en toutes circonstances. Ensuite, l\u2019<strong>iPhone 13 Pro 128 Go graphite reconditionn\u00e9<\/strong>\u00a0int\u00e8gre une dalle Super Retina XDR OLED de 6,1 pouces. Cet \u00e9cran \u00e9quip\u00e9 des technologies HDR10 et Dolby Vision vous promet une r\u00e9solution maximale de 2532 x 1170 pixels sur toutes vos applications. En d\u2019autres termes, il convient id\u00e9alement au visionnage de vos films et clips pr\u00e9f\u00e9r\u00e9s en qualit\u00e9 HD.<\/p>\n<p>Au niveau des performances, l\u2019<strong>iPhone 13 Pro 128 Go graphite reconditionn\u00e9<\/strong>\u00a0est bien \u00e9videmment au rendez-vous. Techniquement, il est \u00e9quip\u00e9 d\u2019un SoC Apple A15 Bionic associ\u00e9 \u00e0 un processeur \u00e0 six c\u0153urs cadenc\u00e9 \u00e0 3,22 GHz et une puce graphique Apple GPU. Ces composants sont soutenus par une puissante m\u00e9moire vive de 6 Go qui g\u00e8re parfaitement la fluidit\u00e9 et la vitesse de l\u2019appareil. De plus, vous avez \u00e0 votre disposition un stockage interne de 128 Go d\u00e9di\u00e9 \u00e0 la sauvegarde de tous vos fichiers. Adeptes des photos, vous ne serez pas d\u00e9\u00e7us par le r\u00e9sultat des clich\u00e9s pris depuis le quadruple module dorsal de 12, 12 et 12 Mpx et TOF 3D de l\u2019<strong>iPhone 13 Pro 128 Go graphite reconditionn\u00e9<\/strong>. Pour vos selfies en solitaire, entre amis ou en famille, vous disposez d\u2019un double module frontal de 12 Mpx + SL 3D.<\/p>\n<p>Afin de vous garantir une commande sereine, nous nous assurons que votre\u00a0<strong>iPhone 13 Pro 128 Go graphite reconditionn\u00e9<\/strong>\u00a0est fonctionnel avec un test pr\u00e9envoi. \u00c0 r\u00e9ception, il sera d\u00e9j\u00e0 r\u00e9initialis\u00e9 et d\u00e9simlock\u00e9.<\/p>\n<\/div>\n<\/div>","protected":false},"excerpt":{"rendered":"<div class=\"product-detail-title\">Description &amp; caract\u00e9ristiques<\/div>\n<div class=\"row\">\n<div class=\"12u 4u(medium)\">\n<div class=\"long-block collapsed\">\n<ul class=\"additional-attributes\" data-role=\"longblock-content\">\n<li><strong>Ajout de carte SD :<\/strong>\u00a0Non<\/li>\n<li><strong>Alimentation :<\/strong>\u00a0Recharge sans fil, MagSafe<\/li>\n<li><strong>Appareil photo :<\/strong>\u00a012 m\u00e9gapixels<\/li>\n<li><strong>Bluetooth :<\/strong>\u00a0Bluetooth 5.0<\/li>\n<li><strong>Carte sim :<\/strong>\u00a0Nano Sim<\/li>\n<li><strong>Connecteur :<\/strong>\u00a0Apple lightning<\/li>\n<li><strong>DAS membre\u00a0\u00a0:<\/strong>\u00a02,97 W\/kg<\/li>\n<li><strong>DAS tronc\u00a0\u00a0:<\/strong>\u00a00,98 W\/kg<\/li>\n<li><strong>DAS t\u00eate\u00a0\u00a0:<\/strong>\u00a00,99 W\/kg<\/li>\n<li><strong>Date de lancement :<\/strong>\u00a024 sept. 2021<\/li>\n<li><strong>Dimensions (LxHxP) :<\/strong>\u00a0146,7 x 71,5 x 7,7 mm<\/li>\n<li><strong>D\u00e9blocage :<\/strong>\u00a0Tout op\u00e9rateur<\/li>\n<li><strong>Jack 3,5 mm :<\/strong>\u00a0Non<\/li>\n<li><strong>Marque :<\/strong>\u00a0Apple<\/li>\n<li><strong>Poids :<\/strong>\u00a0204 g<\/li>\n<li><strong>R\u00e9seau :<\/strong>\u00a05G<\/li>\n<li><strong>R\u00e9solution de l&rsquo;\u00e9cran :<\/strong>\u00a02 532 x 1 170 pixels<\/li>\n<li><strong>Syst\u00e8me d&rsquo;exploitation :<\/strong>\u00a0iOS<\/li>\n<li><strong>Syst\u00e8me de d\u00e9verrouillage A SUPP :<\/strong>\u00a0Face ID<\/li>\n<li><strong>Taille de l&rsquo;\u00e9cran :<\/strong>\u00a06,1 pouces<\/li>\n<li><strong>Technologie NFC :<\/strong>\u00a0Ou<\/li>\n<\/ul>\n<\/div>\n<\/div>\n<\/div>","protected":false},"featured_media":9197,"comment_status":"open","ping_status":"closed","template":"","meta":{"inline_featured_image":false,"_joinchat":[]},"product_cat":[21],"product_tag":[],"class_list":{"0":"post-9192","1":"product","2":"type-product","3":"status-publish","4":"has-post-thumbnail","6":"product_cat-telephones-objets-connectes","8":"first","9":"instock","10":"shipping-taxable","11":"purchasable","12":"product-type-simple"},"_links":{"self":[{"href":"https:\/\/kitchtenstore.com\/fr\/wp-json\/wp\/v2\/product\/9192","targetHints":{"allow":["GET"]}}],"collection":[{"href":"https:\/\/kitchtenstore.com\/fr\/wp-json\/wp\/v2\/product"}],"about":[{"href":"https:\/\/kitchtenstore.com\/fr\/wp-json\/wp\/v2\/types\/product"}],"replies":[{"embeddable":true,"href":"https:\/\/kitchtenstore.com\/fr\/wp-json\/wp\/v2\/comments?post=9192"}],"version-history":[{"count":1,"href":"https:\/\/kitchtenstore.com\/fr\/wp-json\/wp\/v2\/product\/9192\/revisions"}],"predecessor-version":[{"id":10108,"href":"https:\/\/kitchtenstore.com\/fr\/wp-json\/wp\/v2\/product\/9192\/revisions\/10108"}],"wp:featuredmedia":[{"embeddable":true,"href":"https:\/\/kitchtenstore.com\/fr\/wp-json\/wp\/v2\/media\/9197"}],"wp:attachment":[{"href":"https:\/\/kitchtenstore.com\/fr\/wp-json\/wp\/v2\/media?parent=9192"}],"wp:term":[{"taxonomy":"product_cat","embeddable":true,"href":"https:\/\/kitchtenstore.com\/fr\/wp-json\/wp\/v2\/product_cat?post=9192"},{"taxonomy":"product_tag","embeddable":true,"href":"https:\/\/kitchtenstore.com\/fr\/wp-json\/wp\/v2\/product_tag?post=9192"}],"curies":[{"name":"wp","href":"https:\/\/api.w.org\/{rel}","templated":true}]}}