{"id":9187,"date":"2022-07-02T22:17:23","date_gmt":"2022-07-02T22:17:23","guid":{"rendered":"https:\/\/bon10count.com\/?post_type=product&#038;p=9187"},"modified":"2022-07-04T10:16:06","modified_gmt":"2022-07-04T10:16:06","slug":"iphone-13-pro-128-go-bleu-alpin","status":"publish","type":"product","link":"https:\/\/kitchtenstore.com\/fr\/produit\/iphone-13-pro-128-go-bleu-alpin\/","title":{"rendered":"iPhone 13 Pro 128 Go bleu alpin"},"content":{"rendered":"<div class=\"product attribute overview\">\n<div class=\"value\">L\u2019<strong>iPhone 13 Pro 128 Go bleu alpin reconditionn\u00e9<\/strong>\u00a0est un smartphone aux performances \u00e9tonnantes. Dot\u00e9 d\u2019une m\u00e9moire vive de 6 Go et d\u2019un stockage interne de 128 Go, il se pr\u00e9sente ici dans un coloris bleu alpin original. Avec ce smartphone, r\u00e9alisez de merveilleux clich\u00e9s pris depuis le quadruple module dorsal de 12 + 12 + 12 Mpx + TOF 3D ou depuis le double capteur frontal de 12 Mpx + SL D3 avec option HDR.<\/div>\n<\/div>\n<div class=\"product attribute description\">\n<div align=\"justify\">\n<p>Si vous recherchez un nouveau smartphone puissant, vous \u00eates au bon endroit. Lanc\u00e9 en 2021, l\u2019<strong>iPhone 13 Pro 128 Go bleu alpin reconditionn\u00e9<\/strong>\u00a0est mont\u00e9 avec une fa\u00e7ade et un dos en verre compl\u00e9t\u00e9s par une coque en acier inoxydable r\u00e9sistante. Propos\u00e9 dans un coloris bleu alpin authentique, il se pr\u00e9sente avec des dimensions de 146,7 x 71,5 x 7,7 mm et un poids de 204 g. S\u2019il s\u00e9duit par un design pur et raffin\u00e9, l\u2019<strong>iPhone 13 Pro 128 Go bleu alpin reconditionn\u00e9<\/strong> esp\u00e8re \u00e9galement vous convaincre par ses performances. Ainsi, il int\u00e8gre une dalle Super Retina XDR OLED de 6,1 pouces qui est en mesure d\u2019offrir une r\u00e9solution de 2532 x 1170 pixels. Dot\u00e9 des technologies Dolby Vision et HDR10, ce mod\u00e8le vous promet une exp\u00e9rience de visionnage optimale sur toutes vos applications<\/p>\n<p>N\u00e9anmoins, c\u2019est au niveau des performances que l\u2019<strong>iPhone 13 Pro 128 Go bleu alpin reconditionn\u00e9<\/strong>\u00a0se distingue principalement. Embarquant une m\u00e9moire vive de 6 Go, il est aussi \u00e9quip\u00e9 d\u2019un SoC performant Apple A15 Bionic et d\u2019une puce graphique Apple GPU. Ici, il est dot\u00e9 d\u2019une capacit\u00e9 interne de 128 Go d\u00e9di\u00e9e au stockage de vos fichiers importants et applications pr\u00e9f\u00e9r\u00e9es. De plus, ce mod\u00e8le est compatible avec le syst\u00e8me iOS 15.2 afin que vous puissiez profiter de toutes les derni\u00e8res mises \u00e0 jour. Pour les photos, l\u2019<strong>iPhone 13 Pro 128 Go bleu alpin reconditionn\u00e9<\/strong>\u00a0promet d\u2019excellents rendus avec son quadruple module dorsal de 12 + 12 + 12 Mpx + option TOF 3D. Pour les selfies, vous disposez d\u2019un double capteur frontal de 12 Mpx + fonction SL 3D.Pour faire plaisir ou vous faire plaisir, commandez d\u00e8s aujourd\u2019hui l&rsquo;<strong>iPhone 13 Pro 128 Go bleu alpin reconditionn\u00e9<\/strong> sur Recommerce. Il vous parviendra test\u00e9, d\u00e9simlock\u00e9 et r\u00e9initialis\u00e9. Votre smartphone est pr\u00eat \u00e0 l\u2019emploi, quel que soit votre op\u00e9rateur !<\/p>\n<\/div>\n<\/div>","protected":false},"excerpt":{"rendered":"<div class=\"product-detail-title\">Description &amp; caract\u00e9ristiques<\/div>\n<div class=\"row\">\n<div class=\"12u 4u(medium)\">\n<div class=\"long-block collapsed\">\n<ul class=\"additional-attributes\" data-role=\"longblock-content\">\n<li><strong>Ajout de carte SD :<\/strong>\u00a0Non<\/li>\n<li><strong>Alimentation :<\/strong>\u00a0Recharge sans fil, MagSafe<\/li>\n<li><strong>Appareil photo :<\/strong>\u00a012 m\u00e9gapixels<\/li>\n<li><strong>Bluetooth :<\/strong>\u00a0Bluetooth 5.0<\/li>\n<li><strong>Carte sim :<\/strong>\u00a0Nano Sim<\/li>\n<li><strong>Connecteur :<\/strong>\u00a0Apple lightning<\/li>\n<li><strong>DAS membre\u00a0\u00a0:<\/strong>\u00a02,97 W\/kg<\/li>\n<li><strong>DAS tronc\u00a0\u00a0:<\/strong>\u00a00,98 W\/kg<\/li>\n<li><strong>DAS t\u00eate\u00a0\u00a0:<\/strong>\u00a00,99 W\/kg<\/li>\n<li><strong>Date de lancement :<\/strong>\u00a024 sept. 2021<\/li>\n<li><strong>Dimensions (LxHxP) :<\/strong>\u00a0146,7 x 71,5 x 7,7 mm<\/li>\n<li><strong>D\u00e9blocage :<\/strong>\u00a0Tout op\u00e9rateur<\/li>\n<li><strong>Jack 3,5 mm :<\/strong>\u00a0Non<\/li>\n<li><strong>Marque :<\/strong>\u00a0Apple<\/li>\n<li><strong>Poids :<\/strong>\u00a0204 g<\/li>\n<li><strong>R\u00e9seau :<\/strong>\u00a05G<\/li>\n<li><strong>R\u00e9solution de l&rsquo;\u00e9cran :<\/strong>\u00a02 532 x 1 170 pixels<\/li>\n<li><strong>Syst\u00e8me d&rsquo;exploitation :<\/strong>\u00a0iOS<\/li>\n<li><strong>Syst\u00e8me de d\u00e9verrouillage A SUPP :<\/strong>\u00a0Face ID<\/li>\n<li><strong>Taille de l&rsquo;\u00e9cran :<\/strong>\u00a06,1 pouces<\/li>\n<li><strong>Technologie NFC :<\/strong>\u00a0Oui<\/li>\n<\/ul>\n<\/div>\n<\/div>\n<\/div>","protected":false},"featured_media":9191,"comment_status":"open","ping_status":"closed","template":"","meta":{"inline_featured_image":false,"_joinchat":[]},"product_cat":[21],"product_tag":[],"class_list":{"0":"post-9187","1":"product","2":"type-product","3":"status-publish","4":"has-post-thumbnail","6":"product_brand-apple","7":"product_cat-telephones-objets-connectes","9":"first","10":"instock","11":"shipping-taxable","12":"purchasable","13":"product-type-simple"},"_links":{"self":[{"href":"https:\/\/kitchtenstore.com\/fr\/wp-json\/wp\/v2\/product\/9187","targetHints":{"allow":["GET"]}}],"collection":[{"href":"https:\/\/kitchtenstore.com\/fr\/wp-json\/wp\/v2\/product"}],"about":[{"href":"https:\/\/kitchtenstore.com\/fr\/wp-json\/wp\/v2\/types\/product"}],"replies":[{"embeddable":true,"href":"https:\/\/kitchtenstore.com\/fr\/wp-json\/wp\/v2\/comments?post=9187"}],"version-history":[{"count":0,"href":"https:\/\/kitchtenstore.com\/fr\/wp-json\/wp\/v2\/product\/9187\/revisions"}],"wp:featuredmedia":[{"embeddable":true,"href":"https:\/\/kitchtenstore.com\/fr\/wp-json\/wp\/v2\/media\/9191"}],"wp:attachment":[{"href":"https:\/\/kitchtenstore.com\/fr\/wp-json\/wp\/v2\/media?parent=9187"}],"wp:term":[{"taxonomy":"product_cat","embeddable":true,"href":"https:\/\/kitchtenstore.com\/fr\/wp-json\/wp\/v2\/product_cat?post=9187"},{"taxonomy":"product_tag","embeddable":true,"href":"https:\/\/kitchtenstore.com\/fr\/wp-json\/wp\/v2\/product_tag?post=9187"}],"curies":[{"name":"wp","href":"https:\/\/api.w.org\/{rel}","templated":true}]}}