{"id":9178,"date":"2022-07-02T22:00:47","date_gmt":"2022-07-02T22:00:47","guid":{"rendered":"https:\/\/bon10count.com\/?post_type=product&#038;p=9178"},"modified":"2022-07-03T00:29:54","modified_gmt":"2022-07-03T00:29:54","slug":"smartphone-samsung-galaxy-z-fold-3-76-5g-256-go-double-sim-vert","status":"publish","type":"product","link":"https:\/\/kitchtenstore.com\/fr\/produit\/smartphone-samsung-galaxy-z-fold-3-76-5g-256-go-double-sim-vert\/","title":{"rendered":"Smartphone Samsung Galaxy Z Fold 3 7,6&Prime; 5G 256 Go Double SIM Vert"},"content":{"rendered":"<h2 class=\"productStrate__title\">CARACT\u00c9RISTIQUES TECHNIQUES<\/h2>\n<div class=\"characteristicsStrate__lists\">\n<div class=\"characteristicsStrate__list\">\n<dl class=\"characteristicsStrate__item\">\n<dt class=\"characteristicsStrate__term\">Capacit\u00e9 de stockage<\/dt>\n<dd class=\"characteristicsStrate__definition\">256 Go<\/dd>\n<\/dl>\n<dl class=\"characteristicsStrate__item\">\n<dt class=\"characteristicsStrate__term\">Mod\u00e8le de t\u00e9l\u00e9phone<\/dt>\n<dd class=\"characteristicsStrate__definition\">Galaxy Fold 3<\/dd>\n<\/dl>\n<dl class=\"characteristicsStrate__item\">\n<dt class=\"characteristicsStrate__term\">M\u00e9moire install\u00e9e<\/dt>\n<dd class=\"characteristicsStrate__definition\">12 Go<\/dd>\n<\/dl>\n<dl class=\"characteristicsStrate__item\">\n<dt class=\"characteristicsStrate__term\">Taille de l&rsquo;\u00e9cran (pouces)<\/dt>\n<dd class=\"characteristicsStrate__definition\">7,6 \u00a0\u00bb Ecran int\u00e9rieur; Ecran externe : 6,2&Prime;<\/dd>\n<\/dl>\n<dl class=\"characteristicsStrate__item characteristicsStrate__item--long\">\n<dt class=\"characteristicsStrate__term\">Caract\u00e9ristiques de l&rsquo;\u00e9cran<\/dt>\n<dd class=\"characteristicsStrate__definition\">2 \u00e9crans; Ecran externe : HD+ (24,5:9), Ecran int\u00e9rieur : QXGA+ (22,5:18), Ecran ext. : Dynamic AMOLED 2x 60\/120Hz, Ecran int. : Dynamic AMOLED 2x 120 Hz, Techno Ultra Thin Glass (\u00e9cran int.), Filtre de lumi\u00e8re bleue , Always On Display, Norme HDR10+<\/dd>\n<\/dl>\n<dl class=\"characteristicsStrate__item characteristicsStrate__item--long\">\n<dt class=\"characteristicsStrate__term\">Appareil photo<\/dt>\n<dd class=\"characteristicsStrate__definition\">Appareil photo principal: Triple capteur,Capteur principal:12 MP Dual Pixel,Ouverture f\/1,8,Capteur Ultra grand angle:12 MP,Ouverture f\/2,2,Capteur T\u00e9l\u00e9objectif avec zoom optiquex2:12 MP,Ouverture f\/2,4,Flash,HDR10+,Lancement rapide,Stabilisation optique \u2013 Action Cam,Optimiseur de sc\u00e8ne,Cadrage professionnel intelligent;Cam\u00e9ra frontale (ext):10 MP,f\/2,2,Autofocus,Contr\u00f4le par mouvement,Contr\u00f4le vocal,Flash avant,Touche flottante;Cam\u00e9ra frontale (int):Cam\u00e9ra sous l\u2019\u00e9cran,4 MP Dual Pixel f\/1,8<\/dd>\n<\/dl>\n<dl class=\"characteristicsStrate__item\">\n<dt class=\"characteristicsStrate__term\">Gamme t\u00e9l\u00e9phonie<\/dt>\n<dd class=\"characteristicsStrate__definition\">Samsung Galaxy Z Fold<\/dd>\n<\/dl>\n<dl class=\"characteristicsStrate__item\">\n<dt class=\"characteristicsStrate__term\">Couleur<\/dt>\n<dd class=\"characteristicsStrate__definition\">Vert<\/dd>\n<\/dl>\n<dl class=\"characteristicsStrate__item\">\n<dt class=\"characteristicsStrate__term\">Syst\u00e8me d&rsquo;exploitation<\/dt>\n<dd class=\"characteristicsStrate__definition\">Android 11<\/dd>\n<\/dl>\n<dl class=\"characteristicsStrate__item\">\n<dt class=\"characteristicsStrate__term\">Type de carte SIM<\/dt>\n<dd class=\"characteristicsStrate__definition\">Double nano SIM<\/dd>\n<\/dl>\n<dl class=\"characteristicsStrate__item\">\n<dt class=\"characteristicsStrate__term\">Processeur<\/dt>\n<dd class=\"characteristicsStrate__definition\">Snapdragon 888; Octo Core (1 x 2,84 GHz + 3 x 2,4 GHz + 4 x 1,8 GHz)<\/dd>\n<\/dl>\n<dl class=\"characteristicsStrate__item\">\n<dt class=\"characteristicsStrate__term\">Capacit\u00e9 de la batterie<\/dt>\n<dd class=\"characteristicsStrate__definition\">4400 mAh<\/dd>\n<\/dl>\n<dl class=\"characteristicsStrate__item\">\n<dt class=\"characteristicsStrate__term\">Connectique<\/dt>\n<dd class=\"characteristicsStrate__definition\">1 USB Type C<\/dd>\n<\/dl>\n<dl class=\"characteristicsStrate__item characteristicsStrate__item--long\">\n<dt class=\"characteristicsStrate__term\">Communications sans fil<\/dt>\n<dd class=\"characteristicsStrate__definition\">3G (HSDPA+) : B1(2100), B2(1900),B5(850),B8(900)<\/p>\n<p>4G B1(2100),B2(1900),B20(800),B28(700),B3(1800),B38, B4(AWS),B40,B5(850),B7(2600),B8(900),B12,B13,B17(700),B18,B19,B25,B26,B39,B41,B66<\/p>\n<p>Bluetooth 5.2<\/p>\n<p>Wi-Fi 802.11 a\/b\/g\/n\/ac\/ax (2,4\/5 GHz)<\/p>\n<p>NFC<\/p>\n<p>5G<\/dd>\n<\/dl>\n<\/div>\n<div class=\"characteristicsStrate__list\">\n<dl class=\"characteristicsStrate__item characteristicsStrate__item--long\">\n<dt class=\"characteristicsStrate__term\">Caract\u00e9ristiques compl\u00e9mentaires<\/dt>\n<dd class=\"characteristicsStrate__definition\">Certification IPx8; Modes app. Principal : Photo, Vid\u00e9o, Single Take, Pro, Panorama, Nourriture, Nuit, Mode Portrait, Mode Portrait Vid\u00e9o, Vid\u00e9o Pro, Super Ralenti, Ralenti, Hyperlapse, Bixby Vision, AR Zone; Modes cam\u00e9ra frontale : AR Emoji, Mode Portrait, Photo, Vid\u00e9o, Vid\u00e9o Mode Portrait; Lecture d\u2019images \u2013 Formats support\u00e9s : AGIF, BMP, GIF, JPG, PNG, WBMP; Enregistrement jusqu\u2019en UHD 4K 60 fps (principal) et 30 fps (frontal); Lecture de vid\u00e9os &#8211; Formats support\u00e9s : MP4, M4V, 3GP, 3G2, WMV, AVI, MKV, WEBM; Capteurs: Acc\u00e9l\u00e9rom\u00e8tre, Barom\u00e8tre, Capteur magn\u00e9tique, Capteur de proximit\u00e9, Capteur Hall, Empreinte digitale, Gyroscope; Fonctionnalit\u00e9s: App Continuity, Multit\u00e2che jusqu\u2019\u00e0 3 applications simultan\u00e9ment, Enregistreur vocal, Lampe, Horloge mondiale, Mode hors-ligne, Mode mains-libres, Mode simplifi\u00e9, Alarme; Musique: Haut-parleurs stereo AKG, Son compatible Dolby Atmos, Application Spotify pr\u00e9-embarqu\u00e9e; Lecture de musique \u2013 formats support\u00e9s :MP3, M4A, 3GA, AAC, OGG, OGA, WAV, WMA, AMR, AWB, FLAC, MID, MIDI, XMF, MXMF, IMY, RTTTL, RTX, OTA, DFF, DSF, APE; Localisation: GPS, GLONASS, Beidou, Galileo<\/dd>\n<\/dl>\n<dl class=\"characteristicsStrate__item\">\n<dt class=\"characteristicsStrate__term\">Coloris<\/dt>\n<dd class=\"characteristicsStrate__definition\">Noir<\/dd>\n<\/dl>\n<dl class=\"characteristicsStrate__item\">\n<dt class=\"characteristicsStrate__term\">Type de d\u00e9verrouillage<\/dt>\n<dd class=\"characteristicsStrate__definition\">Empreinte digitale Reconnaissance faciale<\/dd>\n<\/dl>\n<dl class=\"characteristicsStrate__item\">\n<dt class=\"characteristicsStrate__term\">Usage t\u00e9l\u00e9phone portable<\/dt>\n<dd class=\"characteristicsStrate__definition\">Smartphones durables<\/dd>\n<\/dl>\n<dl class=\"characteristicsStrate__item\">\n<dt class=\"characteristicsStrate__term\">Dimensions<\/dt>\n<dd class=\"characteristicsStrate__definition\">Ouvert: 158.2 x 128.1 x 6.4 mm; Repli\u00e9: 158.2 x 67.1 x 16 mm<\/dd>\n<\/dl>\n<dl class=\"characteristicsStrate__item\">\n<dt class=\"characteristicsStrate__term\">Poids du produit<\/dt>\n<dd class=\"characteristicsStrate__definition\">271 g<\/dd>\n<\/dl>\n<dl class=\"characteristicsStrate__item\">\n<dt class=\"characteristicsStrate__term\">Indice DAS Tronc<\/dt>\n<dd class=\"characteristicsStrate__definition\">1.453<\/dd>\n<\/dl>\n<dl class=\"characteristicsStrate__item\">\n<dt class=\"characteristicsStrate__term\">Indice DAS T\u00eate en W\/Kg<\/dt>\n<dd class=\"characteristicsStrate__definition\">0.859<\/dd>\n<\/dl>\n<dl class=\"characteristicsStrate__item\">\n<dt class=\"characteristicsStrate__term\">Indice DAS membre en W\/Kg<\/dt>\n<dd class=\"characteristicsStrate__definition\">2.89<\/dd>\n<\/dl>\n<dl class=\"characteristicsStrate__item\">\n<dt class=\"characteristicsStrate__term\">Indice de r\u00e9parabilit\u00e9<\/dt>\n<dd class=\"characteristicsStrate__definition\">7,5\/10<\/dd>\n<\/dl>\n<dl class=\"characteristicsStrate__item\">\n<dt class=\"characteristicsStrate__term\">Disponibilit\u00e9 des pi\u00e8ces d\u00e9tach\u00e9es<\/dt>\n<dd class=\"characteristicsStrate__definition\">5 ANS<\/dd>\n<\/dl>\n<dl class=\"characteristicsStrate__item\">\n<dt class=\"characteristicsStrate__term\">Reconditionn\u00e9<\/dt>\n<dd class=\"characteristicsStrate__definition\">Non<\/dd>\n<\/dl>\n<dl class=\"characteristicsStrate__item characteristicsStrate__item--long\">\n<dt class=\"characteristicsStrate__term\">Mention L\u00e9gale<\/dt>\n<dd class=\"characteristicsStrate__definition\">Le d\u00e9bit d&rsquo;absorption sp\u00e9cifique (DAS) local quantifie l&rsquo;exposition de l&rsquo;utilisateur aux ondes \u00e9lectromagn\u00e9tiques de l&rsquo;\u00e9quipement concern\u00e9. Le DAS maximal autoris\u00e9 est de 2 W\/kg pour la t\u00eate et le tronc et de 4 W\/kg pour les membres.<\/dd>\n<\/dl>\n<\/div>\n<\/div>","protected":false},"excerpt":{"rendered":"<dl class=\"characteristicsStrate__item\">\n<dt class=\"characteristicsStrate__term\">Capacit\u00e9 de stockage<\/dt>\n<dd class=\"characteristicsStrate__definition\">256 Go<\/dd>\n<\/dl>\n<dl class=\"characteristicsStrate__item\">\n<dt class=\"characteristicsStrate__term\">Mod\u00e8le de t\u00e9l\u00e9phone<\/dt>\n<dd class=\"characteristicsStrate__definition\">Galaxy Fold 3<\/dd>\n<\/dl>\n<dl class=\"characteristicsStrate__item\">\n<dt class=\"characteristicsStrate__term\">M\u00e9moire install\u00e9e<\/dt>\n<dd class=\"characteristicsStrate__definition\">12 Go<\/dd>\n<\/dl>\n<dl class=\"characteristicsStrate__item\">\n<dt class=\"characteristicsStrate__term\">Taille de l&rsquo;\u00e9cran (pouces)<\/dt>\n<dd class=\"characteristicsStrate__definition\">7,6 \u00a0\u00bb Ecran int\u00e9rieur; Ecran externe : 6,2&Prime;<\/dd>\n<\/dl>","protected":false},"featured_media":9179,"comment_status":"open","ping_status":"closed","template":"","meta":{"inline_featured_image":false,"_joinchat":[]},"product_cat":[21],"product_tag":[],"class_list":{"0":"post-9178","1":"product","2":"type-product","3":"status-publish","4":"has-post-thumbnail","6":"product_cat-telephones-objets-connectes","8":"first","9":"instock","10":"shipping-taxable","11":"purchasable","12":"product-type-simple"},"_links":{"self":[{"href":"https:\/\/kitchtenstore.com\/fr\/wp-json\/wp\/v2\/product\/9178","targetHints":{"allow":["GET"]}}],"collection":[{"href":"https:\/\/kitchtenstore.com\/fr\/wp-json\/wp\/v2\/product"}],"about":[{"href":"https:\/\/kitchtenstore.com\/fr\/wp-json\/wp\/v2\/types\/product"}],"replies":[{"embeddable":true,"href":"https:\/\/kitchtenstore.com\/fr\/wp-json\/wp\/v2\/comments?post=9178"}],"version-history":[{"count":0,"href":"https:\/\/kitchtenstore.com\/fr\/wp-json\/wp\/v2\/product\/9178\/revisions"}],"wp:featuredmedia":[{"embeddable":true,"href":"https:\/\/kitchtenstore.com\/fr\/wp-json\/wp\/v2\/media\/9179"}],"wp:attachment":[{"href":"https:\/\/kitchtenstore.com\/fr\/wp-json\/wp\/v2\/media?parent=9178"}],"wp:term":[{"taxonomy":"product_cat","embeddable":true,"href":"https:\/\/kitchtenstore.com\/fr\/wp-json\/wp\/v2\/product_cat?post=9178"},{"taxonomy":"product_tag","embeddable":true,"href":"https:\/\/kitchtenstore.com\/fr\/wp-json\/wp\/v2\/product_tag?post=9178"}],"curies":[{"name":"wp","href":"https:\/\/api.w.org\/{rel}","templated":true}]}}