{"id":9174,"date":"2022-07-02T21:54:17","date_gmt":"2022-07-02T21:54:17","guid":{"rendered":"https:\/\/bon10count.com\/?post_type=product&#038;p=9174"},"modified":"2022-07-02T21:54:17","modified_gmt":"2022-07-02T21:54:17","slug":"friteuse-sans-huile-ninja-foodi-af300eu-airfryer-2400-w-noir-et-gris","status":"publish","type":"product","link":"https:\/\/kitchtenstore.com\/fr\/produit\/friteuse-sans-huile-ninja-foodi-af300eu-airfryer-2400-w-noir-et-gris\/","title":{"rendered":"Friteuse Sans Huile Ninja Foodi AF300EU AirFryer 2400 W Noir Et Gris"},"content":{"rendered":"<p>CARACT\u00c9RISTIQUES TECHNIQUES<\/p>\n<p>Fonctions appareil de cuisson<\/p>\n<p>Friteuse<\/p>\n<p>Type de friteuse<\/p>\n<p>Peu d&rsquo;huile<\/p>\n<p>Nombre de modes de cuisson<\/p>\n<p>6<\/p>\n<p>Puissance<\/p>\n<p>2400 Watts<\/p>\n<p>Energie utilis\u00e9e<\/p>\n<p>Electrique<\/p>\n<p>Capacit\u00e9<\/p>\n<p>7,6 litres<\/p>\n<p>Nombre de programmes<\/p>\n<p>6<\/p>\n<p>Capacit\u00e9 du r\u00e9servoir<\/p>\n<p>7,6 litres<\/p>\n<p>Fonctionnalit\u00e9s appareils de cuisson<\/p>\n<p>Minuterie<\/p>\n<p>Connect\u00e9<\/p>\n<p>Non<\/p>\n<p>Mati\u00e8re principale<\/p>\n<p>Plastique Plastique<\/p>\n<p>Type de bol<\/p>\n<p>2 plateaux de friture d&rsquo;une capacit\u00e9 de 3,6 litres et plaques antiadh\u00e9sives<\/p>\n<p>&nbsp;<\/p>\n<p>Mode de cuisson<\/p>\n<p>Frire<\/p>\n<p>&nbsp;<\/p>\n<p>Grilles et plaques de cuisson<\/p>\n<p>Plaque de cuisson<\/p>\n<p>&nbsp;<\/p>\n<p>Livre de recettes<\/p>\n<p>Oui<\/p>\n<p>&nbsp;<\/p>\n<p>Programme(s)<\/p>\n<p>&#8211; Max Crisp &#8211; Frire sans huile &#8211; R\u00f4tir &#8211; D\u00e9shydrater &#8211; R\u00e9chauffer &#8211; Cuire au four<\/p>\n<p>&nbsp;<\/p>\n<p>S\u00e9curit\u00e9<\/p>\n<p>Arr\u00eat automatique en cas de surchauffe<\/p>\n<p>&nbsp;<\/p>\n<p>Professionnel<\/p>\n<p>Non<\/p>\n<p>&nbsp;<\/p>\n<p>Longueur du cordon<\/p>\n<p>78 cm<\/p>\n<p>&nbsp;<\/p>\n<p>Niveau d&rsquo;eau visible<\/p>\n<p>Non<\/p>\n<p>&nbsp;<\/p>\n<p>Nombre de foyer(s)<\/p>\n<p>2<\/p>\n<p>&nbsp;<\/p>\n<p>Nature des foyers \u00e9lectriques<\/p>\n<p>Electrique<\/p>\n<p>&nbsp;<\/p>\n<p>Type d&rsquo;allumage<\/p>\n<p>Electrique<\/p>\n<p>&nbsp;<\/p>\n<p>Type de barbecue<\/p>\n<p>Sur meuble<\/p>\n<p>&nbsp;<\/p>\n<p>Temp\u00e9rature (\u00b0C)<\/p>\n<p>160 &#8211; 240 \u00b0C<\/p>\n<p>&nbsp;<\/p>\n<p>Garantie d&rsquo;origine<\/p>\n<p>2 ans<\/p>\n<p>&nbsp;<\/p>\n<p>Caract\u00e9ristiques compl\u00e9mentaires<\/p>\n<p>&#8211; Technologie DualZone: deux zones de cuisson ind\u00e9pendantes: Fonction SYNC: synchronise les fins de cuisson des 2 zones Fonction MATCH: duplique les r\u00e9glages sur les 2 zones pour doubler les quantit\u00e9s cuisin\u00e9es &#8211; Mode Max Crisp pour faire dorer et croustiller des aliments surgel\u00e9s &#8211; Jusqu&rsquo;\u00e0 75% de mati\u00e8res grasses en moins que les m\u00e9thodes de friture traditionnelles* &#8211; Jusqu\u2019\u00e0 75% plus rapide que les fours \u00e0 chaleur tournante** *Test r\u00e9alis\u00e9 sur des frites coup\u00e9es \u00e0 la main avec cuisson en friture traditionnelle **Test r\u00e9alis\u00e9 sur des poissons pan\u00e9s et des saucisses, avec pr\u00e9chauffage<\/p>\n<p>&nbsp;<\/p>\n<p>Couleur<\/p>\n<p>Noir et Gris<\/p>\n<p>&nbsp;<\/p>\n<p>Coloris<\/p>\n<p>Noir<\/p>\n<p>&nbsp;<\/p>\n<p>Poids en Kg<\/p>\n<p>8,2 Kg<\/p>\n<p>&nbsp;<\/p>\n<p>Longueur du produit<\/p>\n<p>40 cm<\/p>\n<p>&nbsp;<\/p>\n<p>Largeur du produit<\/p>\n<p>32 cm<\/p>\n<p>&nbsp;<\/p>\n<p>Hauteur du produit<\/p>\n<p>31 cm<\/p>\n<p>&nbsp;<\/p>\n<p>Poids du produit<\/p>\n<p>8200 g<\/p>\n<p>&nbsp;<\/p>\n<p>Disponibilit\u00e9 des pi\u00e8ces d\u00e9tach\u00e9es<\/p>\n<p>SANS PIECE<\/p>\n<p>&nbsp;<\/p>\n<p>Dimensions<\/p>\n<p>31,5&#215;37,5&#215;35 (HxLxP)<\/p>\n<p>&nbsp;<\/p>\n<p>Capacit\u00e9<\/p>\n<p>Capacit\u00e9 totale: 7,6L (3,8L par bac de cuisson)<\/p>","protected":false},"excerpt":{"rendered":"<div id=\"product-description-short-370\" class=\"tvproduct-page-decs\">\n<p>La friteuse sans huile capable de cuire 2 ingr\u00e9dients de 2 mani\u00e8res diff\u00e9rentes et de les servir en m\u00eame temps. Bien plus qu\u2019une friteuse sans huile. 6 modes de cuisson : frire sans huile, Max Crisp, r\u00f4tir, cuire au four, r\u00e9chauffer, d\u00e9shydrater. 2 compartiments de cuisson ind\u00e9pendants En cuisine, le minutage est primordial. La friteuse sans huile Ninja Foodi \u00e0 double compartiment 7,6 l planifie et minute chaque cuisson pour vous. Pr\u00e9parez 2 plats diff\u00e9rents avec des temp\u00e9ratures, des dur\u00e9es et des programmes diff\u00e9rents&#8230; Voir la suite<\/p>\n<p>&nbsp;<\/p>\n<\/div>\n<div class=\"product-information tvproduct-special-desc\">\n<div class=\"product-actions\">\n<form id=\"add-to-cart-or-refresh\" action=\"https:\/\/bestelectromarket.com\/panier\" method=\"post\">\n<div class=\"product-variants\">\n<div class=\"tv-product-page\">\n<div class=\"tv-indicator tv-bar tv-colors\">\n<div class=\"tv-outer\" style=\"box-sizing: inherit; display: block; background-color: #d5d5e5; width: 270px; border-radius: 1000em; overflow: hidden; height: 4px; position: relative; margin: 0px 20px 0px 0px; max-width: 270px;\" title=\"\" data-toggle=\"tvtooltip\" data-placement=\"top\" data-html=\"true\" data-original-title=\"&lt;div class='text-center'&gt;\u00c9tat des stocks\t: &lt;b&gt;Faible\t&lt;\/b&gt;&lt;\/div&gt;\"><\/div>\n<\/div>\n<\/div>\n<\/div>\n<\/form>\n<\/div>\n<\/div>","protected":false},"featured_media":9175,"comment_status":"open","ping_status":"closed","template":"","meta":{"inline_featured_image":false,"_joinchat":[]},"product_cat":[26],"product_tag":[],"class_list":{"0":"post-9174","1":"product","2":"type-product","3":"status-publish","4":"has-post-thumbnail","6":"product_cat-electromenagers","8":"first","9":"instock","10":"shipping-taxable","11":"purchasable","12":"product-type-simple"},"_links":{"self":[{"href":"https:\/\/kitchtenstore.com\/fr\/wp-json\/wp\/v2\/product\/9174","targetHints":{"allow":["GET"]}}],"collection":[{"href":"https:\/\/kitchtenstore.com\/fr\/wp-json\/wp\/v2\/product"}],"about":[{"href":"https:\/\/kitchtenstore.com\/fr\/wp-json\/wp\/v2\/types\/product"}],"replies":[{"embeddable":true,"href":"https:\/\/kitchtenstore.com\/fr\/wp-json\/wp\/v2\/comments?post=9174"}],"version-history":[{"count":0,"href":"https:\/\/kitchtenstore.com\/fr\/wp-json\/wp\/v2\/product\/9174\/revisions"}],"wp:featuredmedia":[{"embeddable":true,"href":"https:\/\/kitchtenstore.com\/fr\/wp-json\/wp\/v2\/media\/9175"}],"wp:attachment":[{"href":"https:\/\/kitchtenstore.com\/fr\/wp-json\/wp\/v2\/media?parent=9174"}],"wp:term":[{"taxonomy":"product_cat","embeddable":true,"href":"https:\/\/kitchtenstore.com\/fr\/wp-json\/wp\/v2\/product_cat?post=9174"},{"taxonomy":"product_tag","embeddable":true,"href":"https:\/\/kitchtenstore.com\/fr\/wp-json\/wp\/v2\/product_tag?post=9174"}],"curies":[{"name":"wp","href":"https:\/\/api.w.org\/{rel}","templated":true}]}}