{"id":9171,"date":"2022-07-02T21:50:30","date_gmt":"2022-07-02T21:50:30","guid":{"rendered":"https:\/\/bon10count.com\/?post_type=product&#038;p=9171"},"modified":"2023-06-13T21:15:14","modified_gmt":"2023-06-13T21:15:14","slug":"friteuse-a-air-chaud-philips-airfryer-xxl-2200-w-noir","status":"publish","type":"product","link":"https:\/\/kitchtenstore.com\/fr\/produit\/friteuse-a-air-chaud-philips-airfryer-xxl-2200-w-noir\/","title":{"rendered":"Friteuse \u00c0 Air Chaud Philips Airfryer XXL 2200 W Noir"},"content":{"rendered":"<p>CARACT\u00c9RISTIQUES TECHNIQUES<\/p>\n<p>Fonctions appareil de cuisson<\/p>\n<p>Cuire, Grill, Friteuse<\/p>\n<p>Type de friteuse: Peu d&rsquo;huile<\/p>\n<p>Nombre de modes de cuisson\u00a0 \u00a0 \u00a05<\/p>\n<p>Puissance 2200 Watts<\/p>\n<p>Energie utilis\u00e9e\u00a0 Electrique<\/p>\n<p>Capacit\u00e9\u00a0 \u00a07,3 litres<\/p>\n<p>Nombre de programmes\u00a0 5<\/p>\n<p>Capacit\u00e9 du r\u00e9servoir\u00a0 \u00a07,3 litres<\/p>\n<p>Fonctionnalit\u00e9s appareils de cuisson\u00a0 \u00a0 Minuterie<\/p>\n<p>Arr\u00eat automatique\u00a0 \u00a0 Interrupteur<\/p>\n<p>Programmable\u00a0 \u00a0 D\u00e9part diff\u00e9r\u00e9<\/p>\n<p>Double parroie<\/p>","protected":false},"excerpt":{"rendered":"<div id=\"product-description-short-369\" class=\"tvproduct-page-decs\">\n<p>Un maximum de go\u00fbt, un minimum de graisse, en toute simplicit\u00e9.Des r\u00e9sultats parfaits d&rsquo;une simple pression sur un boutonLa nouvelle Airfryer XXL Philips pense et cuisine pour vous. Gr\u00e2ce \u00e0 sa technologie Smart Sensing, elle est la seule friteuse saine qui ajuste automatiquement la dur\u00e9e de cuisson et la temp\u00e9rature en cours de fonctionnement, pour des plats parfaitement r\u00e9alis\u00e9s. Savourez chaque bouch\u00e9e !<\/p>\n<\/div>\n<div class=\"product-information tvproduct-special-desc\">\n<div class=\"product-actions\">\n<form id=\"add-to-cart-or-refresh\" action=\"https:\/\/bestelectromarket.com\/panier\" method=\"post\">\n<div class=\"product-variants\">\n<div class=\"tv-product-page\">\n<div class=\"tv-indicator tv-bar tv-colors\">\n<div class=\"tv-outer\" style=\"box-sizing: inherit; display: block; background-color: #d5d5e5; width: 270px; border-radius: 1000em; overflow: hidden; height: 4px; position: relative; margin: 0px 20px 0px 0px; max-width: 270px;\" title=\"\" data-toggle=\"tvtooltip\" data-placement=\"top\" data-html=\"true\" data-original-title=\"&lt;div class='text-center'&gt;\u00c9tat des stocks\t: &lt;b&gt;Faible\t&lt;\/b&gt;&lt;\/div&gt;\"><\/div>\n<\/div>\n<\/div>\n<\/div>\n<\/form>\n<\/div>\n<\/div>","protected":false},"featured_media":9173,"comment_status":"open","ping_status":"closed","template":"","meta":{"inline_featured_image":false,"_joinchat":[]},"product_cat":[26],"product_tag":[],"class_list":{"0":"post-9171","1":"product","2":"type-product","3":"status-publish","4":"has-post-thumbnail","6":"product_cat-electromenagers","8":"first","9":"instock","10":"shipping-taxable","11":"purchasable","12":"product-type-simple"},"_links":{"self":[{"href":"https:\/\/kitchtenstore.com\/fr\/wp-json\/wp\/v2\/product\/9171","targetHints":{"allow":["GET"]}}],"collection":[{"href":"https:\/\/kitchtenstore.com\/fr\/wp-json\/wp\/v2\/product"}],"about":[{"href":"https:\/\/kitchtenstore.com\/fr\/wp-json\/wp\/v2\/types\/product"}],"replies":[{"embeddable":true,"href":"https:\/\/kitchtenstore.com\/fr\/wp-json\/wp\/v2\/comments?post=9171"}],"version-history":[{"count":0,"href":"https:\/\/kitchtenstore.com\/fr\/wp-json\/wp\/v2\/product\/9171\/revisions"}],"wp:featuredmedia":[{"embeddable":true,"href":"https:\/\/kitchtenstore.com\/fr\/wp-json\/wp\/v2\/media\/9173"}],"wp:attachment":[{"href":"https:\/\/kitchtenstore.com\/fr\/wp-json\/wp\/v2\/media?parent=9171"}],"wp:term":[{"taxonomy":"product_cat","embeddable":true,"href":"https:\/\/kitchtenstore.com\/fr\/wp-json\/wp\/v2\/product_cat?post=9171"},{"taxonomy":"product_tag","embeddable":true,"href":"https:\/\/kitchtenstore.com\/fr\/wp-json\/wp\/v2\/product_tag?post=9171"}],"curies":[{"name":"wp","href":"https:\/\/api.w.org\/{rel}","templated":true}]}}