{"id":9165,"date":"2022-07-02T21:40:29","date_gmt":"2022-07-02T21:40:29","guid":{"rendered":"https:\/\/bon10count.com\/?post_type=product&#038;p=9165"},"modified":"2022-07-02T21:40:29","modified_gmt":"2022-07-02T21:40:29","slug":"lave-linge-hublot-continental-edison-10-kg-1400-trs-depart-differe-moteur-induction-l-597-cm-x-h-845-cm-inox-noir","status":"publish","type":"product","link":"https:\/\/kitchtenstore.com\/fr\/produit\/lave-linge-hublot-continental-edison-10-kg-1400-trs-depart-differe-moteur-induction-l-597-cm-x-h-845-cm-inox-noir\/","title":{"rendered":"Lave-Linge Hublot CONTINENTAL EDISON 10 Kg &#8211; 1400 Trs &#8211; D\u00e9part Diff\u00e9r\u00e9 &#8211; MOTEUR INDUCTION &#8211; L 59,7 Cm X H 84,5 Cm &#8211; INOX NOIR"},"content":{"rendered":"<div class=\"tvproduct-page-wrapper\">\n<div class=\"tabs tvproduct-description-tab\">\n<div id=\"tab-content\" class=\"tab-content\">\n<div id=\"description\" class=\"tab-pane fade in  active\" role=\"tabpanel\">\n<div class=\"product-description\">\n<p>Marque CONTINENTAL EDISON<\/p>\n<p>Nom du produit Lave-linge hublot CONTINENTAL EDISON 10 kg &#8211; 1400<\/p>\n<p>Cat\u00e9gorie LAVE-LINGE<\/p>\n<p>R\u00e9f\u00e9rence CELL1014IBIX<\/p>\n<p>G\u00e9n\u00e9ral<\/p>\n<p>Type de produit Machine \u00e0 laver &#8211; chargement frontal<\/p>\n<p>Classe d&rsquo;efficacit\u00e9 \u00e9nerg\u00e9tique Classe C<\/p>\n<p>Consommation d&rsquo;\u00e9nergie annuelle 213 kWh<\/p>\n<p>Consommation d&rsquo;eau annuelle 12760 litres<\/p>\n<p>Classe d&rsquo;efficacit\u00e9 d&rsquo;essorage Classe B<\/p>\n<p>Vitesse d\u2019essorage Variable &#8211; 1400 tours\/min (maximum)<\/p>\n<p>Mat\u00e9riau du tambour Acier inoxydable<\/p>\n<p>Nombre de programmes 15<\/p>\n<p>Niveau sonore maximum 74 dB<\/p>\n<p>Niveau sonore (lavage) 50 dB<\/p>\n<p>Programme de lavage standard Eco<\/p>\n<p>Moteur d&rsquo;onduleur Oui<\/p>\n<p>Capacit\u00e9 de lavage du tambour 62 litres<\/p>\n<p>Moteur \u00e0 induction Oui<\/p>\n<p>Classe \u00e9nerg\u00e9tique Classe C<\/p>\n<p>Facteur de forme Ind\u00e9pendant<\/p>\n<p>Niveau sonore (essorage) 74 dB<\/p>\n<p>D\u00e9tection d&rsquo;absence de la balance Oui<\/p>\n<p>Couleur Ext\u00e9rieure Aspect inox fonc\u00e9<\/p>\n<p>Capacit\u00e9 de charge 10 kg<\/p>\n<p>Classe de bruit (filage) Classe B<\/p>\n<p>Machine \u00e0 laver<\/p>\n<p>Options et programmes sp\u00e9ciaux Laine, coton, lavage \u00e0 la main, chemises, duvet, rapide 15, coton avec pr\u00e9lavage, rapide 60&prime;, rin\u00e7age, coton 20\u00b0C, coton 90\u00b0C, essorage, eco 40-60, Sans risque d&rsquo;allergie, synth\u00e9tiques\/v\u00eatements de sport<\/p>\n<p>Quantit\u00e9 de temp\u00e9ratures de lavage 8<\/p>\n<p>R\u00e9glages, commandes et voyants<\/p>\n<p>T\u00e9moins Indicateur de progression du lavage<\/p>\n<p>Fonctions du minuteur D\u00e9part diff\u00e9r\u00e9, programmeur \u00e9lectronique<\/p>\n<p>Consommation<\/p>\n<p>Puissance \u00e9lectrique 2200 Watt<\/p>\n<p>Alimentation 220 &#8211; 240 V \/ 50 Hz<\/p>\n<p>Consommation d&rsquo;eau et d&rsquo;\u00e9nergie<\/p>\n<p>Raccordement d&rsquo;eau Froid<\/p>\n<p>Consommation d&rsquo;\u00e9nergie pond\u00e9r\u00e9e (cycle complet) Pour 100 cycles<\/p>\n<p>Consommation d&rsquo;\u00e9nergie pond\u00e9r\u00e9e (cycle de lavage) Pour 100 cycles<\/p>\n<p>Divers<\/p>\n<p>Fonctions de s\u00e9curit\u00e9 S\u00e9curit\u00e9 enfants, syst\u00e8me de protection antid\u00e9bordement, contr\u00f4le anti-mousse<\/p>\n<p>Fonctions personnalisables Top amovible<\/p>\n<p>Roulettes \/ pieds Pieds r\u00e9glables<\/p>\n<p>Accessoires inclus Tuyau d&rsquo;arriv\u00e9e d&rsquo;eau<\/p>\n<p>Tuyau de drainage<\/p>\n<p>Dimensions et poids<\/p>\n<p>Largeur 59.7 cm<\/p>\n<p>Profondeur 58.2 cm<\/p>\n<p>Hauteur 84.5 cm<\/p>\n<p>Poids 78.5 kg<\/p>\n<p>Informations sur les dimensions Hauteur sans le plan de travail 82.98 cm<\/p>\n<p>Dimensions et poids (emball\u00e9)<\/p>\n<p>Largeur (emball\u00e9e) 64.1 cm<\/p>\n<p>Profondeur (emball\u00e9e) 66 cm<\/p>\n<p>Hauteur (Exp\u00e9dition) 88.1 cm<\/p>\n<p>Poids (Exp\u00e9dition) 80 kg<\/p>\n<p>Affichage<\/p>\n<p>Type Affichage LED<\/p>\n<p>Vos garanties incluses<\/p>\n<p>Garantie (\u00b2) 2 ans<\/p>\n<p>Observations Dans le cas o\u00f9 une garantie commerciale est propos\u00e9e par le vendeur, celle-ci ne fait pas obstacle \u00e0<\/p>\n<p>l\u2019application de la garantie l\u00e9gale de conformit\u00e9 et\/ou \u00e0 la garantie des vices cach\u00e9s. Voir<\/p>\n<p>conditions de cette garantie commerciale dans les CGV du vendeur et\/ou dans les CGU Marketplace<\/p>\n<p>&nbsp;<\/p>\n<\/div>\n<\/div>\n<\/div>\n<\/div>\n<\/div>\n<div class=\"tvcmssame-category-product container-fluid\">\n<div class=\"tvsame-category-product-wrapper-box container\">\n<div class=\"tvsame-category-product-all-box\">\n<div class=\"tvsame-category-product-content\">\n<div class=\"tvall-block-box-shadows\">\n<div class=\"tvsame-category-main-title-wrapper\">\n<div class=\"tvcmsmain-title-wrapper\">\n<div class=\"tvcms-main-title\"><\/div>\n<\/div>\n<\/div>\n<\/div>\n<\/div>\n<\/div>\n<\/div>\n<\/div>","protected":false},"excerpt":{"rendered":"<p>Marque CONTINENTAL EDISON<\/p>\n<p>Nom du produit Lave-linge hublot CONTINENTAL EDISON 10 kg &#8211; 1400<\/p>\n<p>Cat\u00e9gorie LAVE-LINGE<\/p>\n<p>R\u00e9f\u00e9rence CELL1014IBIX<\/p>","protected":false},"featured_media":9167,"comment_status":"open","ping_status":"closed","template":"","meta":{"inline_featured_image":false,"_joinchat":[]},"product_cat":[26],"product_tag":[],"class_list":{"0":"post-9165","1":"product","2":"type-product","3":"status-publish","4":"has-post-thumbnail","6":"product_cat-electromenagers","8":"first","9":"instock","10":"shipping-taxable","11":"purchasable","12":"product-type-simple"},"_links":{"self":[{"href":"https:\/\/kitchtenstore.com\/fr\/wp-json\/wp\/v2\/product\/9165","targetHints":{"allow":["GET"]}}],"collection":[{"href":"https:\/\/kitchtenstore.com\/fr\/wp-json\/wp\/v2\/product"}],"about":[{"href":"https:\/\/kitchtenstore.com\/fr\/wp-json\/wp\/v2\/types\/product"}],"replies":[{"embeddable":true,"href":"https:\/\/kitchtenstore.com\/fr\/wp-json\/wp\/v2\/comments?post=9165"}],"version-history":[{"count":0,"href":"https:\/\/kitchtenstore.com\/fr\/wp-json\/wp\/v2\/product\/9165\/revisions"}],"wp:featuredmedia":[{"embeddable":true,"href":"https:\/\/kitchtenstore.com\/fr\/wp-json\/wp\/v2\/media\/9167"}],"wp:attachment":[{"href":"https:\/\/kitchtenstore.com\/fr\/wp-json\/wp\/v2\/media?parent=9165"}],"wp:term":[{"taxonomy":"product_cat","embeddable":true,"href":"https:\/\/kitchtenstore.com\/fr\/wp-json\/wp\/v2\/product_cat?post=9165"},{"taxonomy":"product_tag","embeddable":true,"href":"https:\/\/kitchtenstore.com\/fr\/wp-json\/wp\/v2\/product_tag?post=9165"}],"curies":[{"name":"wp","href":"https:\/\/api.w.org\/{rel}","templated":true}]}}