{"id":40,"date":"2022-07-01T02:45:45","date_gmt":"2022-07-01T02:45:45","guid":{"rendered":"https:\/\/bon10count.com\/?post_type=product&#038;p=40"},"modified":"2022-07-03T03:04:58","modified_gmt":"2022-07-03T03:04:58","slug":"dyson-v11-absolute-blue-size-l","status":"publish","type":"product","link":"https:\/\/kitchtenstore.com\/fr\/produit\/dyson-v11-absolute-blue-size-l\/","title":{"rendered":"Dyson V11 Absolute, Bleu, Taille L"},"content":{"rendered":"<p>Marque Dyson<\/p>\n<p>Surface recommand\u00e9e Moquette, Sol dur<\/p>\n<p>Couleur bleue<\/p>\n<p>Type d&rsquo;alimentation Batterie<\/p>\n<p>Mod\u00e8le V11<\/p>\n<p>Gardez votre maison impeccable avec l&rsquo;aspirateur sans fil Dyson V11.<\/p>\n<p>Avec un bac 40 % plus grand que les mod\u00e8les pr\u00e9c\u00e9dents, vous n&rsquo;aurez pas \u00e0 vous soucier de vider le bac tout le temps.<\/p>\n<p>Vous voulez savoir combien de temps il reste ? Besoin de savoir quel r\u00e9gime vous utilisez? L&rsquo;\u00e9cran LCD pratique vous donne toutes les informations dont vous avez besoin, y compris les rappels d&rsquo;entretien des filtres et les rapports de blocage.<\/p>\n<p>Le nettoyage de toute la maison est facile avec une longue dur\u00e9e de 60 minutes, pour un nettoyage en profondeur avec une aspiration impressionnante<\/p>\n<p>Facile \u00e0 nettoyer. Respiration facile &#8211; Fonctions pratiques pour rendre votre maison propre et confortable.<\/p>","protected":false},"excerpt":{"rendered":"<p>Marque Dyson<\/p>\n<p>Surface recommand\u00e9e Moquette, Sol dur<\/p>\n<p>Couleur bleue<\/p>\n<p>Type d&rsquo;alimentation Batterie<\/p>\n<p>Mod\u00e8le V11<\/p>","protected":false},"featured_media":213,"comment_status":"open","ping_status":"closed","template":"","meta":{"inline_featured_image":false,"_joinchat":[]},"product_cat":[26],"product_tag":[],"class_list":{"0":"post-40","1":"product","2":"type-product","3":"status-publish","4":"has-post-thumbnail","6":"product_cat-electromenagers","8":"first","9":"instock","10":"shipping-taxable","11":"purchasable","12":"product-type-simple"},"_links":{"self":[{"href":"https:\/\/kitchtenstore.com\/fr\/wp-json\/wp\/v2\/product\/40","targetHints":{"allow":["GET"]}}],"collection":[{"href":"https:\/\/kitchtenstore.com\/fr\/wp-json\/wp\/v2\/product"}],"about":[{"href":"https:\/\/kitchtenstore.com\/fr\/wp-json\/wp\/v2\/types\/product"}],"replies":[{"embeddable":true,"href":"https:\/\/kitchtenstore.com\/fr\/wp-json\/wp\/v2\/comments?post=40"}],"version-history":[{"count":1,"href":"https:\/\/kitchtenstore.com\/fr\/wp-json\/wp\/v2\/product\/40\/revisions"}],"predecessor-version":[{"id":9238,"href":"https:\/\/kitchtenstore.com\/fr\/wp-json\/wp\/v2\/product\/40\/revisions\/9238"}],"wp:featuredmedia":[{"embeddable":true,"href":"https:\/\/kitchtenstore.com\/fr\/wp-json\/wp\/v2\/media\/213"}],"wp:attachment":[{"href":"https:\/\/kitchtenstore.com\/fr\/wp-json\/wp\/v2\/media?parent=40"}],"wp:term":[{"taxonomy":"product_cat","embeddable":true,"href":"https:\/\/kitchtenstore.com\/fr\/wp-json\/wp\/v2\/product_cat?post=40"},{"taxonomy":"product_tag","embeddable":true,"href":"https:\/\/kitchtenstore.com\/fr\/wp-json\/wp\/v2\/product_tag?post=40"}],"curies":[{"name":"wp","href":"https:\/\/api.w.org\/{rel}","templated":true}]}}