{"id":39,"date":"2022-07-01T02:45:45","date_gmt":"2022-07-01T02:45:45","guid":{"rendered":"https:\/\/bon10count.com\/?post_type=product&#038;p=39"},"modified":"2022-07-03T03:14:58","modified_gmt":"2022-07-03T03:14:58","slug":"samsung-galaxy-z-fold2-5g-256gb-sm-f916n-bronze","status":"publish","type":"product","link":"https:\/\/kitchtenstore.com\/fr\/produit\/samsung-galaxy-z-fold2-5g-256gb-sm-f916n-bronze\/","title":{"rendered":"Samsung Galaxy Z Fold2 5G 256GB SM-F916N Bronze"},"content":{"rendered":"<p>Mesur\u00e9e en diagonale, la taille de l&rsquo;\u00e9cran est de 6,2&Prime; (158,1 mm) dans le rectangle complet et de 6,2&Prime; (156,5 mm) en tenant compte des coins arrondis. La zone de visualisation r\u00e9elle est plus petite en raison des coins arrondis et de la cam\u00e9ra.<br \/>\nMesur\u00e9e en diagonale, la taille de l&rsquo;\u00e9cran est de 7,6&Prime; (192,7 mm) dans le rectangle complet et de 7,5&Prime; (190,9 mm) en tenant compte des coins arrondis. La zone de visualisation r\u00e9elle est plus petite en raison des coins arrondis et de la cam\u00e9ra.<br \/>\nValeur typique test\u00e9e en laboratoire par des tiers. La valeur typique est la valeur moyenne estim\u00e9e en tenant compte des \u00e9carts de capacit\u00e9 de batterie observ\u00e9s parmi les \u00e9chantillons de batterie test\u00e9s conform\u00e9ment \u00e0 la norme CEI 61960. La capacit\u00e9 nominale (minimale) est de 4,365 mAh. L&rsquo;autonomie r\u00e9elle de la batterie peut varier en fonction de l&rsquo;environnement r\u00e9seau, des habitudes d&rsquo;utilisation et d&rsquo;autres facteurs.<\/p>\n<p>T\u00eate DAS Galaxy Z Fold2 5G = 0,859 W\/kg SAR tronc = 1,453 W\/kg SAR membres = 2,89 W\/kg<\/p>\n<p>La m\u00e9moire disponible pour l&rsquo;utilisateur est inf\u00e9rieure \u00e0 la m\u00e9moire totale du terminal car le syst\u00e8me d&rsquo;exploitation en a besoin d&rsquo;une partie pour fonctionner de mani\u00e8re optimale. La m\u00e9moire disponible r\u00e9elle peut varier en fonction de la compagnie de t\u00e9l\u00e9phone et des mises \u00e0 jour du syst\u00e8me.<br \/>\nPropuls\u00e9 par Flixmedia<br \/>\n7,6&Prime; 2X AMOLED dynamique pliable \/ Triple cam\u00e9ra arri\u00e8re \/ Connexion 5G \/ Processeur Snapdragon \/ 12 Go de RAM \/ Capacit\u00e9 : 4500 mAh<br \/>\n7,6&Prime; 2X AMOLED dynamique pliable \/ Triple cam\u00e9ra arri\u00e8re \/ Connexion 5G \/ Processeur Snapdragon \/ 12 Go de RAM \/ Capacit\u00e9 : 4500 mAh<\/p>\n<p>Informations g\u00e9n\u00e9rales sur le produit<br \/>\nMarque SAMSUNG<br \/>\nNom du produit Samsung Galaxy Z Fold2 5G 256GB SM-F916N Bronze<br \/>\nCat\u00e9gorie SMARTPHONE<\/p>","protected":false},"excerpt":{"rendered":"<p>7,6&Prime; 2X AMOLED dynamique pliable \/ Triple cam\u00e9ra arri\u00e8re \/ Connexion 5G \/ Processeur Snapdragon \/ 12 Go de RAM \/ Capacit\u00e9 : 4500 mAh<\/p>","protected":false},"featured_media":199,"comment_status":"open","ping_status":"closed","template":"","meta":{"inline_featured_image":false,"_joinchat":[]},"product_cat":[21],"product_tag":[],"class_list":{"0":"post-39","1":"product","2":"type-product","3":"status-publish","4":"has-post-thumbnail","6":"product_cat-telephones-objets-connectes","8":"first","9":"instock","10":"shipping-taxable","11":"purchasable","12":"product-type-simple"},"_links":{"self":[{"href":"https:\/\/kitchtenstore.com\/fr\/wp-json\/wp\/v2\/product\/39","targetHints":{"allow":["GET"]}}],"collection":[{"href":"https:\/\/kitchtenstore.com\/fr\/wp-json\/wp\/v2\/product"}],"about":[{"href":"https:\/\/kitchtenstore.com\/fr\/wp-json\/wp\/v2\/types\/product"}],"replies":[{"embeddable":true,"href":"https:\/\/kitchtenstore.com\/fr\/wp-json\/wp\/v2\/comments?post=39"}],"version-history":[{"count":1,"href":"https:\/\/kitchtenstore.com\/fr\/wp-json\/wp\/v2\/product\/39\/revisions"}],"predecessor-version":[{"id":9242,"href":"https:\/\/kitchtenstore.com\/fr\/wp-json\/wp\/v2\/product\/39\/revisions\/9242"}],"wp:featuredmedia":[{"embeddable":true,"href":"https:\/\/kitchtenstore.com\/fr\/wp-json\/wp\/v2\/media\/199"}],"wp:attachment":[{"href":"https:\/\/kitchtenstore.com\/fr\/wp-json\/wp\/v2\/media?parent=39"}],"wp:term":[{"taxonomy":"product_cat","embeddable":true,"href":"https:\/\/kitchtenstore.com\/fr\/wp-json\/wp\/v2\/product_cat?post=39"},{"taxonomy":"product_tag","embeddable":true,"href":"https:\/\/kitchtenstore.com\/fr\/wp-json\/wp\/v2\/product_tag?post=39"}],"curies":[{"name":"wp","href":"https:\/\/api.w.org\/{rel}","templated":true}]}}