{"id":38,"date":"2022-07-01T02:45:45","date_gmt":"2022-07-01T02:45:45","guid":{"rendered":"https:\/\/bon10count.com\/?post_type=product&#038;p=38"},"modified":"2022-07-03T03:00:55","modified_gmt":"2022-07-03T03:00:55","slug":"coffee-espresso-philips-latte-go-with-tac-screen","status":"publish","type":"product","link":"https:\/\/kitchtenstore.com\/fr\/produit\/coffee-espresso-philips-latte-go-with-tac-screen\/","title":{"rendered":"Caf\u00e9 Espresso Philips Latte Go avec \u00e9cran tactile"},"content":{"rendered":"<p>Points forts : Pression : 15 bar Capacit\u00e9 du r\u00e9servoir d&rsquo;eau : 1,8 litre Compatible : Caf\u00e9 moulu, caf\u00e9 en grains Couleur : Laqu\u00e9 noir<\/p>","protected":false},"excerpt":{"rendered":"<p>Points forts : Pression : 15 bar Capacit\u00e9 du r\u00e9servoir d&rsquo;eau : 1,8 litre Compatible : Caf\u00e9 moulu, caf\u00e9 en grains Couleur : Laqu\u00e9 noir<\/p>","protected":false},"featured_media":198,"comment_status":"open","ping_status":"closed","template":"","meta":{"inline_featured_image":false,"_joinchat":[]},"product_cat":[26],"product_tag":[],"class_list":{"0":"post-38","1":"product","2":"type-product","3":"status-publish","4":"has-post-thumbnail","6":"product_cat-electromenagers","8":"first","9":"instock","10":"shipping-taxable","11":"purchasable","12":"product-type-simple"},"_links":{"self":[{"href":"https:\/\/kitchtenstore.com\/fr\/wp-json\/wp\/v2\/product\/38","targetHints":{"allow":["GET"]}}],"collection":[{"href":"https:\/\/kitchtenstore.com\/fr\/wp-json\/wp\/v2\/product"}],"about":[{"href":"https:\/\/kitchtenstore.com\/fr\/wp-json\/wp\/v2\/types\/product"}],"replies":[{"embeddable":true,"href":"https:\/\/kitchtenstore.com\/fr\/wp-json\/wp\/v2\/comments?post=38"}],"version-history":[{"count":0,"href":"https:\/\/kitchtenstore.com\/fr\/wp-json\/wp\/v2\/product\/38\/revisions"}],"wp:featuredmedia":[{"embeddable":true,"href":"https:\/\/kitchtenstore.com\/fr\/wp-json\/wp\/v2\/media\/198"}],"wp:attachment":[{"href":"https:\/\/kitchtenstore.com\/fr\/wp-json\/wp\/v2\/media?parent=38"}],"wp:term":[{"taxonomy":"product_cat","embeddable":true,"href":"https:\/\/kitchtenstore.com\/fr\/wp-json\/wp\/v2\/product_cat?post=38"},{"taxonomy":"product_tag","embeddable":true,"href":"https:\/\/kitchtenstore.com\/fr\/wp-json\/wp\/v2\/product_tag?post=38"}],"curies":[{"name":"wp","href":"https:\/\/api.w.org\/{rel}","templated":true}]}}