{"id":30,"date":"2022-07-01T02:45:44","date_gmt":"2022-07-01T02:45:44","guid":{"rendered":"https:\/\/bon10count.com\/?post_type=product&#038;p=30"},"modified":"2022-07-03T03:09:10","modified_gmt":"2022-07-03T03:09:10","slug":"iphone-12-128go-blue","status":"publish","type":"product","link":"https:\/\/kitchtenstore.com\/fr\/produit\/iphone-12-128go-blue\/","title":{"rendered":"iPhone 12 128Go Bleu"},"content":{"rendered":"<p>Information produit<br \/>\nNouvelle sous condition<br \/>\nCouleur(s) Bleu<br \/>\nT\u00eate SAR SAR\u00a0: 0,99\u00a0W\/kg<br \/>\nDAS tronc : 0,99 W\/kg<br \/>\nDAS membre : 3,80 W\/Kg<br \/>\nInformation DAS Le DAS (d\u00e9bit d&rsquo;absorption sp\u00e9cifique) des t\u00e9l\u00e9phones portables quantifie le niveau d&rsquo;exposition<br \/>\nCapacit\u00e9 (m\u00e9moire) 128 Go<br \/>\ng\u00e9n\u00e9ral<br \/>\nType de produit Smartphone<br \/>\nMat\u00e9riau du bo\u00eetier Verre, aluminium de qualit\u00e9 a\u00e9rospatiale<br \/>\nCouleur du bo\u00eetier bleu<br \/>\nProfondeur 7,4 mm<br \/>\nLargeur 71,5 mm<br \/>\nHauteur 146,7 mm<br \/>\nPoids 164g<br \/>\nValeur DAS 0,99 W\/kg (corps), 0,98 W\/kg (t\u00eate), 3,8 W\/kg (membres)<br \/>\nProtection anti-poussi\u00e8re, anti-\u00e9claboussures, \u00e9tanche<br \/>\nformat tactile<br \/>\nNum\u00e9ro de mod\u00e8le du fabricant A2403<\/p>","protected":false},"excerpt":{"rendered":"<p>Les points forts :<\/p>\n<p>Taille diagonale : 6,1&Prime;<br \/>\nR\u00e9solution du capteur : 12 m\u00e9gapixels<br \/>\nCapacit\u00e9 de la m\u00e9moire interne : 128 Go<br \/>\n6 coeurs<br \/>\nG\u00e9n\u00e9ration haut d\u00e9bit mobile\u00a0: 5G<br \/>\nProtection : Rev\u00eatement anti-trace ol\u00e9ophobe, Ceramic Shield<br \/>\nSyst\u00e8me d&rsquo;exploitation : iOS 14<br \/>\nFonctions du t\u00e9l\u00e9phone\u00a0: haut-parleur, commande vocale, compteur d&rsquo;appels, t\u00e9l\u00e9com<\/p>","protected":false},"featured_media":183,"comment_status":"open","ping_status":"closed","template":"","meta":{"inline_featured_image":false,"_joinchat":[]},"product_cat":[21],"product_tag":[],"class_list":{"0":"post-30","1":"product","2":"type-product","3":"status-publish","4":"has-post-thumbnail","6":"product_cat-telephones-objets-connectes","8":"first","9":"instock","10":"shipping-taxable","11":"purchasable","12":"product-type-simple"},"_links":{"self":[{"href":"https:\/\/kitchtenstore.com\/fr\/wp-json\/wp\/v2\/product\/30","targetHints":{"allow":["GET"]}}],"collection":[{"href":"https:\/\/kitchtenstore.com\/fr\/wp-json\/wp\/v2\/product"}],"about":[{"href":"https:\/\/kitchtenstore.com\/fr\/wp-json\/wp\/v2\/types\/product"}],"replies":[{"embeddable":true,"href":"https:\/\/kitchtenstore.com\/fr\/wp-json\/wp\/v2\/comments?post=30"}],"version-history":[{"count":0,"href":"https:\/\/kitchtenstore.com\/fr\/wp-json\/wp\/v2\/product\/30\/revisions"}],"wp:featuredmedia":[{"embeddable":true,"href":"https:\/\/kitchtenstore.com\/fr\/wp-json\/wp\/v2\/media\/183"}],"wp:attachment":[{"href":"https:\/\/kitchtenstore.com\/fr\/wp-json\/wp\/v2\/media?parent=30"}],"wp:term":[{"taxonomy":"product_cat","embeddable":true,"href":"https:\/\/kitchtenstore.com\/fr\/wp-json\/wp\/v2\/product_cat?post=30"},{"taxonomy":"product_tag","embeddable":true,"href":"https:\/\/kitchtenstore.com\/fr\/wp-json\/wp\/v2\/product_tag?post=30"}],"curies":[{"name":"wp","href":"https:\/\/api.w.org\/{rel}","templated":true}]}}