{"id":292,"date":"2022-07-01T02:50:39","date_gmt":"2022-07-01T02:50:39","guid":{"rendered":"https:\/\/bon10count.com\/?post_type=product&#038;p=292"},"modified":"2022-07-03T00:48:37","modified_gmt":"2022-07-03T00:48:37","slug":"thermomix-tm5","status":"publish","type":"product","link":"https:\/\/kitchtenstore.com\/fr\/produit\/thermomix-tm5\/","title":{"rendered":"Thermomix TM5"},"content":{"rendered":"<p>L&rsquo;outil. expression ultime .. D\u00e9couvrez le Galaxy S21 Ultra 5G. Un appareil photo parfaitement int\u00e9gr\u00e9 pour r\u00e9volutionner la photographie. Prenez des vid\u00e9os 8K ultra-d\u00e9taill\u00e9es et capturez des images \u00e0 couper le souffle. Et avec le processeur Galaxy le plus rapide, le verre 3 le plus r\u00e9sistant, la compatibilit\u00e9 5G et la longue dur\u00e9e de vie de la batterie, l&rsquo;Ultra porte bien son nom. Le Galaxy S21 Ultra adopte un tout nouveau design centr\u00e9 sur l&rsquo;appareil photo. Le bloc photo prolonge \u00e9l\u00e9gamment la tranche du smartphone, avec des finitions uniques et affirm\u00e9es. Le dos des produits est d\u00e9sormais mat et \u00e9vite les traces de doigts. GORILLE VERRE VICTUS \u2122. La plus robuste de nos lunettes. Con\u00e7u pour \u00eatre encore plus r\u00e9sistant aux rayures et pour prot\u00e9ger \u00e0 la fois l&rsquo;avant et l&rsquo;arri\u00e8re du smartphone, d\u00e9couvrez le Gorilla Glass le plus solide jamais con\u00e7u. R\u00e9alisez de superbes portraits \u00e0 partir d&rsquo;une vid\u00e9o 8K. La vid\u00e9o 8K est la plus haute r\u00e9solution disponible sur un smartphone. Il a quatre fois plus de pixels qu&rsquo;une vid\u00e9o 4K. Enregistrez \u00e0 24 ips en 8K et obtenez des images nettes. Vous pouvez ensuite les t\u00e9l\u00e9charger et les regarder directement sur YouTube. En filmant en 8K, vous pouvez extraire de superbes photos haute r\u00e9solution directement \u00e0 partir de vos vid\u00e9os. Plus besoin de choisir entre filmer et photographier. Activez la fonction Action Cam et le Galaxy S21 Ultra 5G filmera avec une stabilit\u00e9 incroyable. La stabilisation d&rsquo;image par intelligence artificielle (IA) \u00e9limine les vibrations, offrant une vid\u00e9o aussi fluide qu&rsquo;un chariot lorsque vous vous d\u00e9placez. La vid\u00e9o super fluide \u00e0 60 ips garantit une fr\u00e9quence d&rsquo;images dynamique pour une vid\u00e9o super fluide, m\u00eame en cas de faible luminosit\u00e9. Il ajuste automatiquement les images par seconde afin que, m\u00eame si vous filmez au milieu du cr\u00e9puscule, votre vid\u00e9o reste impeccable. Encore plus de d\u00e9tails. L&rsquo;appareil photo de 108 m\u00e9gapixels capture des photos 9 fois plus d\u00e9taill\u00e9es que vos photos conventionnelles de 12 m\u00e9gapixels. Vous pouvez zoomer sur l&rsquo;image et recadrer tout en gardant un r\u00e9sultat net. Les couleurs et les d\u00e9tails sont plus r\u00e9alistes que jamais. ZOOM ESPACE X100. Zooooomez pour rep\u00e9rer chaque d\u00e9tail. Les deux zooms optiques int\u00e9gr\u00e9s effectuent un zoom plus rapide, plus fluide et plus net que tout autre zoom de la famille Galaxy. Et en activant la fonction Zoom Lock, vos clich\u00e9s restent stables et pr\u00e9cis. Les portraits sont relook\u00e9s. D\u00e9sormais am\u00e9lior\u00e9 par l&rsquo;IA, le mode portrait de qualit\u00e9 studio fournit un \u00e9clairage id\u00e9al pour vos photos en analysant les visages, les angles d&rsquo;\u00e9clairage, la direction et la profondeur de champ de l&#8217;emplacement. MODE NUIT. Saisir la nuit comme un r\u00eave. Capturant des couleurs vives et lumineuses dans l&rsquo;obscurit\u00e9 de la nuit, le capteur Bright Night est notre plus grande \u00e9volution en mati\u00e8re de photographie en basse lumi\u00e8re. Prenez des images nettes avec une vitesse plus rapide et beaucoup moins de bruit tout en contr\u00f4lant le temps d&rsquo;exposition. Le Galaxy S21 Ultra 5G offre le plus haut niveau de certification de s\u00e9curit\u00e9, gr\u00e2ce \u00e0 Samsung Knox qui s\u00e9curise votre smartphone et Knox Vault qui crypte vos donn\u00e9es d&rsquo;authentification biom\u00e9trique. Le plus grand capteur d&#8217;empreintes digitales \u00e0 ultrasons permet un d\u00e9verrouillage plus rapide. BATTERIE INTELLIGENTE. Un vrai marathonien. La batterie intelligente du Galaxy S21 Ultra 5G a \u00e9t\u00e9 optimis\u00e9e pour am\u00e9liorer son efficacit\u00e9. Avec une sortie de pointe massive de 5000 mAh, il se combine avec le nouvel \u00e9cran \u00e9conome en \u00e9nergie et le nouveau processeur basse consommation pour am\u00e9liorer son endurance. M\u00c9MOIRE. Gardez vos souvenirs en s\u00e9curit\u00e9. Avec jusqu&rsquo;\u00e0 512 Go de m\u00e9moire int\u00e9gr\u00e9e, vous pouvez stocker des milliers de photos et de vid\u00e9os haute r\u00e9solution. Le chat sur grand \u00e9cran avec Google Duo est une nouvelle fa\u00e7on de se retrouver entre amis et en famille. Compatible avec tous les appareils, il vous permet de rester en contact avec vos proches d&rsquo;un simple toucher. Le miroir de mouvement vous permet de projeter votre t\u00e9l\u00e9phone sur votre t\u00e9l\u00e9viseur pour suivre un programme d&rsquo;entra\u00eenement. Au fur et \u00e0 mesure que vous pratiquez, vos mouvements seront affich\u00e9s \u00e0 c\u00f4t\u00e9 de ceux de votre instructeur. \u00c9TIQUETTE INTELLIGENTE GALAXY. Marquez les objets qui comptent. Utilisez Galaxy SmartTag sur des objets que vous avez l&rsquo;habitude de perdre, comme vos cl\u00e9s ou votre portefeuille. Si vous laissez quelque chose derri\u00e8re vous, le Galaxy S21 Ultra 5G vous le fera savoir et vous fournira le dernier emplacement d&rsquo;objet pour un suivi facile24 Une balise intelligente pour retrouver vos affaires. Le S Pen ou la pr\u00e9cision \u00e0 port\u00e9e de main. Oui, c&rsquo;est le premier S Pen pour la s\u00e9rie Galaxy S. De quoi profiter de la pr\u00e9cision du l\u00e9gendaire S Pen sur le meilleur des appareils Galaxy. Les Galaxy Buds Pro ajoutent un caract\u00e8re inoubliable aux sons de tous les jours et se synchronisent si facilement qu&rsquo;ils ressemblent \u00e0 une extension du Galaxy S21 Ultra 5<\/p>","protected":false},"excerpt":{"rendered":"<p>Type de produit mitigeur \/ po\u00eale<br \/>\nCapacit\u00e9 2,2 litres<br \/>\n\u00c9l\u00e9ment chauffant 1000 W<br \/>\nMat\u00e9riau du bol acier inoxydable<br \/>\nVitesse maximale 10700 tr\/min<br \/>\nVitesse minimale 40 tr\/min<br \/>\nBol, lame, spatule compatibles lave-vaisselle<br \/>\nMat\u00e9riau du bo\u00eetier plastique<br \/>\nFonction et param\u00e8tres Fonction de m\u00e9lange, fonction de hachage, fonction de m\u00e9lange, fonction d&rsquo;\u00e9mulsion, fonction de vapeur, fonction de chauffage, fonction de p\u00e9trissage, fonction de pes\u00e9e, fonction de broyage, fonction de m\u00e9lange, fonction de fouettage<br \/>\nmixer<br \/>\nLame amovible Oui<br \/>\nParam\u00e8tres, commandes et affichages<br \/>\nType de taxe \u00e9lectronique<br \/>\nParam\u00e8tres de vitesse variable<br \/>\nDiff\u00e9rent<br \/>\nFonctions de s\u00e9curit\u00e9 protection contre la surchauffe, protection contre les surcharges<br \/>\nLes lames et les accessoires incluent les accessoires du batteur, le bol (2,2 l), la lame universelle<br \/>\nAccessoires dont recette de frites &#8211; bol varoma &#8211; spatule &#8211; panier de cuisson &#8211; gobelet doseur &#8211; couvercle<br \/>\nconsommation<br \/>\nPuissance \u00e9lectrique 1500 watts<br \/>\nAlimentation 220 &#8211; 240 V \/ 50\/60 Hz<br \/>\nLongueur de c\u00e2ble 1 m<br \/>\nDimensions et poids<br \/>\nLargeur 32,6cm<br \/>\nProfondeur 32,6 cm<br \/>\nHauteur 34,1 cm<br \/>\nPoids 7,95 kg<\/p>","protected":false},"featured_media":339,"comment_status":"open","ping_status":"closed","template":"","meta":{"inline_featured_image":false,"_joinchat":[]},"product_cat":[26],"product_tag":[],"class_list":{"0":"post-292","1":"product","2":"type-product","3":"status-publish","4":"has-post-thumbnail","6":"product_cat-electromenagers","8":"first","9":"instock","10":"shipping-taxable","11":"purchasable","12":"product-type-simple"},"_links":{"self":[{"href":"https:\/\/kitchtenstore.com\/fr\/wp-json\/wp\/v2\/product\/292","targetHints":{"allow":["GET"]}}],"collection":[{"href":"https:\/\/kitchtenstore.com\/fr\/wp-json\/wp\/v2\/product"}],"about":[{"href":"https:\/\/kitchtenstore.com\/fr\/wp-json\/wp\/v2\/types\/product"}],"replies":[{"embeddable":true,"href":"https:\/\/kitchtenstore.com\/fr\/wp-json\/wp\/v2\/comments?post=292"}],"version-history":[{"count":1,"href":"https:\/\/kitchtenstore.com\/fr\/wp-json\/wp\/v2\/product\/292\/revisions"}],"predecessor-version":[{"id":9199,"href":"https:\/\/kitchtenstore.com\/fr\/wp-json\/wp\/v2\/product\/292\/revisions\/9199"}],"wp:featuredmedia":[{"embeddable":true,"href":"https:\/\/kitchtenstore.com\/fr\/wp-json\/wp\/v2\/media\/339"}],"wp:attachment":[{"href":"https:\/\/kitchtenstore.com\/fr\/wp-json\/wp\/v2\/media?parent=292"}],"wp:term":[{"taxonomy":"product_cat","embeddable":true,"href":"https:\/\/kitchtenstore.com\/fr\/wp-json\/wp\/v2\/product_cat?post=292"},{"taxonomy":"product_tag","embeddable":true,"href":"https:\/\/kitchtenstore.com\/fr\/wp-json\/wp\/v2\/product_tag?post=292"}],"curies":[{"name":"wp","href":"https:\/\/api.w.org\/{rel}","templated":true}]}}