{"id":269,"date":"2022-07-01T02:50:09","date_gmt":"2022-07-01T02:50:09","guid":{"rendered":"https:\/\/bon10count.com\/?post_type=product&#038;p=269"},"modified":"2022-07-03T01:32:31","modified_gmt":"2022-07-03T01:32:31","slug":"smart-watches-3-swr50","status":"publish","type":"product","link":"https:\/\/kitchtenstore.com\/fr\/produit\/smart-watches-3-swr50\/","title":{"rendered":"Montre intelligente 3 SWR50"},"content":{"rendered":"<p>L&rsquo;Apple Watch, avec son haut-parleur et son microphone int\u00e9gr\u00e9s, vous donne la libert\u00e9 d&rsquo;appeler vos amis directement depuis votre poignet. Cette montre intelligente r\u00e9sistante aux \u00e9claboussures est dot\u00e9e d&rsquo;un processeur double c\u0153ur S1P pour des performances rapides et fluides. Il poss\u00e8de une couronne num\u00e9rique, ainsi qu&rsquo;un capteur de fr\u00e9quence cardiaque, un gyroscope, un capteur de lumi\u00e8re ambiante et un acc\u00e9l\u00e9rom\u00e8tre. Son bo\u00eetier en aluminium Rose Gold et son bracelet Midnight Blue ajoutent encore \u00e0 son attrait.<\/p>\n<p>D\u00e9tails suppl\u00e9mentaires : L&rsquo;autonomie de la batterie de cet appareil dure jusqu&rsquo;\u00e0 18 heures, dont 45 minutes d&rsquo;utilisation d&rsquo;applications et un entra\u00eenement de 30 minutes avec lecture de musique, et v\u00e9rification de l&rsquo;heure et des notifications 90 fois chacune. La dur\u00e9e de vie de la batterie peut varier en fonction de l&rsquo;utilisation. L&rsquo;application Apple Watch est n\u00e9cessaire pour utiliser les fonctions intelligentes de cet appareil.<\/p>","protected":false},"excerpt":{"rendered":"<ul>\n<li>Verre Ion-X<br \/>\n\u00c9cran OLED Retina avec Force Touch (450 nits)<br \/>\nHaut-parleur et microphone<br \/>\nWi-Fi (802.11b\/g\/n 2,4\u00a0GHz)<br \/>\nBluetooth 4.0<br \/>\nwatchOS 3<\/li>\n<\/ul>","protected":false},"featured_media":331,"comment_status":"open","ping_status":"closed","template":"","meta":{"inline_featured_image":false,"_joinchat":[]},"product_cat":[24,29],"product_tag":[],"class_list":{"0":"post-269","1":"product","2":"type-product","3":"status-publish","4":"has-post-thumbnail","6":"product_cat-accessoires","7":"product_cat-smart-watches","9":"first","10":"instock","11":"featured","12":"shipping-taxable","13":"purchasable","14":"product-type-simple"},"_links":{"self":[{"href":"https:\/\/kitchtenstore.com\/fr\/wp-json\/wp\/v2\/product\/269","targetHints":{"allow":["GET"]}}],"collection":[{"href":"https:\/\/kitchtenstore.com\/fr\/wp-json\/wp\/v2\/product"}],"about":[{"href":"https:\/\/kitchtenstore.com\/fr\/wp-json\/wp\/v2\/types\/product"}],"replies":[{"embeddable":true,"href":"https:\/\/kitchtenstore.com\/fr\/wp-json\/wp\/v2\/comments?post=269"}],"version-history":[{"count":1,"href":"https:\/\/kitchtenstore.com\/fr\/wp-json\/wp\/v2\/product\/269\/revisions"}],"predecessor-version":[{"id":9203,"href":"https:\/\/kitchtenstore.com\/fr\/wp-json\/wp\/v2\/product\/269\/revisions\/9203"}],"wp:featuredmedia":[{"embeddable":true,"href":"https:\/\/kitchtenstore.com\/fr\/wp-json\/wp\/v2\/media\/331"}],"wp:attachment":[{"href":"https:\/\/kitchtenstore.com\/fr\/wp-json\/wp\/v2\/media?parent=269"}],"wp:term":[{"taxonomy":"product_cat","embeddable":true,"href":"https:\/\/kitchtenstore.com\/fr\/wp-json\/wp\/v2\/product_cat?post=269"},{"taxonomy":"product_tag","embeddable":true,"href":"https:\/\/kitchtenstore.com\/fr\/wp-json\/wp\/v2\/product_tag?post=269"}],"curies":[{"name":"wp","href":"https:\/\/api.w.org\/{rel}","templated":true}]}}