{"id":11881,"date":"2022-11-01T22:43:02","date_gmt":"2022-11-01T22:43:02","guid":{"rendered":"https:\/\/kitchtenstore.com\/?post_type=product&#038;p=11881"},"modified":"2022-11-01T22:43:02","modified_gmt":"2022-11-01T22:43:02","slug":"drone-dji-mavic-air-onyx-black","status":"publish","type":"product","link":"https:\/\/kitchtenstore.com\/fr\/produit\/drone-dji-mavic-air-onyx-black\/","title":{"rendered":"Drone DJI MAVIC AIR ONYX BLACK"},"content":{"rendered":"<div>\n<h2 class=\"product_bloc_aside_title font-2\">CARACT\u00c9RISTIQUES<\/h2>\n<\/div>\n<div class=\"product_bloc_content bloc ombre product_bloc_caracteristics_odd\">\n<table class=\"font-2\">\n<caption class=\"caption_hidden\">Caract\u00e9ristiques<\/caption>\n<tbody>\n<tr class=\"odd\">\n<th scope=\"row\">Type de drone<\/th>\n<td class=\"font-2-b\">\n<ul class=\"characteristics\" data-switch=\"\">\n<li class=\"\">Photo<\/li>\n<li class=\"\">Vid\u00e9o<\/li>\n<\/ul>\n<\/td>\n<\/tr>\n<tr class=\"\">\n<th scope=\"row\">Communication sans fil<\/th>\n<td class=\"font-2-b\">\n<ul class=\"characteristics\" data-switch=\"\">\n<li class=\"\">Wi-Fi<\/li>\n<\/ul>\n<\/td>\n<\/tr>\n<tr class=\"odd\">\n<th scope=\"row\">Fonctionnalit\u00e9 de la cam\u00e9ra<\/th>\n<td class=\"font-2-b\">\n<ul class=\"characteristics\" data-switch=\"\">\n<li class=\"\">Stabilisateur d\u2019image<\/li>\n<li class=\"\">Grand angle<\/li>\n<\/ul>\n<\/td>\n<\/tr>\n<tr class=\"\">\n<th scope=\"row\">D\u00e9finition<\/th>\n<td class=\"font-2-b\">\n<ul class=\"characteristics\" data-switch=\"\">\n<li class=\"\">4K (UHD )<\/li>\n<\/ul>\n<\/td>\n<\/tr>\n<tr class=\"odd\">\n<th scope=\"row\">Type de capteur<\/th>\n<td class=\"font-2-b\">\n<ul class=\"characteristics\" data-switch=\"\">\n<li class=\"\">CMOS<\/li>\n<\/ul>\n<\/td>\n<\/tr>\n<tr class=\"\">\n<th scope=\"row\">Compatibilit\u00e9 OS<\/th>\n<td class=\"font-2-b\">\n<ul class=\"characteristics\" data-switch=\"\">\n<li class=\"\">Android<\/li>\n<li class=\"\">iOS<\/li>\n<\/ul>\n<\/td>\n<\/tr>\n<tr class=\"odd\">\n<th scope=\"row\">R\u00e9solution vid\u00e9o<\/th>\n<td class=\"font-2-b\">\n<ul class=\"characteristics\" data-switch=\"\">\n<li class=\"\">12 MP<\/li>\n<\/ul>\n<\/td>\n<\/tr>\n<tr class=\"\">\n<th scope=\"row\">Format de la carte m\u00e9moire<\/th>\n<td class=\"font-2-b\">\n<ul class=\"characteristics\" data-switch=\"\">\n<li class=\"\">Micro SD<\/li>\n<\/ul>\n<\/td>\n<\/tr>\n<tr class=\"odd\">\n<th scope=\"row\">Port\u00e9e de transmission max<\/th>\n<td class=\"font-2-b\">\n<ul class=\"characteristics\" data-switch=\"\">\n<li class=\"\">0,08 km<\/li>\n<\/ul>\n<\/td>\n<\/tr>\n<tr class=\"\">\n<th scope=\"row\">Accessoires fournis<\/th>\n<td class=\"font-2-b\">\n<ul class=\"characteristics\" data-switch=\"\">\n<li class=\"\">Une Radiocommande, une batterie de vol intelligente, un chargeur, c\u00e2ble d\u2019alimentation, 4 h\u00e9lices, une protection pour h\u00e9lices, 3 c\u00e2ble RC, une protection de nacelle, un c\u00e2ble de communication USB 3.0 type-C, un adaptateur USB<\/li>\n<\/ul>\n<\/td>\n<\/tr>\n<tr class=\"odd\">\n<th scope=\"row\">Couleur<\/th>\n<td class=\"font-2-b\">\n<ul class=\"characteristics\" data-switch=\"\">\n<li class=\"\">Noir<\/li>\n<\/ul>\n<\/td>\n<\/tr>\n<tr class=\"\">\n<th scope=\"row\">Poids<\/th>\n<td class=\"font-2-b\">\n<ul class=\"characteristics\" data-switch=\"\">\n<li class=\"\">0,43 kg<\/li>\n<\/ul>\n<\/td>\n<\/tr>\n<tr class=\"odd\">\n<th scope=\"row\">Alimentation<\/th>\n<td class=\"font-2-b\">\n<ul class=\"characteristics\" data-switch=\"\">\n<li class=\"\">Batterie<\/li>\n<\/ul>\n<\/td>\n<\/tr>\n<tr class=\"\">\n<th scope=\"row\">Dimensions<\/th>\n<td class=\"font-2-b\">\n<ul class=\"characteristics\" data-switch=\"\">\n<li class=\"\">LxHxP : 18.4 x 6.4 x 16.8 cm<\/li>\n<\/ul>\n<\/td>\n<\/tr>\n<tr class=\"odd\">\n<th scope=\"row\">Caract\u00e9ristiques compl\u00e9mentaires<\/th>\n<td class=\"font-2-b\">\n<ul class=\"characteristics\" data-switch=\"\">\n<li class=\"\">Avec cam\u00e9ra<br \/>\nMod\u00e8le : DJI MAVIC AIR<br \/>\nSupport de stockage :M\u00e9moire interne + carte m\u00e9moire<br \/>\nType de drone : Volant<\/li>\n<\/ul>\n<\/td>\n<\/tr>\n<tr class=\"\">\n<th scope=\"row\">Disponibilit\u00e9 des pi\u00e8ces d\u00e9tach\u00e9es<\/th>\n<td class=\"font-2-b\">\n<ul class=\"characteristics\" data-switch=\"\">\n<li class=\"\">Non communiqu\u00e9e<\/li>\n<\/ul>\n<\/td>\n<\/tr>\n<tr class=\"odd\">\n<th scope=\"row\">Code<\/th>\n<td class=\"font-2-b\">\n<ul class=\"characteristics\" data-switch=\"\">\n<li class=\"\">4391446<\/li>\n<\/ul>\n<\/td>\n<\/tr>\n<\/tbody>\n<\/table>\n<\/div>\n<div>\n<h2 class=\"product_bloc_aside_title font-2\">DESCRIPTION<\/h2>\n<\/div>\n<div class=\"product_bloc_content bloc ombre font-2\">\n<div class=\"columns\">\n<p><b>Le Mavic Air est un drone pliable et ultraportable qui offre des performances de vol haut de gamme. Immortalisez votre vol avec sa cam\u00e9ra Ultra HD 4K 30 ips embarqu\u00e9e avec son capteur haute r\u00e9solution et profitez d\u2019une qualit\u00e9 exceptionnelle de 12 millions de pixels!<\/b><\/p>\n<p>&nbsp;<\/p>\n<p><b>Un r\u00e9el confort d\u2019utilisation<\/b><\/p>\n<p>Vivez une\u00a0<b>exp\u00e9rience de vol in\u00e9galable<\/b>, d\u00e9couvrez le monde vu d\u2019en haut ! Le Mavic Air est un drone qui\u00a0<b>se pilote via smartphone et tablette<\/b>,\u00a0 et pouvant atteindre une\u00a0<b>vitesse maximale de 68,4 km\/h<\/b>. Le Mavic Air est un\u00a0<b>drone ultra-portable au design repliable 3D<\/b>\u00a0qui une fois pli\u00e9, poss\u00e8de la longueur et la largeur d\u2019un smartphone.\u00a0Sa radiocommande, ergonomique et extr\u00eamement compacte comporte des joysticks d\u00e9montables afin de faciliter son transport lors de vos d\u00e9placements.<\/p>\n<p>&nbsp;<\/p>\n<p><b>Cam\u00e9ra\u00a0\u00a0<\/b><\/p>\n<p>Avec le Mavic Air r\u00e9alisez des\u00a0<b>vid\u00e9os incroyables en 4K 30 ips<\/b>, qui enregistre \u00e0 100 Mb\/s pour capturer chaque seconde en\u00a0<b>qualit\u00e9 UHD<\/b>\u00a0et des\u00a0<b>photos 12 m\u00e9gapixels<\/b>. Avec l\u2019enregistrement de\u00a0<b>ralentis en 1080p 120 ips<\/b>, le Mavic Air capture vos aventures les plus \u00e9piques et les plus rapides. L\u2019appareil comprend \u00e9galement la\u00a0<b>technologie HDR<\/b>\u00a0apportant une meilleure colorim\u00e9trie avec des\u00a0<b>transitions beaucoup plus naturelles<\/b>\u00a0entre des zones sombres et claires et cela, quel que soit luminosit\u00e9.<\/p>\n<p>&nbsp;<\/p>\n<p><b>Transmission vid\u00e9o Wi-Fi<\/b><\/p>\n<p>Int\u00e9grant un tout\u00a0<b>nouveau syst\u00e8me de transmission vid\u00e9o Wi-Fi<\/b>, l\u2019appareil peut d\u00e9sormais supporter des fr\u00e9quences allant de\u00a0<b>2.4 \u00e0 5.8 GHz<\/b>\u00a0tout en apportant une visibilit\u00e9 en direct\u00a0<b>jusqu\u2019\u00e0 4km de distance<\/b>\u00a0avec une\u00a0<b>r\u00e9solution en 720p<\/b>.<\/p>\n<p>&nbsp;<\/p>\n<p><b>Stabilit\u00e9\u00a0<\/b><\/p>\n<p>Le Mavic Air est le\u00a0<b>drone DJI le plus petit \u00e0 abriter une nacelle m\u00e9canique 3-axes<\/b>\u00a0avec une compensation des mouvements r\u00e9duite \u00e0 0,005\u00b0. Dispos\u00e9s en\u00a0<b>formation triangulaire<\/b>, les amortisseurs de nacelle aident \u00e0 toujours\u00a0<b>mieux stabiliser les plans<\/b>. Avec un\u00a0<b>capteur CMOS 1\/2.3\u2033 de 12 m\u00e9gapixels<\/b>\u00a0et un<b>\u00a0objectif f\/2.8<\/b>\u00a0avec une distance focale de 24 mm \u00e9quivalente \u00e0 35 mm pour filmer et photographier en haute qualit\u00e9.<\/p>\n<p>&nbsp;<\/p>\n<p><b>Panoramas Sph\u00e8re 32MP\u00a0<\/b><\/p>\n<p>En plus des panoramas Horizontal, Vertical et 180\u00b0, le Mavic Air\u00a0<b>assemble 25 photos en 8 secondes<\/b>\u00a0seulement pour cr\u00e9er des panoramas Sph\u00e8re 32 MP limpides.<\/p>\n<p>&nbsp;<\/p>\n<p><b>FlyAutonomy 2.0<\/b><\/p>\n<p>Le DJI Mavic Air int\u00e8gre un\u00a0<b>nouveau syst\u00e8me de vol<\/b>\u00a0afin de gagner en s\u00e9curit\u00e9. Pour se faire, l\u2019appareil dispose de\u00a0<b>trois paires de cam\u00e9ras<\/b>\u00a0(en dessous, \u00e0 l\u2019avant et \u00e0 l\u2019arri\u00e8re) lui permettant de pouvoir se rep\u00e9rer dans l\u2019environnement o\u00f9 il se trouve mais aussi de\u00a0<b>d\u00e9tecter les obstacles<\/b>\u00a0pouvant se trouver sur son chemin. Son\u00a0<b>assistance au vol avanc\u00e9e APAS<\/b>\u00a0(Advanced Pilot Assistance Systems) va aider le drone \u00e0 contourner les obstacles se trouvant sur son chemin. La technologie VIO utilise les diff\u00e9rents capteurs ainsi que les cam\u00e9ras afin de calculer la vitesse ainsi que l\u2019altitude et cela sans m\u00eame disposer d\u2019un signal GPS<\/p>\n<p>&nbsp;<\/p>\n<p><b>De nombreuses fonctionnalit\u00e9s\u00a0<\/b><\/p>\n<p>Gr\u00e2ce au\u00a0<b>mode Ast\u00e9ro\u00efde<\/b>, obtenez des\u00a0<b>vid\u00e9os de type sph\u00e9rique \u00e0 30 images par seconde<\/b>\u00a0en 1080p que vous pouvez \u00e9galement retrouver sur votre smartphone. Le\u00a0<b>mode Boomerang<\/b>\u00a0quant \u00e0 lui va r\u00e9aliser une ellipse autour de vous afin de vous proposer<b>\u00a0une vue en 360\u00b0<\/b>, pour cela il vous suffit de s\u00e9lectionner la personne en question et le tour est jou\u00e9 !\u00a0La\u00a0<b>fonction ActiveTrack<\/b>\u00a0offre la possibilit\u00e9 \u00e0 l\u2019appareil de pouvoir\u00a0<b>suivre de fa\u00e7on simultan\u00e9e jusqu\u2019\u00e0 16 personnes<\/b>\u00a0quel que soit leur mode de d\u00e9placement.\u00a0Le mode\u00a0<b>SmartCapture<\/b>\u00a0vous propose de pouvoir contr\u00f4ler de mani\u00e8re intuitive votre drone simplement en effectuant des gestes de la main, que ce soit pour d\u00e9marrer votre drone ou prendre une photo, un simple mouvement suffit\u00a0!<\/p>\n<p><b>\u00a0<\/b><\/p>\n<p><b>M\u00e9moire et autonomie<\/b><\/p>\n<p>L\u2019appareil dispose d\u2019une\u00a0<b>m\u00e9moire interne de 8Go<\/b>\u00a0vous permettant d\u2019enregistrer des vid\u00e9os ainsi que des photos directement dessus. Comportant une\u00a0<b>batterie de vol intelligente<\/b>, le DJI Mavic Air offre\u00a0<b>jusqu\u2019\u00e0 21 minutes d\u2019autonomie<\/b>.<\/p>\n<p>&nbsp;<\/p>\n<p><b>Accessoires<\/b><\/p>\n<p>Le Mavic Air est fourni avec une radiocommande, une batterie de vol intelligente, un chargeur, c\u00e2ble d\u2019alimentation, 4 h\u00e9lices, une protection pour h\u00e9lices, 3 c\u00e2ble RC, une protection de nacelle, un c\u00e2ble de communication USB 3.0 type-C, un adaptateur USB<\/p>\n<\/div>\n<\/div>","protected":false},"excerpt":{"rendered":"<p class=\"product_section_title font-2-b\">Les points forts :<\/p>\n<ul class=\"product_details_items font-2-l\">\n<li class=\"product_details_item\">Drone volant pilotable radio-command\u00e9 \u2013 Autonomie 21 minutes<\/li>\n<li class=\"product_details_item\">Panoramas Sph\u00e8re 32 MP \u2013 SmartCapture<\/li>\n<li class=\"product_details_item\">Vid\u00e9o 4K 30ips 100 Mb\/s \u2013 Nacelle 3-axes<\/li>\n<li class=\"product_details_item\">D\u00e9tection de l\u2019environnement dans 3 directions<\/li>\n<\/ul>","protected":false},"featured_media":11883,"comment_status":"open","ping_status":"closed","template":"","meta":{"inline_featured_image":false,"_joinchat":[]},"product_cat":[30],"product_tag":[],"class_list":{"0":"post-11881","1":"product","2":"type-product","3":"status-publish","4":"has-post-thumbnail","6":"product_cat-image-tv-sons","8":"first","9":"instock","10":"shipping-taxable","11":"purchasable","12":"product-type-simple"},"_links":{"self":[{"href":"https:\/\/kitchtenstore.com\/fr\/wp-json\/wp\/v2\/product\/11881","targetHints":{"allow":["GET"]}}],"collection":[{"href":"https:\/\/kitchtenstore.com\/fr\/wp-json\/wp\/v2\/product"}],"about":[{"href":"https:\/\/kitchtenstore.com\/fr\/wp-json\/wp\/v2\/types\/product"}],"replies":[{"embeddable":true,"href":"https:\/\/kitchtenstore.com\/fr\/wp-json\/wp\/v2\/comments?post=11881"}],"version-history":[{"count":2,"href":"https:\/\/kitchtenstore.com\/fr\/wp-json\/wp\/v2\/product\/11881\/revisions"}],"predecessor-version":[{"id":11888,"href":"https:\/\/kitchtenstore.com\/fr\/wp-json\/wp\/v2\/product\/11881\/revisions\/11888"}],"wp:featuredmedia":[{"embeddable":true,"href":"https:\/\/kitchtenstore.com\/fr\/wp-json\/wp\/v2\/media\/11883"}],"wp:attachment":[{"href":"https:\/\/kitchtenstore.com\/fr\/wp-json\/wp\/v2\/media?parent=11881"}],"wp:term":[{"taxonomy":"product_cat","embeddable":true,"href":"https:\/\/kitchtenstore.com\/fr\/wp-json\/wp\/v2\/product_cat?post=11881"},{"taxonomy":"product_tag","embeddable":true,"href":"https:\/\/kitchtenstore.com\/fr\/wp-json\/wp\/v2\/product_tag?post=11881"}],"curies":[{"name":"wp","href":"https:\/\/api.w.org\/{rel}","templated":true}]}}