{"id":11875,"date":"2022-11-01T22:39:11","date_gmt":"2022-11-01T22:39:11","guid":{"rendered":"https:\/\/kitchtenstore.com\/?post_type=product&#038;p=11875"},"modified":"2022-11-01T22:39:12","modified_gmt":"2022-11-01T22:39:12","slug":"dji-phantom-3-professional-quadricoptere-connecte","status":"publish","type":"product","link":"https:\/\/kitchtenstore.com\/fr\/produit\/dji-phantom-3-professional-quadricoptere-connecte\/","title":{"rendered":"DJI Phantom 3 Professional \u2013 Quadricopt\u00e8re connect\u00e9"},"content":{"rendered":"<h2>Description<\/h2>\n<div id=\"descContent\" class=\"fpBlk testSep\" data-cs-override-id=\"Descriptif\">\n<p class=\"fpMb\">DJI Phantom 3 Professional: ce nouveau Phantom est le plus abouti des drones de prise de vue grand public! Cam\u00e9ra Full HD 4K \u00e0 30 images par seconde \u2013 Distance maximale de communication : 2 kilom\u00e8tres \u2013 Vitesse de vol maximale: 16 m\u00e8tres par seconde \u2013 Dur\u00e9e maximale du vol: 23 minutes. Garantie 1 an<\/p>\n<div class=\"regBloc no1023\">\n<div id=\"gpt-R2-300X250BODY2\" data-google-query-id=\"CKj4vfHZk-kCFUYo4AodwGEDeg\"><\/div>\n<div class=\"regTxt\"><\/div>\n<\/div>\n<table class=\"fpDescTb fpDescTbPub\">\n<tbody>\n<tr>\n<th colspan=\"2\">Informations g\u00e9n\u00e9rales sur le produit<\/th>\n<\/tr>\n<tr>\n<td>Marque<\/td>\n<td><a title=\"DJI\" href=\"https:\/\/www.cdiscount.com\/m-16454-dji.html\" data-link=\"SFP-ZBN-TNO-DPM\">DJI<\/a><\/td>\n<\/tr>\n<tr>\n<td>Nom du produit<\/td>\n<td>DJI Phantom 3 Professional \u2013 Quadricopt\u00e8re connect<\/td>\n<\/tr>\n<tr>\n<td>Cat\u00e9gorie<\/td>\n<td>DRONE<\/td>\n<\/tr>\n<tr>\n<th colspan=\"2\">Informations g\u00e9n\u00e9rales<\/th>\n<\/tr>\n<tr>\n<td>Type de produit<\/td>\n<td>Drone<\/td>\n<\/tr>\n<tr>\n<td>Utilisation<\/td>\n<td>Ext\u00e9rieur<\/td>\n<\/tr>\n<tr>\n<td>Couleur(s)<\/td>\n<td>Or<\/td>\n<\/tr>\n<tr>\n<th colspan=\"2\">Dimensions<\/th>\n<\/tr>\n<tr>\n<td>Poids<\/td>\n<td>1280 g<\/td>\n<\/tr>\n<tr>\n<th colspan=\"2\">Caract\u00e9ristiques techniques<\/th>\n<\/tr>\n<tr>\n<td>Autonomie<\/td>\n<td>23 min<\/td>\n<\/tr>\n<tr>\n<td>Port\u00e9e du drone<\/td>\n<td>+ de 1000 m<\/td>\n<\/tr>\n<tr>\n<td>Syst\u00e8me de pilotage<\/td>\n<td>T\u00e9l\u00e9command\u00e9<\/td>\n<\/tr>\n<tr>\n<th colspan=\"2\">Photo\/Vid\u00e9o<\/th>\n<\/tr>\n<tr>\n<td>Cam\u00e9ra int\u00e9gr\u00e9e<\/td>\n<td>Oui<\/td>\n<\/tr>\n<tr>\n<th colspan=\"2\">Connectivit\u00e9<\/th>\n<\/tr>\n<tr>\n<td>Objet connect\u00e9<\/td>\n<td>Oui<\/td>\n<\/tr>\n<\/tbody>\n<\/table>\n<div id=\"VehicleSparePartProductAndVehicleAttributeCollection\"><\/div>\n<\/div>\n<p class=\"stars\"><a class=\"star-1\" href=\"https:\/\/www.shopy-hightech.com\/shop\/dji-phantom-3-professional-quadricoptere-connecte\/#\">1<\/a>\u00a0<a class=\"star-2\" href=\"https:\/\/www.shopy-hightech.com\/shop\/dji-phantom-3-professional-quadricoptere-connecte\/#\">2<\/a>\u00a0<a class=\"star-3\" href=\"https:\/\/www.shopy-hightech.com\/shop\/dji-phantom-3-professional-quadricoptere-connecte\/#\">3<\/a>\u00a0<a class=\"star-4\" href=\"https:\/\/www.shopy-hightech.com\/shop\/dji-phantom-3-professional-quadricoptere-connecte\/#\">4<\/a>\u00a0<a class=\"star-5\" href=\"https:\/\/www.shopy-hightech.com\/shop\/dji-phantom-3-professional-quadricoptere-connecte\/#\">5<\/a><\/p>\n<p class=\"stars\"><a class=\"star-1\" href=\"https:\/\/www.shopy-hightech.com\/shop\/dji-phantom-3-professional-quadricoptere-connecte\/#\">1<\/a>\u00a0<a class=\"star-2\" href=\"https:\/\/www.shopy-hightech.com\/shop\/dji-phantom-3-professional-quadricoptere-connecte\/#\">2<\/a>\u00a0<a class=\"star-3\" href=\"https:\/\/www.shopy-hightech.com\/shop\/dji-phantom-3-professional-quadricoptere-connecte\/#\">3<\/a>\u00a0<a class=\"star-4\" href=\"https:\/\/www.shopy-hightech.com\/shop\/dji-phantom-3-professional-quadricoptere-connecte\/#\">4<\/a>\u00a0<a class=\"star-5\" href=\"https:\/\/www.shopy-hightech.com\/shop\/dji-phantom-3-professional-quadricoptere-connecte\/#\">5<\/a><\/p>\n<div id=\"fpFAQRatings\">\n<div id=\"fpRatingTitle\" class=\"fpCat testSep\">\n<div id=\"presTitle\" class=\"fpCat testSep\">\n<div class=\"fpCatTitle\">Pr\u00e9sentation produit : DJI Phantom 3 Professional \u2013 Quadricopt\u00e8re connect\u00e9<\/div>\n<\/div>\n<div id=\"presContent\" class=\"fpBlk testSep extCode\">\n<p><img decoding=\"async\" id=\"img_314014\" src=\"https:\/\/i6.cdscdn.com\/other\/314014.jpg\" alt=\"\" \/><br \/>\n<iframe loading=\"lazy\" src=\"https:\/\/www.youtube.com\/embed\/7jJn7uvqgc0\" width=\"817\" height=\"531\" frameborder=\"0\" data-mce-fragment=\"1\"><\/iframe><\/p>\n<table>\n<tbody>\n<tr>\n<td><strong>Votre cam\u00e9ra volante<\/strong><br \/>\n<span id=\"_radEditor_new_line\"><br \/>\n<\/span>Enregistrez les moments dont vous voulez vous rappeler pour toujours, et partagez ces moments d\u2019une mani\u00e8re inoubliable. Gr\u00e2ce \u00e0 sa cam\u00e9ra int\u00e9gr\u00e9e, le Phantom 3\u00a0Professional vous donne une toute nouvelle vision des sports, des f\u00eates et des \u00e9v\u00e9nements familiaux. (vid\u00e9o 4K HD et photos de 12 m\u00e9gapixels).<br \/>\n<span id=\"_radEditor_new_line\"><br \/>\n<\/span>Photos et vid\u00e9os tremblotantes peuvent ruiner m\u00eame les sc\u00e8nes les plus impressionnantes. Ici,\u00a0la cam\u00e9ra reste parfaitement fixe gr\u00e2ce \u00e0 un stabilisateur 3 axes.\u00a0Agissant sur 3 axes, il maintient la cam\u00e9ra en place \u00e0 tout moment, pour des images magnifiques et sans d\u00e9fauts.<\/td>\n<td><img decoding=\"async\" src=\"https:\/\/www.droneshopcanada.ca\/wp-content\/uploads\/2015\/04\/PHANTOM3-150407-012.jpg\" alt=\"\" \/><\/td>\n<\/tr>\n<tr>\n<td><img decoding=\"async\" src=\"https:\/\/1uas.com\/image\/data\/phantom-3\/NEW\/003.jpg\" alt=\"\" \/><\/td>\n<td>\u00a0<strong>Utilisez le drone avec votre smartphone ou votre tablette<\/strong><strong><span class=\"Apple-converted-space\"><br \/>\n<\/span><br \/>\n<\/strong>A l\u2019aide d\u2019une application mobile d\u00e9velopp\u00e9e sp\u00e9cialement par DJI, vous pouvez piloter le Phantom 3\u00a0Professional de fa\u00e7on simple. En installant cette application tr\u00e8s agr\u00e9able d\u2019utilisation sur votre smartphone ou tablette, vous pouvez pendant le vol aussi bien guider la cam\u00e9ra qu\u2019adapter les param\u00e8tres de vol. Sur une carte live, vous voyez en outre, toujours la route de votre drone. Gr\u00e2ce \u00e0 un \u00e9diteur vid\u00e9o automatique, vous pouvez rapidement et facilement s\u00e9lectionner les meilleures images vid\u00e9os. Voulez-vous mettre vos images en live sur YouTube? C\u2019est aussi possible gr\u00e2ce \u00e0 cette application.<\/td>\n<\/tr>\n<tr>\n<td><strong>GPS et Vision Positioning<\/strong><\/p>\n<p>Le Phantom 3\u00a0Professional est enfin \u00e9quip\u00e9 d\u2019un GPS. Par communication satellite, la position du drone peut \u00eatre constat\u00e9e pr\u00e9cis\u00e9ment \u00e0 tout moment. Vous avez aussi la possibilit\u00e9 de laisser flotter le drone \u00e0 un point d\u00e9termin\u00e9 \u00e0 l\u2019arr\u00eat dans l\u2019air. Voulez-vous voler \u00e0 l\u2019int\u00e9rieur, \u00e0 des endroits o\u00f9 le GPS ne fonctionne pas? Gr\u00e2ce \u00e0 la technologie Vision Positioning cela fonctionne aussi tr\u00e8s bas, pr\u00e8s du sol. Un certain nombre de capteurs visuels et \u00e0 ultrasons dans la partie inf\u00e9rieure scannent le sol et d\u00e9terminent de cette mani\u00e8re la position du drone. A l\u2019aide du Pilote Automatique vous pouvez d\u2019ailleurs \u00e0 tout moment faire prendre le pilotage par le drone lui-m\u00eame<\/td>\n<td><img decoding=\"async\" src=\"https:\/\/i4.cdscdn.com\/RWD\/px.gif\/v\/vspfiles\/templates\/clearview\/images\/homepage\/hero01-1680.jpg\" alt=\"\" \/><\/td>\n<\/tr>\n<tr>\n<td><img decoding=\"async\" src=\"https:\/\/i4.cdscdn.com\/RWD\/px.gif\/Image\/dji\/Phantom3\/Advanced\/Phantom3Advanced13.jpg\" alt=\"\" \/><\/td>\n<td><strong>Contr\u00f4leur personnalisable longue port\u00e9e<br \/>\n<\/strong>&nbsp;<\/p>\n<p>Avec ses joysticks ultra-sensibles, des boutons d\u00e9di\u00e9s et une port\u00e9e maximale de 2 km, le contr\u00f4leur personnalisable de DJI vous offre une toute nouvelle fa\u00e7on de voler et d\u2019interagir avec votre Phantom. Son ergonomie a \u00e9t\u00e9 con\u00e7ue pour s\u2019int\u00e9grer parfaitement \u00e0 vos mains et ainsi vous donner la confiance n\u00e9cessaire pour piloter comme vous l\u2019entendez..<\/td>\n<\/tr>\n<tr>\n<td><strong>M\u00eame pour les d\u00e9butants!<\/strong><\/p>\n<p>Si on vous citait toutes les fonctions et possibilit\u00e9s du Phantom 3 Professional, vous pourriez en conclure qu\u2019il n\u2019est pas simple \u00e0 guider. Rien n\u2019est moins vrai. Bien que ce drone soit tr\u00e8s avanc\u00e9, son pilotage est simple \u00e0 effectuer pour les pilotes d\u00e9butants. Le drone a m\u00eame un \u2018Mode D\u00e9butant\u2019 unique qui peut vous aider \u00e0 voler avec ma\u00eetrise dans une zone s\u00fbre et prot\u00e9g\u00e9e. Aussi bien la hauteur que la distance qui peuvent \u00eatre atteintes par le drone sont limit\u00e9es de sorte que vous ne perdiez jamais le drone. M\u00eame en dehors de ce mode s\u00fbr, le pilotage du Phantom 3 est tr\u00e8s agr\u00e9able \u00e0 utiliser. Le drone r\u00e9agit vite et avec pr\u00e9cision \u00e0 la manette et s\u2019adapte pendant le vol sans probl\u00e8me aux circonstances.<\/td>\n<td><img decoding=\"async\" src=\"https:\/\/o.aolcdn.com\/hss\/storage\/midas\/6b96214b390349d021bb0a7ac1340f78\/201796337\/DJIp3hero.jpg\" alt=\"\" \/><\/td>\n<\/tr>\n<\/tbody>\n<\/table>\n<\/div>\n<div id=\"desc\" class=\"anchor\"><\/div>\n<div id=\"descContent\" class=\"fpBlk testSep\" data-cs-override-id=\"Descriptif\">\n<p class=\"fpMb\">DJI Phantom 3 Professional: ce nouveau Phantom est le plus abouti des drones de prise de vue grand public! Cam\u00e9ra Full HD 4K \u00e0 30 images par seconde \u2013 Distance maximale de communication : 2 kilom\u00e8tres \u2013 Vitesse de vol maximale: 16 m\u00e8tres par seconde \u2013 Dur\u00e9e maximale du vol: 23 minutes. Garantie 1 an<\/p>\n<\/div>\n<\/div>\n<\/div>\n<p>&nbsp;<\/p>","protected":false},"excerpt":{"rendered":"<p><span class=\"fpBlocTitle\">Les points forts :<\/span><\/p>\n<ul>\n<li>Autonomie : 23 min<\/li>\n<li>Port\u00e9e du drone : + de 1000 m<\/li>\n<li>Cam\u00e9ra int\u00e9gr\u00e9e : Oui<\/li>\n<li>Syst\u00e8me de pilotage : T\u00e9l\u00e9command\u00e9<\/li>\n<\/ul>","protected":false},"featured_media":11879,"comment_status":"open","ping_status":"closed","template":"","meta":{"inline_featured_image":false,"_joinchat":[]},"product_cat":[30],"product_tag":[],"class_list":{"0":"post-11875","1":"product","2":"type-product","3":"status-publish","4":"has-post-thumbnail","6":"product_cat-image-tv-sons","8":"first","9":"instock","10":"shipping-taxable","11":"purchasable","12":"product-type-simple"},"_links":{"self":[{"href":"https:\/\/kitchtenstore.com\/fr\/wp-json\/wp\/v2\/product\/11875","targetHints":{"allow":["GET"]}}],"collection":[{"href":"https:\/\/kitchtenstore.com\/fr\/wp-json\/wp\/v2\/product"}],"about":[{"href":"https:\/\/kitchtenstore.com\/fr\/wp-json\/wp\/v2\/types\/product"}],"replies":[{"embeddable":true,"href":"https:\/\/kitchtenstore.com\/fr\/wp-json\/wp\/v2\/comments?post=11875"}],"version-history":[{"count":1,"href":"https:\/\/kitchtenstore.com\/fr\/wp-json\/wp\/v2\/product\/11875\/revisions"}],"predecessor-version":[{"id":11880,"href":"https:\/\/kitchtenstore.com\/fr\/wp-json\/wp\/v2\/product\/11875\/revisions\/11880"}],"wp:featuredmedia":[{"embeddable":true,"href":"https:\/\/kitchtenstore.com\/fr\/wp-json\/wp\/v2\/media\/11879"}],"wp:attachment":[{"href":"https:\/\/kitchtenstore.com\/fr\/wp-json\/wp\/v2\/media?parent=11875"}],"wp:term":[{"taxonomy":"product_cat","embeddable":true,"href":"https:\/\/kitchtenstore.com\/fr\/wp-json\/wp\/v2\/product_cat?post=11875"},{"taxonomy":"product_tag","embeddable":true,"href":"https:\/\/kitchtenstore.com\/fr\/wp-json\/wp\/v2\/product_tag?post=11875"}],"curies":[{"name":"wp","href":"https:\/\/api.w.org\/{rel}","templated":true}]}}