{"id":11868,"date":"2022-11-01T22:33:31","date_gmt":"2022-11-01T22:33:31","guid":{"rendered":"https:\/\/kitchtenstore.com\/?post_type=product&#038;p=11868"},"modified":"2022-11-01T22:33:31","modified_gmt":"2022-11-01T22:33:31","slug":"drone-parrot-bebop-2-fpv-rouge","status":"publish","type":"product","link":"https:\/\/kitchtenstore.com\/fr\/produit\/drone-parrot-bebop-2-fpv-rouge\/","title":{"rendered":"Drone PARROT BEBOP 2 FPV ROUGE"},"content":{"rendered":"<div>\n<h2 class=\"product_bloc_aside_title font-2\">CARACT\u00c9RISTIQUES<\/h2>\n<\/div>\n<div class=\"product_bloc_content bloc ombre product_bloc_caracteristics_odd\">\n<table class=\"font-2\">\n<caption class=\"caption_hidden\">Caract\u00e9ristiques<\/caption>\n<tbody>\n<tr class=\"odd\">\n<th scope=\"row\">Type de drone<\/th>\n<td class=\"font-2-b\">\n<ul class=\"characteristics\" data-switch=\"\">\n<li class=\"\">FPV<\/li>\n<li class=\"\">Photo<\/li>\n<li class=\"\">Vid\u00e9o<\/li>\n<\/ul>\n<\/td>\n<\/tr>\n<tr class=\"\">\n<th scope=\"row\">Communication sans fil<\/th>\n<td class=\"font-2-b\">\n<ul class=\"characteristics\" data-switch=\"\">\n<li class=\"\">Wi-Fi MIMO \u2013 Port\u00e9e 300 m\u00e8tres<\/li>\n<\/ul>\n<\/td>\n<\/tr>\n<tr class=\"odd\">\n<th scope=\"row\">Fonctionnalit\u00e9 de la cam\u00e9ra<\/th>\n<td class=\"font-2-b\">\n<ul class=\"characteristics\" data-switch=\"\">\n<li class=\"\">GPS<\/li>\n<li class=\"\">Stabilisateur d\u2019image<\/li>\n<\/ul>\n<\/td>\n<\/tr>\n<tr class=\"\">\n<th scope=\"row\">D\u00e9finition<\/th>\n<td class=\"font-2-b\">\n<ul class=\"characteristics\" data-switch=\"\">\n<li class=\"\">Full HD (1080p)<\/li>\n<\/ul>\n<\/td>\n<\/tr>\n<tr class=\"odd\">\n<th scope=\"row\">Type de capteur<\/th>\n<td class=\"font-2-b\">\n<ul class=\"characteristics\" data-switch=\"\">\n<li class=\"\">CMOS<\/li>\n<\/ul>\n<\/td>\n<\/tr>\n<tr class=\"\">\n<th scope=\"row\">R\u00e9solution vid\u00e9o<\/th>\n<td class=\"font-2-b\">\n<ul class=\"characteristics\" data-switch=\"\">\n<li class=\"\">14 M\u00e9gapixels<\/li>\n<\/ul>\n<\/td>\n<\/tr>\n<tr class=\"odd\">\n<th scope=\"row\">Fonctionnalit\u00e9 du drone<\/th>\n<td class=\"font-2-b\">\n<ul class=\"characteristics\" data-switch=\"\">\n<li class=\"\">Figure acrobatique<\/li>\n<\/ul>\n<\/td>\n<\/tr>\n<tr class=\"\">\n<th scope=\"row\">Autonomie maximale<\/th>\n<td class=\"font-2-b\">\n<ul class=\"characteristics\" data-switch=\"\">\n<li class=\"\">25 minutes<\/li>\n<\/ul>\n<\/td>\n<\/tr>\n<tr class=\"odd\">\n<th scope=\"row\">Port\u00e9e de transmission max<\/th>\n<td class=\"font-2-b\">\n<ul class=\"characteristics\" data-switch=\"\">\n<li class=\"\">2 km<\/li>\n<\/ul>\n<\/td>\n<\/tr>\n<tr class=\"\">\n<th scope=\"row\">Altitude maximum<\/th>\n<td class=\"font-2-b\">\n<ul class=\"characteristics\" data-switch=\"\">\n<li class=\"\">300 m<\/li>\n<\/ul>\n<\/td>\n<\/tr>\n<tr class=\"odd\">\n<th scope=\"row\">Syst\u00e8mes de positionnement satellite<\/th>\n<td class=\"font-2-b\">\n<ul class=\"characteristics\" data-switch=\"\">\n<li class=\"\">Int\u00e9gr\u00e9<\/li>\n<\/ul>\n<\/td>\n<\/tr>\n<tr class=\"\">\n<th scope=\"row\">Accessoires fournis<\/th>\n<td class=\"font-2-b\">\n<ul class=\"characteristics\" data-switch=\"\">\n<li class=\"\">Radiocommande; 1 radiocommande Skycontroller 2, 1 paire de lunettes Immersive FPV, 1x Batterie LiPo 2700 mAh, 1x chargeur et c\u00e2ble, 4x prises secteur, 1x outil de montage des h\u00e9lices, 4x h\u00e9lices, 1x c\u00e2ble USB, 1 guide de d\u00e9marrage rapide<\/li>\n<\/ul>\n<\/td>\n<\/tr>\n<tr class=\"odd\">\n<th scope=\"row\">Couleur<\/th>\n<td class=\"font-2-b\">\n<ul class=\"characteristics\" data-switch=\"\">\n<li class=\"\">Rouge<\/li>\n<\/ul>\n<\/td>\n<\/tr>\n<tr class=\"\">\n<th scope=\"row\">Poids<\/th>\n<td class=\"font-2-b\">\n<ul class=\"characteristics\" data-switch=\"\">\n<li class=\"\">0,499 kg<\/li>\n<\/ul>\n<\/td>\n<\/tr>\n<tr class=\"odd\">\n<th scope=\"row\">Alimentation<\/th>\n<td class=\"font-2-b\">\n<ul class=\"characteristics\" data-switch=\"\">\n<li class=\"\">Batterie<\/li>\n<\/ul>\n<\/td>\n<\/tr>\n<tr class=\"\">\n<th scope=\"row\">Dimensions<\/th>\n<td class=\"font-2-b\">\n<ul class=\"characteristics\" data-switch=\"\">\n<li class=\"\">LxHxP : 32,8 x 8,9 x 38,2 cm<\/li>\n<\/ul>\n<\/td>\n<\/tr>\n<tr class=\"odd\">\n<th scope=\"row\">Caract\u00e9ristiques compl\u00e9mentaires<\/th>\n<td class=\"font-2-b\">\n<ul class=\"characteristics\" data-switch=\"\">\n<li class=\"\">Avec cam\u00e9ra; Grand angle; iOS et Android; Wi-Fi (2,4 Ghz\/5 Ghz); PARROT BEBOP; M\u00e9moire interne; Volant<\/li>\n<\/ul>\n<\/td>\n<\/tr>\n<tr class=\"\">\n<th scope=\"row\">Disponibilit\u00e9 des pi\u00e8ces d\u00e9tach\u00e9es<\/th>\n<td class=\"font-2-b\">\n<ul class=\"characteristics\" data-switch=\"\">\n<li class=\"\">Non communiqu\u00e9e<\/li>\n<\/ul>\n<\/td>\n<\/tr>\n<tr class=\"odd\">\n<th scope=\"row\">Code<\/th>\n<td class=\"font-2-b\">\n<ul class=\"characteristics\" data-switch=\"\">\n<li class=\"\">4285379<\/li>\n<\/ul>\n<\/td>\n<\/tr>\n<\/tbody>\n<\/table>\n<\/div>\n<div>\n<h2 class=\"product_bloc_aside_title font-2\">DESCRIPTION<\/h2>\n<\/div>\n<div class=\"product_bloc_content bloc ombre font-2\">\n<div>\n<div><b>Ce pack Parrot BeBop 2 FPV comprend une radiocommande Skycontroller 2 et des lunettes d\u2019immersion FPV.<\/b>&nbsp;<\/p>\n<p><b>Parrot Bebop 2 est un drone volant, ultra compact, l\u00e9ger, robuste et s\u00fbr, pilotable via smartphone ou tablette en int\u00e9rieur comme en ext\u00e9rieur<\/b>. Appr\u00e9ciez ses\u00a0<b>\u00a0figures acrobatiques<\/b>, sa\u00a0\u00a0<b>rapidit\u00e9<\/b>, sa\u00a0\u00a0<b>stabilit\u00e9<\/b>\u00a0\u00e0 toute \u00e9preuve, sa\u00a0\u00a0<b>r\u00e9sistance aux chocs et au vent<\/b>, son\u00a0\u00a0<b>GPS int\u00e9gr\u00e9<\/b>\u00a0et surtout une\u00a0\u00a0<b>grande\u00a0port\u00e9e de 300 m\u00e8tres, et pr\u00e8s de 2 km avec la radiocommande Skycontroller<\/b>\u00a0!<\/p>\n<\/div>\n<div>Immortalisez votre vol avec sa\u00a0\u00a0<b>cam\u00e9ra Full HD<\/b>\u00a0embarqu\u00e9e avec\u00a0<b>\u00a0objectif Fish Eye et capteur CMOS haute r\u00e9solution<\/b>\u00a0et profitez d\u2019une qualit\u00e9 exceptionnelle de\u00a0\u00a0<b>14 millions de pixels<\/b>\u00a0!<\/div>\n<div><b>Le tout avec une belle autonomie de 25 minutes !<\/b><\/div>\n<div><b>\u00a0<\/b><\/div>\n<div><b>Lunettes Immersive First Person View<\/b>&nbsp;<\/p>\n<div>Poussez les sensations \u00e0 leur maximum ! Les lunettes d\u2019immersion FPV ajoutent une autre dimension \u00e0 la conduite du drone, en vous immergeant dans l\u2019action. Mettez vos lunettes, faites d\u00e9coller votre drone et pilotez-le tout en profitant directement sur vos lunettes de la vision de la cam\u00e9ra situ\u00e9e sur celui-ci.<br \/>\nEvitez ou passez sous les branches d\u2019arbres, esquivez les obstacles\u2026 soyez v\u00e9ritablement au c\u0153ur de la course !<\/div>\n<\/div>\n<div><b>\u00a0<\/b><\/div>\n<div><b>Drone volant :\u00a0<\/b><\/div>\n<div>Vivez une exp\u00e9rience de vol in\u00e9galable ! Bebop 2 est un\u00a0\u00a0<b>quadricopt\u00e8re volant\u00a0<\/b>qui se\u00a0\u00a0<b>pilote via smartphone et tablette<\/b>. D\u00e9couvrez le monde vu d\u2019en haut !<\/div>\n<div>Vitesse horizontale jusqu\u2019\u00e0 16 m\/s.<\/div>\n<div>Vitesse verticale jusqu\u2019\u00e0 6 m\/s.<\/div>\n<div><\/div>\n<div><b>Conception solide, silencieuse et s\u00fbre :\u00a0<\/b><\/div>\n<div>Le drone Parrot sait r\u00e9sister au vent et aux figures les plus acrobatiques gr\u00e2ce \u00e0 sa\u00a0\u00a0<b>structure solide<\/b>.<\/div>\n<div>Ses\u00a0\u00a0<b>moteurs optimis\u00e9s avec h\u00e9lices larges et flexibles de 6\u2019\u2019<\/b>\u00a0garantissent une vitesse incroyable, une r\u00e9sistance aux chocs et un montage\/d\u00e9montage faciles.<\/div>\n<div>Ses\u00a0<b>\u00a0pieds anti-chocs<\/b>\u00a0permettent des atterrissages moins brutaux et assurent un dur\u00e9e de vie de l\u2019appareil importante.<\/div>\n<div>Gr\u00e2ce \u00e0 l\u2019\u00a0<b>\u00e9clairage LED arri\u00e8re puissant<\/b>, vous b\u00e9n\u00e9ficiez d\u2019une meilleure visibilit\u00e9 dans l\u2019obscurit\u00e9, d\u2019alertes lumineuses et vous distinguez plus facilement l\u2019avant de l\u2019arri\u00e8re de l\u2019appareil.<\/div>\n<div><\/div>\n<div><b>Contr\u00f4le via smartphone et tablette :<\/b><\/div>\n<div>Bebop 2 est compatible avec les smartphones et tablettes iOS et Android. Vous devez pr\u00e9alablement t\u00e9l\u00e9charger gratuitement l\u2019\u00a0<b>application FreeFlight 3.0\u00a0<\/b>sur votre Store.<\/div>\n<div>Pilotez votre drone, via une\u00a0<b>\u00a0interface conviviale et ludique<\/b>, directement sur votre smartphone ou votre tablette. Il vous suffit simplement d\u2019incliner votre appareil mobile pour contr\u00f4ler la trajectoire du Bebop 2 et de profiter d\u2019une maniabilit\u00e9 optimale.<\/div>\n<div>Avec sa\u00a0<b>\u00a0connexion Wifi MIMO (r\u00e9seau Wifi 802.11n \u2013 antennes 2,4 et 5 Ghz)<\/b>, vous b\u00e9n\u00e9ficiez d\u2019une\u00a0\u00a0<b>port\u00e9e de 300 m\u00e8tres<\/b>.<\/div>\n<div><b>Skycontroller 2<\/b>&nbsp;<\/p>\n<div>Bebop 2 se pilote avec votre smartphone ou votre tablette, mais il peut \u00e9galement \u00eatre contr\u00f4l\u00e9 \u00e0 l\u2019aide du Skycontroller 2 qui vous plonge dans une\u00a0\u00a0<b>immersion totale<\/b>\u00a0!<\/div>\n<div>En effet, le Skycontroller 2 est con\u00e7u pour vous rendre l\u2019utilisation et le pilotage du drone beaucoup plus faciles.<br \/>\nVotre smartphone se fixe sur le support. Mais son principal avantage c\u2019est que vous allez \u00a0gagner en port\u00e9e ! Sans le Skycontroller 2, la port\u00e9e de Bebop 2 est de 300 m\u00e8tres, et avec, elle s\u2019\u00e9tend\u00a0<b>\u00a0jusqu\u2019\u00e0 2 km<\/b>\u00a0!<\/div>\n<div>Compatible Android et iOS.<\/div>\n<\/div>\n<div><b>Stabilit\u00e9 et pr\u00e9cision in\u00e9gal\u00e9es :<\/b><\/div>\n<div><b>Stabilit\u00e9 et maniabilit\u00e9\u00a0<\/b>assur\u00e9es car Bebop 2 r\u00e9alise une fusion de donn\u00e9es provenant de ses\u00a0\u00a0<b>capteurs : cam\u00e9ra verticale, ultrason, barom\u00e8tre, gyroscope et r\u00e9cepteur GPS<\/b>. Ils mesurent et analysent chaque mouvement ou inclinaison de l\u2019appareil et rectifient si besoin son inclinaison et sa position.<\/div>\n<div>Gr\u00e2ce \u00e0 ses nouveaux moteurs et h\u00e9lices, Bebop 2 propose des\u00a0\u00a0<b>performances in\u00e9gal\u00e9es face au vent et l\u2019altitude<\/b>.<\/div>\n<div><\/div>\n<div><b>GPS int\u00e9gr\u00e9 :\u00a0<\/b><\/div>\n<div>Le GPS int\u00e9gr\u00e9 est id\u00e9al pour\u00a0\u00a0<b>g\u00e9olocaliser vos photos et vos vid\u00e9os\u00a0<\/b>de mani\u00e8re tr\u00e8s pr\u00e9cise\u00a0mais aussi pour\u00a0\u00a0<b>param\u00e9trer un parcours de vol<\/b>.<\/div>\n<div>De plus, gr\u00e2ce au\u00a0\u00a0<b>mode \u201cRetour \u00e0 la maison\u201d<\/b>, faites le revenir au point de d\u00e9part si vous le perdez de vue.<\/div>\n<div><\/div>\n<div><b>Acrobaties :\u00a0<\/b><\/div>\n<div>L\u2019application FreeFlight 3.0 vous propose de\u00a0<b>\u00a0r\u00e9aliser des flips en vol\u00a0<\/b>pour vous amuser avec votre drone et \u00e9pater votre public !<\/div>\n<div><\/div>\n<div><b>Cam\u00e9ra :\u00a0<\/b><\/div>\n<div>Bebop 2 poss\u00e8de une\u00a0\u00a0<b>lentille optimis\u00e9e\u00a0<\/b>pour une meilleure\u00a0\u00a0<b>nettet\u00e9\u00a0<\/b>m\u00eame en cas de faible luminosit\u00e9.<\/div>\n<div>\n<div>L\u2019angle de la cam\u00e9ra orient\u00e9 vers le bas permet des\u00a0\u00a0<b>vues verticales \u00e0 90\u00b0\u00a0<\/b>et un\u00a0<b>\u00a0<\/b>&nbsp;<\/p>\n<div>streaming video parfait.<\/div>\n<\/div>\n<div>\n<div>\n<div>La\u00a0<b>\u00a0stabilisation digitale 3 axes\u00a0<\/b>\u00a0<b>avec objectif Fish Eye sur 180\u00b0<\/b>\u00a0(\u00e0 l\u2019horizontale et \u00e0 la verticale) permet de r\u00e9aliser des\u00a0\u00a0<b>vid\u00e9os Full HD 30 images par seconde sans distorsion\u00a0<\/b>et&nbsp;<\/p>\n<div>\n<div>de maintenir un angle fixe malgr\u00e9 les diff\u00e9rentes inclinaisons du drone.<\/div>\n<\/div>\n<\/div>\n<div>\n<div>\n<div>Ajustez l\u2019angle de la camera (jusqu\u2019\u00e0 180\u00b0) \u00e0 partir de l\u2019application de pilotage \u00e0 l\u2019aide d\u2019un simple mouvement du pouce.<\/div>\n<\/div>\n<\/div>\n<\/div>\n<\/div>\n<\/div>\n<div>Vous pouvez \u00e9galement\u00a0\u00a0<b>prendre \u00e0 tout moment des photos d\u2019une qualit\u00e9 jusqu\u2019\u00e0 14 m\u00e9gapixels.\u00a0<\/b>Prenez des vues a\u00e9riennes \u00e0 travers\u00a0<b>\u00a03 diff\u00e9rents modes :<\/b><\/div>\n<div>\u2013\u00a0\u00a0<b>mode RAW<\/b>\u00a0d\u00e9di\u00e9 aux professionnels :\u00a0Format Fish-eye \u2013 3288 x 4608 pixels<\/div>\n<div><b>\u2013 JPEG\u00a0<\/b>: format 4:3 \u2013 4096 x 3072 pixels<\/div>\n<div><b>\u2013 JPEG Capture\u00a0<\/b>: format 16:9 \u2013 1920 x 1080 pixels.<\/div>\n<div>\n<div><\/div>\n<\/div>\n<div><b>Autonomie exceptionnelle :\u00a0<\/b><\/div>\n<div>Avec sa batterie Lithium 2700 mAh, vous b\u00e9n\u00e9ficiez de\u00a0\u00a0<b>25 minutes d\u2019autonomie<\/b>.<\/div>\n<div><\/div>\n<div>\n<div><b>Drone Academy :<\/b><\/div>\n<div>Connectez-vous \u00e0 la Parrot Academy pour partager vos statistiques avec d\u2019autres pilotes.<\/div>\n<div>Gardez une trace de toutes vos sessions de pilotage, partagez vos photos, vid\u00e9os et donn\u00e9es avec les membres du cloud Parrot et partagez instantan\u00e9ment sur YouTube &amp; Facebook.<\/div>\n<div><\/div>\n<\/div>\n<div><b>Accessoires fournis :\u00a0<\/b><\/div>\n<div>Bebop 2 est fourni avec une radiocommande Skycontroller 2, une paire de lunettes d\u2019immersion FPV, une batterie 2700 mAh, un chargeur et un c\u00e2ble, 4 prises, un kit de montage, 4 h\u00e9lices, un c\u00e2ble USB et un guide utilisateur.<\/div>\n<\/div>\n<\/div>","protected":false},"excerpt":{"rendered":"<p class=\"product_section_title font-2-b\">Les points forts :<\/p>\n<ul class=\"product_details_items font-2-l\">\n<li class=\"product_details_item\">Drone volant pilotable via smartphone et tablette \u2013 Autonomie 25 minutes<\/li>\n<li class=\"product_details_item\">Wifi MIMO \u2013 Port\u00e9e 300 m\u00e8tres \u2013 GPS int\u00e9gr\u00e9<\/li>\n<li class=\"product_details_item\">Cam\u00e9ra Full HD 1080p \u2013 Capteur CMOS Haute R\u00e9solution \u2013 Stabilisation sur 3 axes<\/li>\n<li class=\"product_details_item\">Lunettes Immersion FPV et radiocommande Skycontroller 2 incluses<\/li>\n<\/ul>","protected":false},"featured_media":11870,"comment_status":"open","ping_status":"closed","template":"","meta":{"inline_featured_image":false,"_joinchat":[]},"product_cat":[30],"product_tag":[],"class_list":{"0":"post-11868","1":"product","2":"type-product","3":"status-publish","4":"has-post-thumbnail","6":"product_cat-image-tv-sons","8":"first","9":"instock","10":"shipping-taxable","11":"purchasable","12":"product-type-simple"},"_links":{"self":[{"href":"https:\/\/kitchtenstore.com\/fr\/wp-json\/wp\/v2\/product\/11868","targetHints":{"allow":["GET"]}}],"collection":[{"href":"https:\/\/kitchtenstore.com\/fr\/wp-json\/wp\/v2\/product"}],"about":[{"href":"https:\/\/kitchtenstore.com\/fr\/wp-json\/wp\/v2\/types\/product"}],"replies":[{"embeddable":true,"href":"https:\/\/kitchtenstore.com\/fr\/wp-json\/wp\/v2\/comments?post=11868"}],"version-history":[{"count":2,"href":"https:\/\/kitchtenstore.com\/fr\/wp-json\/wp\/v2\/product\/11868\/revisions"}],"predecessor-version":[{"id":11874,"href":"https:\/\/kitchtenstore.com\/fr\/wp-json\/wp\/v2\/product\/11868\/revisions\/11874"}],"wp:featuredmedia":[{"embeddable":true,"href":"https:\/\/kitchtenstore.com\/fr\/wp-json\/wp\/v2\/media\/11870"}],"wp:attachment":[{"href":"https:\/\/kitchtenstore.com\/fr\/wp-json\/wp\/v2\/media?parent=11868"}],"wp:term":[{"taxonomy":"product_cat","embeddable":true,"href":"https:\/\/kitchtenstore.com\/fr\/wp-json\/wp\/v2\/product_cat?post=11868"},{"taxonomy":"product_tag","embeddable":true,"href":"https:\/\/kitchtenstore.com\/fr\/wp-json\/wp\/v2\/product_tag?post=11868"}],"curies":[{"name":"wp","href":"https:\/\/api.w.org\/{rel}","templated":true}]}}