{"id":11862,"date":"2022-11-01T22:29:29","date_gmt":"2022-11-01T22:29:29","guid":{"rendered":"https:\/\/kitchtenstore.com\/?post_type=product&#038;p=11862"},"modified":"2022-11-01T22:29:30","modified_gmt":"2022-11-01T22:29:30","slug":"dji-drone-inspire-2","status":"publish","type":"product","link":"https:\/\/kitchtenstore.com\/fr\/produit\/dji-drone-inspire-2\/","title":{"rendered":"DJI Drone Inspire 2"},"content":{"rendered":"<h2>Description<\/h2>\n<div id=\"descContent\" class=\"fpBlk testSep\" data-cs-override-id=\"Descriptif\">\n<table class=\"fpDescTb fpDescTbPub\">\n<tbody>\n<tr>\n<th colspan=\"2\">Informations g\u00e9n\u00e9rales sur le produit<\/th>\n<\/tr>\n<tr>\n<td>Marque<\/td>\n<td><a title=\"DJI\" href=\"https:\/\/www.cdiscount.com\/m-16454-dji.html\" data-link=\"SFP-ZBN-TNO-DPM\">DJI<\/a><\/td>\n<\/tr>\n<tr>\n<td>Nom du produit<\/td>\n<td>DJI Drone Inspire 2<\/td>\n<\/tr>\n<tr>\n<td>Cat\u00e9gorie<\/td>\n<td>DRONE<\/td>\n<\/tr>\n<tr>\n<th colspan=\"2\">Informations g\u00e9n\u00e9rales<\/th>\n<\/tr>\n<tr>\n<td>Type de produit<\/td>\n<td>Drone<\/td>\n<\/tr>\n<tr>\n<td>Mod\u00e8le<\/td>\n<td>DJI Drone Inspire 2<\/td>\n<\/tr>\n<tr>\n<td>Utilisation<\/td>\n<td>Ext\u00e9rieur<\/td>\n<\/tr>\n<tr>\n<td>Couleur(s)<\/td>\n<td>Gris<\/td>\n<\/tr>\n<tr>\n<td>Genre<\/td>\n<td>Mixte<\/td>\n<\/tr>\n<tr>\n<td>Pays d\u2019origine<\/td>\n<td>Chine<\/td>\n<\/tr>\n<tr>\n<td>Mod\u00e8le<\/td>\n<td>Inspire2<\/td>\n<\/tr>\n<tr>\n<th colspan=\"2\">Caract\u00e9ristiques techniques<\/th>\n<\/tr>\n<tr>\n<td>Autonomie<\/td>\n<td>30 min<\/td>\n<\/tr>\n<tr>\n<td>Port\u00e9e du drone<\/td>\n<td>+ de 1000 m<\/td>\n<\/tr>\n<tr>\n<td>Syst\u00e8me de pilotage<\/td>\n<td>Smartphone<\/td>\n<\/tr>\n<tr>\n<td>Vitesse max<\/td>\n<td>94 km\/h<\/td>\n<\/tr>\n<tr>\n<td>Wi-Fi<\/td>\n<td>Oui<\/td>\n<\/tr>\n<tr>\n<td>Bluetooth<\/td>\n<td>Non<\/td>\n<\/tr>\n<tr>\n<th colspan=\"2\">Photo\/Vid\u00e9o<\/th>\n<\/tr>\n<tr>\n<td>Cam\u00e9ra int\u00e9gr\u00e9e<\/td>\n<td>Oui<\/td>\n<\/tr>\n<tr>\n<td>R\u00e9solution de la cam\u00e9ra<\/td>\n<td>5.2k 30 ips 4k60ips<\/td>\n<\/tr>\n<tr>\n<td>Mode photo<\/td>\n<td>Oui<\/td>\n<\/tr>\n<tr>\n<td>R\u00e9solution photo<\/td>\n<td>20.8mp<\/td>\n<\/tr>\n<tr>\n<td>Compatibilit\u00e9 carte m\u00e9moire<\/td>\n<td>SD<\/td>\n<\/tr>\n<tr>\n<th colspan=\"2\">Connectivit\u00e9<\/th>\n<\/tr>\n<tr>\n<td>Objet connect\u00e9<\/td>\n<td>Oui<\/td>\n<\/tr>\n<tr>\n<td>Compatibilit\u00e9<\/td>\n<td>Android<\/td>\n<\/tr>\n<tr>\n<th colspan=\"2\">Casque r\u00e9alit\u00e9 virtuelle<\/th>\n<\/tr>\n<tr>\n<td>Casque de r\u00e9alit\u00e9 virtuelle inclus<\/td>\n<td>Non<\/td>\n<\/tr>\n<\/tbody>\n<\/table>\n<\/div>","protected":false},"excerpt":{"rendered":"<p><span class=\"fpBlocTitle\">Les points forts :<\/span><\/p>\n<ul>\n<li>Autonomie : 30 min<\/li>\n<li>Port\u00e9e du drone : + de 1000 m<\/li>\n<li>Cam\u00e9ra int\u00e9gr\u00e9e : Oui<\/li>\n<li>R\u00e9solution de la cam\u00e9ra : 5.2k 30 ips 4k60ips<\/li>\n<li>Wi-Fi : Oui<\/li>\n<\/ul>\n<div class=\"jsFpBulletPointMore\">\n<ul>\n<li>Syst\u00e8me de pilotage : Smartphone<\/li>\n<\/ul>\n<\/div>","protected":false},"featured_media":11866,"comment_status":"open","ping_status":"closed","template":"","meta":{"inline_featured_image":false,"_joinchat":[]},"product_cat":[30],"product_tag":[],"class_list":{"0":"post-11862","1":"product","2":"type-product","3":"status-publish","4":"has-post-thumbnail","6":"product_cat-image-tv-sons","8":"first","9":"instock","10":"shipping-taxable","11":"purchasable","12":"product-type-simple"},"_links":{"self":[{"href":"https:\/\/kitchtenstore.com\/fr\/wp-json\/wp\/v2\/product\/11862","targetHints":{"allow":["GET"]}}],"collection":[{"href":"https:\/\/kitchtenstore.com\/fr\/wp-json\/wp\/v2\/product"}],"about":[{"href":"https:\/\/kitchtenstore.com\/fr\/wp-json\/wp\/v2\/types\/product"}],"replies":[{"embeddable":true,"href":"https:\/\/kitchtenstore.com\/fr\/wp-json\/wp\/v2\/comments?post=11862"}],"version-history":[{"count":1,"href":"https:\/\/kitchtenstore.com\/fr\/wp-json\/wp\/v2\/product\/11862\/revisions"}],"predecessor-version":[{"id":11867,"href":"https:\/\/kitchtenstore.com\/fr\/wp-json\/wp\/v2\/product\/11862\/revisions\/11867"}],"wp:featuredmedia":[{"embeddable":true,"href":"https:\/\/kitchtenstore.com\/fr\/wp-json\/wp\/v2\/media\/11866"}],"wp:attachment":[{"href":"https:\/\/kitchtenstore.com\/fr\/wp-json\/wp\/v2\/media?parent=11862"}],"wp:term":[{"taxonomy":"product_cat","embeddable":true,"href":"https:\/\/kitchtenstore.com\/fr\/wp-json\/wp\/v2\/product_cat?post=11862"},{"taxonomy":"product_tag","embeddable":true,"href":"https:\/\/kitchtenstore.com\/fr\/wp-json\/wp\/v2\/product_tag?post=11862"}],"curies":[{"name":"wp","href":"https:\/\/api.w.org\/{rel}","templated":true}]}}