{"id":11856,"date":"2022-11-01T22:23:59","date_gmt":"2022-11-01T22:23:59","guid":{"rendered":"https:\/\/kitchtenstore.com\/?post_type=product&#038;p=11856"},"modified":"2022-11-01T22:23:59","modified_gmt":"2022-11-01T22:23:59","slug":"sony-wh-1000xm3-casque-sans-fil-a-reduction-de-bruit-noir","status":"publish","type":"product","link":"https:\/\/kitchtenstore.com\/fr\/produit\/sony-wh-1000xm3-casque-sans-fil-a-reduction-de-bruit-noir\/","title":{"rendered":"SONY \u2013 WH-1000XM3 \u2013 Casque sans fil \u00e0 r\u00e9duction de bruit \u2013 Noir"},"content":{"rendered":"<h3 class=\"titleh3\">Fiche technique \u2013 SONY\u00a0\u2013\u00a0WH-1000XM3 \u2013 Casque sans fil \u00e0 r\u00e9duction de bruit \u2013 Noir<\/h3>\n<ul class=\"liste-attibutes\">\n<li>\n<div class=\"spec-title\">Couleur<\/div>\n<div class=\"spec\">Noir<\/div>\n<\/li>\n<li>\n<div class=\"spec-title\">Longueur<\/div>\n<div class=\"spec\">120 cm<\/div>\n<\/li>\n<li>\n<div class=\"spec-title\">Autonomie<\/div>\n<div class=\"spec\">30<\/div>\n<\/li>\n<li>\n<div class=\"spec-title\">Jack 3.5<\/div>\n<div class=\"spec\">Jack 3.5<\/div>\n<\/li>\n<li>\n<div class=\"spec-title\">Compatibilit\u00e9 plateforme<\/div>\n<div class=\"spec\">Multi plateforme<\/div>\n<\/li>\n<li>\n<div class=\"spec-title\">Fr\u00e9quence min de bande passante<\/div>\n<div class=\"spec\">4<\/div>\n<\/li>\n<li>\n<div class=\"spec-title\">Console<\/div>\n<div class=\"spec\">Multi plateforme<\/div>\n<\/li>\n<li>\n<div class=\"spec-title\">Bluetooth<\/div>\n<div class=\"spec\"><a class=\"spec-link\" title=\"Voir les produits Casque Avec bluetooth\" href=\"https:\/\/www.rueducommerce.fr\/rayon\/mp3-mp4-et-son-numerique-51\/casque-4826\/bluetooth:avec-bluetooth\">Avec bluetooth<\/a><\/div>\n<\/li>\n<li>\n<div class=\"spec-title\">Type de casque<\/div>\n<div class=\"spec\"><a class=\"spec-link\" title=\"Voir les produits Casque Arceau\" href=\"https:\/\/www.rueducommerce.fr\/rayon\/mp3-mp4-et-son-numerique-51\/casque-4826\/type-de-casque:arceau\">Arceau<\/a><\/div>\n<\/li>\n<li>\n<div class=\"spec-title\">Ergonomie du casque<\/div>\n<div class=\"spec\"><a class=\"spec-link\" title=\"Voir les produits Casque Circum auriculaire\" href=\"https:\/\/www.rueducommerce.fr\/rayon\/mp3-mp4-et-son-numerique-51\/casque-4826\/ergonomie-du-casque:circum-auriculaire\">Circum auriculaire<\/a><\/div>\n<\/li>\n<li>\n<div class=\"spec-title\">R\u00e9ducteur de bruit actif<\/div>\n<div class=\"spec\"><a class=\"spec-link\" title=\"Voir les produits Casque Avec r\u00e9ducteur de bruit\" href=\"https:\/\/www.rueducommerce.fr\/rayon\/mp3-mp4-et-son-numerique-51\/casque-4826\/reducteur-de-bruit-actif:avec-reducteur-de-bruit\">Avec r\u00e9ducteur de bruit<\/a><\/div>\n<\/li>\n<li>\n<div class=\"spec-title\">Longueur de c\u00e2ble<\/div>\n<div class=\"spec\">120 cm<\/div>\n<\/li>\n<li>\n<div class=\"spec-title\">Fr\u00e9quence max de bande passante<\/div>\n<div class=\"spec\">40000<\/div>\n<\/li>\n<li>\n<div class=\"spec-title\">Utilisation du casque audio<\/div>\n<div class=\"spec\">Hifi<\/div>\n<\/li>\n<li>\n<div class=\"spec-title\">Syst\u00e8me de son<\/div>\n<div class=\"spec\">St\u00e9r\u00e9o 2.0\/2.1<\/div>\n<\/li>\n<\/ul>\n<h3 class=\"titleh3\">Description \u2013 SONY\u00a0\u2013\u00a0WH-1000XM3 \u2013 Casque sans fil \u00e0 r\u00e9duction de bruit \u2013 Noir<\/h3>\n<div class=\"warranty\">Garantie 2 ans<\/div>\n<div class=\"offerdesc\">\n<div><\/div>\n<div><\/div>\n<div id=\"originalProductDescription\">\n<section id=\"wm_section_body\" class=\"wm_section_body\">\n<div><strong>WH-1000XM3 \u2013 Casque sans fil \u00e0 r\u00e9duction de bruit \u2013 Noir<\/strong>&nbsp;<\/p>\n<p><img decoding=\"async\" class=\"lazy-loaded\" src=\"https:\/\/www.media-rdc.com\/medias\/7c9c927bac5e31849b740df8719a12a9\/ld0005031451-2.jpg?cimgnr=Xktcn\" alt=\"ld0005031451-2.jpg [MS-15481123719086096-0089990817-FR]\/Catalogue produit \/ Online\" data-src=\"https:\/\/www.media-rdc.com\/medias\/7c9c927bac5e31849b740df8719a12a9\/ld0005031451-2.jpg?cimgnr=Xktcn\" data-lzled=\"true\" \/><\/p>\n<\/div>\n<p>\u00c0 la fois performant et ing\u00e9nieux, le casque SONY WH1000XM3B vous prot\u00e8ge des bruits environnants, vous permettant ainsi de profiter de plusieurs heures d\u2019\u00e9coute dans le plus grand confort. Int\u00e9grant l\u2019assistant Google, ce mod\u00e8le vous offre \u00e9galement une grande flexibilit\u00e9 d\u2019utilisation.<\/p>\n<p><strong>UNE \u00c9COUTE DES PLUS AGR\u00c9ABLES<\/strong><\/p>\n<div><img decoding=\"async\" class=\"lazy-loaded\" src=\"https:\/\/www.media-rdc.com\/medias\/1aa0f9d438683d808abc26f1a9c950a6\/4548736081185-h-f-l-0.jpg?cimgnr=ZgxLI\" alt=\"Casque SONY WH1000XM3B\" data-src=\"https:\/\/www.media-rdc.com\/medias\/1aa0f9d438683d808abc26f1a9c950a6\/4548736081185-h-f-l-0.jpg?cimgnr=ZgxLI\" data-lzled=\"true\" \/><\/div>\n<p>Le casque SONY WH1000XM3B vous permet d\u2019\u00e9couter votre musique sans \u00eatre d\u00e9rang\u00e9 par les nuisances sonores environnantes. Gr\u00e2ce \u00e0 son processeur QN1 et ses 2 micros, il offre la\u00a0meilleure r\u00e9duction de bruit sur le march\u00e9.<\/p>\n<p>Le\u00a0Noise Cancelling intelligent\u00a0de l\u2019appareil choisit pour vous la fonction la plus adapt\u00e9e \u00e0 vos besoins. Ainsi, il peut r\u00e9duire au maximum le bruit dans les transports tout en vous laissant entendre les annonces diffus\u00e9es dans les gares ou les a\u00e9roports. Cette technologie est associ\u00e9e au dispositif\u00a0Personal NC Optimizer, qui am\u00e9liore encore plus les performances de r\u00e9duction du bruit en fonction de la forme de votre visage.<\/p>\n<p><strong>UN CASQUE ING\u00c9NIEUX ET PERFORMANT<\/strong><\/p>\n<div><img decoding=\"async\" class=\"lazy-loaded\" src=\"https:\/\/www.media-rdc.com\/medias\/e51023a27e293ccb94b06be09e3f8be9\/4548736081185-h-f-l-1.jpg?cimgnr=lOY2z\" alt=\"Casque SONY WH1000XM3B\" data-src=\"https:\/\/www.media-rdc.com\/medias\/e51023a27e293ccb94b06be09e3f8be9\/4548736081185-h-f-l-1.jpg?cimgnr=lOY2z\" data-lzled=\"true\" \/><\/div>\n<p>Compatible avec l\u2019assistant Google, le casque SONY WH1000XM3B vous permet de tout contr\u00f4ler \u00e0 la voix. Pour cela, tout comme pour acc\u00e9der aux commandes musiques ou \u00e0 la prise d\u2019appel, il vous suffit de toucher l\u2019oreillette de l\u2019appareil. Et si vous souhaitez entendre une voix ou un signal sonore, vous pouvez simplement poser votre main sur l\u2019oreillette droite pour d\u00e9clencher l\u2019option Quick Attention.<\/p>\n<p>Ce mod\u00e8le sans fil vous permet de profiter d\u2019un maximum de\u00a038 heures d\u2019\u00e9coute. Et si votre casque n\u2019a plus de batterie, branchez-le 10 minutes et b\u00e9n\u00e9ficiez de pas moins de 5 heures de musique.<\/p>\n<p><strong>Les points forts<\/strong><\/p>\n<p>Autonomie tr\u00e8s \u00e9lev\u00e9e (38h max.)<br \/>\nPoids standard (255g)<br \/>\nBluetooth et filaire \u2013 Micro int\u00e9gr\u00e9<br \/>\nLe + : 3 modes de r\u00e9duction de bruit active (On \/ Off \/ Ambiance)<\/p>\n<p><strong>Caract\u00e9ristiques g\u00e9n\u00e9rales<\/strong><\/p>\n<p>Produit : Casque nomade<br \/>\nForme : Arceau avec kit mains-libres int\u00e9gr\u00e9<br \/>\nCouleur : Noir<br \/>\nTypologie : Englobe l\u2019oreille (circum-aural)<\/p>\n<p><strong>Alimentation<\/strong><\/p>\n<p>Autonomie du casque : Autonomie tr\u00e8s \u00e9lev\u00e9e (38h max.)<br \/>\nAutonomie en veille : jusqu\u2019\u00e0 200h<br \/>\nIndicateur de charge : Oui<br \/>\nIndicateur de batterie faible : Oui<br \/>\nAlimentation du casque : Batterie Li-ion rechargeable dans la base \u00e9mettrice<\/p>\n<\/section>\n<\/div>\n<\/div>","protected":false},"excerpt":{"rendered":"<p>Le casque WH-1000XM3 Noir vous offre encore plus de silence, gr\u00e2ce \u00e0 l\u2019am\u00e9lioration de notre fonction \u00e0 r\u00e9duction de bruit, et une \u00e9coute intelligente qui s\u2019adapte \u00e0 votre situation.<\/p>","protected":false},"featured_media":11857,"comment_status":"open","ping_status":"closed","template":"","meta":{"inline_featured_image":false,"_joinchat":[]},"product_cat":[22],"product_tag":[],"class_list":{"0":"post-11856","1":"product","2":"type-product","3":"status-publish","4":"has-post-thumbnail","6":"product_cat-cinema-et-audio","8":"first","9":"instock","10":"shipping-taxable","11":"purchasable","12":"product-type-simple"},"_links":{"self":[{"href":"https:\/\/kitchtenstore.com\/fr\/wp-json\/wp\/v2\/product\/11856","targetHints":{"allow":["GET"]}}],"collection":[{"href":"https:\/\/kitchtenstore.com\/fr\/wp-json\/wp\/v2\/product"}],"about":[{"href":"https:\/\/kitchtenstore.com\/fr\/wp-json\/wp\/v2\/types\/product"}],"replies":[{"embeddable":true,"href":"https:\/\/kitchtenstore.com\/fr\/wp-json\/wp\/v2\/comments?post=11856"}],"version-history":[{"count":1,"href":"https:\/\/kitchtenstore.com\/fr\/wp-json\/wp\/v2\/product\/11856\/revisions"}],"predecessor-version":[{"id":11861,"href":"https:\/\/kitchtenstore.com\/fr\/wp-json\/wp\/v2\/product\/11856\/revisions\/11861"}],"wp:featuredmedia":[{"embeddable":true,"href":"https:\/\/kitchtenstore.com\/fr\/wp-json\/wp\/v2\/media\/11857"}],"wp:attachment":[{"href":"https:\/\/kitchtenstore.com\/fr\/wp-json\/wp\/v2\/media?parent=11856"}],"wp:term":[{"taxonomy":"product_cat","embeddable":true,"href":"https:\/\/kitchtenstore.com\/fr\/wp-json\/wp\/v2\/product_cat?post=11856"},{"taxonomy":"product_tag","embeddable":true,"href":"https:\/\/kitchtenstore.com\/fr\/wp-json\/wp\/v2\/product_tag?post=11856"}],"curies":[{"name":"wp","href":"https:\/\/api.w.org\/{rel}","templated":true}]}}