{"id":11849,"date":"2022-11-01T22:17:48","date_gmt":"2022-11-01T22:17:48","guid":{"rendered":"https:\/\/kitchtenstore.com\/?post_type=product&#038;p=11849"},"modified":"2022-11-01T22:17:48","modified_gmt":"2022-11-01T22:17:48","slug":"enceinte-sans-fil-jbl-boombox-noire","status":"publish","type":"product","link":"https:\/\/kitchtenstore.com\/fr\/produit\/enceinte-sans-fil-jbl-boombox-noire\/","title":{"rendered":"Enceinte sans fil JBL BOOMBOX NOIRE"},"content":{"rendered":"<div>\n<h2 class=\"product_bloc_aside_title font-2\">CARACT\u00c9RISTIQUES<\/h2>\n<\/div>\n<div class=\"product_bloc_content bloc ombre product_bloc_caracteristics_odd\">\n<table class=\"font-2\">\n<caption class=\"caption_hidden\">Caract\u00e9ristiques<\/caption>\n<tbody>\n<tr class=\"odd\">\n<th scope=\"row\">Appareil connect\u00e9<\/th>\n<td class=\"font-2-b\">\n<ul class=\"characteristics\" data-switch=\"\">\n<li class=\"\">Oui<\/li>\n<\/ul>\n<\/td>\n<\/tr>\n<tr class=\"\">\n<th scope=\"row\">Compatibilit\u00e9 Hifi<\/th>\n<td class=\"font-2-b\">\n<ul class=\"characteristics\" data-switch=\"\">\n<li class=\"\">Tout appareil bluetooth via AirPlay<\/li>\n<\/ul>\n<\/td>\n<\/tr>\n<tr class=\"odd\">\n<th scope=\"row\">Puissance de sortie (en watts)<\/th>\n<td class=\"font-2-b\">\n<ul class=\"characteristics\" data-switch=\"\">\n<li class=\"\">60W<\/li>\n<\/ul>\n<\/td>\n<\/tr>\n<tr class=\"\">\n<th scope=\"row\">Accessoires fournis<\/th>\n<td class=\"font-2-b\">\n<ul class=\"characteristics\" data-switch=\"\">\n<li class=\"\">Adaptateur secteur, c\u00e2ble<\/li>\n<\/ul>\n<\/td>\n<\/tr>\n<tr class=\"odd\">\n<th scope=\"row\">Alimentation<\/th>\n<td class=\"font-2-b\">\n<ul class=\"characteristics\" data-switch=\"\">\n<li class=\"\">secteur et batterie lithium-ion rechargeable<\/li>\n<\/ul>\n<\/td>\n<\/tr>\n<tr class=\"\">\n<th scope=\"row\">Caract\u00e9ristiques compl\u00e9mentaires<\/th>\n<td class=\"font-2-b\">\n<ul class=\"characteristics\" data-switch=\"\">\n<li class=\"\">Type d\u2019enceinte: Enceinte nomade<br \/>\nPoint(s) fort(s): R\u00e9sistante \u00e0 l\u2019eau \u2013 Poign\u00e9e int\u00e9gr\u00e9e<\/li>\n<\/ul>\n<\/td>\n<\/tr>\n<tr class=\"odd\">\n<th scope=\"row\">Kit mains libres<\/th>\n<td class=\"font-2-b\">\n<ul class=\"characteristics\" data-switch=\"\">\n<li class=\"\">Non<\/li>\n<\/ul>\n<\/td>\n<\/tr>\n<\/tbody>\n<\/table>\n<\/div>\n<div>\n<h2 class=\"product_bloc_aside_title font-2\">DESCRIPTION<\/h2>\n<\/div>\n<div class=\"product_bloc_content bloc ombre font-2\">\n<div class=\"columns\">\n<div><b>D\u00e9couvrez la BOOMBOX Bleu de JBL !<\/b><\/div>\n<div><\/div>\n<div><b>La Boombox int\u00e8gre la famille des enceintes portables JBL et fait une entr\u00e9e fracassante avec sa qualit\u00e9 de son exceptionnelle.<\/b>\u00a0Cette enceinte red\u00e9finit litt\u00e9ralement le concept de faire la f\u00eate.\u00a0<b>Avec des basses puissantes, ses quatre haut-parleurs et sa portabilit\u00e9, la JBL Boombox offre une exp\u00e9rience sonore \u00e9pique.<\/b>\u00a0Son design moderne donne une certaine \u00e9l\u00e9gance \u00e0 cette enceinte sans fil. Elle vous suivra partout lors de vos sorties, de vos vacances, de vos d\u00e9placements\u2026Gr\u00e2ce \u00e0\u00a0<b>sa connexion Bluetooth<\/b>, vous diffusez vos chansons pr\u00e9f\u00e9r\u00e9es depuis votre smartphone ou votre tablette. La Boombox de JBL est v\u00e9ritablement une enceinte qui vous plaira pour de nombreuses raisons.<\/div>\n<div><b>\u00a0<\/b><\/div>\n<div><b>Puissance et autonomie :\u00a0<\/b><\/div>\n<div><b>La Boombox de JBL vous permet d\u2019\u00e9couter de la musique pendant pr\u00e8s de 24 heures.\u00a0<\/b>Sa\u00a0<b>batterie longue dur\u00e9e de 20 000 mAh\u00a0<\/b>permet d\u2019utiliser l\u2019enceinte sans crainte. Elle diffuse un son \u00e9clatant et clair gr\u00e2ce \u00e0 ses\u00a0<b>quatre haut-parleurs actifs et deux \u00e9vents de basses<\/b>. Dissimul\u00e9s derri\u00e8re la large grille, ils d\u00e9livrent un son puissant et am\u00e9liore la qualit\u00e9 du son. Cette enceinte propose deux modes sonores pour am\u00e9liorer votre exp\u00e9rience. Le\u00a0<b>mode d\u2019int\u00e9rieur Indoor<\/b>\u00a0vous permet de profiter de graves plus profondes et riches. Le\u00a0<b>mode ext\u00e9rieur Outdoor<\/b>\u00a0s\u2019adapte, quant \u00e0 lui, \u00e0 votre espace et d\u00e9livre un son plus large avec des basses puissantes et une meilleure autonomie. La Boombox est \u00e9galement compos\u00e9e de\u00a0<b>quatre transducteurs actifs et deux \u00e9vents de basses<\/b>\u00a0JBL qui garantissent une qualit\u00e9 de son explosive. Gr\u00e2ce \u00e0 sa puissance sonore, vous pourrez rythmer vos moments de d\u00e9tente ! Profitez ainsi de votre musique peu importe l\u2019endroit (en plein air, au travail, plage etc.) et passez un excellent moment !<\/div>\n<div><\/div>\n<div><b>Poign\u00e9e int\u00e9gr\u00e9e :<\/b><\/div>\n<div><b>L\u2019enceinte Bluetooth portable Boombox de JBL est \u00e9quip\u00e9e d\u2019une poign\u00e9e de transport int\u00e9gr\u00e9e pour \u00eatre facilement emport\u00e9e partout.\u00a0<\/b>La poign\u00e9e de transport et les extr\u00e9mit\u00e9s de l\u2019enceintes sont r\u00e9alis\u00e9es dans un plastique noir tr\u00e8s r\u00e9sistant.<\/div>\n<div><b>\u00a0<\/b><\/div>\n<div><b>Bluetooth :\u00a0<\/b><\/div>\n<div><b>La Boombox permet une connectivit\u00e9 Bluetooth pour diffuser de la musique depuis votre smartphone ou votre tablette.<\/b>\u00a0Vous pouvez connecter\u00a0<b>jusqu\u2019\u00e0 2 appareils<\/b>\u00a0\u00e0 l\u2019enceinte pour \u00e9couter et partager votre musique tour \u00e0 tour.<\/div>\n<div><b>\u00a0<\/b><\/div>\n<div><b>R\u00e9sistante aux \u00e9claboussures :\u00a0<\/b><\/div>\n<div>Cette enceinte d\u00e9tient\u00a0<b>la certification IPX7<\/b>\u00a0qui donne une dimension nouvelle \u00e0 votre exp\u00e9rience d\u2019\u00e9coute. Cette norme garantit que la BoomBox est\u00a0<b>\u00e9tanche<\/b>. Que vous soyez au bord de la piscine, pr\u00e8s de la place ou pr\u00e8s d\u2019un point d\u2019eau, n\u2019ayez aucune crainte ! Elle ne risque rien et permet de profiter pleinement de vos moments de d\u00e9tente sans stress.<\/div>\n<div><\/div>\n<div><b>Connectique :<\/b><\/div>\n<div>La Boombox de JBL dispose de\u00a0<b>deux ports USB<\/b>\u00a0vous permettant de recharger la batterie. La\u00a0<b>fonction JBL Connect +\u00a0<\/b>vous permet de connecter plus d\u2019une centaine d\u2019enceintes dot\u00e9es de cette fonctionnalit\u00e9. Amplifiez ainsi votre exp\u00e9rience musicale et faites la f\u00eate dans une ambiance chaleureuse.<\/div>\n<\/div>\n<\/div>","protected":false},"excerpt":{"rendered":"<p class=\"product_section_title font-2-b\">Les points forts :<\/p>\n<ul class=\"product_details_items font-2-l\">\n<li class=\"product_details_item\">Enceinte portable Bluetooth<\/li>\n<li class=\"product_details_item\">Autonomie jusqu\u2019\u00e0 24 heures<\/li>\n<li class=\"product_details_item\">Poign\u00e9e int\u00e9gr\u00e9e \u2013 \u00c9tanche et r\u00e9sistante aux projections d\u2019eau<\/li>\n<li class=\"product_details_item\">2 Ports USB<\/li>\n<\/ul>","protected":false},"featured_media":11854,"comment_status":"open","ping_status":"closed","template":"","meta":{"inline_featured_image":false,"_joinchat":[]},"product_cat":[22],"product_tag":[],"class_list":{"0":"post-11849","1":"product","2":"type-product","3":"status-publish","4":"has-post-thumbnail","6":"product_cat-cinema-et-audio","8":"first","9":"instock","10":"shipping-taxable","11":"purchasable","12":"product-type-simple"},"_links":{"self":[{"href":"https:\/\/kitchtenstore.com\/fr\/wp-json\/wp\/v2\/product\/11849","targetHints":{"allow":["GET"]}}],"collection":[{"href":"https:\/\/kitchtenstore.com\/fr\/wp-json\/wp\/v2\/product"}],"about":[{"href":"https:\/\/kitchtenstore.com\/fr\/wp-json\/wp\/v2\/types\/product"}],"replies":[{"embeddable":true,"href":"https:\/\/kitchtenstore.com\/fr\/wp-json\/wp\/v2\/comments?post=11849"}],"version-history":[{"count":1,"href":"https:\/\/kitchtenstore.com\/fr\/wp-json\/wp\/v2\/product\/11849\/revisions"}],"predecessor-version":[{"id":11855,"href":"https:\/\/kitchtenstore.com\/fr\/wp-json\/wp\/v2\/product\/11849\/revisions\/11855"}],"wp:featuredmedia":[{"embeddable":true,"href":"https:\/\/kitchtenstore.com\/fr\/wp-json\/wp\/v2\/media\/11854"}],"wp:attachment":[{"href":"https:\/\/kitchtenstore.com\/fr\/wp-json\/wp\/v2\/media?parent=11849"}],"wp:term":[{"taxonomy":"product_cat","embeddable":true,"href":"https:\/\/kitchtenstore.com\/fr\/wp-json\/wp\/v2\/product_cat?post=11849"},{"taxonomy":"product_tag","embeddable":true,"href":"https:\/\/kitchtenstore.com\/fr\/wp-json\/wp\/v2\/product_tag?post=11849"}],"curies":[{"name":"wp","href":"https:\/\/api.w.org\/{rel}","templated":true}]}}