{"id":11833,"date":"2022-11-01T21:55:38","date_gmt":"2022-11-01T21:55:38","guid":{"rendered":"https:\/\/kitchtenstore.com\/?post_type=product&#038;p=11833"},"modified":"2022-11-01T21:55:38","modified_gmt":"2022-11-01T21:55:38","slug":"beats-solo3-casque-sans-fil-beats-solo3-magenta-pop-casque-supra-auriculaire-sans-fil-solo-3de-beats","status":"publish","type":"product","link":"https:\/\/kitchtenstore.com\/fr\/produit\/beats-solo3-casque-sans-fil-beats-solo3-magenta-pop-casque-supra-auriculaire-sans-fil-solo-3de-beats\/","title":{"rendered":"Beats Solo3 Casque sans fil Beats Solo3 Magenta Pop \u2013 Casque supra-auriculaire sans fil Solo 3de Beats"},"content":{"rendered":"<div id=\"presContent\" class=\"fpBlk testSep extCode\">\u201cCasque sans fil Beats Solo3 Magenta Pop \u2013 Casque supra-auriculaire sans fil Solo 3de Beats \u2013 Collection Beats Pop \u2013 Magenta Pop *Les points forts : *Sans fil \u2013 Casque (st\u00e9r\u00e9o mini-t\u00e9l\u00e9phone 3,5 mm 4 p\u00f4les) *Mode de sortie audio : St\u00e9reo *Commandes : Volume, r\u00e9pondre\/terminer, lecture\/pause, morceau suivant\/pr\u00e9c\u00e9dent Dot\u00e9 d\u2019une autonomie atteignant 40 heures, le casque sans fil Beats Solo3 est le partenaire id\u00e9al de votre vie active. Avec Fast Fuel, cinq petites minutes de recharge suffisent pour trois heures d\u2019\u00e9coute. Profitez de la qualit\u00e9 sonore sign\u00e9e Beats, maintes fois prim\u00e9e, avec la libert\u00e9 d\u2019\u00e9coute sans fil que procure la technologie Bluetooth Classe 1. Les oreillettes supra-auriculaires rembourr\u00e9es sont r\u00e9glables, pour vous assurer un r\u00e9el confort tout au long de la journ\u00e9e. Le sans-fil dont vous r\u00eaviez Ressentez votre musique Le son non-stop Un confort personnalis\u00e9 Le sans-fil dont vous r\u00eaviez Le casque sans fil Beats Solo3 est toujours pr\u00eat \u00e0 vous suivre. Allumez-le \u00e0 proximit\u00e9 de votre iPhone : il se configure en un instant et se connecte simultan\u00e9ment \u00e0 votre Apple Watch, votre iPad et votre Mac. Gr\u00e2ce \u00e0 la technologie Bluetooth Classe 1, le casque sans fil Solo3 vous suit partout avec une remarquable efficacit\u00e9. Ressentez votre musique Au c\u0153ur du casque sans fil Beats Solo3, il y a le son Beats prim\u00e9. Ce casque livre un son de qualit\u00e9 sup\u00e9rieure gr\u00e2ce \u00e0 une acoustique optimis\u00e9e offrant clart\u00e9, ampleur et balance haut de gamme. Les oreillettes rembourr\u00e9es att\u00e9nuent les bruits ext\u00e9rieurs pour vous garantir une parfaite immersion : vous profitez ainsi de la musique telle qu\u2019elle a \u00e9t\u00e9 con\u00e7ue et telle qu\u2019elle doit \u00eatre entendue. Le son non-stop Boost\u00e9 par l\u2019efficacit\u00e9 de la puce W1 sign\u00e9e Apple, le casque sans fil Beats Solo3 offre des heures d\u2019autonomie. Et quand il faut vite se remettre en piste, une recharge Fast Fuel de cinq petites minutes vous assure trois heures d\u2019\u00e9coute. Associ\u00e9es \u00e0 deux micros \u00e0 technologie de beamforming, des commandes int\u00e9gr\u00e9es vous permettent \u00e0 tout instant de prendre des appels, de lancer la musique, de r\u00e9gler le volume et d\u2019activer Siri. Un confort personnalis\u00e9 Dans la lign\u00e9e de son pr\u00e9d\u00e9cesseur, le casque sans fil Beats Solo3 allie un style audacieux \u00e0 un design \u00e9pur\u00e9. Les oreillettes supra-auriculaires rembourr\u00e9es sont r\u00e9glables pour vous assurer un r\u00e9el confort d\u2019\u00e9coute tout au long de la journ\u00e9e. Con\u00e7u pour offrir un confort optimal et un son irr\u00e9prochable, le casque se positionne tout naturellement sur la t\u00eate gr\u00e2ce \u00e0 ses courbes profil\u00e9es et ses oreillettes pivotantes.\u201d<\/div>\n<div id=\"desc\" class=\"anchor\"><\/div>\n<div id=\"descContent\" class=\"fpBlk testSep\" data-cs-override-id=\"Descriptif\">\n<p class=\"fpMb\">\u201cCasque sans fil Beats Solo3 Magenta Pop \u2013 Casque supra-auriculaire sans fil Solo 3de Beats \u2013 Collection Beats Pop \u2013 Magenta Pop *Les points forts : *Sans fil \u2013 Casque (st\u00e9r\u00e9o mini-t\u00e9l\u00e9phone 3,5 mm 4 p\u00f4les) *Mode de sortie audio : St\u00e9reo *Commande<\/p>\n<\/div>","protected":false},"excerpt":{"rendered":"<p>\u201cCasque sans fil Beats Solo3 Magenta Pop \u2013 Casque supra-auriculaire sans fil Solo 3de Beats \u2013 Collection Beats Pop \u2013 Magenta Pop *Les points forts : *Sans fil \u2013 Casque (st\u00e9r\u00e9o mini-t\u00e9l\u00e9phone 3,5 mm 4 p\u00f4les) *Mode de sortie audio : St\u00e9reo *Commande<\/p>","protected":false},"featured_media":11835,"comment_status":"open","ping_status":"closed","template":"","meta":{"inline_featured_image":false,"_joinchat":[]},"product_cat":[22],"product_tag":[],"class_list":{"0":"post-11833","1":"product","2":"type-product","3":"status-publish","4":"has-post-thumbnail","6":"product_cat-cinema-et-audio","8":"first","9":"instock","10":"shipping-taxable","11":"purchasable","12":"product-type-simple"},"_links":{"self":[{"href":"https:\/\/kitchtenstore.com\/fr\/wp-json\/wp\/v2\/product\/11833","targetHints":{"allow":["GET"]}}],"collection":[{"href":"https:\/\/kitchtenstore.com\/fr\/wp-json\/wp\/v2\/product"}],"about":[{"href":"https:\/\/kitchtenstore.com\/fr\/wp-json\/wp\/v2\/types\/product"}],"replies":[{"embeddable":true,"href":"https:\/\/kitchtenstore.com\/fr\/wp-json\/wp\/v2\/comments?post=11833"}],"version-history":[{"count":2,"href":"https:\/\/kitchtenstore.com\/fr\/wp-json\/wp\/v2\/product\/11833\/revisions"}],"predecessor-version":[{"id":11837,"href":"https:\/\/kitchtenstore.com\/fr\/wp-json\/wp\/v2\/product\/11833\/revisions\/11837"}],"wp:featuredmedia":[{"embeddable":true,"href":"https:\/\/kitchtenstore.com\/fr\/wp-json\/wp\/v2\/media\/11835"}],"wp:attachment":[{"href":"https:\/\/kitchtenstore.com\/fr\/wp-json\/wp\/v2\/media?parent=11833"}],"wp:term":[{"taxonomy":"product_cat","embeddable":true,"href":"https:\/\/kitchtenstore.com\/fr\/wp-json\/wp\/v2\/product_cat?post=11833"},{"taxonomy":"product_tag","embeddable":true,"href":"https:\/\/kitchtenstore.com\/fr\/wp-json\/wp\/v2\/product_tag?post=11833"}],"curies":[{"name":"wp","href":"https:\/\/api.w.org\/{rel}","templated":true}]}}