{"id":11828,"date":"2022-11-01T20:44:10","date_gmt":"2022-11-01T20:44:10","guid":{"rendered":"https:\/\/kitchtenstore.com\/?post_type=product&#038;p=11828"},"modified":"2022-11-01T20:44:11","modified_gmt":"2022-11-01T20:44:11","slug":"appareil-photo-reflex-nikon-d780-24-120-f-4-vr-2","status":"publish","type":"product","link":"https:\/\/kitchtenstore.com\/fr\/produit\/appareil-photo-reflex-nikon-d780-24-120-f-4-vr-2\/","title":{"rendered":"Appareil photo Reflex NIKON D780 + 24-120 F\/4 VR"},"content":{"rendered":"<div>\n<h2 class=\"product_bloc_aside_title font-2\">CARACT\u00c9RISTIQUES<\/h2>\n<\/div>\n<div class=\"product_bloc_content bloc ombre product_bloc_caracteristics_odd\">\n<table class=\"font-2\">\n<caption class=\"caption_hidden\">Caract\u00e9ristiques<\/caption>\n<tbody>\n<tr class=\"odd\">\n<th scope=\"row\">Type de package<\/th>\n<td class=\"font-2-b\">\n<ul class=\"characteristics\" data-switch=\"\">\n<li class=\"\">Bo\u00eetier + objectif (1)<\/li>\n<\/ul>\n<\/td>\n<\/tr>\n<tr class=\"\">\n<th scope=\"row\">Format de la carte m\u00e9moire<\/th>\n<td class=\"font-2-b\">\n<ul class=\"characteristics\" data-switch=\"\">\n<li class=\"\">Secure Digital (compatible UHS-II)<\/li>\n<\/ul>\n<\/td>\n<\/tr>\n<tr class=\"odd\">\n<th scope=\"row\">Pack FNAC-DARTY<\/th>\n<td class=\"font-2-b\">\n<ul class=\"characteristics\" data-switch=\"\">\n<li class=\"\">Oui<\/li>\n<\/ul>\n<\/td>\n<\/tr>\n<tr class=\"\">\n<th scope=\"row\">Vitesse d\u2019obturation<\/th>\n<td class=\"font-2-b\">\n<ul class=\"characteristics\" data-switch=\"\">\n<li class=\"\">1\/8000 \u00e0 30 s par incr\u00e9ments de 1\/3 ou 1\/2 IL, extensible \u00e0 900 s en mode M); Pose B; pose T, X200<\/li>\n<\/ul>\n<\/td>\n<\/tr>\n<tr class=\"odd\">\n<th scope=\"row\">Mise au point<\/th>\n<td class=\"font-2-b\">\n<ul class=\"characteristics\" data-switch=\"\">\n<li class=\"\">Nombre de collimateurs AF : 15; Prises de vue au viseur : jusqu\u2019\u00e0 51 points Vis\u00e9e \u00e9cran : jusqu\u2019\u00e0 273 points sur 90% du champ en horizontal et vertical<\/li>\n<\/ul>\n<\/td>\n<\/tr>\n<tr class=\"\">\n<th scope=\"row\">Exposition<\/th>\n<td class=\"font-2-b\">\n<ul class=\"characteristics\" data-switch=\"\">\n<li class=\"\">Viseur optique: Syst\u00e8me de mesure de l\u2019exposition TTL avec capteur RVB d\u2019environ 180 000 photosites \u2013 Vis\u00e9e Ecran (Live view): Mesure de l\u2019exposition TTL<\/li>\n<\/ul>\n<\/td>\n<\/tr>\n<tr class=\"odd\">\n<th scope=\"row\">Sensibilit\u00e9 ISO<\/th>\n<td class=\"font-2-b\">\n<ul class=\"characteristics\" data-switch=\"\">\n<li class=\"\">100 \u00e0 51 200 ISO (possibilit\u00e9 de choisir un incr\u00e9ment de 1\/3 ou 1\/2 IL) ; extensible \u00e0 -1IL (\u00e9quivalent \u00e0 50 ISO) et jusqu\u2019\u00e0 +2IL (\u00e9quivalent \u00e0 204 800 ISO)<\/li>\n<\/ul>\n<\/td>\n<\/tr>\n<tr class=\"\">\n<th scope=\"row\">D\u00e9finition<\/th>\n<td class=\"font-2-b\">\n<ul class=\"characteristics\" data-switch=\"\">\n<li class=\"\">4K (UHD )<\/li>\n<\/ul>\n<\/td>\n<\/tr>\n<tr class=\"odd\">\n<th scope=\"row\">Fonctionnalit\u00e9 appareil photo<\/th>\n<td class=\"font-2-b\">\n<ul class=\"characteristics\" data-switch=\"\">\n<li class=\"\">Mode rafale : J\u2019usqu\u2019\u00e0 7 vps avec suivi d\u2019expo et d\u2019AF, ou jusqu\u2019\u00e0 12 vps en mode silencieux (vis\u00e9e \u00e9cran)<\/li>\n<\/ul>\n<\/td>\n<\/tr>\n<tr class=\"\">\n<th scope=\"row\">Caract\u00e9ristiques compl\u00e9mentaires<\/th>\n<td class=\"font-2-b\">\n<ul class=\"characteristics\" data-switch=\"\">\n<li class=\"\">24-120 mm<br \/>\nLe plus du produit : AUTOFOCUS EN VIS\u00c9E \u00c9CRAN (LIVE VIEW) + OBJECTIF 24-120VR<br \/>\nR\u00e9solution maximale : 4k\/UHD<br \/>\nCompatibilit\u00e9 du stabilisateur : Appareil photo Reflex\/Hybride<\/li>\n<\/ul>\n<\/td>\n<\/tr>\n<tr class=\"odd\">\n<th scope=\"row\">Viseur<\/th>\n<td class=\"font-2-b\">\n<ul class=\"characteristics\" data-switch=\"\">\n<li class=\"\">Syst\u00e8me pentaprisme<\/li>\n<\/ul>\n<\/td>\n<\/tr>\n<tr class=\"\">\n<th scope=\"row\">R\u00e9solution d\u2019\u00e9cran<\/th>\n<td class=\"font-2-b\">\n<ul class=\"characteristics\" data-switch=\"\">\n<li class=\"\">2 359 000 pixels<\/li>\n<\/ul>\n<\/td>\n<\/tr>\n<tr class=\"odd\">\n<th scope=\"row\">Type d\u2019\u00e9cran<\/th>\n<td class=\"font-2-b\">\n<ul class=\"characteristics\" data-switch=\"\">\n<li class=\"\">Ecran orientable<\/li>\n<\/ul>\n<\/td>\n<\/tr>\n<tr class=\"\">\n<th scope=\"row\">Formats video<\/th>\n<td class=\"font-2-b\">\n<ul class=\"characteristics\" data-switch=\"\">\n<li class=\"\">Vid\u00e9o HD<\/li>\n<\/ul>\n<\/td>\n<\/tr>\n<tr class=\"odd\">\n<th scope=\"row\">Format d\u2019image<\/th>\n<td class=\"font-2-b\">\n<ul class=\"characteristics\" data-switch=\"\">\n<li class=\"\">Format du fichier : JPEG, RAW<\/li>\n<\/ul>\n<\/td>\n<\/tr>\n<tr class=\"\">\n<th scope=\"row\">Format du capteur<\/th>\n<td class=\"font-2-b\">\n<ul class=\"characteristics\" data-switch=\"\">\n<li class=\"\">Plein format 24\u00d736<\/li>\n<\/ul>\n<\/td>\n<\/tr>\n<tr class=\"odd\">\n<th scope=\"row\">Type de capteur<\/th>\n<td class=\"font-2-b\">\n<ul class=\"characteristics\" data-switch=\"\">\n<li class=\"\">CMOS r\u00e9tro\u00e9clair\u00e9<\/li>\n<\/ul>\n<\/td>\n<\/tr>\n<tr class=\"\">\n<th scope=\"row\">MegaPixels (R\u00e9solution du capteur)<\/th>\n<td class=\"font-2-b\">\n<ul class=\"characteristics\" data-switch=\"\">\n<li class=\"\">24,5 m\u00e9gapixels<\/li>\n<\/ul>\n<\/td>\n<\/tr>\n<tr class=\"odd\">\n<th scope=\"row\">Accessoires fournis<\/th>\n<td class=\"font-2-b\">\n<ul class=\"characteristics\" data-switch=\"\">\n<li class=\"\">Bouchon de bo\u00eetier BF-1B, \u0153illeton en caoutchouc DK-31 (mont\u00e9 sur l\u2019appareil photo), accumulateur Li-ion EN-EL15b avec cachecontacts, chargeur d\u2019accumulateur MH-25a (fourni avec un adaptateur de prise secteur ou un c\u00e2ble d\u2019alimentation dont le type et la forme varient selon le pays ou la r\u00e9gion d\u2019achat), protecteur d\u2019oculaire DK-5, c\u00e2ble USB UC-E24, courroie AN-DC21<\/li>\n<\/ul>\n<\/td>\n<\/tr>\n<tr class=\"\">\n<th scope=\"row\">Alimentation<\/th>\n<td class=\"font-2-b\">\n<ul class=\"characteristics\" data-switch=\"\">\n<li class=\"\">Accumulateur Li-ion EN-EL15b<\/li>\n<\/ul>\n<\/td>\n<\/tr>\n<tr class=\"odd\">\n<th scope=\"row\">Dimensions<\/th>\n<td class=\"font-2-b\">\n<ul class=\"characteristics\" data-switch=\"\">\n<li class=\"\">LxHxE : 143,5 \u00d7 115,5 \u00d7 76 mm<\/li>\n<\/ul>\n<\/td>\n<\/tr>\n<tr class=\"\">\n<th scope=\"row\">Disponibilit\u00e9 des pi\u00e8ces d\u00e9tach\u00e9es<\/th>\n<td class=\"font-2-b\">\n<ul class=\"characteristics js-active\" data-switch=\"\">\n<li class=\"\">7 ans<\/li>\n<\/ul>\n<\/td>\n<\/tr>\n<tr class=\"odd\">\n<th scope=\"row\">Code<\/th>\n<td class=\"font-2-b\">\n<ul class=\"characteristics\" data-switch=\"\">\n<li class=\"\">4785860<\/li>\n<\/ul>\n<\/td>\n<\/tr>\n<\/tbody>\n<\/table>\n<\/div>\n<div>\n<h2 class=\"product_bloc_aside_title font-2\">DESCRIPTION<\/h2>\n<\/div>\n<div class=\"product_bloc_content bloc ombre font-2\">\n<div class=\"columns\">\n<div><b><u>NIKON REFLEX D780 : LIBEREZ-VOUS !<\/u><\/b><\/div>\n<div><\/div>\n<div>Ne laissez aucun obstacle vous emp\u00eacher de concr\u00e9tiser votre vision. Le D780 vous offre tous les avantages du Reflex et bien plus encore. Spontan\u00e9it\u00e9 ou mise en sc\u00e8ne. Photographies ou vid\u00e9os. Ce reflex num\u00e9rique plein format d\u2019une polyvalence extr\u00eame n\u2019a peur de rien.<\/div>\n<div><\/div>\n<div><b>AUTOFOCUS EN VISEE OPTIQUE<\/b><\/div>\n<div>Le syst\u00e8me AF \u00e0 d\u00e9tection de phase \u00e0 51 points est sensible jusqu\u2019\u00e0 -3 IL. Son algorithme d\u00e9di\u00e9 assure un tracking v\u00e9loce et permet d\u2019exploiter toutes les richesses des diff\u00e9rents modes AF avanc\u00e9s<\/div>\n<div><\/div>\n<div><b>CADENCES EN RAFALE JUSQU\u2019\u00c0 12 VPS<\/b><\/div>\n<div>Prenez jusqu\u2019\u00e0 7 vps avec suivi d\u2019expo et d\u2019AF, ou jusqu\u2019\u00e0 12 vps en mode silencieux (vis\u00e9e \u00e9cran), en jpg ou en RAW.<\/div>\n<div><\/div>\n<div><b>VISEUR OPTIQUE ET \u00c9CRAN TACTILE INCLINABLE<\/b><\/div>\n<div>Le viseur optique offre un angle de champ tr\u00e8s confortable et une couverture de 100 %.<\/div>\n<div>L\u2019\u00e9cran inclinable et tactile de 2,59M pixels permet de d\u00e9clencher la prise de vue et d\u2019effectuer la mise au point.<\/div>\n<div><\/div>\n<div><b>QUALIT\u00c9 D\u2019IMAGE EXCEPTIONNELLE<\/b><\/div>\n<div>Tout comme le c\u00e9l\u00e8bre D850, l\u2019appareil exploite les informations issues du capteur CMOS r\u00e9tro\u00e9clair\u00e9, du processeur EXPEED 6 et de la cellule de mesure de lumi\u00e8re RVB pour mieux comprendre son environnement (d\u00e9tection et suivi des visages\/yeux, tracking AF, balance des blancs, exposition\u2026) et optimiser le rendu final.<\/div>\n<div><\/div>\n<div><b>DES VID\u00c9OS 4K SANS RECADRAGE<\/b><\/div>\n<div>R\u00e9alisez des films ultra-haute d\u00e9finition au format 4K\/UHD \u00e0 30p\/25p\/24p sans recadrage.<\/div>\n<div>Via un enregistreur externe Atomos Ninja V, enregistrez vos s\u00e9quences en 4.2.2 N-Log 10 bits ou g\u00e9n\u00e9rez des fichiers avec une plus grande dynamique gr\u00e2ce au mode HLG (Hybrid Log Gamma).<\/div>\n<div><\/div>\n<div><\/div>\n<p><b><u>AF-S NIKKOR 24-120MM F\/4G ED VR<\/u><\/b><\/p>\n<p>Le nouveau transtandard polyvalent pour la photo con\u00e7u pour les reflex num\u00e9riques Nikon au format FX !<\/p>\n<ul>\n<li>Zoom 5x puissant avec plage de focales 24-120 mm (\u00c9quivalent en format 24\u00d736 : 36-180 mm pour les appareils \u00e9quip\u00e9s d\u2019nu capteur DX) pour des photos r\u00e9ussies en toute occasion, des portraits aux prises de vue en int\u00e9rieur, en passant par l\u2019architecture et les paysages.<\/li>\n<li>Le syst\u00e8me de r\u00e9duction des vibrations (VR ) permet d\u2019obtenir des photos plus nettes m\u00eame dans des conditions de faible \u00e9clairage.<\/li>\n<li>Son traitement nanocristal diminue consid\u00e9rablement les images fant\u00f4mes et la lumi\u00e8re parasite.<\/li>\n<li>Distance minimale de mise au point: 0,45 m.<\/li>\n<li>Les lentilles en verre ED (dispersion extra-faible) et asph\u00e9riques minimisent les ph\u00e9nom\u00e8nes de distorsion, notamment l\u2019aberration chromatique et l\u2019astigmatisme. R\u00e9sultat : une tr\u00e8s haute d\u00e9finition et un contraste parfait.<\/li>\n<li>Moteur silencieux SWM pour une mise au point automatique rapide et ultra-silencieuse.<\/li>\n<li>Compatible avec les fixations pour filtre de 77 mm de diam\u00e8tre.<\/li>\n<\/ul>\n<\/div>\n<\/div>","protected":false},"excerpt":{"rendered":"<p class=\"product_section_title font-2-b\">Les points forts :<\/p>\n<ul class=\"product_details_items font-2-l\">\n<li class=\"product_details_item\">Capteur CMOS r\u00e9tro\u00e9clair\u00e9 au format FX (plein format) , 24,5 millions<\/li>\n<li class=\"product_details_item\">Syst\u00e8me de mesure de l\u2019exposition TTL avec capteur RVB \u2013 Viseur de type reflex avec pentaprisme<\/li>\n<li class=\"product_details_item\">Sensibilit\u00e9 100 \u00e0 51 200 ISO (possibilit\u00e9 de choisir un incr\u00e9ment de 1\/3 ou 1\/2 IL)<\/li>\n<li class=\"product_details_item\">Formule optique 17 lentilles en 13 groupes (dont 2 lentilles en verre ED et 3 lentilles asph\u00e9riques, traitement nanocristal) \u2013 \u00c9cran tactile ACL TFT inclinable d\u2019environ 2 359 000 pixels (XGA) avec un angle de vue de 170\u00b0<\/li>\n<\/ul>","protected":false},"featured_media":11831,"comment_status":"open","ping_status":"closed","template":"","meta":{"inline_featured_image":false,"_joinchat":[]},"product_cat":[30],"product_tag":[],"class_list":{"0":"post-11828","1":"product","2":"type-product","3":"status-publish","4":"has-post-thumbnail","6":"product_cat-image-tv-sons","8":"first","9":"instock","10":"sale","11":"shipping-taxable","12":"purchasable","13":"product-type-simple"},"_links":{"self":[{"href":"https:\/\/kitchtenstore.com\/fr\/wp-json\/wp\/v2\/product\/11828","targetHints":{"allow":["GET"]}}],"collection":[{"href":"https:\/\/kitchtenstore.com\/fr\/wp-json\/wp\/v2\/product"}],"about":[{"href":"https:\/\/kitchtenstore.com\/fr\/wp-json\/wp\/v2\/types\/product"}],"replies":[{"embeddable":true,"href":"https:\/\/kitchtenstore.com\/fr\/wp-json\/wp\/v2\/comments?post=11828"}],"version-history":[{"count":1,"href":"https:\/\/kitchtenstore.com\/fr\/wp-json\/wp\/v2\/product\/11828\/revisions"}],"predecessor-version":[{"id":11832,"href":"https:\/\/kitchtenstore.com\/fr\/wp-json\/wp\/v2\/product\/11828\/revisions\/11832"}],"wp:featuredmedia":[{"embeddable":true,"href":"https:\/\/kitchtenstore.com\/fr\/wp-json\/wp\/v2\/media\/11831"}],"wp:attachment":[{"href":"https:\/\/kitchtenstore.com\/fr\/wp-json\/wp\/v2\/media?parent=11828"}],"wp:term":[{"taxonomy":"product_cat","embeddable":true,"href":"https:\/\/kitchtenstore.com\/fr\/wp-json\/wp\/v2\/product_cat?post=11828"},{"taxonomy":"product_tag","embeddable":true,"href":"https:\/\/kitchtenstore.com\/fr\/wp-json\/wp\/v2\/product_tag?post=11828"}],"curies":[{"name":"wp","href":"https:\/\/api.w.org\/{rel}","templated":true}]}}