{"id":11821,"date":"2022-11-01T20:31:05","date_gmt":"2022-11-01T20:31:05","guid":{"rendered":"https:\/\/kitchtenstore.com\/?post_type=product&#038;p=11821"},"modified":"2022-11-01T20:31:05","modified_gmt":"2022-11-01T20:31:05","slug":"11821","status":"publish","type":"product","link":"https:\/\/kitchtenstore.com\/fr\/produit\/11821\/","title":{"rendered":""},"content":{"rendered":"<header class=\"productStrate__header\">\n<h2 class=\"productStrate__title\">CARACT\u00c9RISTIQUES TECHNIQUES<\/h2>\n<\/header>\n<div class=\"characteristicsStrate__lists\">\n<div class=\"characteristicsStrate__item  characteristicsStrate__item--long\">Caract\u00e9ristiques compl\u00e9mentaires Smart Sound&nbsp;<\/p>\n<p>R\u00e9seau lin\u00e9aire de huit micros<\/p>\n<p>Le syst\u00e8me audio de Portal TV utilise l\u2019\u00e9quipement audio de votre domicile.<\/p>\n<p>Smart Camera<\/p>\n<p>12,5 m\u00e9gapixels<\/p>\n<p>Champ de vision de 120 degr\u00e9s<\/p>\n<p>Ecran aussi grand que votre t\u00e9l\u00e9viseur<\/p>\n<p>T\u00e9l\u00e9commande<\/p>\n<\/div>\n<div class=\"characteristicsStrate__item\"><\/div>\n<div class=\"characteristicsStrate__item\">Largeur du produit : 3,17 cm<\/div>\n<div class=\"characteristicsStrate__item\">Longueur du produit : 19,05 cm<\/div>\n<div class=\"characteristicsStrate__item\">Couleur : Noir<\/div>\n<\/div>\n<div class=\"productStrate__header productStrate__header--decorated\">\n<h2 class=\"productStrate__title\">DESCRIPTION<\/h2>\n<\/div>\n<div class=\"productStrate__raw summaryStrate__raw\"><b>Appels vid\u00e9o intelligents sur Whatsapp et Messenger<\/b><b>Portal TV vous donne la possibilit\u00e9 de passer des appels vid\u00e9o intelligents sur votre t\u00e9l\u00e9vision<\/b>&nbsp;<\/p>\n<p><b>Smart Camera et Smart Sound<\/b><br \/>\nSmart Camera vous suit et zoome automatiquement, de sorte que vous pouvez vous d\u00e9placer et parler librement sans jamais sortir du cadre. Quant \u00e0 Smart Sound, profitez de voix claires et d\u2019un filtre de bruits de fond.<\/p>\n<p><b>Raconte-moi une histoire et effets AR<\/b><br \/>\nAvec la fonctionnalit\u00e9 Raconte-moi une histoire, vous pouvez donner vie aux histoires pr\u00e9f\u00e9r\u00e9es de vos enfants avec de la musique, des animations et des effets de r\u00e9alit\u00e9 augment\u00e9e.<\/p>\n<p><b>Compatibilit\u00e9 WhatsApp et Messenger<\/b><br \/>\nPassez un appel vid\u00e9o en toute simplicit\u00e9 avec vos amis et votre famille sur un smartphone ou une tablette avec Messenger ou WhatsApp*. Ajoutez jusqu\u2019\u00e0 3 personnes \u00e0 un appel de groupe avec WhatsApp, ou 7 avec Messenger.<\/p>\n<p><b>Superframe<\/b><br \/>\nPortal peut afficher vos images pr\u00e9f\u00e9r\u00e9es issues de Facebook, Instagram et de la pellicule de votre t\u00e9l\u00e9phone. Et vous pouvez choisir d\u2019actualiser vos photos automatiquement ou de les ajouter \u00e0 partir de l\u2019app mobile de Portal.\u201d<\/p>\n<p><b>Confidentialit\u00e9<br \/>\nDes r\u00e9glages clairs et simples vous donnent le contr\u00f4le en toutes situations. Vous pouvez d\u00e9sactiver facilement la cam\u00e9ra et le micro sur votre t\u00e9l\u00e9viseur, et les appels vid\u00e9o sont toujours crypt\u00e9s.<\/b><\/p>\n<p><b>Co-visionnage<\/b><\/p>\n<\/div>","protected":false},"excerpt":{"rendered":"<p>Appels vid\u00e9o intelligents sur Whatsapp et Messenger Portal TV vous donne la possibilit\u00e9 de passer des appels vid\u00e9o intelligents sur votre t\u00e9l\u00e9visionSmart Camera et Smart Sound<br \/>\nSmart Camera vous suit et zoome automatiquement, de sorte que vous pouvez vous d\u00e9placer et parler librement sans jamais sortir du cadre. Quant \u00e0 Smart Sound, profitez de voix claires et d\u2019un filtre de bruits de fond.Raconte-moi une histoire et effets AR<br \/>\nAvec la fonctionnalit\u00e9 Raconte-moi une histoire, vous pouvez donner vie aux histoires pr\u00e9f\u00e9r\u00e9es\u2026<\/p>","protected":false},"featured_media":11826,"comment_status":"open","ping_status":"closed","template":"","meta":{"inline_featured_image":false,"_joinchat":[]},"product_cat":[15],"product_tag":[],"class_list":{"0":"post-11821","1":"product","2":"type-product","3":"status-publish","4":"has-post-thumbnail","6":"product_cat-toute-categorie","8":"first","9":"instock","10":"sale","11":"shipping-taxable","12":"purchasable","13":"product-type-simple"},"_links":{"self":[{"href":"https:\/\/kitchtenstore.com\/fr\/wp-json\/wp\/v2\/product\/11821","targetHints":{"allow":["GET"]}}],"collection":[{"href":"https:\/\/kitchtenstore.com\/fr\/wp-json\/wp\/v2\/product"}],"about":[{"href":"https:\/\/kitchtenstore.com\/fr\/wp-json\/wp\/v2\/types\/product"}],"replies":[{"embeddable":true,"href":"https:\/\/kitchtenstore.com\/fr\/wp-json\/wp\/v2\/comments?post=11821"}],"version-history":[{"count":1,"href":"https:\/\/kitchtenstore.com\/fr\/wp-json\/wp\/v2\/product\/11821\/revisions"}],"predecessor-version":[{"id":11827,"href":"https:\/\/kitchtenstore.com\/fr\/wp-json\/wp\/v2\/product\/11821\/revisions\/11827"}],"wp:featuredmedia":[{"embeddable":true,"href":"https:\/\/kitchtenstore.com\/fr\/wp-json\/wp\/v2\/media\/11826"}],"wp:attachment":[{"href":"https:\/\/kitchtenstore.com\/fr\/wp-json\/wp\/v2\/media?parent=11821"}],"wp:term":[{"taxonomy":"product_cat","embeddable":true,"href":"https:\/\/kitchtenstore.com\/fr\/wp-json\/wp\/v2\/product_cat?post=11821"},{"taxonomy":"product_tag","embeddable":true,"href":"https:\/\/kitchtenstore.com\/fr\/wp-json\/wp\/v2\/product_tag?post=11821"}],"curies":[{"name":"wp","href":"https:\/\/api.w.org\/{rel}","templated":true}]}}